{"id":1119,"date":"2022-04-25T12:00:32","date_gmt":"2022-04-25T11:00:32","guid":{"rendered":"https:\/\/blogsaverroes.juntadeandalucia.es\/ceperzaidin\/?page_id=1119"},"modified":"2025-09-15T12:15:52","modified_gmt":"2025-09-15T11:15:52","slug":"espanol","status":"publish","type":"page","link":"https:\/\/blogsaverroes.juntadeandalucia.es\/ceperzaidin\/espanol\/","title":{"rendered":"INTERCULTURALIDAD\/ESPA\u00d1OL PARA EXTRANJEROS (Anabel Heredia, Ana M\u00aa Vilchez)"},"content":{"rendered":"<header class=\"entry-header page-header\">\n<h1 class=\"entry-title \"><span style=\"font-size: 14pt\">Plan Educativo de Interculturalidad, Cultura y Lengua Espa\u00f1ola para personas procedentes de otros pa\u00edses<\/span><span style=\"font-size: 16px\">.<\/span><\/h1>\n<\/header>\n<div class=\"entry-content\">\n<p>La integraci\u00f3n social de las personas inmigrantes no ser\u00e1 posible sin un adecuado conocimiento de la lengua y costumbres del pa\u00eds de acogida, tambi\u00e9n es importante el intercambio de conocimientos y la convivencia para eliminar actitudes de rechazo hacia lo diferente<\/p>\n<p>Los objetivos que nos marcamos con este Plan son los siguientes:<\/p>\n<ul>\n<li>Colaborar en la integraci\u00f3n del inmigrante, a trav\u00e9s de la expresi\u00f3n y comprensi\u00f3n de nuestra lengua, que les permita su uso en situaciones cotidianas, proporcionando informaci\u00f3n sobre las caracter\u00edsticas fon\u00e9ticas, sobre las normas de interacci\u00f3n comunicativa, y de los aspectos culturales que pueden tener influencia en las situaciones sociales m\u00e1s frecuentes.<\/li>\n<li>Promover en el centro la idea de que la convivencia entre diversas culturas es algo muy positivo, tambi\u00e9n para la poblaci\u00f3n de la cultura mayoritaria.<\/li>\n<li>Aportar la experiencia al curr\u00edculo de las ense\u00f1anzas de adultos para que redunde en el beneficio de otros centros que trabajen con extranjeros en Andaluc\u00eda.<\/li>\n<li>Convertir las clases en lugares de encuentro de personas diferentes.<\/li>\n<li>Conseguir los mecanismos de comunicaci\u00f3n oral y escrita.<\/li>\n<li>Conocer sus derechos y deberes en la sociedad de acogida.<\/li>\n<li>Favorecer y animar su paso a otros niveles educativos tanto en el centro como fuera de \u00e9l.<\/li>\n<\/ul>\n<p>La atenci\u00f3n en clase a las personas inmigrantes se organiza agrup\u00e1ndolos en funci\u00f3n de sus conocimientos de la lengua espa\u00f1ola.<\/p>\n<p>Se imparten varios niveles en horario de ma\u00f1ana y tarde.<\/p>\n<\/div>\n<p>&nbsp;<\/p>\n<p><img loading=\"lazy\" decoding=\"async\" class=\"aligncenter size-medium wp-image-1965\" src=\"https:\/\/blogsaverroes.juntadeandalucia.es\/ceperzaidin\/files\/2025\/09\/Educar-en-la-interculturalidad--300x169.png\" alt=\"\" width=\"300\" height=\"169\" srcset=\"https:\/\/blogsaverroes.juntadeandalucia.es\/ceperzaidin\/files\/2025\/09\/Educar-en-la-interculturalidad--300x169.png 300w, https:\/\/blogsaverroes.juntadeandalucia.es\/ceperzaidin\/files\/2025\/09\/Educar-en-la-interculturalidad--1024x576.png 1024w, https:\/\/blogsaverroes.juntadeandalucia.es\/ceperzaidin\/files\/2025\/09\/Educar-en-la-interculturalidad--768x432.png 768w, https:\/\/blogsaverroes.juntadeandalucia.es\/ceperzaidin\/files\/2025\/09\/Educar-en-la-interculturalidad-.png 1280w\" sizes=\"(max-width: 300px) 100vw, 300px\" \/><\/p>\n","protected":false},"excerpt":{"rendered":"<p>Plan Educativo de Interculturalidad, Cultura y Lengua Espa\u00f1ola para personas procedentes de otros pa\u00edses. La integraci\u00f3n social de las personas inmigrantes no ser\u00e1 posible sin un adecuado conocimiento de la lengua y costumbres del pa\u00eds&#46;&#46;&#46;<\/p>\n","protected":false},"author":14743,"featured_media":0,"parent":0,"menu_order":0,"comment_status":"closed","ping_status":"closed","template":"","meta":{"ngg_post_thumbnail":0,"footnotes":""},"aioseo_notices":[],"_links":{"self":[{"href":"https:\/\/blogsaverroes.juntadeandalucia.es\/ceperzaidin\/wp-json\/wp\/v2\/pages\/1119"}],"collection":[{"href":"https:\/\/blogsaverroes.juntadeandalucia.es\/ceperzaidin\/wp-json\/wp\/v2\/pages"}],"about":[{"href":"https:\/\/blogsaverroes.juntadeandalucia.es\/ceperzaidin\/wp-json\/wp\/v2\/types\/page"}],"author":[{"embeddable":true,"href":"https:\/\/blogsaverroes.juntadeandalucia.es\/ceperzaidin\/wp-json\/wp\/v2\/users\/14743"}],"replies":[{"embeddable":true,"href":"https:\/\/blogsaverroes.juntadeandalucia.es\/ceperzaidin\/wp-json\/wp\/v2\/comments?post=1119"}],"version-history":[{"count":6,"href":"https:\/\/blogsaverroes.juntadeandalucia.es\/ceperzaidin\/wp-json\/wp\/v2\/pages\/1119\/revisions"}],"predecessor-version":[{"id":1537,"href":"https:\/\/blogsaverroes.juntadeandalucia.es\/ceperzaidin\/wp-json\/wp\/v2\/pages\/1119\/revisions\/1537"}],"wp:attachment":[{"href":"https:\/\/blogsaverroes.juntadeandalucia.es\/ceperzaidin\/wp-json\/wp\/v2\/media?parent=1119"}],"curies":[{"name":"wp","href":"https:\/\/api.w.org\/{rel}","templated":true}]}}