{"id":1155,"date":"2022-04-26T16:52:34","date_gmt":"2022-04-26T15:52:34","guid":{"rendered":"https:\/\/blogsaverroes.juntadeandalucia.es\/ceperzaidin\/?page_id=1155"},"modified":"2025-09-09T16:48:34","modified_gmt":"2025-09-09T15:48:34","slug":"oferta-educativa","status":"publish","type":"page","link":"https:\/\/blogsaverroes.juntadeandalucia.es\/ceperzaidin\/oferta-educativa\/","title":{"rendered":"OFERTA EDUCATIVA"},"content":{"rendered":"<header class=\"entry-header page-header\"><\/header>\n<div class=\"entry-content\">\n<p>La <strong>oferta educativa<\/strong> del CEPER Zaid\u00edn es amplia&nbsp; y por supuesto&nbsp; intentamos que est\u00e9 adaptada a las necesidades reales de nuestro alumnado.&nbsp;<\/p>\n<p>El<strong> horario<\/strong> de apertura del&nbsp; centro&nbsp; es:<\/p>\n<ul>\n<li>Ma\u00f1ana: de 9:00 a 14:00&nbsp; horas.<\/li>\n<li>Tarde : de 16:00&nbsp; a 21:00 horas.&nbsp;<\/li>\n<\/ul>\n<p><strong>La oferta educativa<\/strong> de nuestro centro para el curso 2025\/26 es la siguiente:<\/p>\n<p><strong>Planes Educativos de preparaci\u00f3n para la obtenci\u00f3n de titulaciones oficiales:<\/strong><\/p>\n<ul>\n<li>Tutor\u00eda de Apoyo al Estudio ESO, para personas adultas. (Nivel I y II).<\/li>\n<li>Tutor\u00eda de Apoyo al Estudio B1 . (Ingl\u00e9s).<\/li>\n<li>Preparaci\u00f3n de la Prueba libre para la obtenci\u00f3n del T\u00edtulo de Graduado en ESO para mayores de 18 a\u00f1os.<\/li>\n<\/ul>\n<p><strong>Planes Educativos de Acceso a otros niveles del Sistema Educativo:<\/strong><\/p>\n<ul>\n<li>Preparaci\u00f3n de la Prueba de Acceso a Ciclos Formativos de Grado Superior.<\/li>\n<li>Preparaci\u00f3n de la Prueba&nbsp; de Acceso a la Universidad para mayores de&nbsp; 45 a\u00f1os.<\/li>\n<\/ul>\n<p><strong>Planes Educativos para el Fomento de la Ciudadan\u00eda Activa:<\/strong><\/p>\n<ul>\n<li>Uso b\u00e1sico&nbsp; de las Tecnolog\u00edas de Informaci\u00f3n y la Comunicaci\u00f3n (Inform\u00e1tica Inicial y avanzada, TIC 1 Y 2 ).<\/li>\n<li>Uso b\u00e1sico de un Idioma Extranjero (Ingl\u00e9s)&nbsp; en distintos niveles A1, A2, A3&nbsp;<\/li>\n<li>Interculturalidad, cultura y lengua espa\u00f1ola para personas procedentes de otros pa\u00edses.<\/li>\n<li>Adquisici\u00f3n de&nbsp; H\u00e1bitos de Vida Saludable y Prevenci\u00f3n de enfermedades.<\/li>\n<li>Conocimiento y conservaci\u00f3n&nbsp; del Patrimonio Cultural de&nbsp; Andaluc\u00eda y Medioambiente.<\/li>\n<\/ul>\n<p>&nbsp;<\/p>\n<\/div>\n","protected":false},"excerpt":{"rendered":"<p>La oferta educativa del CEPER Zaid\u00edn es amplia&nbsp; y por supuesto&nbsp; intentamos que est\u00e9 adaptada a las necesidades reales de nuestro alumnado.&nbsp; El horario de apertura del&nbsp; centro&nbsp; es: Ma\u00f1ana: de 9:00 a 14:00&nbsp; horas.&#46;&#46;&#46;<\/p>\n","protected":false},"author":14743,"featured_media":0,"parent":0,"menu_order":0,"comment_status":"closed","ping_status":"closed","template":"","meta":{"ngg_post_thumbnail":0,"footnotes":""},"aioseo_notices":[],"_links":{"self":[{"href":"https:\/\/blogsaverroes.juntadeandalucia.es\/ceperzaidin\/wp-json\/wp\/v2\/pages\/1155"}],"collection":[{"href":"https:\/\/blogsaverroes.juntadeandalucia.es\/ceperzaidin\/wp-json\/wp\/v2\/pages"}],"about":[{"href":"https:\/\/blogsaverroes.juntadeandalucia.es\/ceperzaidin\/wp-json\/wp\/v2\/types\/page"}],"author":[{"embeddable":true,"href":"https:\/\/blogsaverroes.juntadeandalucia.es\/ceperzaidin\/wp-json\/wp\/v2\/users\/14743"}],"replies":[{"embeddable":true,"href":"https:\/\/blogsaverroes.juntadeandalucia.es\/ceperzaidin\/wp-json\/wp\/v2\/comments?post=1155"}],"version-history":[{"count":13,"href":"https:\/\/blogsaverroes.juntadeandalucia.es\/ceperzaidin\/wp-json\/wp\/v2\/pages\/1155\/revisions"}],"predecessor-version":[{"id":1931,"href":"https:\/\/blogsaverroes.juntadeandalucia.es\/ceperzaidin\/wp-json\/wp\/v2\/pages\/1155\/revisions\/1931"}],"wp:attachment":[{"href":"https:\/\/blogsaverroes.juntadeandalucia.es\/ceperzaidin\/wp-json\/wp\/v2\/media?parent=1155"}],"curies":[{"name":"wp","href":"https:\/\/api.w.org\/{rel}","templated":true}]}}