{"id":1211,"date":"2022-04-27T11:23:41","date_gmt":"2022-04-27T10:23:41","guid":{"rendered":"https:\/\/blogsaverroes.juntadeandalucia.es\/ceperzaidin\/?page_id=1211"},"modified":"2025-09-15T12:19:15","modified_gmt":"2025-09-15T11:19:15","slug":"acceso-universidad-2","status":"publish","type":"page","link":"https:\/\/blogsaverroes.juntadeandalucia.es\/ceperzaidin\/acceso-universidad-2\/","title":{"rendered":"PRUEBA DE ACCESO A LA UNIVERSIDAD +45 (Gloria Osuna)"},"content":{"rendered":"<header class=\"entry-header\">\n<h1 class=\"entry-title\">Acceso Universidad +45<\/h1>\n<\/header>\n<div class=\"entry-content\">\n<dl>\n<dd><strong>MATR\u00cdCULA PARA PREPARAR LA PRUEBA DE ACCESO A LA UNIVERSIDAD PARA MAYORES DE 45 A\u00d1OS.<\/strong><\/dd>\n<\/dl>\n<p>&nbsp;<\/p>\n<p>&nbsp;<\/p>\n<p>&nbsp;<\/p>\n<p>ACCESO MAYORES DE 45<\/p>\n<p><a href=\"https:\/\/saap.ugr.es\/acceso\/mayores-45\">https:\/\/saap.ugr.es\/acceso\/mayores-45<\/a><\/p>\n<p>&nbsp;<\/p>\n<p>Informaci\u00f3n general de acceso mayores de 45<\/p>\n<p><strong>Normativa aplicable<\/strong>.<\/p>\n<ul>\n<li>Normativa estatal:\n<ul>\n<li><a href=\"http:\/\/www.boe.es\/buscar\/doc.php?id=BOE-A-2014-6008\">REAL DECRETO 412\/2014, de 6 de junio, por el que se establece la normativa b\u00e1sica de los procedimientos de admisi\u00f3n a las ense\u00f1anzas universitarias oficiales de Grado.<\/a><\/li>\n<\/ul>\n<\/li>\n<li>Normativa andaluza:\n<ul>\n<li><a href=\"https:\/\/www.juntadeandalucia.es\/boja\/2014\/226\/6\">RESOLUCION de la Direcci\u00f3n General de Universidades de 10 de noviembre de 2014.<\/a><\/li>\n<li><a href=\"https:\/\/www.juntadeandalucia.es\/eboja\/2020\/231\/BOJA20-231-00002-14752-01_00182007.pdf\">Resoluci\u00f3n 23 de noviembre de 2020, de la Direcci\u00f3n General de Universidades, por la que se hace p\u00fablico el Acuerdo de 30 de octubre de 2020, de la Comisi\u00f3n Coordinadora Interuniversitaria de Andaluc\u00eda, por la que se actualizan los plazos y los calendarios para la participaci\u00f3n en el procedimiento para la obtenci\u00f3n de los requisitos que permitan el acceso a los estudios universitarios de grado de las personas mayores de 40 y 45 a\u00f1os, que no posean otros requisitos para el acceso a la Universidad que se celebre en el curso 2020-2021.<\/a><\/li>\n<\/ul>\n<\/li>\n<\/ul>\n<p><strong>&nbsp;<\/strong><\/p>\n<p><strong>Requisitos.<\/strong><\/p>\n<p>Las personas que deseen acceder a las ense\u00f1anzas oficiales de grado por esta v\u00eda deber\u00e1n reunir los requisitos que se enumeran a continuaci\u00f3n y obtener la acreditaci\u00f3n correspondiente. Requisitos:<\/p>\n<ul>\n<li>Cumplir, o haber cumplido, 45 a\u00f1os de edad en el a\u00f1o natural en el que se celebre la prueba.<\/li>\n<li>No poseer otros requisitos que le permitan el acceso a los estudios universitarios ni puedan acreditar experiencia laboral o profesional en relaci\u00f3n con los estudios de grado que desean realizar.<\/li>\n<li>Aquellas personas candidatas que participen en este proceso de acceso ocultando o falseando la posesi\u00f3n de alg\u00fan requisito habilitante para acceder a los estudios de Grado que desea cursar, ser\u00e1n excluidas de dicho proceso, quedando invalidada, en su caso, la credencial obtenida.<\/li>\n<\/ul>\n<p>&nbsp;<\/p>\n<p><strong>Fases del procedimiento y valoraci\u00f3n<\/strong>.<\/p>\n<p>La finalidad de este procedimiento es apreciar, de un lado, la madurez e idoneidad de quienes concurran al mismo, para seguir con \u00e9xito determinados estudios universitarios de Grado&nbsp;a los que pretenden acceder, as\u00ed como su capacidad de razonamiento y de expresi\u00f3n escrita, y de otro, recabar informaci\u00f3n, principalmente sobre competencias de car\u00e1cter instrumental, sist\u00e9micas, habilidades en el uso de nuevas tecnolog\u00edas, de organizaci\u00f3n y planificaci\u00f3n. El procedimiento se compondr\u00e1 de las siguientes fases:<\/p>\n<p><strong>Fase I. EJERCICIOS<\/strong><\/p>\n<p>Las personas que participen en este proceso deber\u00e1n realizar dos ejercicios:<\/p>\n<ol>\n<li>Comentario de texto o desarrollo de un tema general de actualidad.<\/li>\n<li>Lengua castellana.<\/li>\n<\/ol>\n<p>En Andaluc\u00eda, estos dos ejercicios ser\u00e1n los mismos que&nbsp;realizar\u00e1n&nbsp;los\/las estudiantes de la&nbsp;Prueba de Acceso a la Universidad para Mayores de 25 a\u00f1os del curso que se trate.<\/p>\n<ul>\n<li>Cada uno de los ejercicios se calificar\u00e1 entre cero y diez puntos. La calificaci\u00f3n final de esta fase&nbsp;ser\u00e1 la media aritm\u00e9tica de ambos ejercicios, y vendr\u00e1 expresada con dos cifras decimales, redondeada a la cent\u00e9sima m\u00e1s pr\u00f3xima, y en caso de equidistancia, a la superior.<\/li>\n<li>Se entender\u00e1 que han superado esta fase de la prueba quienes obtengan un m\u00ednimo de cinco puntos en la calificaci\u00f3n final, debiendo haber alcanzado al menos cuatro puntos en cada uno de los dos ejercicios.<\/li>\n<\/ul>\n<p><strong>Fase II. ENTREVISTA<\/strong><\/p>\n<ul>\n<li>Las Universidades llevar\u00e1n a cabo la entrevista regulada en el Real Decreto 412\/2014, a todos aquellos que&nbsp;superen la fase anterior.<\/li>\n<li>La entrevista&nbsp;tendr\u00e1 una estructura homog\u00e9nea para todas las Universidades P\u00fablicas de Andaluc\u00eda, valorando&nbsp;aspectos generales sobre la madurez e idoneidad de quienes la realicen.<\/li>\n<li>El resultado de esta entrevista ser\u00e1 APTO\/A o NO APTO\/A.<\/li>\n<\/ul>\n<p>&nbsp;<\/p>\n<p><strong>Lugar de realizaci\u00f3n de la prueba<\/strong>.<\/p>\n<ul>\n<li>Los\/las aspirantes podr\u00e1n realizar la Prueba de Acceso para Mayores de 45 a\u00f1os en la universidad de su elecci\u00f3n, siempre que existan en \u00e9sta los estudios que deseen cursar, correspondiendo un lugar preferente, a efectos de ingreso, en la universidad que hayan realizado la correspondiente prueba .<\/li>\n<li>Si efect\u00faan la prueba en el Distrito \u00danico Universitario de Andaluc\u00eda tendr\u00e1n igual preferencia en todas las universidades andaluzas y mayor preferencia sobre los\/as participantes con pruebas superadas en otras universidades.<\/li>\n<\/ul>\n<p>&nbsp;<\/p>\n<p><strong>Solicitud y plazo de inscripci\u00f3n<\/strong>.<\/p>\n<ul>\n<li>Quienes&nbsp;deseen obtener la correspondiente acreditaci\u00f3n&nbsp;para participar en el proceso de Admisi\u00f3n para el Acceso a la Universidad, deber\u00e1n presentar una solicitud conforme al procedimiento y plazos establecidos por Distrito \u00danico Universitario de Andaluc\u00eda.<\/li>\n<li>Presentar\u00e1n la solicitud y documentaci\u00f3n preferentemente en la universidad en la que tengan previsto llevar a cabo sus estudios.<\/li>\n<li>Para examinarse en la&nbsp;<a href=\"http:\/\/www.ugr.es\/\">Universidad de Granada <\/a>consulte la informaci\u00f3n sobre plazo de inscripci\u00f3n, documentaci\u00f3n y precios p\u00fablicos accediendo a:&nbsp;<a href=\"https:\/\/saap.ugr.es\/acceso\/mayores-45\/matricula\">Inscripci\u00f3n<\/a><\/li>\n<\/ul>\n<p>&nbsp;<\/p>\n<p><strong>Calendario de la prueba<\/strong>.<\/p>\n<p>Para conocer las fechas, horario y lugar de examen consulte:<\/p>\n<ul>\n<li><a href=\"https:\/\/saap.ugr.es\/sites\/serv\/saap\/public\/ficheros\/ficheros%20acceso\/Mayores%2045\/hoja%20calendario%20M%2045.pdf\">calendario<\/a><\/li>\n<\/ul>\n<p>&nbsp;<\/p>\n<p><strong>Reclamaciones.<\/strong><\/p>\n<p>En el plazo de tres d\u00edas h\u00e1biles, tras la publicaci\u00f3n de las calificaciones de cada fase,&nbsp;los\/las candidatos\/as podr\u00e1n presentar reclamaci\u00f3n mediante escrito razonado dirigido al Presidente o a la Presidenta del Tribunal de Evaluaci\u00f3n. No obstante, tras la publicaci\u00f3n de resoluci\u00f3n de la reclamaci\u00f3n, en el plazo de un mes, quienes lo estimen oportuno, podr\u00e1n interponer Recurso de Alzada ante el Rector\/a de la Universidad en que hayan realizado la prueba.<\/p>\n<p>Solicitantes con Necesidades Espec\u00edficas de Apoyo Educativo (NEAE).<\/p>\n<p>Para aquellos\/as candidatos\/as&nbsp;que&nbsp;en el momento de su inscripci\u00f3n&nbsp;justifiquen debidamente alguna discapacidad que les impida realizar la Prueba de Acceso con los medios ordinarios, se adoptar\u00e1n las medidas oportunas para que realicen la Prueba en las condiciones m\u00e1s adecuadas en funci\u00f3n de su situaci\u00f3n y cumpliendo el principio de igualdad de oportunidades.<\/p>\n<p>&nbsp;<\/p>\n<p><strong>Convocatorias.<\/strong><\/p>\n<ul>\n<li>Las universidades realizar\u00e1n anualmente una convocatoria de Prueba de Acceso a la Universidad para personas mayores de 45 a\u00f1os.<\/li>\n<li>No existe l\u00edmite de convocatorias para superar la prueba.<\/li>\n<\/ul>\n<p>&nbsp;<\/p>\n<p><strong>Mejora de nota<\/strong><\/p>\n<p>Una vez superada la Prueba de Acceso, los\/las candidatos\/as podr\u00e1n presentarse de nuevo en sucesivas convocatorias en la misma universidad, con la finalidad de mejorar su calificaci\u00f3n. Se tomar\u00e1 en consideraci\u00f3n la calificaci\u00f3n obtenida en la nueva convocatoria, siempre que \u00e9sta sea superior a la anterior.<\/p>\n<p>Credencial.<\/p>\n<p>Quienes superen las dos fases, obtendr\u00e1n una acreditaci\u00f3n&nbsp; que deber\u00e1 contener, adem\u00e1s de los datos identificativos de la persona, al menos:<\/p>\n<ul>\n<li>Definici\u00f3n del procedimiento por el que acceden a la universidad y convocatoria.<\/li>\n<li>Calificaci\u00f3n obtenida en la Fase I.<\/li>\n<\/ul>\n<p>Aquellos\/as candidatos\/as que participen en este proceso&nbsp; ocultando o falseando la posesi\u00f3n de alg\u00fan requisito habilitante para acceder a los estudios de Grado, ser\u00e1n excluidos\/as del procedimiento, quedando invalidada, en su caso, la credencial obtenida.<\/p>\n<p>&nbsp;<\/p>\n<p><strong>Validez<\/strong>.<\/p>\n<ul>\n<li>La validez de la credencial,&nbsp;en aplicaci\u00f3n de la legislaci\u00f3n vigente, tendr\u00e1 car\u00e1cter indefinido,&nbsp;todo ello sin menoscabo de posteriores disposiciones de igual o mayor rango que la modifique o anule gozando de&nbsp;validez para solicitar cualquier estudio oficial de Grado en cualquier universidad p\u00fablica de Andaluc\u00eda.<\/li>\n<li>La superaci\u00f3n de esta Prueba no supondr\u00e1 la obtenci\u00f3n de titulaci\u00f3n acad\u00e9mica o nivel educativo alguno, y ser\u00e1 v\u00e1lida a los \u00fanicos efectos de acceder a estudios universitarios oficiales de Grado.<\/li>\n<\/ul>\n<p>&nbsp;<\/p>\n<p><strong>Admisi\u00f3n en estudios de Grado.<\/strong><\/p>\n<ul>\n<li>Quienes hayan superado la Prueba y deseen comenzar sus estudios universitarios deber\u00e1n participar en el Proceso de Admisi\u00f3n que regula el ingreso en los distintos centros universitarios, cuyos procedimientos, plazos, n\u00famero de plazas y cupos de reserva, ser\u00e1n establecidos anualmente por la Comisi\u00f3n de Distrito \u00danico Universitario Andaluz.<\/li>\n<li>M\u00e1s informaci\u00f3n en:<\/li>\n<\/ul>\n<p>&nbsp;<\/p>\n<p>&nbsp;<\/p>\n<\/div>\n","protected":false},"excerpt":{"rendered":"<p>Acceso Universidad +45 MATR\u00cdCULA PARA PREPARAR LA PRUEBA DE ACCESO A LA UNIVERSIDAD PARA MAYORES DE 45 A\u00d1OS. &nbsp; &nbsp; &nbsp; ACCESO MAYORES DE 45 https:\/\/saap.ugr.es\/acceso\/mayores-45 &nbsp; Informaci\u00f3n general de acceso mayores de 45 Normativa&#46;&#46;&#46;<\/p>\n","protected":false},"author":14743,"featured_media":0,"parent":0,"menu_order":0,"comment_status":"closed","ping_status":"closed","template":"","meta":{"ngg_post_thumbnail":0,"footnotes":""},"aioseo_notices":[],"_links":{"self":[{"href":"https:\/\/blogsaverroes.juntadeandalucia.es\/ceperzaidin\/wp-json\/wp\/v2\/pages\/1211"}],"collection":[{"href":"https:\/\/blogsaverroes.juntadeandalucia.es\/ceperzaidin\/wp-json\/wp\/v2\/pages"}],"about":[{"href":"https:\/\/blogsaverroes.juntadeandalucia.es\/ceperzaidin\/wp-json\/wp\/v2\/types\/page"}],"author":[{"embeddable":true,"href":"https:\/\/blogsaverroes.juntadeandalucia.es\/ceperzaidin\/wp-json\/wp\/v2\/users\/14743"}],"replies":[{"embeddable":true,"href":"https:\/\/blogsaverroes.juntadeandalucia.es\/ceperzaidin\/wp-json\/wp\/v2\/comments?post=1211"}],"version-history":[{"count":6,"href":"https:\/\/blogsaverroes.juntadeandalucia.es\/ceperzaidin\/wp-json\/wp\/v2\/pages\/1211\/revisions"}],"predecessor-version":[{"id":2138,"href":"https:\/\/blogsaverroes.juntadeandalucia.es\/ceperzaidin\/wp-json\/wp\/v2\/pages\/1211\/revisions\/2138"}],"wp:attachment":[{"href":"https:\/\/blogsaverroes.juntadeandalucia.es\/ceperzaidin\/wp-json\/wp\/v2\/media?parent=1211"}],"curies":[{"name":"wp","href":"https:\/\/api.w.org\/{rel}","templated":true}]}}