{"id":1670,"date":"2024-05-02T13:17:06","date_gmt":"2024-05-02T11:17:06","guid":{"rendered":"https:\/\/blogsaverroes.juntadeandalucia.es\/cepguadix\/?page_id=1670"},"modified":"2024-06-20T13:37:03","modified_gmt":"2024-06-20T11:37:03","slug":"pluri","status":"publish","type":"page","link":"https:\/\/blogsaverroes.juntadeandalucia.es\/cepguadix\/pluri\/","title":{"rendered":"Internacionalizaci\u00f3n"},"content":{"rendered":"<p style=\"text-align: center\"><strong>Mapa Red Erasmus+ CEP Guadix. <\/strong><\/p>\n<p><iframe loading=\"lazy\" src=\"https:\/\/www.google.com\/maps\/d\/u\/0\/embed?mid=1QyZON2jLTnGVnj3Cm8Y814sML48Hbzo&amp;ehbc=2E312F\" width=\"640\" height=\"480\"><\/iframe><br \/>\n<span style=\"font-size: 8pt\"><strong>Tipos de movilidades<\/strong>: <\/span><span style=\"font-size: 8pt\">Azul (movilidad corta duraci\u00f3n alumnado); r<\/span><span style=\"font-size: 8pt\">ojo (job shadowing); a<\/span><span style=\"font-size: 8pt\">marillo (larga duraci\u00f3n alumnado); v<\/span><span style=\"font-size: 8pt\">erde (cursos de formaci\u00f3n); n<\/span><span style=\"font-size: 8pt\">aranja (docencia activa); rosa (visitas preparatorias); morada (otras movilidades).<\/span><\/p>\n<div class=\"pt-cv-wrapper\"><div class=\"pt-cv-view pt-cv-grid pt-cv-colsys\" id=\"pt-cv-view-9034e52zlr\"><div data-id=\"pt-cv-page-1\" class=\"pt-cv-page\" data-cvc=\"2\"><div class=\"col-md-6 col-sm-12 col-xs-12 pt-cv-content-item pt-cv-1-col\" ><div class='pt-cv-ifield'><a href=\"https:\/\/blogsaverroes.juntadeandalucia.es\/cepguadix\/2026\/05\/04\/la-internacionalizacion-del-ceper-guamenze\/\" class=\"_self pt-cv-href-thumbnail pt-cv-thumb-default\" target=\"_self\" ><img loading=\"lazy\" decoding=\"async\" width=\"150\" height=\"150\" src=\"https:\/\/blogsaverroes.juntadeandalucia.es\/cepguadix\/files\/2026\/04\/ICONO-INTERNACIONALIZACION-v2.png\" class=\"pt-cv-thumbnail\" alt=\"\" \/><\/a>\n<div class=\"pt-cv-taxoterm above_title\"><a href='https:\/\/blogsaverroes.juntadeandalucia.es\/cepguadix\/category\/curso-escolar\/25-26\/' title='25-26' class='pt-cv-tax-25-26'>25-26<\/a><a href='https:\/\/blogsaverroes.juntadeandalucia.es\/cepguadix\/category\/curso-escolar\/' title='Curso Escolar' class='pt-cv-tax-curso-escolar'>Curso Escolar<\/a><a href='https:\/\/blogsaverroes.juntadeandalucia.es\/cepguadix\/category\/etapa\/eper\/' title='Educaci\u00f3n Permanente' class='pt-cv-tax-eper'>Educaci\u00f3n Permanente<\/a><a href='https:\/\/blogsaverroes.juntadeandalucia.es\/cepguadix\/category\/etapa\/' title='Etapa' class='pt-cv-tax-etapa'>Etapa<\/a><a href='https:\/\/blogsaverroes.juntadeandalucia.es\/cepguadix\/category\/tematica\/internacional\/' title='Internacionalizaci\u00f3n' class='pt-cv-tax-internacional'>Internacionalizaci\u00f3n<\/a><a href='https:\/\/blogsaverroes.juntadeandalucia.es\/cepguadix\/category\/tematica\/' title='Tem\u00e1tica' class='pt-cv-tax-tematica'>Tem\u00e1tica<\/a><a href='https:\/\/blogsaverroes.juntadeandalucia.es\/cepguadix\/category\/zona\/' title='Zona' class='pt-cv-tax-zona'>Zona<\/a><a href='https:\/\/blogsaverroes.juntadeandalucia.es\/cepguadix\/category\/zona\/zona-guadix\/' title='Zona Guadix' class='pt-cv-tax-zona-guadix'>Zona Guadix<\/a><\/div>\n<h4 class=\"pt-cv-title\"><a href=\"https:\/\/blogsaverroes.juntadeandalucia.es\/cepguadix\/2026\/05\/04\/la-internacionalizacion-del-ceper-guamenze\/\" class=\"_self\" target=\"_self\" >LA INTERNACIONALIZACI\u00d3N DEL CEPER GUAMENZE<\/a><\/h4>\n<div class=\"pt-cv-content\">Centro: CEPER Guamenze Localidad: Guadix Etapa: Educaci\u00f3n Permanente DESCRIPCI\u00d3N: El proyecto &amp;quot;Internacionalizaci\u00f3n en el CEPER Guamenze: \u00a1De cero a 100!&amp;quot; ...<br \/><div class=\"pt-cv-rmwrap\"><a href=\"https:\/\/blogsaverroes.juntadeandalucia.es\/cepguadix\/2026\/05\/04\/la-internacionalizacion-del-ceper-guamenze\/\" class=\"_self pt-cv-readmore btn btn-success\" target=\"_self\">Leer M\u00e1s<\/a><\/div><\/div><\/div><\/div>\n<div class=\"col-md-6 col-sm-12 col-xs-12 pt-cv-content-item pt-cv-1-col\" ><div class='pt-cv-ifield'><a href=\"https:\/\/blogsaverroes.juntadeandalucia.es\/cepguadix\/2025\/05\/30\/gestion-economica-erasmus\/\" class=\"_self pt-cv-href-thumbnail pt-cv-thumb-default\" target=\"_self\" ><img loading=\"lazy\" decoding=\"async\" width=\"150\" height=\"150\" src=\"https:\/\/blogsaverroes.juntadeandalucia.es\/cepguadix\/files\/2026\/04\/ICONO-INTERNACIONALIZACION-v2.png\" class=\"pt-cv-thumbnail\" alt=\"\" \/><\/a>\n<div class=\"pt-cv-taxoterm above_title\"><a href='https:\/\/blogsaverroes.juntadeandalucia.es\/cepguadix\/category\/curso-escolar\/23-24\/' title='23-24' class='pt-cv-tax-23-24'>23-24<\/a><a href='https:\/\/blogsaverroes.juntadeandalucia.es\/cepguadix\/category\/etapa\/bachillerato\/' title='Bachillerato' class='pt-cv-tax-bachillerato'>Bachillerato<\/a><a href='https:\/\/blogsaverroes.juntadeandalucia.es\/cepguadix\/category\/tematica\/internacional\/' title='Internacionalizaci\u00f3n' class='pt-cv-tax-internacional'>Internacionalizaci\u00f3n<\/a><a href='https:\/\/blogsaverroes.juntadeandalucia.es\/cepguadix\/category\/etapa\/secundaria\/' title='Secundaria' class='pt-cv-tax-secundaria'>Secundaria<\/a><a href='https:\/\/blogsaverroes.juntadeandalucia.es\/cepguadix\/category\/zona\/zona-guadix\/' title='Zona Guadix' class='pt-cv-tax-zona-guadix'>Zona Guadix<\/a><\/div>\n<h4 class=\"pt-cv-title\"><a href=\"https:\/\/blogsaverroes.juntadeandalucia.es\/cepguadix\/2025\/05\/30\/gestion-economica-erasmus\/\" class=\"_self\" target=\"_self\" >GESTI\u00d3N ECON\u00d3MICA ERASMUS+<\/a><\/h4>\n<div class=\"pt-cv-content\">Centro: IES Acci Localidad: Guadix Etapa: Formaci\u00f3n Profesional DESCRIPCI\u00d3N: Los proyectos Erasmus+ son proyectos de centro y como tal deben ...<br \/><div class=\"pt-cv-rmwrap\"><a href=\"https:\/\/blogsaverroes.juntadeandalucia.es\/cepguadix\/2025\/05\/30\/gestion-economica-erasmus\/\" class=\"_self pt-cv-readmore btn btn-success\" target=\"_self\">Leer M\u00e1s<\/a><\/div><\/div><\/div><\/div>\n<div class=\"col-md-6 col-sm-12 col-xs-12 pt-cv-content-item pt-cv-1-col\" ><div class='pt-cv-ifield'><a href=\"https:\/\/blogsaverroes.juntadeandalucia.es\/cepguadix\/2025\/05\/30\/convivencia-e-inmersion-linguistica-experiencia-erasmus-en-irlanda\/\" class=\"_self pt-cv-href-thumbnail pt-cv-thumb-default\" target=\"_self\" ><img loading=\"lazy\" decoding=\"async\" width=\"150\" height=\"150\" src=\"https:\/\/blogsaverroes.juntadeandalucia.es\/cepguadix\/files\/2026\/04\/ICONO-INTERNACIONALIZACION-v2.png\" class=\"pt-cv-thumbnail\" alt=\"\" \/><\/a>\n<div class=\"pt-cv-taxoterm above_title\"><a href='https:\/\/blogsaverroes.juntadeandalucia.es\/cepguadix\/category\/curso-escolar\/24-25\/' title='24-25' class='pt-cv-tax-24-25'>24-25<\/a><a href='https:\/\/blogsaverroes.juntadeandalucia.es\/cepguadix\/tag\/inmersion-linguistica\/' title='inmersi\u00f3n ling\u00fc\u00edstica' class='pt-cv-tax-inmersion-linguistica'>inmersi\u00f3n ling\u00fc\u00edstica<\/a><a href='https:\/\/blogsaverroes.juntadeandalucia.es\/cepguadix\/category\/tematica\/internacional\/' title='Internacionalizaci\u00f3n' class='pt-cv-tax-internacional'>Internacionalizaci\u00f3n<\/a><a href='https:\/\/blogsaverroes.juntadeandalucia.es\/cepguadix\/category\/etapa\/primaria\/' title='Primaria' class='pt-cv-tax-primaria'>Primaria<\/a><a href='https:\/\/blogsaverroes.juntadeandalucia.es\/cepguadix\/category\/etapa\/secundaria\/' title='Secundaria' class='pt-cv-tax-secundaria'>Secundaria<\/a><a href='https:\/\/blogsaverroes.juntadeandalucia.es\/cepguadix\/category\/zona\/zona-marquesado\/' title='Zona Marquesado' class='pt-cv-tax-zona-marquesado'>Zona Marquesado<\/a><\/div>\n<h4 class=\"pt-cv-title\"><a href=\"https:\/\/blogsaverroes.juntadeandalucia.es\/cepguadix\/2025\/05\/30\/convivencia-e-inmersion-linguistica-experiencia-erasmus-en-irlanda\/\" class=\"_self\" target=\"_self\" >CONVIVENCIA E INMERSI\u00d3N LING\u00dc\u00cdSTICA: EXPERIENCIA ERASMUS+ EN IRLANDA<\/a><\/h4>\n<div class=\"pt-cv-content\">Centro: CPR Monte Chullo Localidad: Hu\u00e9neja Etapa: Educaci\u00f3n Primaria y ESO DESCRIPCI\u00d3N: El proyecto Erasmus+ desarrollado en el CPR Monte ...<br \/><div class=\"pt-cv-rmwrap\"><a href=\"https:\/\/blogsaverroes.juntadeandalucia.es\/cepguadix\/2025\/05\/30\/convivencia-e-inmersion-linguistica-experiencia-erasmus-en-irlanda\/\" class=\"_self pt-cv-readmore btn btn-success\" target=\"_self\">Leer M\u00e1s<\/a><\/div><\/div><\/div><\/div>\n<div class=\"col-md-6 col-sm-12 col-xs-12 pt-cv-content-item pt-cv-1-col\" ><div class='pt-cv-ifield'><a href=\"https:\/\/blogsaverroes.juntadeandalucia.es\/cepguadix\/2024\/10\/21\/celebramos-los-erasmus-days\/\" class=\"_self pt-cv-href-thumbnail pt-cv-thumb-default\" target=\"_self\" ><img loading=\"lazy\" decoding=\"async\" width=\"150\" height=\"150\" src=\"https:\/\/blogsaverroes.juntadeandalucia.es\/cepguadix\/files\/2026\/04\/ICONO-INTERNACIONALIZACION-v2.png\" class=\"pt-cv-thumbnail\" alt=\"\" \/><\/a>\n<div class=\"pt-cv-taxoterm above_title\"><a href='https:\/\/blogsaverroes.juntadeandalucia.es\/cepguadix\/category\/curso-escolar\/24-25\/' title='24-25' class='pt-cv-tax-24-25'>24-25<\/a><a href='https:\/\/blogsaverroes.juntadeandalucia.es\/cepguadix\/category\/etapa\/bachillerato\/' title='Bachillerato' class='pt-cv-tax-bachillerato'>Bachillerato<\/a><a href='https:\/\/blogsaverroes.juntadeandalucia.es\/cepguadix\/category\/etapa\/eper\/' title='Educaci\u00f3n Permanente' class='pt-cv-tax-eper'>Educaci\u00f3n Permanente<\/a><a href='https:\/\/blogsaverroes.juntadeandalucia.es\/cepguadix\/category\/etapa\/fp\/' title='FP' class='pt-cv-tax-fp'>FP<\/a><a href='https:\/\/blogsaverroes.juntadeandalucia.es\/cepguadix\/category\/etapa\/infantil\/' title='Infantil' class='pt-cv-tax-infantil'>Infantil<\/a><a href='https:\/\/blogsaverroes.juntadeandalucia.es\/cepguadix\/category\/tematica\/internacional\/' title='Internacionalizaci\u00f3n' class='pt-cv-tax-internacional'>Internacionalizaci\u00f3n<\/a><a href='https:\/\/blogsaverroes.juntadeandalucia.es\/cepguadix\/category\/etapa\/primaria\/' title='Primaria' class='pt-cv-tax-primaria'>Primaria<\/a><a href='https:\/\/blogsaverroes.juntadeandalucia.es\/cepguadix\/category\/etapa\/regimen-especial\/' title='R\u00e9gimen Especial' class='pt-cv-tax-regimen-especial'>R\u00e9gimen Especial<\/a><a href='https:\/\/blogsaverroes.juntadeandalucia.es\/cepguadix\/category\/etapa\/secundaria\/' title='Secundaria' class='pt-cv-tax-secundaria'>Secundaria<\/a><a href='https:\/\/blogsaverroes.juntadeandalucia.es\/cepguadix\/category\/zona\/zona-guadix\/' title='Zona Guadix' class='pt-cv-tax-zona-guadix'>Zona Guadix<\/a><a href='https:\/\/blogsaverroes.juntadeandalucia.es\/cepguadix\/category\/zona\/zona-iznalloz\/' title='Zona Iznalloz' class='pt-cv-tax-zona-iznalloz'>Zona Iznalloz<\/a><a href='https:\/\/blogsaverroes.juntadeandalucia.es\/cepguadix\/category\/zona\/zona-marquesado\/' title='Zona Marquesado' class='pt-cv-tax-zona-marquesado'>Zona Marquesado<\/a><a href='https:\/\/blogsaverroes.juntadeandalucia.es\/cepguadix\/category\/zona\/zona-montes-orientales\/' title='Zona Montes Orientales' class='pt-cv-tax-zona-montes-orientales'>Zona Montes Orientales<\/a><a href='https:\/\/blogsaverroes.juntadeandalucia.es\/cepguadix\/category\/zona\/zona-rio-fardes\/' title='Zona R\u00edo Fardes' class='pt-cv-tax-zona-rio-fardes'>Zona R\u00edo Fardes<\/a><\/div>\n<h4 class=\"pt-cv-title\"><a href=\"https:\/\/blogsaverroes.juntadeandalucia.es\/cepguadix\/2024\/10\/21\/celebramos-los-erasmus-days\/\" class=\"_self\" target=\"_self\" >CELEBRAMOS LOS ERASMUS DAYS<\/a><\/h4>\n<div class=\"pt-cv-content\">Entre el 14 y el 18 de octubre se celebran los Erasmus Days, una celebraci\u00f3n internacional para dar a conocer ...<br \/><div class=\"pt-cv-rmwrap\"><a href=\"https:\/\/blogsaverroes.juntadeandalucia.es\/cepguadix\/2024\/10\/21\/celebramos-los-erasmus-days\/\" class=\"_self pt-cv-readmore btn btn-success\" target=\"_self\">Leer M\u00e1s<\/a><\/div><\/div><\/div><\/div>\n<div class=\"col-md-6 col-sm-12 col-xs-12 pt-cv-content-item pt-cv-1-col\" ><div class='pt-cv-ifield'><a href=\"https:\/\/blogsaverroes.juntadeandalucia.es\/cepguadix\/2024\/09\/25\/erasmus-days\/\" class=\"_self pt-cv-href-thumbnail pt-cv-thumb-default\" target=\"_self\" ><img loading=\"lazy\" decoding=\"async\" width=\"150\" height=\"150\" src=\"https:\/\/blogsaverroes.juntadeandalucia.es\/cepguadix\/files\/2026\/04\/ICONO-INTERNACIONALIZACION-v2.png\" class=\"pt-cv-thumbnail\" alt=\"\" \/><\/a>\n<div class=\"pt-cv-taxoterm above_title\"><a href='https:\/\/blogsaverroes.juntadeandalucia.es\/cepguadix\/category\/curso-escolar\/24-25\/' title='24-25' class='pt-cv-tax-24-25'>24-25<\/a><a href='https:\/\/blogsaverroes.juntadeandalucia.es\/cepguadix\/category\/tematica\/internacional\/' title='Internacionalizaci\u00f3n' class='pt-cv-tax-internacional'>Internacionalizaci\u00f3n<\/a><\/div>\n<h4 class=\"pt-cv-title\"><a href=\"https:\/\/blogsaverroes.juntadeandalucia.es\/cepguadix\/2024\/09\/25\/erasmus-days\/\" class=\"_self\" target=\"_self\" >ERASMUS DAYS<\/a><\/h4>\n<div class=\"pt-cv-content\">La Red Erasmus+ CEP Guadix va a celebrar los Erasmus Days con la preparaci\u00f3n de un v\u00eddeo conjunto y la ...<br \/><div class=\"pt-cv-rmwrap\"><a href=\"https:\/\/blogsaverroes.juntadeandalucia.es\/cepguadix\/2024\/09\/25\/erasmus-days\/\" class=\"_self pt-cv-readmore btn btn-success\" target=\"_self\">Leer M\u00e1s<\/a><\/div><\/div><\/div><\/div><\/div><\/div><\/div>\n","protected":false},"excerpt":{"rendered":"<p>Mapa Red Erasmus+ CEP Guadix. Tipos de movilidades: Azul (movilidad corta duraci\u00f3n alumnado); rojo (job shadowing); amarillo (larga duraci\u00f3n alumnado); verde (cursos de formaci\u00f3n); naranja&hellip;<\/p>\n","protected":false},"author":5139,"featured_media":0,"parent":0,"menu_order":0,"comment_status":"closed","ping_status":"closed","template":"","meta":{"ngg_post_thumbnail":0,"footnotes":""},"aioseo_notices":[],"_links":{"self":[{"href":"https:\/\/blogsaverroes.juntadeandalucia.es\/cepguadix\/wp-json\/wp\/v2\/pages\/1670"}],"collection":[{"href":"https:\/\/blogsaverroes.juntadeandalucia.es\/cepguadix\/wp-json\/wp\/v2\/pages"}],"about":[{"href":"https:\/\/blogsaverroes.juntadeandalucia.es\/cepguadix\/wp-json\/wp\/v2\/types\/page"}],"author":[{"embeddable":true,"href":"https:\/\/blogsaverroes.juntadeandalucia.es\/cepguadix\/wp-json\/wp\/v2\/users\/5139"}],"replies":[{"embeddable":true,"href":"https:\/\/blogsaverroes.juntadeandalucia.es\/cepguadix\/wp-json\/wp\/v2\/comments?post=1670"}],"version-history":[{"count":9,"href":"https:\/\/blogsaverroes.juntadeandalucia.es\/cepguadix\/wp-json\/wp\/v2\/pages\/1670\/revisions"}],"predecessor-version":[{"id":2283,"href":"https:\/\/blogsaverroes.juntadeandalucia.es\/cepguadix\/wp-json\/wp\/v2\/pages\/1670\/revisions\/2283"}],"wp:attachment":[{"href":"https:\/\/blogsaverroes.juntadeandalucia.es\/cepguadix\/wp-json\/wp\/v2\/media?parent=1670"}],"curies":[{"name":"wp","href":"https:\/\/api.w.org\/{rel}","templated":true}]}}