{"id":18,"date":"2017-07-19T15:57:52","date_gmt":"2017-07-19T15:57:52","guid":{"rendered":"https:\/\/blogsaverroes.juntadeandalucia.es\/cepguadix\/?page_id=18"},"modified":"2017-12-13T09:33:01","modified_gmt":"2017-12-13T09:33:01","slug":"que-son","status":"publish","type":"page","link":"https:\/\/blogsaverroes.juntadeandalucia.es\/cepguadix\/que-son\/","title":{"rendered":"\u00bfQu\u00e9 es una buena pr\u00e1ctica educativa?"},"content":{"rendered":"<p><img loading=\"lazy\" decoding=\"async\" class=\"wp-image-55 alignleft\" src=\"https:\/\/blogsaverroes.juntadeandalucia.es\/cepguadix\/files\/2017\/07\/bbpp-300x268.png\" alt=\"\" width=\"200\" height=\"179\" srcset=\"https:\/\/blogsaverroes.juntadeandalucia.es\/cepguadix\/files\/2017\/07\/bbpp-300x268.png 300w, https:\/\/blogsaverroes.juntadeandalucia.es\/cepguadix\/files\/2017\/07\/bbpp-24x21.png 24w, https:\/\/blogsaverroes.juntadeandalucia.es\/cepguadix\/files\/2017\/07\/bbpp-36x32.png 36w, https:\/\/blogsaverroes.juntadeandalucia.es\/cepguadix\/files\/2017\/07\/bbpp-48x43.png 48w, https:\/\/blogsaverroes.juntadeandalucia.es\/cepguadix\/files\/2017\/07\/bbpp.png 523w\" sizes=\"(max-width: 200px) 100vw, 200px\" \/>El t\u00e9rmino buena pr\u00e1ctica se aplica a diferentes contextos. En el \u00e1mbito educativo el concepto se emplea para definir a aquellos proyectos destacables e imitables que conciernen a la administraci\u00f3n de colegios, al trabajo pedag\u00f3gico de los docentes o que constituyen experiencias innovadoras creadas por el docente para la mejora de los aprendizajes de sus estudiantes.<\/p>\n<p>Son fruto de la identificaci\u00f3n de una necesidad. Una buena pr\u00e1ctica empieza con la evaluaci\u00f3n y detecci\u00f3n de un problema.<\/p>\n<p>Algunos aspectos a destacar podr\u00edan ser:<\/p>\n<ul>\n<li>Son sistem\u00e1ticas, sostenibles y flexibles. Es decir, no son acci\u00f3n de un d\u00eda, sino que se desarrollan de modo continuo. Son sostenibles porque cuentan con una estructura econ\u00f3mica, organizativa y t\u00e9cnica que hacen posible su pr\u00e1ctica de forma sistem\u00e1tica y flexible porque se adapta a diferentes contextos.<\/li>\n<li>Deben contar con el apoyo de sus \u00f3rganos de direcci\u00f3n. Este es un factor cr\u00edtico; la buena pr\u00e1ctica, como la calidad, no es cuesti\u00f3n de otros, sino de todos, pero esencialmente la direcci\u00f3n debe liderar estos procesos, impulsarlos y respaldarlos permanentemente. Por lo tanto, una buena pr\u00e1ctica no es el resultado de una acci\u00f3n profesionales aislados de las l\u00edneas estrat\u00e9gicas planteadas por la direcci\u00f3n.<\/li>\n<li>Deben estar documentadas para servir de referente a otros. Este es un sentido esencial de la buena pr\u00e1ctica, pues permite el traslado del conocimiento f\u00e1cilmente a otra instituci\u00f3n para aprender a realizarla.<\/li>\n<\/ul>\n","protected":false},"excerpt":{"rendered":"<p>El t\u00e9rmino buena pr\u00e1ctica se aplica a diferentes contextos. En el \u00e1mbito educativo el concepto se emplea para definir a aquellos proyectos destacables e imitables&hellip;<\/p>\n","protected":false},"author":1517,"featured_media":0,"parent":0,"menu_order":0,"comment_status":"closed","ping_status":"closed","template":"","meta":{"ngg_post_thumbnail":0,"footnotes":""},"aioseo_notices":[],"_links":{"self":[{"href":"https:\/\/blogsaverroes.juntadeandalucia.es\/cepguadix\/wp-json\/wp\/v2\/pages\/18"}],"collection":[{"href":"https:\/\/blogsaverroes.juntadeandalucia.es\/cepguadix\/wp-json\/wp\/v2\/pages"}],"about":[{"href":"https:\/\/blogsaverroes.juntadeandalucia.es\/cepguadix\/wp-json\/wp\/v2\/types\/page"}],"author":[{"embeddable":true,"href":"https:\/\/blogsaverroes.juntadeandalucia.es\/cepguadix\/wp-json\/wp\/v2\/users\/1517"}],"replies":[{"embeddable":true,"href":"https:\/\/blogsaverroes.juntadeandalucia.es\/cepguadix\/wp-json\/wp\/v2\/comments?post=18"}],"version-history":[{"count":11,"href":"https:\/\/blogsaverroes.juntadeandalucia.es\/cepguadix\/wp-json\/wp\/v2\/pages\/18\/revisions"}],"predecessor-version":[{"id":472,"href":"https:\/\/blogsaverroes.juntadeandalucia.es\/cepguadix\/wp-json\/wp\/v2\/pages\/18\/revisions\/472"}],"wp:attachment":[{"href":"https:\/\/blogsaverroes.juntadeandalucia.es\/cepguadix\/wp-json\/wp\/v2\/media?parent=18"}],"curies":[{"name":"wp","href":"https:\/\/api.w.org\/{rel}","templated":true}]}}