{"id":1871,"date":"2024-05-20T09:58:20","date_gmt":"2024-05-20T07:58:20","guid":{"rendered":"https:\/\/blogsaverroes.juntadeandalucia.es\/cepguadix\/?page_id=1871"},"modified":"2024-05-20T09:58:20","modified_gmt":"2024-05-20T07:58:20","slug":"educacion-permanente","status":"publish","type":"page","link":"https:\/\/blogsaverroes.juntadeandalucia.es\/cepguadix\/educacion-permanente\/","title":{"rendered":"Educaci\u00f3n Permanente"},"content":{"rendered":"<div class=\"pt-cv-wrapper\"><div class=\"pt-cv-view pt-cv-grid pt-cv-colsys\" id=\"pt-cv-view-112dad0xc1\"><div data-id=\"pt-cv-page-1\" class=\"pt-cv-page\" data-cvc=\"2\"><div class=\"col-md-6 col-sm-12 col-xs-12 pt-cv-content-item pt-cv-1-col\" ><div class='pt-cv-ifield'><a href=\"https:\/\/blogsaverroes.juntadeandalucia.es\/cepguadix\/2025\/05\/28\/formacion-blog-averroes\/\" class=\"_self pt-cv-href-thumbnail pt-cv-thumb-default\" target=\"_self\" ><img loading=\"lazy\" decoding=\"async\" width=\"181\" height=\"181\" src=\"https:\/\/blogsaverroes.juntadeandalucia.es\/cepguadix\/files\/2017\/09\/amarillo.png\" class=\"pt-cv-thumbnail\" alt=\"\" srcset=\"https:\/\/blogsaverroes.juntadeandalucia.es\/cepguadix\/files\/2017\/09\/amarillo.png 181w, https:\/\/blogsaverroes.juntadeandalucia.es\/cepguadix\/files\/2017\/09\/amarillo-150x150.png 150w, https:\/\/blogsaverroes.juntadeandalucia.es\/cepguadix\/files\/2017\/09\/amarillo-100x100.png 100w, https:\/\/blogsaverroes.juntadeandalucia.es\/cepguadix\/files\/2017\/09\/amarillo-24x24.png 24w, https:\/\/blogsaverroes.juntadeandalucia.es\/cepguadix\/files\/2017\/09\/amarillo-36x36.png 36w, https:\/\/blogsaverroes.juntadeandalucia.es\/cepguadix\/files\/2017\/09\/amarillo-48x48.png 48w\" sizes=\"(max-width: 181px) 100vw, 181px\" \/><\/a>\n<div class=\"pt-cv-taxoterm above_title\"><a href='https:\/\/blogsaverroes.juntadeandalucia.es\/cepguadix\/category\/curso-escolar\/24-25\/' title='24-25' class='pt-cv-tax-24-25'>24-25<\/a><a href='https:\/\/blogsaverroes.juntadeandalucia.es\/cepguadix\/category\/etapa\/eper\/' title='Educaci\u00f3n Permanente' class='pt-cv-tax-eper'>Educaci\u00f3n Permanente<\/a><a href='https:\/\/blogsaverroes.juntadeandalucia.es\/cepguadix\/category\/tematica\/tic\/' title='TIC' class='pt-cv-tax-tic'>TIC<\/a><a href='https:\/\/blogsaverroes.juntadeandalucia.es\/cepguadix\/category\/zona\/zona-guadix\/' title='Zona Guadix' class='pt-cv-tax-zona-guadix'>Zona Guadix<\/a><\/div>\n<h4 class=\"pt-cv-title\"><a href=\"https:\/\/blogsaverroes.juntadeandalucia.es\/cepguadix\/2025\/05\/28\/formacion-blog-averroes\/\" class=\"_self\" target=\"_self\" >FORMACI\u00d3N BLOG AVERROES<\/a><\/h4>\n<div class=\"pt-cv-content\">Centro: CEPER Guamenze Localidad: Guadix Etapa: Educaci\u00f3n Permanente DESCRIPCI\u00d3N: El 19 de marzo se celebr\u00f3 en el marco del grupo ...<br \/><div class=\"pt-cv-rmwrap\"><a href=\"https:\/\/blogsaverroes.juntadeandalucia.es\/cepguadix\/2025\/05\/28\/formacion-blog-averroes\/\" class=\"_self pt-cv-readmore btn btn-success\" target=\"_self\">Leer M\u00e1s<\/a><\/div><\/div><\/div><\/div>\n<div class=\"col-md-6 col-sm-12 col-xs-12 pt-cv-content-item pt-cv-1-col\" ><div class='pt-cv-ifield'><a href=\"https:\/\/blogsaverroes.juntadeandalucia.es\/cepguadix\/2024\/10\/21\/celebramos-los-erasmus-days\/\" class=\"_self pt-cv-href-thumbnail pt-cv-thumb-default\" target=\"_self\" ><img loading=\"lazy\" decoding=\"async\" width=\"181\" height=\"181\" src=\"https:\/\/blogsaverroes.juntadeandalucia.es\/cepguadix\/files\/2024\/05\/naranja.png\" class=\"pt-cv-thumbnail\" alt=\"\" srcset=\"https:\/\/blogsaverroes.juntadeandalucia.es\/cepguadix\/files\/2024\/05\/naranja.png 181w, https:\/\/blogsaverroes.juntadeandalucia.es\/cepguadix\/files\/2024\/05\/naranja-150x150.png 150w\" sizes=\"(max-width: 181px) 100vw, 181px\" \/><\/a>\n<div class=\"pt-cv-taxoterm above_title\"><a href='https:\/\/blogsaverroes.juntadeandalucia.es\/cepguadix\/category\/curso-escolar\/24-25\/' title='24-25' class='pt-cv-tax-24-25'>24-25<\/a><a href='https:\/\/blogsaverroes.juntadeandalucia.es\/cepguadix\/category\/etapa\/bachillerato\/' title='Bachillerato' class='pt-cv-tax-bachillerato'>Bachillerato<\/a><a href='https:\/\/blogsaverroes.juntadeandalucia.es\/cepguadix\/category\/etapa\/eper\/' title='Educaci\u00f3n Permanente' class='pt-cv-tax-eper'>Educaci\u00f3n Permanente<\/a><a href='https:\/\/blogsaverroes.juntadeandalucia.es\/cepguadix\/category\/etapa\/fp\/' title='FP' class='pt-cv-tax-fp'>FP<\/a><a href='https:\/\/blogsaverroes.juntadeandalucia.es\/cepguadix\/category\/etapa\/infantil\/' title='Infantil' class='pt-cv-tax-infantil'>Infantil<\/a><a href='https:\/\/blogsaverroes.juntadeandalucia.es\/cepguadix\/category\/tematica\/internacional\/' title='Internacionalizaci\u00f3n' class='pt-cv-tax-internacional'>Internacionalizaci\u00f3n<\/a><a href='https:\/\/blogsaverroes.juntadeandalucia.es\/cepguadix\/category\/etapa\/primaria\/' title='Primaria' class='pt-cv-tax-primaria'>Primaria<\/a><a href='https:\/\/blogsaverroes.juntadeandalucia.es\/cepguadix\/category\/etapa\/regimen-especial\/' title='R\u00e9gimen Especial' class='pt-cv-tax-regimen-especial'>R\u00e9gimen Especial<\/a><a href='https:\/\/blogsaverroes.juntadeandalucia.es\/cepguadix\/category\/etapa\/secundaria\/' title='Secundaria' class='pt-cv-tax-secundaria'>Secundaria<\/a><a href='https:\/\/blogsaverroes.juntadeandalucia.es\/cepguadix\/category\/zona\/zona-guadix\/' title='Zona Guadix' class='pt-cv-tax-zona-guadix'>Zona Guadix<\/a><a href='https:\/\/blogsaverroes.juntadeandalucia.es\/cepguadix\/category\/zona\/zona-iznalloz\/' title='Zona Iznalloz' class='pt-cv-tax-zona-iznalloz'>Zona Iznalloz<\/a><a href='https:\/\/blogsaverroes.juntadeandalucia.es\/cepguadix\/category\/zona\/zona-marquesado\/' title='Zona Marquesado' class='pt-cv-tax-zona-marquesado'>Zona Marquesado<\/a><a href='https:\/\/blogsaverroes.juntadeandalucia.es\/cepguadix\/category\/zona\/zona-montes-orientales\/' title='Zona Montes Orientales' class='pt-cv-tax-zona-montes-orientales'>Zona Montes Orientales<\/a><a href='https:\/\/blogsaverroes.juntadeandalucia.es\/cepguadix\/category\/zona\/zona-rio-fardes\/' title='Zona R\u00edo Fardes' class='pt-cv-tax-zona-rio-fardes'>Zona R\u00edo Fardes<\/a><\/div>\n<h4 class=\"pt-cv-title\"><a href=\"https:\/\/blogsaverroes.juntadeandalucia.es\/cepguadix\/2024\/10\/21\/celebramos-los-erasmus-days\/\" class=\"_self\" target=\"_self\" >CELEBRAMOS LOS ERASMUS DAYS<\/a><\/h4>\n<div class=\"pt-cv-content\">Entre el 14 y el 18 de octubre se celebran los Erasmus Days, una celebraci\u00f3n internacional para dar a conocer ...<br \/><div class=\"pt-cv-rmwrap\"><a href=\"https:\/\/blogsaverroes.juntadeandalucia.es\/cepguadix\/2024\/10\/21\/celebramos-los-erasmus-days\/\" class=\"_self pt-cv-readmore btn btn-success\" target=\"_self\">Leer M\u00e1s<\/a><\/div><\/div><\/div><\/div>\n<div class=\"col-md-6 col-sm-12 col-xs-12 pt-cv-content-item pt-cv-1-col\" ><div class='pt-cv-ifield'><a href=\"https:\/\/blogsaverroes.juntadeandalucia.es\/cepguadix\/2024\/06\/13\/taller-de-cine-guamenze\/\" class=\"_self pt-cv-href-thumbnail pt-cv-thumb-default\" target=\"_self\" ><img loading=\"lazy\" decoding=\"async\" width=\"150\" height=\"150\" src=\"https:\/\/blogsaverroes.juntadeandalucia.es\/cepguadix\/files\/2025\/06\/ICONO-CIVICO-SOCIAL.png\" class=\"pt-cv-thumbnail\" alt=\"\" \/><\/a>\n<div class=\"pt-cv-taxoterm above_title\"><a href='https:\/\/blogsaverroes.juntadeandalucia.es\/cepguadix\/category\/curso-escolar\/23-24\/' title='23-24' class='pt-cv-tax-23-24'>23-24<\/a><a href='https:\/\/blogsaverroes.juntadeandalucia.es\/cepguadix\/tag\/cortometrajes\/' title='Cortometrajes' class='pt-cv-tax-cortometrajes'>Cortometrajes<\/a><a href='https:\/\/blogsaverroes.juntadeandalucia.es\/cepguadix\/category\/etapa\/eper\/' title='Educaci\u00f3n Permanente' class='pt-cv-tax-eper'>Educaci\u00f3n Permanente<\/a><a href='https:\/\/blogsaverroes.juntadeandalucia.es\/cepguadix\/category\/zona\/zona-guadix\/' title='Zona Guadix' class='pt-cv-tax-zona-guadix'>Zona Guadix<\/a><\/div>\n<h4 class=\"pt-cv-title\"><a href=\"https:\/\/blogsaverroes.juntadeandalucia.es\/cepguadix\/2024\/06\/13\/taller-de-cine-guamenze\/\" class=\"_self\" target=\"_self\" >TALLER DE CINE GUAMENZE<\/a><\/h4>\n<div class=\"pt-cv-content\">Centro: CEPER GUAMENZE Localidad: Guadix Etapa: Educaci\u00f3n Permanente DESCRIPCI\u00d3N: TALLER DE CINE GUAMENZE. Un taller de cine para personas adultas ...<br \/><div class=\"pt-cv-rmwrap\"><a href=\"https:\/\/blogsaverroes.juntadeandalucia.es\/cepguadix\/2024\/06\/13\/taller-de-cine-guamenze\/\" class=\"_self pt-cv-readmore btn btn-success\" target=\"_self\">Leer M\u00e1s<\/a><\/div><\/div><\/div><\/div>\n<div class=\"col-md-6 col-sm-12 col-xs-12 pt-cv-content-item pt-cv-1-col\" ><div class='pt-cv-ifield'><a href=\"https:\/\/blogsaverroes.juntadeandalucia.es\/cepguadix\/2024\/06\/05\/aula-de-cine-economia-emocional-en-corto\/\" class=\"_self pt-cv-href-thumbnail pt-cv-thumb-default\" target=\"_self\" ><img loading=\"lazy\" decoding=\"async\" width=\"150\" height=\"150\" src=\"https:\/\/blogsaverroes.juntadeandalucia.es\/cepguadix\/files\/2025\/06\/ICONO-CIVICO-SOCIAL.png\" class=\"pt-cv-thumbnail\" alt=\"\" \/><\/a>\n<div class=\"pt-cv-taxoterm above_title\"><a href='https:\/\/blogsaverroes.juntadeandalucia.es\/cepguadix\/category\/curso-escolar\/23-24\/' title='23-24' class='pt-cv-tax-23-24'>23-24<\/a><a href='https:\/\/blogsaverroes.juntadeandalucia.es\/cepguadix\/category\/etapa\/bachillerato\/' title='Bachillerato' class='pt-cv-tax-bachillerato'>Bachillerato<\/a><a href='https:\/\/blogsaverroes.juntadeandalucia.es\/cepguadix\/category\/tematica\/civico-social\/' title='C\u00edvico-Social' class='pt-cv-tax-civico-social'>C\u00edvico-Social<\/a><a href='https:\/\/blogsaverroes.juntadeandalucia.es\/cepguadix\/tag\/cortometrajes\/' title='Cortometrajes' class='pt-cv-tax-cortometrajes'>Cortometrajes<\/a><a href='https:\/\/blogsaverroes.juntadeandalucia.es\/cepguadix\/category\/etapa\/eper\/' title='Educaci\u00f3n Permanente' class='pt-cv-tax-eper'>Educaci\u00f3n Permanente<\/a><a href='https:\/\/blogsaverroes.juntadeandalucia.es\/cepguadix\/category\/etapa\/secundaria\/' title='Secundaria' class='pt-cv-tax-secundaria'>Secundaria<\/a><a href='https:\/\/blogsaverroes.juntadeandalucia.es\/cepguadix\/category\/zona\/zona-guadix\/' title='Zona Guadix' class='pt-cv-tax-zona-guadix'>Zona Guadix<\/a><\/div>\n<h4 class=\"pt-cv-title\"><a href=\"https:\/\/blogsaverroes.juntadeandalucia.es\/cepguadix\/2024\/06\/05\/aula-de-cine-economia-emocional-en-corto\/\" class=\"_self\" target=\"_self\" >AULAS DE CINE: ECONOM\u00cdA EMOCIONAL EN CORTO<\/a><\/h4>\n<div class=\"pt-cv-content\">Centro: IES Pedro Antonio de Alarc\u00f3n Localidad: Guadix Etapa: Secundaria, Bachillerato, Educaci\u00f3n Permanente DESCRIPCI\u00d3N: Os presentamos dos cortometrajes que forman ...<br \/><div class=\"pt-cv-rmwrap\"><a href=\"https:\/\/blogsaverroes.juntadeandalucia.es\/cepguadix\/2024\/06\/05\/aula-de-cine-economia-emocional-en-corto\/\" class=\"_self pt-cv-readmore btn btn-success\" target=\"_self\">Leer M\u00e1s<\/a><\/div><\/div><\/div><\/div>\n<div class=\"col-md-6 col-sm-12 col-xs-12 pt-cv-content-item pt-cv-1-col\" ><div class='pt-cv-ifield'><a href=\"https:\/\/blogsaverroes.juntadeandalucia.es\/cepguadix\/2024\/06\/04\/elaboramos-materiales-digitales-con-exelearning\/\" class=\"_self pt-cv-href-thumbnail pt-cv-thumb-default\" target=\"_self\" ><img loading=\"lazy\" decoding=\"async\" width=\"150\" height=\"150\" src=\"https:\/\/blogsaverroes.juntadeandalucia.es\/cepguadix\/files\/2025\/06\/ICONO-METODOLOGIAS.png\" class=\"pt-cv-thumbnail\" alt=\"\" \/><\/a>\n<div class=\"pt-cv-taxoterm above_title\"><a href='https:\/\/blogsaverroes.juntadeandalucia.es\/cepguadix\/category\/curso-escolar\/23-24\/' title='23-24' class='pt-cv-tax-23-24'>23-24<\/a><a href='https:\/\/blogsaverroes.juntadeandalucia.es\/cepguadix\/category\/etapa\/eper\/' title='Educaci\u00f3n Permanente' class='pt-cv-tax-eper'>Educaci\u00f3n Permanente<\/a><a href='https:\/\/blogsaverroes.juntadeandalucia.es\/cepguadix\/tag\/exelearning\/' title='eXeLearning' class='pt-cv-tax-exelearning'>eXeLearning<\/a><a href='https:\/\/blogsaverroes.juntadeandalucia.es\/cepguadix\/category\/tematica\/metodologias\/' title='Metodolog\u00edas' class='pt-cv-tax-metodologias'>Metodolog\u00edas<\/a><a href='https:\/\/blogsaverroes.juntadeandalucia.es\/cepguadix\/category\/tematica\/tic\/' title='TIC' class='pt-cv-tax-tic'>TIC<\/a><a href='https:\/\/blogsaverroes.juntadeandalucia.es\/cepguadix\/category\/zona\/zona-guadix\/' title='Zona Guadix' class='pt-cv-tax-zona-guadix'>Zona Guadix<\/a><a href='https:\/\/blogsaverroes.juntadeandalucia.es\/cepguadix\/category\/zona\/zona-iznalloz\/' title='Zona Iznalloz' class='pt-cv-tax-zona-iznalloz'>Zona Iznalloz<\/a><\/div>\n<h4 class=\"pt-cv-title\"><a href=\"https:\/\/blogsaverroes.juntadeandalucia.es\/cepguadix\/2024\/06\/04\/elaboramos-materiales-digitales-con-exelearning\/\" class=\"_self\" target=\"_self\" >ELABORAMOS MATERIALES DIGITALES CON EXELEARNING<\/a><\/h4>\n<div class=\"pt-cv-content\">Centro: CEPER Los Montes, CEPER Guamenze, Secci\u00f3n de Adultos IES Pedro Antonio de Alarc\u00f3n Localidad: Zona Educativa de Guadix e ...<br \/><div class=\"pt-cv-rmwrap\"><a href=\"https:\/\/blogsaverroes.juntadeandalucia.es\/cepguadix\/2024\/06\/04\/elaboramos-materiales-digitales-con-exelearning\/\" class=\"_self pt-cv-readmore btn btn-success\" target=\"_self\">Leer M\u00e1s<\/a><\/div><\/div><\/div><\/div>\n<div class=\"col-md-6 col-sm-12 col-xs-12 pt-cv-content-item pt-cv-1-col\" ><div class='pt-cv-ifield'><a href=\"https:\/\/blogsaverroes.juntadeandalucia.es\/cepguadix\/2024\/06\/01\/recuperando-el-patrimonio-de-la-comarca-de-guadix-cooperacion-intercentros\/\" class=\"_self pt-cv-href-thumbnail pt-cv-thumb-default\" target=\"_self\" ><img decoding=\"async\" src=\"https:\/\/blogsaverroes.juntadeandalucia.es\/cepguadix\/wp-content\/plugins\/content-views-query-and-display-post-page\/public\/assets\/images\/default_image.png\" class=\"pt-cv-thumbnail cv-default-img\" alt=\"RECUPERANDO EL PATRIMONIO DE LA COMARCA DE GUADIX: COOPERACI\u00d3N INTERCENTROS\" title=\"\" \/><\/a>\n<div class=\"pt-cv-taxoterm above_title\"><a href='https:\/\/blogsaverroes.juntadeandalucia.es\/cepguadix\/category\/curso-escolar\/23-24\/' title='23-24' class='pt-cv-tax-23-24'>23-24<\/a><a href='https:\/\/blogsaverroes.juntadeandalucia.es\/cepguadix\/category\/tematica\/arte-deporte\/' title='Art\u00edstico-deportiva' class='pt-cv-tax-arte-deporte'>Art\u00edstico-deportiva<\/a><a href='https:\/\/blogsaverroes.juntadeandalucia.es\/cepguadix\/category\/etapa\/bachillerato\/' title='Bachillerato' class='pt-cv-tax-bachillerato'>Bachillerato<\/a><a href='https:\/\/blogsaverroes.juntadeandalucia.es\/cepguadix\/category\/etapa\/eper\/' title='Educaci\u00f3n Permanente' class='pt-cv-tax-eper'>Educaci\u00f3n Permanente<\/a><a href='https:\/\/blogsaverroes.juntadeandalucia.es\/cepguadix\/tag\/patrimonio\/' title='patrimonio' class='pt-cv-tax-patrimonio'>patrimonio<\/a><a href='https:\/\/blogsaverroes.juntadeandalucia.es\/cepguadix\/category\/etapa\/regimen-especial\/' title='R\u00e9gimen Especial' class='pt-cv-tax-regimen-especial'>R\u00e9gimen Especial<\/a><a href='https:\/\/blogsaverroes.juntadeandalucia.es\/cepguadix\/category\/etapa\/secundaria\/' title='Secundaria' class='pt-cv-tax-secundaria'>Secundaria<\/a><a href='https:\/\/blogsaverroes.juntadeandalucia.es\/cepguadix\/category\/zona\/zona-guadix\/' title='Zona Guadix' class='pt-cv-tax-zona-guadix'>Zona Guadix<\/a><\/div>\n<h4 class=\"pt-cv-title\"><a href=\"https:\/\/blogsaverroes.juntadeandalucia.es\/cepguadix\/2024\/06\/01\/recuperando-el-patrimonio-de-la-comarca-de-guadix-cooperacion-intercentros\/\" class=\"_self\" target=\"_self\" >RECUPERANDO EL PATRIMONIO DE LA COMARCA DE GUADIX: COOPERACI\u00d3N INTERCENTROS<\/a><\/h4>\n<div class=\"pt-cv-content\">Centro: IES Pedro Antonio de Alarc\u00f3n, IES Padre Poveda, IES Ribera del Fardes, Escuela de Artes de Guadix, Escuela Oficial ...<br \/><div class=\"pt-cv-rmwrap\"><a href=\"https:\/\/blogsaverroes.juntadeandalucia.es\/cepguadix\/2024\/06\/01\/recuperando-el-patrimonio-de-la-comarca-de-guadix-cooperacion-intercentros\/\" class=\"_self pt-cv-readmore btn btn-success\" target=\"_self\">Leer M\u00e1s<\/a><\/div><\/div><\/div><\/div>\n<div class=\"col-md-6 col-sm-12 col-xs-12 pt-cv-content-item pt-cv-1-col\" ><div class='pt-cv-ifield'><a href=\"https:\/\/blogsaverroes.juntadeandalucia.es\/cepguadix\/2024\/05\/19\/plan-de-acogida\/\" class=\"_self pt-cv-href-thumbnail pt-cv-thumb-default\" target=\"_self\" ><img loading=\"lazy\" decoding=\"async\" width=\"181\" height=\"181\" src=\"https:\/\/blogsaverroes.juntadeandalucia.es\/cepguadix\/files\/2017\/12\/morado-1.png\" class=\"pt-cv-thumbnail\" alt=\"\" srcset=\"https:\/\/blogsaverroes.juntadeandalucia.es\/cepguadix\/files\/2017\/12\/morado-1.png 181w, https:\/\/blogsaverroes.juntadeandalucia.es\/cepguadix\/files\/2017\/12\/morado-1-150x150.png 150w, https:\/\/blogsaverroes.juntadeandalucia.es\/cepguadix\/files\/2017\/12\/morado-1-100x100.png 100w, https:\/\/blogsaverroes.juntadeandalucia.es\/cepguadix\/files\/2017\/12\/morado-1-24x24.png 24w, https:\/\/blogsaverroes.juntadeandalucia.es\/cepguadix\/files\/2017\/12\/morado-1-36x36.png 36w, https:\/\/blogsaverroes.juntadeandalucia.es\/cepguadix\/files\/2017\/12\/morado-1-48x48.png 48w\" sizes=\"(max-width: 181px) 100vw, 181px\" \/><\/a>\n<div class=\"pt-cv-taxoterm above_title\"><a href='https:\/\/blogsaverroes.juntadeandalucia.es\/cepguadix\/category\/curso-escolar\/23-24\/' title='23-24' class='pt-cv-tax-23-24'>23-24<\/a><a href='https:\/\/blogsaverroes.juntadeandalucia.es\/cepguadix\/category\/tematica\/convivencia\/' title='Convivencia' class='pt-cv-tax-convivencia'>Convivencia<\/a><a href='https:\/\/blogsaverroes.juntadeandalucia.es\/cepguadix\/category\/curso-escolar\/' title='Curso Escolar' class='pt-cv-tax-curso-escolar'>Curso Escolar<\/a><a href='https:\/\/blogsaverroes.juntadeandalucia.es\/cepguadix\/category\/etapa\/eper\/' title='Educaci\u00f3n Permanente' class='pt-cv-tax-eper'>Educaci\u00f3n Permanente<\/a><a href='https:\/\/blogsaverroes.juntadeandalucia.es\/cepguadix\/category\/zona\/zona-iznalloz\/' title='Zona Iznalloz' class='pt-cv-tax-zona-iznalloz'>Zona Iznalloz<\/a><\/div>\n<h4 class=\"pt-cv-title\"><a href=\"https:\/\/blogsaverroes.juntadeandalucia.es\/cepguadix\/2024\/05\/19\/plan-de-acogida\/\" class=\"_self\" target=\"_self\" >PLAN DE ACOGIDA<\/a><\/h4>\n<div class=\"pt-cv-content\">Centro: CEPER LOS MONTES Localidad: Iznalloz Etapa: Educaci\u00f3n permanente DESCRIPCI\u00d3N: El CEPER Los Montes y Secciones es un Centro de ...<br \/><div class=\"pt-cv-rmwrap\"><a href=\"https:\/\/blogsaverroes.juntadeandalucia.es\/cepguadix\/2024\/05\/19\/plan-de-acogida\/\" class=\"_self pt-cv-readmore btn btn-success\" target=\"_self\">Leer M\u00e1s<\/a><\/div><\/div><\/div><\/div><\/div><\/div><\/div>\n","protected":false},"excerpt":{"rendered":"","protected":false},"author":5139,"featured_media":0,"parent":0,"menu_order":0,"comment_status":"closed","ping_status":"closed","template":"","meta":{"ngg_post_thumbnail":0,"footnotes":""},"aioseo_notices":[],"_links":{"self":[{"href":"https:\/\/blogsaverroes.juntadeandalucia.es\/cepguadix\/wp-json\/wp\/v2\/pages\/1871"}],"collection":[{"href":"https:\/\/blogsaverroes.juntadeandalucia.es\/cepguadix\/wp-json\/wp\/v2\/pages"}],"about":[{"href":"https:\/\/blogsaverroes.juntadeandalucia.es\/cepguadix\/wp-json\/wp\/v2\/types\/page"}],"author":[{"embeddable":true,"href":"https:\/\/blogsaverroes.juntadeandalucia.es\/cepguadix\/wp-json\/wp\/v2\/users\/5139"}],"replies":[{"embeddable":true,"href":"https:\/\/blogsaverroes.juntadeandalucia.es\/cepguadix\/wp-json\/wp\/v2\/comments?post=1871"}],"version-history":[{"count":1,"href":"https:\/\/blogsaverroes.juntadeandalucia.es\/cepguadix\/wp-json\/wp\/v2\/pages\/1871\/revisions"}],"predecessor-version":[{"id":1872,"href":"https:\/\/blogsaverroes.juntadeandalucia.es\/cepguadix\/wp-json\/wp\/v2\/pages\/1871\/revisions\/1872"}],"wp:attachment":[{"href":"https:\/\/blogsaverroes.juntadeandalucia.es\/cepguadix\/wp-json\/wp\/v2\/media?parent=1871"}],"curies":[{"name":"wp","href":"https:\/\/api.w.org\/{rel}","templated":true}]}}