{"id":1875,"date":"2024-05-20T10:04:00","date_gmt":"2024-05-20T08:04:00","guid":{"rendered":"https:\/\/blogsaverroes.juntadeandalucia.es\/cepguadix\/?page_id=1875"},"modified":"2026-04-27T09:53:25","modified_gmt":"2026-04-27T07:53:25","slug":"convivencia-2","status":"publish","type":"page","link":"https:\/\/blogsaverroes.juntadeandalucia.es\/cepguadix\/convivencia-2\/","title":{"rendered":"Convivencia"},"content":{"rendered":"<p><a href=\"https:\/\/blogsaverroes.juntadeandalucia.es\/convivenciacepguadix\/\"><img loading=\"lazy\" decoding=\"async\" class=\"wp-image-1879 alignright\" src=\"https:\/\/blogsaverroes.juntadeandalucia.es\/cepguadix\/files\/2024\/05\/blog-convivenciacepguadix-300x231.png\" alt=\"\" width=\"220\" height=\"169\" srcset=\"https:\/\/blogsaverroes.juntadeandalucia.es\/cepguadix\/files\/2024\/05\/blog-convivenciacepguadix-300x231.png 300w, https:\/\/blogsaverroes.juntadeandalucia.es\/cepguadix\/files\/2024\/05\/blog-convivenciacepguadix-1024x789.png 1024w, https:\/\/blogsaverroes.juntadeandalucia.es\/cepguadix\/files\/2024\/05\/blog-convivenciacepguadix-768x592.png 768w, https:\/\/blogsaverroes.juntadeandalucia.es\/cepguadix\/files\/2024\/05\/blog-convivenciacepguadix.png 1248w\" sizes=\"(max-width: 220px) 100vw, 220px\" \/><\/a>Recuerda que en el <a href=\"https:\/\/blogsaverroes.juntadeandalucia.es\/convivenciacepguadix\/\"><strong>Blog EXPERIENCIA RELEVANTES &#8211; CONVIVENCIA<\/strong><\/a> tambi\u00e9n tenemos aportaciones de los centros sobre experiencias docentes relevantes trabajando la tem\u00e1tica de la convivencia, concretamente de centros que han participado en\u00a0la <a href=\"https:\/\/www.juntadeandalucia.es\/educacion\/portals\/web\/convivencia-escolar\/red-escuela-espacio-de-paz\">Red Andaluza <strong>\u00abEscuela: Espacio de Paz\u00bb<\/strong><\/a>.<\/p>\n<p><img loading=\"lazy\" decoding=\"async\" class=\"wp-image-1881 aligncenter\" src=\"https:\/\/blogsaverroes.juntadeandalucia.es\/cepguadix\/files\/2024\/05\/Logo-RAEEP-color-590x423-copia-300x215.jpg\" alt=\"\" width=\"153\" height=\"109\" srcset=\"https:\/\/blogsaverroes.juntadeandalucia.es\/cepguadix\/files\/2024\/05\/Logo-RAEEP-color-590x423-copia-300x215.jpg 300w, https:\/\/blogsaverroes.juntadeandalucia.es\/cepguadix\/files\/2024\/05\/Logo-RAEEP-color-590x423-copia.jpg 400w\" sizes=\"(max-width: 153px) 100vw, 153px\" \/><\/p>\n<div class=\"pt-cv-wrapper\"><div class=\"pt-cv-view pt-cv-grid pt-cv-colsys\" id=\"pt-cv-view-6e30dbcs1h\"><div data-id=\"pt-cv-page-1\" class=\"pt-cv-page\" data-cvc=\"2\"><div class=\"col-md-6 col-sm-12 col-xs-12 pt-cv-content-item pt-cv-1-col\" ><div class='pt-cv-ifield'><a href=\"https:\/\/blogsaverroes.juntadeandalucia.es\/cepguadix\/2025\/06\/02\/la-vuelta-al-mundo-en-178-dias\/\" class=\"_self pt-cv-href-thumbnail pt-cv-thumb-default\" target=\"_self\" ><img loading=\"lazy\" decoding=\"async\" width=\"150\" height=\"150\" src=\"https:\/\/blogsaverroes.juntadeandalucia.es\/cepguadix\/files\/2026\/04\/ICONO-CONVIVENCIA.png\" class=\"pt-cv-thumbnail\" alt=\"\" \/><\/a>\n<div class=\"pt-cv-taxoterm above_title\"><a href='https:\/\/blogsaverroes.juntadeandalucia.es\/cepguadix\/category\/curso-escolar\/24-25\/' title='24-25' class='pt-cv-tax-24-25'>24-25<\/a><a href='https:\/\/blogsaverroes.juntadeandalucia.es\/cepguadix\/category\/etapa\/bachillerato\/' title='Bachillerato' class='pt-cv-tax-bachillerato'>Bachillerato<\/a><a href='https:\/\/blogsaverroes.juntadeandalucia.es\/cepguadix\/category\/tematica\/convivencia\/' title='Convivencia' class='pt-cv-tax-convivencia'>Convivencia<\/a><a href='https:\/\/blogsaverroes.juntadeandalucia.es\/cepguadix\/category\/etapa\/secundaria\/' title='Secundaria' class='pt-cv-tax-secundaria'>Secundaria<\/a><a href='https:\/\/blogsaverroes.juntadeandalucia.es\/cepguadix\/category\/zona\/zona-iznalloz\/' title='Zona Iznalloz' class='pt-cv-tax-zona-iznalloz'>Zona Iznalloz<\/a><\/div>\n<h4 class=\"pt-cv-title\"><a href=\"https:\/\/blogsaverroes.juntadeandalucia.es\/cepguadix\/2025\/06\/02\/la-vuelta-al-mundo-en-178-dias\/\" class=\"_self\" target=\"_self\" >LA VUELTA AL MUNDO EN 178 D\u00cdAS<\/a><\/h4>\n<div class=\"pt-cv-content\">Centro: IES Montes Orientales Localidad: Iznalloz Etapa: Secundaria y Bachillerato DESCRIPCI\u00d3N: El grupo de trabajo \"La Vuelta al Mundo en ...<br \/><div class=\"pt-cv-rmwrap\"><a href=\"https:\/\/blogsaverroes.juntadeandalucia.es\/cepguadix\/2025\/06\/02\/la-vuelta-al-mundo-en-178-dias\/\" class=\"_self pt-cv-readmore btn btn-success\" target=\"_self\">Leer M\u00e1s<\/a><\/div><\/div><\/div><\/div>\n<div class=\"col-md-6 col-sm-12 col-xs-12 pt-cv-content-item pt-cv-1-col\" ><div class='pt-cv-ifield'><a href=\"https:\/\/blogsaverroes.juntadeandalucia.es\/cepguadix\/2025\/06\/02\/recreos-activos-inclusivos-el-recreo-te-espera\/\" class=\"_self pt-cv-href-thumbnail pt-cv-thumb-default\" target=\"_self\" ><img loading=\"lazy\" decoding=\"async\" width=\"150\" height=\"150\" src=\"https:\/\/blogsaverroes.juntadeandalucia.es\/cepguadix\/files\/2026\/04\/ICONO-CONVIVENCIA.png\" class=\"pt-cv-thumbnail\" alt=\"\" \/><\/a>\n<div class=\"pt-cv-taxoterm above_title\"><a href='https:\/\/blogsaverroes.juntadeandalucia.es\/cepguadix\/category\/curso-escolar\/24-25\/' title='24-25' class='pt-cv-tax-24-25'>24-25<\/a><a href='https:\/\/blogsaverroes.juntadeandalucia.es\/cepguadix\/category\/etapa\/bachillerato\/' title='Bachillerato' class='pt-cv-tax-bachillerato'>Bachillerato<\/a><a href='https:\/\/blogsaverroes.juntadeandalucia.es\/cepguadix\/category\/tematica\/convivencia\/' title='Convivencia' class='pt-cv-tax-convivencia'>Convivencia<\/a><a href='https:\/\/blogsaverroes.juntadeandalucia.es\/cepguadix\/tag\/inclusion\/' title='inclusi\u00f3n' class='pt-cv-tax-inclusion'>inclusi\u00f3n<\/a><a href='https:\/\/blogsaverroes.juntadeandalucia.es\/cepguadix\/category\/etapa\/secundaria\/' title='Secundaria' class='pt-cv-tax-secundaria'>Secundaria<\/a><a href='https:\/\/blogsaverroes.juntadeandalucia.es\/cepguadix\/category\/zona\/zona-iznalloz\/' title='Zona Iznalloz' class='pt-cv-tax-zona-iznalloz'>Zona Iznalloz<\/a><\/div>\n<h4 class=\"pt-cv-title\"><a href=\"https:\/\/blogsaverroes.juntadeandalucia.es\/cepguadix\/2025\/06\/02\/recreos-activos-inclusivos-el-recreo-te-espera\/\" class=\"_self\" target=\"_self\" >RECREOS ACTIVOS INCLUSIVOS. \u00a1\u00a1EL RECREO TE ESPERA!!<\/a><\/h4>\n<div class=\"pt-cv-content\">Centro: IES Montes Orientales Localidad: Iznalloz Etapa: Secundaria y Bachillerato DESCRIPCI\u00d3N: Recreos activos inclusivos \u00a1El recreo te espera! Surge de ...<br \/><div class=\"pt-cv-rmwrap\"><a href=\"https:\/\/blogsaverroes.juntadeandalucia.es\/cepguadix\/2025\/06\/02\/recreos-activos-inclusivos-el-recreo-te-espera\/\" class=\"_self pt-cv-readmore btn btn-success\" target=\"_self\">Leer M\u00e1s<\/a><\/div><\/div><\/div><\/div>\n<div class=\"col-md-6 col-sm-12 col-xs-12 pt-cv-content-item pt-cv-1-col\" ><div class='pt-cv-ifield'><a href=\"https:\/\/blogsaverroes.juntadeandalucia.es\/cepguadix\/2025\/06\/02\/gestion-colaborativa-de-la-direccion\/\" class=\"_self pt-cv-href-thumbnail pt-cv-thumb-default\" target=\"_self\" ><img loading=\"lazy\" decoding=\"async\" width=\"150\" height=\"150\" src=\"https:\/\/blogsaverroes.juntadeandalucia.es\/cepguadix\/files\/2026\/04\/ICONO-CONVIVENCIA.png\" class=\"pt-cv-thumbnail\" alt=\"\" \/><\/a>\n<div class=\"pt-cv-taxoterm above_title\"><a href='https:\/\/blogsaverroes.juntadeandalucia.es\/cepguadix\/category\/curso-escolar\/24-25\/' title='24-25' class='pt-cv-tax-24-25'>24-25<\/a><a href='https:\/\/blogsaverroes.juntadeandalucia.es\/cepguadix\/category\/tematica\/convivencia\/' title='Convivencia' class='pt-cv-tax-convivencia'>Convivencia<\/a><a href='https:\/\/blogsaverroes.juntadeandalucia.es\/cepguadix\/category\/etapa\/infantil\/' title='Infantil' class='pt-cv-tax-infantil'>Infantil<\/a><a href='https:\/\/blogsaverroes.juntadeandalucia.es\/cepguadix\/tag\/intercentros\/' title='intercentros' class='pt-cv-tax-intercentros'>intercentros<\/a><a href='https:\/\/blogsaverroes.juntadeandalucia.es\/cepguadix\/category\/etapa\/primaria\/' title='Primaria' class='pt-cv-tax-primaria'>Primaria<\/a><a href='https:\/\/blogsaverroes.juntadeandalucia.es\/cepguadix\/category\/etapa\/secundaria\/' title='Secundaria' class='pt-cv-tax-secundaria'>Secundaria<\/a><a href='https:\/\/blogsaverroes.juntadeandalucia.es\/cepguadix\/category\/zona\/zona-iznalloz\/' title='Zona Iznalloz' class='pt-cv-tax-zona-iznalloz'>Zona Iznalloz<\/a><\/div>\n<h4 class=\"pt-cv-title\"><a href=\"https:\/\/blogsaverroes.juntadeandalucia.es\/cepguadix\/2025\/06\/02\/gestion-colaborativa-de-la-direccion\/\" class=\"_self\" target=\"_self\" >GESTI\u00d3N COLABORATIVA DE LA DIRECCI\u00d3N<\/a><\/h4>\n<div class=\"pt-cv-content\">Centro: Centros zona Iznalloz Localidad: Localidades zona Iznalloz Etapa: Infantil, Primaria y Secundaria DESCRIPCI\u00d3N: Al inicio de curso ante el ...<br \/><div class=\"pt-cv-rmwrap\"><a href=\"https:\/\/blogsaverroes.juntadeandalucia.es\/cepguadix\/2025\/06\/02\/gestion-colaborativa-de-la-direccion\/\" class=\"_self pt-cv-readmore btn btn-success\" target=\"_self\">Leer M\u00e1s<\/a><\/div><\/div><\/div><\/div>\n<div class=\"col-md-6 col-sm-12 col-xs-12 pt-cv-content-item pt-cv-1-col\" ><div class='pt-cv-ifield'><a href=\"https:\/\/blogsaverroes.juntadeandalucia.es\/cepguadix\/2025\/06\/02\/la-noticia-soy-periodista\/\" class=\"_self pt-cv-href-thumbnail pt-cv-thumb-default\" target=\"_self\" ><img loading=\"lazy\" decoding=\"async\" width=\"150\" height=\"150\" src=\"https:\/\/blogsaverroes.juntadeandalucia.es\/cepguadix\/files\/2026\/04\/ICONO-CONVIVENCIA.png\" class=\"pt-cv-thumbnail\" alt=\"\" \/><\/a>\n<div class=\"pt-cv-taxoterm above_title\"><a href='https:\/\/blogsaverroes.juntadeandalucia.es\/cepguadix\/category\/curso-escolar\/24-25\/' title='24-25' class='pt-cv-tax-24-25'>24-25<\/a><a href='https:\/\/blogsaverroes.juntadeandalucia.es\/cepguadix\/category\/tematica\/convivencia\/' title='Convivencia' class='pt-cv-tax-convivencia'>Convivencia<\/a><a href='https:\/\/blogsaverroes.juntadeandalucia.es\/cepguadix\/category\/etapa\/secundaria\/' title='Secundaria' class='pt-cv-tax-secundaria'>Secundaria<\/a><a href='https:\/\/blogsaverroes.juntadeandalucia.es\/cepguadix\/category\/zona\/zona-iznalloz\/' title='Zona Iznalloz' class='pt-cv-tax-zona-iznalloz'>Zona Iznalloz<\/a><\/div>\n<h4 class=\"pt-cv-title\"><a href=\"https:\/\/blogsaverroes.juntadeandalucia.es\/cepguadix\/2025\/06\/02\/la-noticia-soy-periodista\/\" class=\"_self\" target=\"_self\" >LA NOTICIA: SOY PERIODISTA<\/a><\/h4>\n<div class=\"pt-cv-content\">Centro: IES Montes Orientales Localidad: Iznalloz Etapa: Secundaria DESCRIPCI\u00d3N: El trabajo con alumnado que presenta necesidades educativas especiales y requiere ...<br \/><div class=\"pt-cv-rmwrap\"><a href=\"https:\/\/blogsaverroes.juntadeandalucia.es\/cepguadix\/2025\/06\/02\/la-noticia-soy-periodista\/\" class=\"_self pt-cv-readmore btn btn-success\" target=\"_self\">Leer M\u00e1s<\/a><\/div><\/div><\/div><\/div>\n<div class=\"col-md-6 col-sm-12 col-xs-12 pt-cv-content-item pt-cv-1-col\" ><div class='pt-cv-ifield'><a href=\"https:\/\/blogsaverroes.juntadeandalucia.es\/cepguadix\/2025\/06\/02\/la-academia-de-los-dioses\/\" class=\"_self pt-cv-href-thumbnail pt-cv-thumb-default\" target=\"_self\" ><img loading=\"lazy\" decoding=\"async\" width=\"150\" height=\"150\" src=\"https:\/\/blogsaverroes.juntadeandalucia.es\/cepguadix\/files\/2026\/04\/ICONO-CONVIVENCIA.png\" class=\"pt-cv-thumbnail\" alt=\"\" \/><\/a>\n<div class=\"pt-cv-taxoterm above_title\"><a href='https:\/\/blogsaverroes.juntadeandalucia.es\/cepguadix\/category\/curso-escolar\/24-25\/' title='24-25' class='pt-cv-tax-24-25'>24-25<\/a><a href='https:\/\/blogsaverroes.juntadeandalucia.es\/cepguadix\/category\/tematica\/convivencia\/' title='Convivencia' class='pt-cv-tax-convivencia'>Convivencia<\/a><a href='https:\/\/blogsaverroes.juntadeandalucia.es\/cepguadix\/tag\/gamificacion\/' title='gamificaci\u00f3n' class='pt-cv-tax-gamificacion'>gamificaci\u00f3n<\/a><a href='https:\/\/blogsaverroes.juntadeandalucia.es\/cepguadix\/category\/etapa\/secundaria\/' title='Secundaria' class='pt-cv-tax-secundaria'>Secundaria<\/a><a href='https:\/\/blogsaverroes.juntadeandalucia.es\/cepguadix\/tag\/trabajo-cooperativo\/' title='trabajo cooperativo' class='pt-cv-tax-trabajo-cooperativo'>trabajo cooperativo<\/a><\/div>\n<h4 class=\"pt-cv-title\"><a href=\"https:\/\/blogsaverroes.juntadeandalucia.es\/cepguadix\/2025\/06\/02\/la-academia-de-los-dioses\/\" class=\"_self\" target=\"_self\" >LA ACADEMIA DE LOS DIOSES<\/a><\/h4>\n<div class=\"pt-cv-content\">Centro: IES Montes Orientales Localidad: Iznalloz Etapa: Secundaria DESCRIPCI\u00d3N: Primeramente hay que partir de la idea de que nuestro centro ...<br \/><div class=\"pt-cv-rmwrap\"><a href=\"https:\/\/blogsaverroes.juntadeandalucia.es\/cepguadix\/2025\/06\/02\/la-academia-de-los-dioses\/\" class=\"_self pt-cv-readmore btn btn-success\" target=\"_self\">Leer M\u00e1s<\/a><\/div><\/div><\/div><\/div>\n<div class=\"col-md-6 col-sm-12 col-xs-12 pt-cv-content-item pt-cv-1-col\" ><div class='pt-cv-ifield'><a href=\"https:\/\/blogsaverroes.juntadeandalucia.es\/cepguadix\/2025\/06\/01\/memorias-de-un-abuelo\/\" class=\"_self pt-cv-href-thumbnail pt-cv-thumb-default\" target=\"_self\" ><img loading=\"lazy\" decoding=\"async\" width=\"150\" height=\"150\" src=\"https:\/\/blogsaverroes.juntadeandalucia.es\/cepguadix\/files\/2026\/04\/ICONO-CONVIVENCIA.png\" class=\"pt-cv-thumbnail\" alt=\"\" \/><\/a>\n<div class=\"pt-cv-taxoterm above_title\"><a href='https:\/\/blogsaverroes.juntadeandalucia.es\/cepguadix\/category\/curso-escolar\/24-25\/' title='24-25' class='pt-cv-tax-24-25'>24-25<\/a><a href='https:\/\/blogsaverroes.juntadeandalucia.es\/cepguadix\/category\/tematica\/convivencia\/' title='Convivencia' class='pt-cv-tax-convivencia'>Convivencia<\/a><a href='https:\/\/blogsaverroes.juntadeandalucia.es\/cepguadix\/category\/etapa\/secundaria\/' title='Secundaria' class='pt-cv-tax-secundaria'>Secundaria<\/a><a href='https:\/\/blogsaverroes.juntadeandalucia.es\/cepguadix\/category\/zona\/zona-iznalloz\/' title='Zona Iznalloz' class='pt-cv-tax-zona-iznalloz'>Zona Iznalloz<\/a><\/div>\n<h4 class=\"pt-cv-title\"><a href=\"https:\/\/blogsaverroes.juntadeandalucia.es\/cepguadix\/2025\/06\/01\/memorias-de-un-abuelo\/\" class=\"_self\" target=\"_self\" >MEMORIAS DE UN ABUELO<\/a><\/h4>\n<div class=\"pt-cv-content\">Centro: \u00a0IES Montes Orientales Localidad: Iznalloz Etapa: Secundaria DESCRIPCI\u00d3N: Durante el curso 2024-2025, dentro del grupo de trabajo Aprendizaje-Servicio en ...<br \/><div class=\"pt-cv-rmwrap\"><a href=\"https:\/\/blogsaverroes.juntadeandalucia.es\/cepguadix\/2025\/06\/01\/memorias-de-un-abuelo\/\" class=\"_self pt-cv-readmore btn btn-success\" target=\"_self\">Leer M\u00e1s<\/a><\/div><\/div><\/div><\/div>\n<div class=\"col-md-6 col-sm-12 col-xs-12 pt-cv-content-item pt-cv-1-col\" ><div class='pt-cv-ifield'><a href=\"https:\/\/blogsaverroes.juntadeandalucia.es\/cepguadix\/2025\/06\/01\/educacion-emocional-como-un-aprendizaje-de-exito\/\" class=\"_self pt-cv-href-thumbnail pt-cv-thumb-default\" target=\"_self\" ><img loading=\"lazy\" decoding=\"async\" width=\"150\" height=\"150\" src=\"https:\/\/blogsaverroes.juntadeandalucia.es\/cepguadix\/files\/2026\/04\/ICONO-CONVIVENCIA.png\" class=\"pt-cv-thumbnail\" alt=\"\" \/><\/a>\n<div class=\"pt-cv-taxoterm above_title\"><a href='https:\/\/blogsaverroes.juntadeandalucia.es\/cepguadix\/category\/curso-escolar\/24-25\/' title='24-25' class='pt-cv-tax-24-25'>24-25<\/a><a href='https:\/\/blogsaverroes.juntadeandalucia.es\/cepguadix\/category\/tematica\/convivencia\/' title='Convivencia' class='pt-cv-tax-convivencia'>Convivencia<\/a><a href='https:\/\/blogsaverroes.juntadeandalucia.es\/cepguadix\/tag\/educacion-emocional\/' title='educaci\u00f3n emocional' class='pt-cv-tax-educacion-emocional'>educaci\u00f3n emocional<\/a><a href='https:\/\/blogsaverroes.juntadeandalucia.es\/cepguadix\/category\/etapa\/primaria\/' title='Primaria' class='pt-cv-tax-primaria'>Primaria<\/a><a href='https:\/\/blogsaverroes.juntadeandalucia.es\/cepguadix\/category\/etapa\/secundaria\/' title='Secundaria' class='pt-cv-tax-secundaria'>Secundaria<\/a><a href='https:\/\/blogsaverroes.juntadeandalucia.es\/cepguadix\/category\/zona\/zona-iznalloz\/' title='Zona Iznalloz' class='pt-cv-tax-zona-iznalloz'>Zona Iznalloz<\/a><\/div>\n<h4 class=\"pt-cv-title\"><a href=\"https:\/\/blogsaverroes.juntadeandalucia.es\/cepguadix\/2025\/06\/01\/educacion-emocional-como-un-aprendizaje-de-exito\/\" class=\"_self\" target=\"_self\" >EDUCACI\u00d3N EMOCIONAL COMO UN APRENDIZAJE DE \u00c9XITO<\/a><\/h4>\n<div class=\"pt-cv-content\">Centro: IES Montes Orientales Localidad: Iznalloz Etapa: Primaria y Secundaria DESCRIPCI\u00d3N: Este grupo de trabajo ha estado conformado por orientadores ...<br \/><div class=\"pt-cv-rmwrap\"><a href=\"https:\/\/blogsaverroes.juntadeandalucia.es\/cepguadix\/2025\/06\/01\/educacion-emocional-como-un-aprendizaje-de-exito\/\" class=\"_self pt-cv-readmore btn btn-success\" target=\"_self\">Leer M\u00e1s<\/a><\/div><\/div><\/div><\/div>\n<div class=\"col-md-6 col-sm-12 col-xs-12 pt-cv-content-item pt-cv-1-col\" ><div class='pt-cv-ifield'><a href=\"https:\/\/blogsaverroes.juntadeandalucia.es\/cepguadix\/2025\/05\/30\/promoviendo-emociones\/\" class=\"_self pt-cv-href-thumbnail pt-cv-thumb-default\" target=\"_self\" ><img loading=\"lazy\" decoding=\"async\" width=\"150\" height=\"150\" src=\"https:\/\/blogsaverroes.juntadeandalucia.es\/cepguadix\/files\/2026\/04\/ICONO-CONVIVENCIA.png\" class=\"pt-cv-thumbnail\" alt=\"\" \/><\/a>\n<div class=\"pt-cv-taxoterm above_title\"><a href='https:\/\/blogsaverroes.juntadeandalucia.es\/cepguadix\/category\/curso-escolar\/24-25\/' title='24-25' class='pt-cv-tax-24-25'>24-25<\/a><a href='https:\/\/blogsaverroes.juntadeandalucia.es\/cepguadix\/category\/tematica\/convivencia\/' title='Convivencia' class='pt-cv-tax-convivencia'>Convivencia<\/a><a href='https:\/\/blogsaverroes.juntadeandalucia.es\/cepguadix\/tag\/educacion-emocional\/' title='educaci\u00f3n emocional' class='pt-cv-tax-educacion-emocional'>educaci\u00f3n emocional<\/a><a href='https:\/\/blogsaverroes.juntadeandalucia.es\/cepguadix\/category\/etapa\/primaria\/' title='Primaria' class='pt-cv-tax-primaria'>Primaria<\/a><a href='https:\/\/blogsaverroes.juntadeandalucia.es\/cepguadix\/category\/zona\/zona-guadix\/' title='Zona Guadix' class='pt-cv-tax-zona-guadix'>Zona Guadix<\/a><a href='https:\/\/blogsaverroes.juntadeandalucia.es\/cepguadix\/category\/zona\/zona-iznalloz\/' title='Zona Iznalloz' class='pt-cv-tax-zona-iznalloz'>Zona Iznalloz<\/a><a href='https:\/\/blogsaverroes.juntadeandalucia.es\/cepguadix\/category\/zona\/zona-marquesado\/' title='Zona Marquesado' class='pt-cv-tax-zona-marquesado'>Zona Marquesado<\/a><a href='https:\/\/blogsaverroes.juntadeandalucia.es\/cepguadix\/category\/zona\/zona-montes-orientales\/' title='Zona Montes Orientales' class='pt-cv-tax-zona-montes-orientales'>Zona Montes Orientales<\/a><a href='https:\/\/blogsaverroes.juntadeandalucia.es\/cepguadix\/category\/zona\/zona-rio-fardes\/' title='Zona R\u00edo Fardes' class='pt-cv-tax-zona-rio-fardes'>Zona R\u00edo Fardes<\/a><\/div>\n<h4 class=\"pt-cv-title\"><a href=\"https:\/\/blogsaverroes.juntadeandalucia.es\/cepguadix\/2025\/05\/30\/promoviendo-emociones\/\" class=\"_self\" target=\"_self\" >PROMOVIENDO EMOCIONES<\/a><\/h4>\n<div class=\"pt-cv-content\">Centro: E.O.E. Guadix Localidad: Guadix Etapa: Primaria DESCRIPCI\u00d3N: Nuestro GT trata sobre la promoci\u00f3n de emociones en el alumnado, no ...<br \/><div class=\"pt-cv-rmwrap\"><a href=\"https:\/\/blogsaverroes.juntadeandalucia.es\/cepguadix\/2025\/05\/30\/promoviendo-emociones\/\" class=\"_self pt-cv-readmore btn btn-success\" target=\"_self\">Leer M\u00e1s<\/a><\/div><\/div><\/div><\/div>\n<div class=\"col-md-6 col-sm-12 col-xs-12 pt-cv-content-item pt-cv-1-col\" ><div class='pt-cv-ifield'><a href=\"https:\/\/blogsaverroes.juntadeandalucia.es\/cepguadix\/2025\/05\/30\/grupos-interactivos\/\" class=\"_self pt-cv-href-thumbnail pt-cv-thumb-default\" target=\"_self\" ><img loading=\"lazy\" decoding=\"async\" width=\"150\" height=\"150\" src=\"https:\/\/blogsaverroes.juntadeandalucia.es\/cepguadix\/files\/2026\/04\/ICONO-CONVIVENCIA.png\" class=\"pt-cv-thumbnail\" alt=\"\" \/><\/a>\n<div class=\"pt-cv-taxoterm above_title\"><a href='https:\/\/blogsaverroes.juntadeandalucia.es\/cepguadix\/category\/curso-escolar\/24-25\/' title='24-25' class='pt-cv-tax-24-25'>24-25<\/a><a href='https:\/\/blogsaverroes.juntadeandalucia.es\/cepguadix\/category\/tematica\/convivencia\/' title='Convivencia' class='pt-cv-tax-convivencia'>Convivencia<\/a><a href='https:\/\/blogsaverroes.juntadeandalucia.es\/cepguadix\/tag\/grupos-interactivos\/' title='grupos interactivos' class='pt-cv-tax-grupos-interactivos'>grupos interactivos<\/a><a href='https:\/\/blogsaverroes.juntadeandalucia.es\/cepguadix\/category\/etapa\/secundaria\/' title='Secundaria' class='pt-cv-tax-secundaria'>Secundaria<\/a><a href='https:\/\/blogsaverroes.juntadeandalucia.es\/cepguadix\/category\/zona\/zona-rio-fardes\/' title='Zona R\u00edo Fardes' class='pt-cv-tax-zona-rio-fardes'>Zona R\u00edo Fardes<\/a><\/div>\n<h4 class=\"pt-cv-title\"><a href=\"https:\/\/blogsaverroes.juntadeandalucia.es\/cepguadix\/2025\/05\/30\/grupos-interactivos\/\" class=\"_self\" target=\"_self\" >GRUPOS INTERACTIVOS<\/a><\/h4>\n<div class=\"pt-cv-content\">Centro: IES Ribera del Fardes Localidad: Purullena Etapa: Secundaria DESCRIPCI\u00d3N: Se pretende aplicar grupos interactivos en el aula de 1\u00ba ...<br \/><div class=\"pt-cv-rmwrap\"><a href=\"https:\/\/blogsaverroes.juntadeandalucia.es\/cepguadix\/2025\/05\/30\/grupos-interactivos\/\" class=\"_self pt-cv-readmore btn btn-success\" target=\"_self\">Leer M\u00e1s<\/a><\/div><\/div><\/div><\/div>\n<div class=\"col-md-6 col-sm-12 col-xs-12 pt-cv-content-item pt-cv-1-col\" ><div class='pt-cv-ifield'><a href=\"https:\/\/blogsaverroes.juntadeandalucia.es\/cepguadix\/2025\/05\/28\/mi-ecoaula\/\" class=\"_self pt-cv-href-thumbnail pt-cv-thumb-default\" target=\"_self\" ><img loading=\"lazy\" decoding=\"async\" width=\"150\" height=\"150\" src=\"https:\/\/blogsaverroes.juntadeandalucia.es\/cepguadix\/files\/2026\/04\/ICONO-CONVIVENCIA.png\" class=\"pt-cv-thumbnail\" alt=\"\" \/><\/a>\n<div class=\"pt-cv-taxoterm above_title\"><a href='https:\/\/blogsaverroes.juntadeandalucia.es\/cepguadix\/category\/curso-escolar\/24-25\/' title='24-25' class='pt-cv-tax-24-25'>24-25<\/a><a href='https:\/\/blogsaverroes.juntadeandalucia.es\/cepguadix\/category\/tematica\/convivencia\/' title='Convivencia' class='pt-cv-tax-convivencia'>Convivencia<\/a><a href='https:\/\/blogsaverroes.juntadeandalucia.es\/cepguadix\/category\/etapa\/secundaria\/' title='Secundaria' class='pt-cv-tax-secundaria'>Secundaria<\/a><a href='https:\/\/blogsaverroes.juntadeandalucia.es\/cepguadix\/category\/zona\/zona-rio-fardes\/' title='Zona R\u00edo Fardes' class='pt-cv-tax-zona-rio-fardes'>Zona R\u00edo Fardes<\/a><\/div>\n<h4 class=\"pt-cv-title\"><a href=\"https:\/\/blogsaverroes.juntadeandalucia.es\/cepguadix\/2025\/05\/28\/mi-ecoaula\/\" class=\"_self\" target=\"_self\" >MI ECOAULA<\/a><\/h4>\n<div class=\"pt-cv-content\">Centro: IES Benal\u00faa Localidad: Benal\u00faa Etapa: Secundaria DESCRIPCI\u00d3N: Este proyecto llamado \u201cMi ecoaula\u201d se presentaba como una continuaci\u00f3n del a\u00f1o ...<br \/><div class=\"pt-cv-rmwrap\"><a href=\"https:\/\/blogsaverroes.juntadeandalucia.es\/cepguadix\/2025\/05\/28\/mi-ecoaula\/\" class=\"_self pt-cv-readmore btn btn-success\" target=\"_self\">Leer M\u00e1s<\/a><\/div><\/div><\/div><\/div><\/div><\/div>\n<div class=\" pt-cv-pagination-wrapper\"><ul class=\"pt-cv-pagination pt-cv-ajax pagination\" data-totalpages=\"2\" data-currentpage=\"1\" data-sid=\"6e30dbcs1h\" data-unid=\"\" data-isblock=\"\" data-postid=\"\"><li class=\"active\"><a href=\"#\">1<\/a><\/li>\n\t<li ><a class=\"\" href=\"https:\/\/blogsaverroes.juntadeandalucia.es\/cepguadix\/wp-json\/wp\/v2\/pages\/1875\/?_page=2\">2<\/a><\/li>\n\t<li ><a class=\" \" href=\"https:\/\/blogsaverroes.juntadeandalucia.es\/cepguadix\/wp-json\/wp\/v2\/pages\/1875\/?_page=2\">&rsaquo;<\/a><\/li>\n\t<\/ul><img loading=\"lazy\" decoding=\"async\" width=\"15\" height=\"15\" class=\"pt-cv-spinner\" alt=\"Cargando...\" src=\"data:image\/gif;base64,R0lGODlhDwAPALMPAMrKygwMDJOTkz09PZWVla+vr3p6euTk5M7OzuXl5TMzMwAAAJmZmWZmZszMzP\/\/\/yH\/C05FVFNDQVBFMi4wAwEAAAAh+QQFCgAPACwAAAAADwAPAAAEQvDJaZaZOIcV8iQK8VRX4iTYoAwZ4iCYoAjZ4RxejhVNoT+mRGP4cyF4Pp0N98sBGIBMEMOotl6YZ3S61Bmbkm4mAgAh+QQFCgAPACwAAAAADQANAAAENPDJSRSZeA418itN8QiK8BiLITVsFiyBBIoYqnoewAD4xPw9iY4XLGYSjkQR4UAUD45DLwIAIfkEBQoADwAsAAAAAA8ACQAABC\/wyVlamTi3nSdgwFNdhEJgTJoNyoB9ISYoQmdjiZPcj7EYCAeCF1gEDo4Dz2eIAAAh+QQFCgAPACwCAAAADQANAAAEM\/DJBxiYeLKdX3IJZT1FU0iIg2RNKx3OkZVnZ98ToRD4MyiDnkAh6BkNC0MvsAj0kMpHBAAh+QQFCgAPACwGAAAACQAPAAAEMDC59KpFDll73HkAA2wVY5KgiK5b0RRoI6MuzG6EQqCDMlSGheEhUAgqgUUAFRySIgAh+QQFCgAPACwCAAIADQANAAAEM\/DJKZNLND\/kkKaHc3xk+QAMYDKsiaqmZCxGVjSFFCxB1vwy2oOgIDxuucxAMTAJFAJNBAAh+QQFCgAPACwAAAYADwAJAAAEMNAs86q1yaWwwv2Ig0jUZx3OYa4XoRAfwADXoAwfo1+CIjyFRuEho60aSNYlOPxEAAAh+QQFCgAPACwAAAIADQANAAAENPA9s4y8+IUVcqaWJ4qEQozSoAzoIyhCK2NFU2SJk0hNnyEOhKR2AzAAj4Pj4GE4W0bkJQIAOw==\" \/><div class=\"clear pt-cv-clear-pagination\"><\/div><\/div><\/div>\n","protected":false},"excerpt":{"rendered":"<p>Recuerda que en el Blog EXPERIENCIA RELEVANTES &#8211; CONVIVENCIA tambi\u00e9n tenemos aportaciones de los centros sobre experiencias docentes relevantes trabajando la tem\u00e1tica de la convivencia,&hellip;<\/p>\n","protected":false},"author":5139,"featured_media":0,"parent":0,"menu_order":0,"comment_status":"closed","ping_status":"closed","template":"","meta":{"ngg_post_thumbnail":0,"footnotes":""},"aioseo_notices":[],"_links":{"self":[{"href":"https:\/\/blogsaverroes.juntadeandalucia.es\/cepguadix\/wp-json\/wp\/v2\/pages\/1875"}],"collection":[{"href":"https:\/\/blogsaverroes.juntadeandalucia.es\/cepguadix\/wp-json\/wp\/v2\/pages"}],"about":[{"href":"https:\/\/blogsaverroes.juntadeandalucia.es\/cepguadix\/wp-json\/wp\/v2\/types\/page"}],"author":[{"embeddable":true,"href":"https:\/\/blogsaverroes.juntadeandalucia.es\/cepguadix\/wp-json\/wp\/v2\/users\/5139"}],"replies":[{"embeddable":true,"href":"https:\/\/blogsaverroes.juntadeandalucia.es\/cepguadix\/wp-json\/wp\/v2\/comments?post=1875"}],"version-history":[{"count":7,"href":"https:\/\/blogsaverroes.juntadeandalucia.es\/cepguadix\/wp-json\/wp\/v2\/pages\/1875\/revisions"}],"predecessor-version":[{"id":2998,"href":"https:\/\/blogsaverroes.juntadeandalucia.es\/cepguadix\/wp-json\/wp\/v2\/pages\/1875\/revisions\/2998"}],"wp:attachment":[{"href":"https:\/\/blogsaverroes.juntadeandalucia.es\/cepguadix\/wp-json\/wp\/v2\/media?parent=1875"}],"curies":[{"name":"wp","href":"https:\/\/api.w.org\/{rel}","templated":true}]}}