{"id":2361,"date":"2025-05-13T12:33:04","date_gmt":"2025-05-13T10:33:04","guid":{"rendered":"https:\/\/blogsaverroes.juntadeandalucia.es\/cepguadix\/?page_id=2361"},"modified":"2025-05-13T12:35:05","modified_gmt":"2025-05-13T10:35:05","slug":"zona-marquesado","status":"publish","type":"page","link":"https:\/\/blogsaverroes.juntadeandalucia.es\/cepguadix\/zona-marquesado\/","title":{"rendered":"ZONA MARQUESADO"},"content":{"rendered":"<div class=\"pt-cv-wrapper\"><div class=\"pt-cv-view pt-cv-grid pt-cv-colsys\" id=\"pt-cv-view-4ae7a690ec\"><div data-id=\"pt-cv-page-1\" class=\"pt-cv-page\" data-cvc=\"2\"><div class=\"col-md-6 col-sm-12 col-xs-12 pt-cv-content-item pt-cv-1-col\" ><div class='pt-cv-ifield'><a href=\"https:\/\/blogsaverroes.juntadeandalucia.es\/cepguadix\/2026\/05\/08\/montessori-como-herramienta-para-reinventar-el-aula\/\" class=\"_self pt-cv-href-thumbnail pt-cv-thumb-default\" target=\"_self\" ><img loading=\"lazy\" decoding=\"async\" width=\"150\" height=\"150\" src=\"https:\/\/blogsaverroes.juntadeandalucia.es\/cepguadix\/files\/2025\/06\/ICONO-METODOLOGIAS.png\" class=\"pt-cv-thumbnail\" alt=\"\" \/><\/a>\n<div class=\"pt-cv-taxoterm above_title\"><a href='https:\/\/blogsaverroes.juntadeandalucia.es\/cepguadix\/category\/curso-escolar\/25-26\/' title='25-26' class='pt-cv-tax-25-26'>25-26<\/a><a href='https:\/\/blogsaverroes.juntadeandalucia.es\/cepguadix\/category\/etapa\/infantil\/' title='Infantil' class='pt-cv-tax-infantil'>Infantil<\/a><a href='https:\/\/blogsaverroes.juntadeandalucia.es\/cepguadix\/category\/tematica\/metodologias\/' title='Metodolog\u00edas' class='pt-cv-tax-metodologias'>Metodolog\u00edas<\/a><a href='https:\/\/blogsaverroes.juntadeandalucia.es\/cepguadix\/category\/etapa\/primaria\/' title='Primaria' class='pt-cv-tax-primaria'>Primaria<\/a><a href='https:\/\/blogsaverroes.juntadeandalucia.es\/cepguadix\/category\/zona\/zona-marquesado\/' title='Zona Marquesado' class='pt-cv-tax-zona-marquesado'>Zona Marquesado<\/a><\/div>\n<h4 class=\"pt-cv-title\"><a href=\"https:\/\/blogsaverroes.juntadeandalucia.es\/cepguadix\/2026\/05\/08\/montessori-como-herramienta-para-reinventar-el-aula\/\" class=\"_self\" target=\"_self\" >MONTESSORI COMO HERRAMIENTA PARA REINVENTAR EL AULA<\/a><\/h4>\n<div class=\"pt-cv-content\">Centro: CPR Marquesado Localidad: Alquife Etapa: Infantil y Primaria DESCRIPCI\u00d3N: El presente Grupo de Trabajo surge con la finalidad de ...<br \/><div class=\"pt-cv-rmwrap\"><a href=\"https:\/\/blogsaverroes.juntadeandalucia.es\/cepguadix\/2026\/05\/08\/montessori-como-herramienta-para-reinventar-el-aula\/\" class=\"_self pt-cv-readmore btn btn-success\" target=\"_self\">Leer M\u00e1s<\/a><\/div><\/div><\/div><\/div>\n<div class=\"col-md-6 col-sm-12 col-xs-12 pt-cv-content-item pt-cv-1-col\" ><div class='pt-cv-ifield'><a href=\"https:\/\/blogsaverroes.juntadeandalucia.es\/cepguadix\/2025\/05\/30\/promoviendo-emociones\/\" class=\"_self pt-cv-href-thumbnail pt-cv-thumb-default\" target=\"_self\" ><img loading=\"lazy\" decoding=\"async\" width=\"150\" height=\"150\" src=\"https:\/\/blogsaverroes.juntadeandalucia.es\/cepguadix\/files\/2026\/04\/ICONO-CONVIVENCIA.png\" class=\"pt-cv-thumbnail\" alt=\"\" \/><\/a>\n<div class=\"pt-cv-taxoterm above_title\"><a href='https:\/\/blogsaverroes.juntadeandalucia.es\/cepguadix\/category\/curso-escolar\/24-25\/' title='24-25' class='pt-cv-tax-24-25'>24-25<\/a><a href='https:\/\/blogsaverroes.juntadeandalucia.es\/cepguadix\/category\/tematica\/convivencia\/' title='Convivencia' class='pt-cv-tax-convivencia'>Convivencia<\/a><a href='https:\/\/blogsaverroes.juntadeandalucia.es\/cepguadix\/tag\/educacion-emocional\/' title='educaci\u00f3n emocional' class='pt-cv-tax-educacion-emocional'>educaci\u00f3n emocional<\/a><a href='https:\/\/blogsaverroes.juntadeandalucia.es\/cepguadix\/category\/etapa\/primaria\/' title='Primaria' class='pt-cv-tax-primaria'>Primaria<\/a><a href='https:\/\/blogsaverroes.juntadeandalucia.es\/cepguadix\/category\/zona\/zona-guadix\/' title='Zona Guadix' class='pt-cv-tax-zona-guadix'>Zona Guadix<\/a><a href='https:\/\/blogsaverroes.juntadeandalucia.es\/cepguadix\/category\/zona\/zona-iznalloz\/' title='Zona Iznalloz' class='pt-cv-tax-zona-iznalloz'>Zona Iznalloz<\/a><a href='https:\/\/blogsaverroes.juntadeandalucia.es\/cepguadix\/category\/zona\/zona-marquesado\/' title='Zona Marquesado' class='pt-cv-tax-zona-marquesado'>Zona Marquesado<\/a><a href='https:\/\/blogsaverroes.juntadeandalucia.es\/cepguadix\/category\/zona\/zona-montes-orientales\/' title='Zona Montes Orientales' class='pt-cv-tax-zona-montes-orientales'>Zona Montes Orientales<\/a><a href='https:\/\/blogsaverroes.juntadeandalucia.es\/cepguadix\/category\/zona\/zona-rio-fardes\/' title='Zona R\u00edo Fardes' class='pt-cv-tax-zona-rio-fardes'>Zona R\u00edo Fardes<\/a><\/div>\n<h4 class=\"pt-cv-title\"><a href=\"https:\/\/blogsaverroes.juntadeandalucia.es\/cepguadix\/2025\/05\/30\/promoviendo-emociones\/\" class=\"_self\" target=\"_self\" >PROMOVIENDO EMOCIONES<\/a><\/h4>\n<div class=\"pt-cv-content\">Centro: E.O.E. Guadix Localidad: Guadix Etapa: Primaria DESCRIPCI\u00d3N: Nuestro GT trata sobre la promoci\u00f3n de emociones en el alumnado, no ...<br \/><div class=\"pt-cv-rmwrap\"><a href=\"https:\/\/blogsaverroes.juntadeandalucia.es\/cepguadix\/2025\/05\/30\/promoviendo-emociones\/\" class=\"_self pt-cv-readmore btn btn-success\" target=\"_self\">Leer M\u00e1s<\/a><\/div><\/div><\/div><\/div>\n<div class=\"col-md-6 col-sm-12 col-xs-12 pt-cv-content-item pt-cv-1-col\" ><div class='pt-cv-ifield'><a href=\"https:\/\/blogsaverroes.juntadeandalucia.es\/cepguadix\/2025\/05\/30\/convivencia-e-inmersion-linguistica-experiencia-erasmus-en-irlanda\/\" class=\"_self pt-cv-href-thumbnail pt-cv-thumb-default\" target=\"_self\" ><img loading=\"lazy\" decoding=\"async\" width=\"150\" height=\"150\" src=\"https:\/\/blogsaverroes.juntadeandalucia.es\/cepguadix\/files\/2026\/04\/ICONO-INTERNACIONALIZACION-v2.png\" class=\"pt-cv-thumbnail\" alt=\"\" \/><\/a>\n<div class=\"pt-cv-taxoterm above_title\"><a href='https:\/\/blogsaverroes.juntadeandalucia.es\/cepguadix\/category\/curso-escolar\/24-25\/' title='24-25' class='pt-cv-tax-24-25'>24-25<\/a><a href='https:\/\/blogsaverroes.juntadeandalucia.es\/cepguadix\/tag\/inmersion-linguistica\/' title='inmersi\u00f3n ling\u00fc\u00edstica' class='pt-cv-tax-inmersion-linguistica'>inmersi\u00f3n ling\u00fc\u00edstica<\/a><a href='https:\/\/blogsaverroes.juntadeandalucia.es\/cepguadix\/category\/tematica\/internacional\/' title='Internacionalizaci\u00f3n' class='pt-cv-tax-internacional'>Internacionalizaci\u00f3n<\/a><a href='https:\/\/blogsaverroes.juntadeandalucia.es\/cepguadix\/category\/etapa\/primaria\/' title='Primaria' class='pt-cv-tax-primaria'>Primaria<\/a><a href='https:\/\/blogsaverroes.juntadeandalucia.es\/cepguadix\/category\/etapa\/secundaria\/' title='Secundaria' class='pt-cv-tax-secundaria'>Secundaria<\/a><a href='https:\/\/blogsaverroes.juntadeandalucia.es\/cepguadix\/category\/zona\/zona-marquesado\/' title='Zona Marquesado' class='pt-cv-tax-zona-marquesado'>Zona Marquesado<\/a><\/div>\n<h4 class=\"pt-cv-title\"><a href=\"https:\/\/blogsaverroes.juntadeandalucia.es\/cepguadix\/2025\/05\/30\/convivencia-e-inmersion-linguistica-experiencia-erasmus-en-irlanda\/\" class=\"_self\" target=\"_self\" >CONVIVENCIA E INMERSI\u00d3N LING\u00dc\u00cdSTICA: EXPERIENCIA ERASMUS+ EN IRLANDA<\/a><\/h4>\n<div class=\"pt-cv-content\">Centro: CPR Monte Chullo Localidad: Hu\u00e9neja Etapa: Educaci\u00f3n Primaria y ESO DESCRIPCI\u00d3N: El proyecto Erasmus+ desarrollado en el CPR Monte ...<br \/><div class=\"pt-cv-rmwrap\"><a href=\"https:\/\/blogsaverroes.juntadeandalucia.es\/cepguadix\/2025\/05\/30\/convivencia-e-inmersion-linguistica-experiencia-erasmus-en-irlanda\/\" class=\"_self pt-cv-readmore btn btn-success\" target=\"_self\">Leer M\u00e1s<\/a><\/div><\/div><\/div><\/div>\n<div class=\"col-md-6 col-sm-12 col-xs-12 pt-cv-content-item pt-cv-1-col\" ><div class='pt-cv-ifield'><a href=\"https:\/\/blogsaverroes.juntadeandalucia.es\/cepguadix\/2025\/05\/29\/interdisciplinariedad-en-el-cpr-zalabi\/\" class=\"_self pt-cv-href-thumbnail pt-cv-thumb-default\" target=\"_self\" ><img loading=\"lazy\" decoding=\"async\" width=\"150\" height=\"150\" src=\"https:\/\/blogsaverroes.juntadeandalucia.es\/cepguadix\/files\/2025\/06\/ICONO-CIENTIFICO-TECNOLOGICO.png\" class=\"pt-cv-thumbnail\" alt=\"\" \/><\/a>\n<div class=\"pt-cv-taxoterm above_title\"><a href='https:\/\/blogsaverroes.juntadeandalucia.es\/cepguadix\/category\/curso-escolar\/24-25\/' title='24-25' class='pt-cv-tax-24-25'>24-25<\/a><a href='https:\/\/blogsaverroes.juntadeandalucia.es\/cepguadix\/category\/tematica\/cientifico-tecnologica\/' title='Cient\u00edfico-tecnol\u00f3gica' class='pt-cv-tax-cientifico-tecnologica'>Cient\u00edfico-tecnol\u00f3gica<\/a><a href='https:\/\/blogsaverroes.juntadeandalucia.es\/cepguadix\/category\/etapa\/infantil\/' title='Infantil' class='pt-cv-tax-infantil'>Infantil<\/a><a href='https:\/\/blogsaverroes.juntadeandalucia.es\/cepguadix\/tag\/interdisciplinariedad\/' title='interdisciplinariedad' class='pt-cv-tax-interdisciplinariedad'>interdisciplinariedad<\/a><a href='https:\/\/blogsaverroes.juntadeandalucia.es\/cepguadix\/category\/etapa\/primaria\/' title='Primaria' class='pt-cv-tax-primaria'>Primaria<\/a><a href='https:\/\/blogsaverroes.juntadeandalucia.es\/cepguadix\/category\/zona\/zona-marquesado\/' title='Zona Marquesado' class='pt-cv-tax-zona-marquesado'>Zona Marquesado<\/a><\/div>\n<h4 class=\"pt-cv-title\"><a href=\"https:\/\/blogsaverroes.juntadeandalucia.es\/cepguadix\/2025\/05\/29\/interdisciplinariedad-en-el-cpr-zalabi\/\" class=\"_self\" target=\"_self\" >INTERDISCIPLINARIEDAD EN EL CPR ZALAB\u00cd<\/a><\/h4>\n<div class=\"pt-cv-content\">Centro: CPR Zalab\u00ed Localidad: Valle del Zalab\u00ed Etapa: Educaci\u00f3n Infantil y Primaria DESCRIPCI\u00d3N: Desde hace ya varios cursos, en nuestro ...<br \/><div class=\"pt-cv-rmwrap\"><a href=\"https:\/\/blogsaverroes.juntadeandalucia.es\/cepguadix\/2025\/05\/29\/interdisciplinariedad-en-el-cpr-zalabi\/\" class=\"_self pt-cv-readmore btn btn-success\" target=\"_self\">Leer M\u00e1s<\/a><\/div><\/div><\/div><\/div>\n<div class=\"col-md-6 col-sm-12 col-xs-12 pt-cv-content-item pt-cv-1-col\" ><div class='pt-cv-ifield'><a href=\"https:\/\/blogsaverroes.juntadeandalucia.es\/cepguadix\/2025\/05\/29\/robotica-en-educacion-primaria\/\" class=\"_self pt-cv-href-thumbnail pt-cv-thumb-default\" target=\"_self\" ><img loading=\"lazy\" decoding=\"async\" width=\"150\" height=\"150\" src=\"https:\/\/blogsaverroes.juntadeandalucia.es\/cepguadix\/files\/2026\/05\/ICONO-TICV2.png\" class=\"pt-cv-thumbnail\" alt=\"\" \/><\/a>\n<div class=\"pt-cv-taxoterm above_title\"><a href='https:\/\/blogsaverroes.juntadeandalucia.es\/cepguadix\/category\/curso-escolar\/24-25\/' title='24-25' class='pt-cv-tax-24-25'>24-25<\/a><a href='https:\/\/blogsaverroes.juntadeandalucia.es\/cepguadix\/category\/etapa\/primaria\/' title='Primaria' class='pt-cv-tax-primaria'>Primaria<\/a><a href='https:\/\/blogsaverroes.juntadeandalucia.es\/cepguadix\/tag\/robotica\/' title='rob\u00f3tica' class='pt-cv-tax-robotica'>rob\u00f3tica<\/a><a href='https:\/\/blogsaverroes.juntadeandalucia.es\/cepguadix\/category\/tematica\/tic\/' title='TIC' class='pt-cv-tax-tic'>TIC<\/a><a href='https:\/\/blogsaverroes.juntadeandalucia.es\/cepguadix\/category\/zona\/zona-marquesado\/' title='Zona Marquesado' class='pt-cv-tax-zona-marquesado'>Zona Marquesado<\/a><\/div>\n<h4 class=\"pt-cv-title\"><a href=\"https:\/\/blogsaverroes.juntadeandalucia.es\/cepguadix\/2025\/05\/29\/robotica-en-educacion-primaria\/\" class=\"_self\" target=\"_self\" >ROB\u00d3TICA EN EDUCACI\u00d3N PRIMARIA<\/a><\/h4>\n<div class=\"pt-cv-content\">Centro: CPR Zalab\u00ed Localidad: Valle del Zalab\u00ed Etapa: Educaci\u00f3n Primaria DESCRIPCI\u00d3N: El grupo de trabajo \u201cRob\u00f3tica en Educaci\u00f3n Primaria\u201d se ...<br \/><div class=\"pt-cv-rmwrap\"><a href=\"https:\/\/blogsaverroes.juntadeandalucia.es\/cepguadix\/2025\/05\/29\/robotica-en-educacion-primaria\/\" class=\"_self pt-cv-readmore btn btn-success\" target=\"_self\">Leer M\u00e1s<\/a><\/div><\/div><\/div><\/div>\n<div class=\"col-md-6 col-sm-12 col-xs-12 pt-cv-content-item pt-cv-1-col\" ><div class='pt-cv-ifield'><a href=\"https:\/\/blogsaverroes.juntadeandalucia.es\/cepguadix\/2025\/05\/29\/matematicas-en-educacion-infantil\/\" class=\"_self pt-cv-href-thumbnail pt-cv-thumb-default\" target=\"_self\" ><img loading=\"lazy\" decoding=\"async\" width=\"150\" height=\"150\" src=\"https:\/\/blogsaverroes.juntadeandalucia.es\/cepguadix\/files\/2025\/06\/ICONO-CIENTIFICO-TECNOLOGICO.png\" class=\"pt-cv-thumbnail\" alt=\"\" \/><\/a>\n<div class=\"pt-cv-taxoterm above_title\"><a href='https:\/\/blogsaverroes.juntadeandalucia.es\/cepguadix\/category\/curso-escolar\/24-25\/' title='24-25' class='pt-cv-tax-24-25'>24-25<\/a><a href='https:\/\/blogsaverroes.juntadeandalucia.es\/cepguadix\/category\/tematica\/cientifico-tecnologica\/' title='Cient\u00edfico-tecnol\u00f3gica' class='pt-cv-tax-cientifico-tecnologica'>Cient\u00edfico-tecnol\u00f3gica<\/a><a href='https:\/\/blogsaverroes.juntadeandalucia.es\/cepguadix\/category\/etapa\/infantil\/' title='Infantil' class='pt-cv-tax-infantil'>Infantil<\/a><a href='https:\/\/blogsaverroes.juntadeandalucia.es\/cepguadix\/tag\/matematicas\/' title='matem\u00e1ticas' class='pt-cv-tax-matematicas'>matem\u00e1ticas<\/a><a href='https:\/\/blogsaverroes.juntadeandalucia.es\/cepguadix\/category\/zona\/zona-marquesado\/' title='Zona Marquesado' class='pt-cv-tax-zona-marquesado'>Zona Marquesado<\/a><\/div>\n<h4 class=\"pt-cv-title\"><a href=\"https:\/\/blogsaverroes.juntadeandalucia.es\/cepguadix\/2025\/05\/29\/matematicas-en-educacion-infantil\/\" class=\"_self\" target=\"_self\" >MATEM\u00c1TICAS EN EDUCACI\u00d3N INFANTIL<\/a><\/h4>\n<div class=\"pt-cv-content\">Centro: CPR Zalab\u00ed Localidad: Valle del Zalab\u00ed Etapa: Educaci\u00f3n Infantil DESCRIPCI\u00d3N: Somos un grupo de docentes especialistas en Educaci\u00f3n Infantil ...<br \/><div class=\"pt-cv-rmwrap\"><a href=\"https:\/\/blogsaverroes.juntadeandalucia.es\/cepguadix\/2025\/05\/29\/matematicas-en-educacion-infantil\/\" class=\"_self pt-cv-readmore btn btn-success\" target=\"_self\">Leer M\u00e1s<\/a><\/div><\/div><\/div><\/div>\n<div class=\"col-md-6 col-sm-12 col-xs-12 pt-cv-content-item pt-cv-1-col\" ><div class='pt-cv-ifield'><a href=\"https:\/\/blogsaverroes.juntadeandalucia.es\/cepguadix\/2024\/10\/21\/celebramos-los-erasmus-days\/\" class=\"_self pt-cv-href-thumbnail pt-cv-thumb-default\" target=\"_self\" ><img loading=\"lazy\" decoding=\"async\" width=\"150\" height=\"150\" src=\"https:\/\/blogsaverroes.juntadeandalucia.es\/cepguadix\/files\/2026\/04\/ICONO-INTERNACIONALIZACION-v2.png\" class=\"pt-cv-thumbnail\" alt=\"\" \/><\/a>\n<div class=\"pt-cv-taxoterm above_title\"><a href='https:\/\/blogsaverroes.juntadeandalucia.es\/cepguadix\/category\/curso-escolar\/24-25\/' title='24-25' class='pt-cv-tax-24-25'>24-25<\/a><a href='https:\/\/blogsaverroes.juntadeandalucia.es\/cepguadix\/category\/etapa\/bachillerato\/' title='Bachillerato' class='pt-cv-tax-bachillerato'>Bachillerato<\/a><a href='https:\/\/blogsaverroes.juntadeandalucia.es\/cepguadix\/category\/etapa\/eper\/' title='Educaci\u00f3n Permanente' class='pt-cv-tax-eper'>Educaci\u00f3n Permanente<\/a><a href='https:\/\/blogsaverroes.juntadeandalucia.es\/cepguadix\/category\/etapa\/fp\/' title='FP' class='pt-cv-tax-fp'>FP<\/a><a href='https:\/\/blogsaverroes.juntadeandalucia.es\/cepguadix\/category\/etapa\/infantil\/' title='Infantil' class='pt-cv-tax-infantil'>Infantil<\/a><a href='https:\/\/blogsaverroes.juntadeandalucia.es\/cepguadix\/category\/tematica\/internacional\/' title='Internacionalizaci\u00f3n' class='pt-cv-tax-internacional'>Internacionalizaci\u00f3n<\/a><a href='https:\/\/blogsaverroes.juntadeandalucia.es\/cepguadix\/category\/etapa\/primaria\/' title='Primaria' class='pt-cv-tax-primaria'>Primaria<\/a><a href='https:\/\/blogsaverroes.juntadeandalucia.es\/cepguadix\/category\/etapa\/regimen-especial\/' title='R\u00e9gimen Especial' class='pt-cv-tax-regimen-especial'>R\u00e9gimen Especial<\/a><a href='https:\/\/blogsaverroes.juntadeandalucia.es\/cepguadix\/category\/etapa\/secundaria\/' title='Secundaria' class='pt-cv-tax-secundaria'>Secundaria<\/a><a href='https:\/\/blogsaverroes.juntadeandalucia.es\/cepguadix\/category\/zona\/zona-guadix\/' title='Zona Guadix' class='pt-cv-tax-zona-guadix'>Zona Guadix<\/a><a href='https:\/\/blogsaverroes.juntadeandalucia.es\/cepguadix\/category\/zona\/zona-iznalloz\/' title='Zona Iznalloz' class='pt-cv-tax-zona-iznalloz'>Zona Iznalloz<\/a><a href='https:\/\/blogsaverroes.juntadeandalucia.es\/cepguadix\/category\/zona\/zona-marquesado\/' title='Zona Marquesado' class='pt-cv-tax-zona-marquesado'>Zona Marquesado<\/a><a href='https:\/\/blogsaverroes.juntadeandalucia.es\/cepguadix\/category\/zona\/zona-montes-orientales\/' title='Zona Montes Orientales' class='pt-cv-tax-zona-montes-orientales'>Zona Montes Orientales<\/a><a href='https:\/\/blogsaverroes.juntadeandalucia.es\/cepguadix\/category\/zona\/zona-rio-fardes\/' title='Zona R\u00edo Fardes' class='pt-cv-tax-zona-rio-fardes'>Zona R\u00edo Fardes<\/a><\/div>\n<h4 class=\"pt-cv-title\"><a href=\"https:\/\/blogsaverroes.juntadeandalucia.es\/cepguadix\/2024\/10\/21\/celebramos-los-erasmus-days\/\" class=\"_self\" target=\"_self\" >CELEBRAMOS LOS ERASMUS DAYS<\/a><\/h4>\n<div class=\"pt-cv-content\">Entre el 14 y el 18 de octubre se celebran los Erasmus Days, una celebraci\u00f3n internacional para dar a conocer ...<br \/><div class=\"pt-cv-rmwrap\"><a href=\"https:\/\/blogsaverroes.juntadeandalucia.es\/cepguadix\/2024\/10\/21\/celebramos-los-erasmus-days\/\" class=\"_self pt-cv-readmore btn btn-success\" target=\"_self\">Leer M\u00e1s<\/a><\/div><\/div><\/div><\/div>\n<div class=\"col-md-6 col-sm-12 col-xs-12 pt-cv-content-item pt-cv-1-col\" ><div class='pt-cv-ifield'><a href=\"https:\/\/blogsaverroes.juntadeandalucia.es\/cepguadix\/2024\/05\/29\/interculturalidad-y-gamificacion-en-el-aula-de-atal\/\" class=\"_self pt-cv-href-thumbnail pt-cv-thumb-default\" target=\"_self\" ><img loading=\"lazy\" decoding=\"async\" width=\"150\" height=\"150\" src=\"https:\/\/blogsaverroes.juntadeandalucia.es\/cepguadix\/files\/2026\/05\/COMPETENCIA-LINGUISTICA-V2.png\" class=\"pt-cv-thumbnail\" alt=\"\" \/><\/a>\n<div class=\"pt-cv-taxoterm above_title\"><a href='https:\/\/blogsaverroes.juntadeandalucia.es\/cepguadix\/category\/curso-escolar\/23-24\/' title='23-24' class='pt-cv-tax-23-24'>23-24<\/a><a href='https:\/\/blogsaverroes.juntadeandalucia.es\/cepguadix\/category\/tematica\/lectura\/' title='C. Ling\u00fc\u00edstica' class='pt-cv-tax-lectura'>C. Ling\u00fc\u00edstica<\/a><a href='https:\/\/blogsaverroes.juntadeandalucia.es\/cepguadix\/tag\/convivencia\/' title='Convivencia' class='pt-cv-tax-convivencia'>Convivencia<\/a><a href='https:\/\/blogsaverroes.juntadeandalucia.es\/cepguadix\/category\/etapa\/primaria\/' title='Primaria' class='pt-cv-tax-primaria'>Primaria<\/a><a href='https:\/\/blogsaverroes.juntadeandalucia.es\/cepguadix\/category\/etapa\/secundaria\/' title='Secundaria' class='pt-cv-tax-secundaria'>Secundaria<\/a><a href='https:\/\/blogsaverroes.juntadeandalucia.es\/cepguadix\/category\/zona\/zona-marquesado\/' title='Zona Marquesado' class='pt-cv-tax-zona-marquesado'>Zona Marquesado<\/a><\/div>\n<h4 class=\"pt-cv-title\"><a href=\"https:\/\/blogsaverroes.juntadeandalucia.es\/cepguadix\/2024\/05\/29\/interculturalidad-y-gamificacion-en-el-aula-de-atal\/\" class=\"_self\" target=\"_self\" >INTERCULTURALIDAD Y GAMIFICACI\u00d3N EN EL AULA DE ATAL<\/a><\/h4>\n<div class=\"pt-cv-content\">Centro: CPR Monte Chullo (Semi D) Localidad: Hu\u00e9neja Etapa: Aulas ATAL Primaria y Secundaria Zona Educativa DESCRIPCI\u00d3N: Nuestro Grupo de ...<br \/><div class=\"pt-cv-rmwrap\"><a href=\"https:\/\/blogsaverroes.juntadeandalucia.es\/cepguadix\/2024\/05\/29\/interculturalidad-y-gamificacion-en-el-aula-de-atal\/\" class=\"_self pt-cv-readmore btn btn-success\" target=\"_self\">Leer M\u00e1s<\/a><\/div><\/div><\/div><\/div><\/div><\/div><\/div>\n","protected":false},"excerpt":{"rendered":"","protected":false},"author":5139,"featured_media":0,"parent":0,"menu_order":0,"comment_status":"closed","ping_status":"closed","template":"","meta":{"ngg_post_thumbnail":0,"footnotes":""},"aioseo_notices":[],"_links":{"self":[{"href":"https:\/\/blogsaverroes.juntadeandalucia.es\/cepguadix\/wp-json\/wp\/v2\/pages\/2361"}],"collection":[{"href":"https:\/\/blogsaverroes.juntadeandalucia.es\/cepguadix\/wp-json\/wp\/v2\/pages"}],"about":[{"href":"https:\/\/blogsaverroes.juntadeandalucia.es\/cepguadix\/wp-json\/wp\/v2\/types\/page"}],"author":[{"embeddable":true,"href":"https:\/\/blogsaverroes.juntadeandalucia.es\/cepguadix\/wp-json\/wp\/v2\/users\/5139"}],"replies":[{"embeddable":true,"href":"https:\/\/blogsaverroes.juntadeandalucia.es\/cepguadix\/wp-json\/wp\/v2\/comments?post=2361"}],"version-history":[{"count":2,"href":"https:\/\/blogsaverroes.juntadeandalucia.es\/cepguadix\/wp-json\/wp\/v2\/pages\/2361\/revisions"}],"predecessor-version":[{"id":2367,"href":"https:\/\/blogsaverroes.juntadeandalucia.es\/cepguadix\/wp-json\/wp\/v2\/pages\/2361\/revisions\/2367"}],"wp:attachment":[{"href":"https:\/\/blogsaverroes.juntadeandalucia.es\/cepguadix\/wp-json\/wp\/v2\/media?parent=2361"}],"curies":[{"name":"wp","href":"https:\/\/api.w.org\/{rel}","templated":true}]}}