{"id":2873,"date":"2026-04-20T10:18:48","date_gmt":"2026-04-20T08:18:48","guid":{"rendered":"https:\/\/blogsaverroes.juntadeandalucia.es\/cepguadix\/?page_id=2873"},"modified":"2026-04-20T10:18:48","modified_gmt":"2026-04-20T08:18:48","slug":"curso-escolar-25-26","status":"publish","type":"page","link":"https:\/\/blogsaverroes.juntadeandalucia.es\/cepguadix\/curso-escolar-25-26\/","title":{"rendered":"CURSO ESCOLAR 25-26"},"content":{"rendered":"<div class=\"pt-cv-wrapper\"><div class=\"pt-cv-view pt-cv-grid pt-cv-colsys\" id=\"pt-cv-view-d85369ctp2\"><div data-id=\"pt-cv-page-1\" class=\"pt-cv-page\" data-cvc=\"2\"><div class=\"col-md-6 col-sm-12 col-xs-12 pt-cv-content-item pt-cv-1-col\" ><div class='pt-cv-ifield'><a href=\"https:\/\/blogsaverroes.juntadeandalucia.es\/cepguadix\/2026\/05\/11\/creacion-de-materiales-digitales-para-espa\/\" class=\"_self pt-cv-href-thumbnail pt-cv-thumb-default\" target=\"_self\" ><img loading=\"lazy\" decoding=\"async\" width=\"150\" height=\"150\" src=\"https:\/\/blogsaverroes.juntadeandalucia.es\/cepguadix\/files\/2026\/05\/ICONO-TICV2.png\" class=\"pt-cv-thumbnail\" alt=\"\" \/><\/a>\n<div class=\"pt-cv-taxoterm above_title\"><a href='https:\/\/blogsaverroes.juntadeandalucia.es\/cepguadix\/category\/curso-escolar\/25-26\/' title='25-26' class='pt-cv-tax-25-26'>25-26<\/a><a href='https:\/\/blogsaverroes.juntadeandalucia.es\/cepguadix\/category\/etapa\/eper\/' title='Educaci\u00f3n Permanente' class='pt-cv-tax-eper'>Educaci\u00f3n Permanente<\/a><a href='https:\/\/blogsaverroes.juntadeandalucia.es\/cepguadix\/tag\/tic\/' title='TIC' class='pt-cv-tax-tic'>TIC<\/a><a href='https:\/\/blogsaverroes.juntadeandalucia.es\/cepguadix\/category\/tematica\/tic\/' title='TIC' class='pt-cv-tax-tic'>TIC<\/a><a href='https:\/\/blogsaverroes.juntadeandalucia.es\/cepguadix\/category\/zona\/zona-iznalloz\/' title='Zona Iznalloz' class='pt-cv-tax-zona-iznalloz'>Zona Iznalloz<\/a><\/div>\n<h4 class=\"pt-cv-title\"><a href=\"https:\/\/blogsaverroes.juntadeandalucia.es\/cepguadix\/2026\/05\/11\/creacion-de-materiales-digitales-para-espa\/\" class=\"_self\" target=\"_self\" >CREACI\u00d3N DE MATERIALES DIGITALES PARA ESPA<\/a><\/h4>\n<div class=\"pt-cv-content\">Centro: CEPER Los Montes Localidad: Iznalloz Etapa: Educaci\u00f3n\u00a0 permanente DESCRIPCI\u00d3N: Creaci\u00f3n de recursos educativos digitales para la ESPA, de forma ...<br \/><div class=\"pt-cv-rmwrap\"><a href=\"https:\/\/blogsaverroes.juntadeandalucia.es\/cepguadix\/2026\/05\/11\/creacion-de-materiales-digitales-para-espa\/\" class=\"_self pt-cv-readmore btn btn-success\" target=\"_self\">Leer M\u00e1s<\/a><\/div><\/div><\/div><\/div>\n<div class=\"col-md-6 col-sm-12 col-xs-12 pt-cv-content-item pt-cv-1-col\" ><div class='pt-cv-ifield'><a href=\"https:\/\/blogsaverroes.juntadeandalucia.es\/cepguadix\/2026\/05\/11\/comunidades-de-aprendizaje-jornada-de-la-solidaridad-sonando-ecotopias\/\" class=\"_self pt-cv-href-thumbnail pt-cv-thumb-default\" target=\"_self\" ><img loading=\"lazy\" decoding=\"async\" width=\"150\" height=\"150\" src=\"https:\/\/blogsaverroes.juntadeandalucia.es\/cepguadix\/files\/2026\/04\/ICONO-CONVIVENCIA.png\" class=\"pt-cv-thumbnail\" alt=\"\" \/><\/a>\n<div class=\"pt-cv-taxoterm above_title\"><a href='https:\/\/blogsaverroes.juntadeandalucia.es\/cepguadix\/category\/curso-escolar\/25-26\/' title='25-26' class='pt-cv-tax-25-26'>25-26<\/a><a href='https:\/\/blogsaverroes.juntadeandalucia.es\/cepguadix\/tag\/comunidades-de-aprendizaje\/' title='Comunidades de Aprendizaje' class='pt-cv-tax-comunidades-de-aprendizaje'>Comunidades de Aprendizaje<\/a><a href='https:\/\/blogsaverroes.juntadeandalucia.es\/cepguadix\/category\/tematica\/convivencia\/' title='Convivencia' class='pt-cv-tax-convivencia'>Convivencia<\/a><a href='https:\/\/blogsaverroes.juntadeandalucia.es\/cepguadix\/category\/etapa\/infantil\/' title='Infantil' class='pt-cv-tax-infantil'>Infantil<\/a><a href='https:\/\/blogsaverroes.juntadeandalucia.es\/cepguadix\/category\/etapa\/primaria\/' title='Primaria' class='pt-cv-tax-primaria'>Primaria<\/a><a href='https:\/\/blogsaverroes.juntadeandalucia.es\/cepguadix\/category\/sin-categoria\/' title='Sin categor\u00eda' class='pt-cv-tax-sin-categoria'>Sin categor\u00eda<\/a><a href='https:\/\/blogsaverroes.juntadeandalucia.es\/cepguadix\/category\/zona\/zona-guadix\/' title='Zona Guadix' class='pt-cv-tax-zona-guadix'>Zona Guadix<\/a><\/div>\n<h4 class=\"pt-cv-title\"><a href=\"https:\/\/blogsaverroes.juntadeandalucia.es\/cepguadix\/2026\/05\/11\/comunidades-de-aprendizaje-jornada-de-la-solidaridad-sonando-ecotopias\/\" class=\"_self\" target=\"_self\" >COMUNIDADES DE APRENDIZAJE: JORNADA DE LA SOLIDARIDAD \u201cSO\u00d1ANDO ECOTOP\u00cdAS\u201d<\/a><\/h4>\n<div class=\"pt-cv-content\">Centro: CDP Padre Poveda Localidad: Guadix Etapa: Infantil y Primaria DESCRIPCI\u00d3N: El Proyecto nace de la necesidad de conectar nuestra ...<br \/><div class=\"pt-cv-rmwrap\"><a href=\"https:\/\/blogsaverroes.juntadeandalucia.es\/cepguadix\/2026\/05\/11\/comunidades-de-aprendizaje-jornada-de-la-solidaridad-sonando-ecotopias\/\" class=\"_self pt-cv-readmore btn btn-success\" target=\"_self\">Leer M\u00e1s<\/a><\/div><\/div><\/div><\/div>\n<div class=\"col-md-6 col-sm-12 col-xs-12 pt-cv-content-item pt-cv-1-col\" ><div class='pt-cv-ifield'><a href=\"https:\/\/blogsaverroes.juntadeandalucia.es\/cepguadix\/2026\/05\/11\/impulso-de-las-ciencias-en-el-ies-ribera-del-farde\/\" class=\"_self pt-cv-href-thumbnail pt-cv-thumb-default\" target=\"_self\" ><img loading=\"lazy\" decoding=\"async\" width=\"150\" height=\"150\" src=\"https:\/\/blogsaverroes.juntadeandalucia.es\/cepguadix\/files\/2025\/06\/ICONO-CIENTIFICO-TECNOLOGICO.png\" class=\"pt-cv-thumbnail\" alt=\"\" \/><\/a>\n<div class=\"pt-cv-taxoterm above_title\"><a href='https:\/\/blogsaverroes.juntadeandalucia.es\/cepguadix\/category\/curso-escolar\/25-26\/' title='25-26' class='pt-cv-tax-25-26'>25-26<\/a><a href='https:\/\/blogsaverroes.juntadeandalucia.es\/cepguadix\/category\/tematica\/cientifico-tecnologica\/' title='Cient\u00edfico-tecnol\u00f3gica' class='pt-cv-tax-cientifico-tecnologica'>Cient\u00edfico-tecnol\u00f3gica<\/a><a href='https:\/\/blogsaverroes.juntadeandalucia.es\/cepguadix\/category\/etapa\/secundaria\/' title='Secundaria' class='pt-cv-tax-secundaria'>Secundaria<\/a><a href='https:\/\/blogsaverroes.juntadeandalucia.es\/cepguadix\/category\/zona\/zona-rio-fardes\/' title='Zona R\u00edo Fardes' class='pt-cv-tax-zona-rio-fardes'>Zona R\u00edo Fardes<\/a><\/div>\n<h4 class=\"pt-cv-title\"><a href=\"https:\/\/blogsaverroes.juntadeandalucia.es\/cepguadix\/2026\/05\/11\/impulso-de-las-ciencias-en-el-ies-ribera-del-farde\/\" class=\"_self\" target=\"_self\" >IMPULSO DE LAS CIENCIAS EN EL IES RIBERA DEL FARDES<\/a><\/h4>\n<div class=\"pt-cv-content\">Centro: IES Ribera del Fardes Localidad: Purullena Etapa: Secundaria DESCRIPCI\u00d3N: En el curso 2025\/2026, en el IES Ribera del Fardes ...<br \/><div class=\"pt-cv-rmwrap\"><a href=\"https:\/\/blogsaverroes.juntadeandalucia.es\/cepguadix\/2026\/05\/11\/impulso-de-las-ciencias-en-el-ies-ribera-del-farde\/\" class=\"_self pt-cv-readmore btn btn-success\" target=\"_self\">Leer M\u00e1s<\/a><\/div><\/div><\/div><\/div>\n<div class=\"col-md-6 col-sm-12 col-xs-12 pt-cv-content-item pt-cv-1-col\" ><div class='pt-cv-ifield'><a href=\"https:\/\/blogsaverroes.juntadeandalucia.es\/cepguadix\/2026\/05\/11\/3158\/\" class=\"_self pt-cv-href-thumbnail pt-cv-thumb-default\" target=\"_self\" ><img loading=\"lazy\" decoding=\"async\" width=\"150\" height=\"150\" src=\"https:\/\/blogsaverroes.juntadeandalucia.es\/cepguadix\/files\/2026\/05\/ICONO-TICV2.png\" class=\"pt-cv-thumbnail\" alt=\"\" \/><\/a>\n<div class=\"pt-cv-taxoterm above_title\"><a href='https:\/\/blogsaverroes.juntadeandalucia.es\/cepguadix\/category\/curso-escolar\/25-26\/' title='25-26' class='pt-cv-tax-25-26'>25-26<\/a><a href='https:\/\/blogsaverroes.juntadeandalucia.es\/cepguadix\/tag\/pensamiento-computacional\/' title='pensamiento computacional' class='pt-cv-tax-pensamiento-computacional'>pensamiento computacional<\/a><a href='https:\/\/blogsaverroes.juntadeandalucia.es\/cepguadix\/category\/etapa\/primaria\/' title='Primaria' class='pt-cv-tax-primaria'>Primaria<\/a><a href='https:\/\/blogsaverroes.juntadeandalucia.es\/cepguadix\/tag\/robotica\/' title='rob\u00f3tica' class='pt-cv-tax-robotica'>rob\u00f3tica<\/a><a href='https:\/\/blogsaverroes.juntadeandalucia.es\/cepguadix\/category\/tematica\/tic\/' title='TIC' class='pt-cv-tax-tic'>TIC<\/a><a href='https:\/\/blogsaverroes.juntadeandalucia.es\/cepguadix\/category\/zona\/zona-marquesado\/' title='Zona Marquesado' class='pt-cv-tax-zona-marquesado'>Zona Marquesado<\/a><\/div>\n<h4 class=\"pt-cv-title\"><a href=\"https:\/\/blogsaverroes.juntadeandalucia.es\/cepguadix\/2026\/05\/11\/3158\/\" class=\"_self\" target=\"_self\" >ROB\u00d3TICA E IMPRESI\u00d3N 3D EN EDUCACI\u00d3N PRIMARIA<\/a><\/h4>\n<div class=\"pt-cv-content\">Centro: CPR Zalab\u00ed Localidad: Alcudia de Guadix Etapa: Primaria DESCRIPCI\u00d3N: El grupo de trabajo \u201cRob\u00f3tica e impresi\u00f3n 3D en Educaci\u00f3n ...<br \/><div class=\"pt-cv-rmwrap\"><a href=\"https:\/\/blogsaverroes.juntadeandalucia.es\/cepguadix\/2026\/05\/11\/3158\/\" class=\"_self pt-cv-readmore btn btn-success\" target=\"_self\">Leer M\u00e1s<\/a><\/div><\/div><\/div><\/div>\n<div class=\"col-md-6 col-sm-12 col-xs-12 pt-cv-content-item pt-cv-1-col\" ><div class='pt-cv-ifield'><a href=\"https:\/\/blogsaverroes.juntadeandalucia.es\/cepguadix\/2026\/05\/11\/herramientas-digitales-para-la-presentacion-de-contenido-y-estrategias-de-composicion-escrita-en-el-cpr-sened\/\" class=\"_self pt-cv-href-thumbnail pt-cv-thumb-default\" target=\"_self\" ><img loading=\"lazy\" decoding=\"async\" width=\"150\" height=\"150\" src=\"https:\/\/blogsaverroes.juntadeandalucia.es\/cepguadix\/files\/2026\/05\/COMPETENCIA-LINGUISTICA-V2.png\" class=\"pt-cv-thumbnail\" alt=\"\" \/><\/a>\n<div class=\"pt-cv-taxoterm above_title\"><a href='https:\/\/blogsaverroes.juntadeandalucia.es\/cepguadix\/category\/curso-escolar\/25-26\/' title='25-26' class='pt-cv-tax-25-26'>25-26<\/a><a href='https:\/\/blogsaverroes.juntadeandalucia.es\/cepguadix\/category\/tematica\/lectura\/' title='C. Ling\u00fc\u00edstica' class='pt-cv-tax-lectura'>C. Ling\u00fc\u00edstica<\/a><a href='https:\/\/blogsaverroes.juntadeandalucia.es\/cepguadix\/tag\/competencia-digital\/' title='competencia digital' class='pt-cv-tax-competencia-digital'>competencia digital<\/a><a href='https:\/\/blogsaverroes.juntadeandalucia.es\/cepguadix\/tag\/expresion-escrita\/' title='expresi\u00f3n escrita' class='pt-cv-tax-expresion-escrita'>expresi\u00f3n escrita<\/a><a href='https:\/\/blogsaverroes.juntadeandalucia.es\/cepguadix\/tag\/herramientas-digitales\/' title='herramientas digitales' class='pt-cv-tax-herramientas-digitales'>herramientas digitales<\/a><a href='https:\/\/blogsaverroes.juntadeandalucia.es\/cepguadix\/category\/etapa\/infantil\/' title='Infantil' class='pt-cv-tax-infantil'>Infantil<\/a><a href='https:\/\/blogsaverroes.juntadeandalucia.es\/cepguadix\/category\/etapa\/primaria\/' title='Primaria' class='pt-cv-tax-primaria'>Primaria<\/a><a href='https:\/\/blogsaverroes.juntadeandalucia.es\/cepguadix\/category\/tematica\/tic\/' title='TIC' class='pt-cv-tax-tic'>TIC<\/a><a href='https:\/\/blogsaverroes.juntadeandalucia.es\/cepguadix\/category\/zona\/zona-marquesado\/' title='Zona Marquesado' class='pt-cv-tax-zona-marquesado'>Zona Marquesado<\/a><\/div>\n<h4 class=\"pt-cv-title\"><a href=\"https:\/\/blogsaverroes.juntadeandalucia.es\/cepguadix\/2026\/05\/11\/herramientas-digitales-para-la-presentacion-de-contenido-y-estrategias-de-composicion-escrita-en-el-cpr-sened\/\" class=\"_self\" target=\"_self\" >HERRAMIENTAS DIGITALES PARA LA PRESENTACI\u00d3N DE CONTENIDO Y ESTRATEGIAS DE COMPOSICI\u00d3N ESCRITA EN EL CPR SENED<\/a><\/h4>\n<div class=\"pt-cv-content\">Centro: CPR Sened Localidad: J\u00e9rez del Marquesado Etapa: Infantil y Primaria DESCRIPCI\u00d3N: El presente proyecto de Formaci\u00f3n en Centro ha ...<br \/><div class=\"pt-cv-rmwrap\"><a href=\"https:\/\/blogsaverroes.juntadeandalucia.es\/cepguadix\/2026\/05\/11\/herramientas-digitales-para-la-presentacion-de-contenido-y-estrategias-de-composicion-escrita-en-el-cpr-sened\/\" class=\"_self pt-cv-readmore btn btn-success\" target=\"_self\">Leer M\u00e1s<\/a><\/div><\/div><\/div><\/div>\n<div class=\"col-md-6 col-sm-12 col-xs-12 pt-cv-content-item pt-cv-1-col\" ><div class='pt-cv-ifield'><a href=\"https:\/\/blogsaverroes.juntadeandalucia.es\/cepguadix\/2026\/05\/08\/montessori-como-herramienta-para-reinventar-el-aula\/\" class=\"_self pt-cv-href-thumbnail pt-cv-thumb-default\" target=\"_self\" ><img loading=\"lazy\" decoding=\"async\" width=\"150\" height=\"150\" src=\"https:\/\/blogsaverroes.juntadeandalucia.es\/cepguadix\/files\/2025\/06\/ICONO-METODOLOGIAS.png\" class=\"pt-cv-thumbnail\" alt=\"\" \/><\/a>\n<div class=\"pt-cv-taxoterm above_title\"><a href='https:\/\/blogsaverroes.juntadeandalucia.es\/cepguadix\/category\/curso-escolar\/25-26\/' title='25-26' class='pt-cv-tax-25-26'>25-26<\/a><a href='https:\/\/blogsaverroes.juntadeandalucia.es\/cepguadix\/category\/etapa\/infantil\/' title='Infantil' class='pt-cv-tax-infantil'>Infantil<\/a><a href='https:\/\/blogsaverroes.juntadeandalucia.es\/cepguadix\/category\/tematica\/metodologias\/' title='Metodolog\u00edas' class='pt-cv-tax-metodologias'>Metodolog\u00edas<\/a><a href='https:\/\/blogsaverroes.juntadeandalucia.es\/cepguadix\/category\/etapa\/primaria\/' title='Primaria' class='pt-cv-tax-primaria'>Primaria<\/a><a href='https:\/\/blogsaverroes.juntadeandalucia.es\/cepguadix\/category\/zona\/zona-marquesado\/' title='Zona Marquesado' class='pt-cv-tax-zona-marquesado'>Zona Marquesado<\/a><\/div>\n<h4 class=\"pt-cv-title\"><a href=\"https:\/\/blogsaverroes.juntadeandalucia.es\/cepguadix\/2026\/05\/08\/montessori-como-herramienta-para-reinventar-el-aula\/\" class=\"_self\" target=\"_self\" >MONTESSORI COMO HERRAMIENTA PARA REINVENTAR EL AULA<\/a><\/h4>\n<div class=\"pt-cv-content\">Centro: CPR Marquesado Localidad: Alquife Etapa: Infantil y Primaria DESCRIPCI\u00d3N: El presente Grupo de Trabajo surge con la finalidad de ...<br \/><div class=\"pt-cv-rmwrap\"><a href=\"https:\/\/blogsaverroes.juntadeandalucia.es\/cepguadix\/2026\/05\/08\/montessori-como-herramienta-para-reinventar-el-aula\/\" class=\"_self pt-cv-readmore btn btn-success\" target=\"_self\">Leer M\u00e1s<\/a><\/div><\/div><\/div><\/div>\n<div class=\"col-md-6 col-sm-12 col-xs-12 pt-cv-content-item pt-cv-1-col\" ><div class='pt-cv-ifield'><a href=\"https:\/\/blogsaverroes.juntadeandalucia.es\/cepguadix\/2026\/05\/06\/formar-para-transformar\/\" class=\"_self pt-cv-href-thumbnail pt-cv-thumb-default\" target=\"_self\" ><img loading=\"lazy\" decoding=\"async\" width=\"150\" height=\"150\" src=\"https:\/\/blogsaverroes.juntadeandalucia.es\/cepguadix\/files\/2025\/06\/ICONO-CIENTIFICO-TECNOLOGICO.png\" class=\"pt-cv-thumbnail\" alt=\"\" \/><\/a>\n<div class=\"pt-cv-taxoterm above_title\"><a href='https:\/\/blogsaverroes.juntadeandalucia.es\/cepguadix\/category\/curso-escolar\/25-26\/' title='25-26' class='pt-cv-tax-25-26'>25-26<\/a><a href='https:\/\/blogsaverroes.juntadeandalucia.es\/cepguadix\/category\/tematica\/cientifico-tecnologica\/' title='Cient\u00edfico-tecnol\u00f3gica' class='pt-cv-tax-cientifico-tecnologica'>Cient\u00edfico-tecnol\u00f3gica<\/a><a href='https:\/\/blogsaverroes.juntadeandalucia.es\/cepguadix\/category\/etapa\/infantil\/' title='Infantil' class='pt-cv-tax-infantil'>Infantil<\/a><a href='https:\/\/blogsaverroes.juntadeandalucia.es\/cepguadix\/tag\/matematicas\/' title='matem\u00e1ticas' class='pt-cv-tax-matematicas'>matem\u00e1ticas<\/a><a href='https:\/\/blogsaverroes.juntadeandalucia.es\/cepguadix\/category\/etapa\/primaria\/' title='Primaria' class='pt-cv-tax-primaria'>Primaria<\/a><a href='https:\/\/blogsaverroes.juntadeandalucia.es\/cepguadix\/category\/etapa\/secundaria\/' title='Secundaria' class='pt-cv-tax-secundaria'>Secundaria<\/a><a href='https:\/\/blogsaverroes.juntadeandalucia.es\/cepguadix\/category\/zona\/zona-iznalloz\/' title='Zona Iznalloz' class='pt-cv-tax-zona-iznalloz'>Zona Iznalloz<\/a><\/div>\n<h4 class=\"pt-cv-title\"><a href=\"https:\/\/blogsaverroes.juntadeandalucia.es\/cepguadix\/2026\/05\/06\/formar-para-transformar\/\" class=\"_self\" target=\"_self\" >FORMAR PARA TRANSFORMAR<\/a><\/h4>\n<div class=\"pt-cv-content\">Centro: CEIP F\u00e9lix Rodr\u00edguez de la Fuente Localidad: Montillana Etapa: Infantil, Primaria y Secundaria DESCRIPCI\u00d3N: En el CEIP F\u00e9lix Rodr\u00edguez ...<br \/><div class=\"pt-cv-rmwrap\"><a href=\"https:\/\/blogsaverroes.juntadeandalucia.es\/cepguadix\/2026\/05\/06\/formar-para-transformar\/\" class=\"_self pt-cv-readmore btn btn-success\" target=\"_self\">Leer M\u00e1s<\/a><\/div><\/div><\/div><\/div>\n<div class=\"col-md-6 col-sm-12 col-xs-12 pt-cv-content-item pt-cv-1-col\" ><div class='pt-cv-ifield'><a href=\"https:\/\/blogsaverroes.juntadeandalucia.es\/cepguadix\/2026\/05\/05\/metodologias-inclusivas-lapices-al-centro\/\" class=\"_self pt-cv-href-thumbnail pt-cv-thumb-default\" target=\"_self\" ><img loading=\"lazy\" decoding=\"async\" width=\"150\" height=\"150\" src=\"https:\/\/blogsaverroes.juntadeandalucia.es\/cepguadix\/files\/2025\/06\/ICONO-METODOLOGIAS.png\" class=\"pt-cv-thumbnail\" alt=\"\" \/><\/a>\n<div class=\"pt-cv-taxoterm above_title\"><a href='https:\/\/blogsaverroes.juntadeandalucia.es\/cepguadix\/category\/curso-escolar\/25-26\/' title='25-26' class='pt-cv-tax-25-26'>25-26<\/a><a href='https:\/\/blogsaverroes.juntadeandalucia.es\/cepguadix\/category\/tematica\/metodologias\/' title='Metodolog\u00edas' class='pt-cv-tax-metodologias'>Metodolog\u00edas<\/a><a href='https:\/\/blogsaverroes.juntadeandalucia.es\/cepguadix\/category\/etapa\/secundaria\/' title='Secundaria' class='pt-cv-tax-secundaria'>Secundaria<\/a><a href='https:\/\/blogsaverroes.juntadeandalucia.es\/cepguadix\/tag\/trabajo-cooperativo\/' title='trabajo cooperativo' class='pt-cv-tax-trabajo-cooperativo'>trabajo cooperativo<\/a><a href='https:\/\/blogsaverroes.juntadeandalucia.es\/cepguadix\/category\/zona\/zona-iznalloz\/' title='Zona Iznalloz' class='pt-cv-tax-zona-iznalloz'>Zona Iznalloz<\/a><\/div>\n<h4 class=\"pt-cv-title\"><a href=\"https:\/\/blogsaverroes.juntadeandalucia.es\/cepguadix\/2026\/05\/05\/metodologias-inclusivas-lapices-al-centro\/\" class=\"_self\" target=\"_self\" >METODOLOG\u00cdAS INCLUSIVAS: L\u00c1PICES AL CENTRO<\/a><\/h4>\n<div class=\"pt-cv-content\">Centro: IES Montes Orientales Localidad: Iznalloz Etapa: Educaci\u00f3n Secundaria Obligatoria DESCRIPCI\u00d3N: La ense\u00f1anza de la sintaxis en 2\u00ba de ESO ...<br \/><div class=\"pt-cv-rmwrap\"><a href=\"https:\/\/blogsaverroes.juntadeandalucia.es\/cepguadix\/2026\/05\/05\/metodologias-inclusivas-lapices-al-centro\/\" class=\"_self pt-cv-readmore btn btn-success\" target=\"_self\">Leer M\u00e1s<\/a><\/div><\/div><\/div><\/div>\n<div class=\"col-md-6 col-sm-12 col-xs-12 pt-cv-content-item pt-cv-1-col\" ><div class='pt-cv-ifield'><a href=\"https:\/\/blogsaverroes.juntadeandalucia.es\/cepguadix\/2026\/05\/05\/aprendizaje-cooperativo-en-el-aula\/\" class=\"_self pt-cv-href-thumbnail pt-cv-thumb-default\" target=\"_self\" ><img loading=\"lazy\" decoding=\"async\" width=\"150\" height=\"150\" src=\"https:\/\/blogsaverroes.juntadeandalucia.es\/cepguadix\/files\/2025\/06\/ICONO-METODOLOGIAS.png\" class=\"pt-cv-thumbnail\" alt=\"\" \/><\/a>\n<div class=\"pt-cv-taxoterm above_title\"><a href='https:\/\/blogsaverroes.juntadeandalucia.es\/cepguadix\/category\/curso-escolar\/25-26\/' title='25-26' class='pt-cv-tax-25-26'>25-26<\/a><a href='https:\/\/blogsaverroes.juntadeandalucia.es\/cepguadix\/category\/tematica\/metodologias\/' title='Metodolog\u00edas' class='pt-cv-tax-metodologias'>Metodolog\u00edas<\/a><a href='https:\/\/blogsaverroes.juntadeandalucia.es\/cepguadix\/category\/etapa\/primaria\/' title='Primaria' class='pt-cv-tax-primaria'>Primaria<\/a><a href='https:\/\/blogsaverroes.juntadeandalucia.es\/cepguadix\/category\/etapa\/secundaria\/' title='Secundaria' class='pt-cv-tax-secundaria'>Secundaria<\/a><a href='https:\/\/blogsaverroes.juntadeandalucia.es\/cepguadix\/category\/sin-categoria\/' title='Sin categor\u00eda' class='pt-cv-tax-sin-categoria'>Sin categor\u00eda<\/a><a href='https:\/\/blogsaverroes.juntadeandalucia.es\/cepguadix\/tag\/trabajo-cooperativo\/' title='trabajo cooperativo' class='pt-cv-tax-trabajo-cooperativo'>trabajo cooperativo<\/a><a href='https:\/\/blogsaverroes.juntadeandalucia.es\/cepguadix\/category\/zona\/zona-iznalloz\/' title='Zona Iznalloz' class='pt-cv-tax-zona-iznalloz'>Zona Iznalloz<\/a><\/div>\n<h4 class=\"pt-cv-title\"><a href=\"https:\/\/blogsaverroes.juntadeandalucia.es\/cepguadix\/2026\/05\/05\/aprendizaje-cooperativo-en-el-aula\/\" class=\"_self\" target=\"_self\" >APRENDIZAJE COOPERATIVO EN EL AULA<\/a><\/h4>\n<div class=\"pt-cv-content\">Centro: CEIP SAN SEBASTI\u00c1N Localidad: Benal\u00faa de las Villas Etapa: Infantil, Primaria y Secundaria DESCRIPCI\u00d3N: Este curso escolar, el CEIP ...<br \/><div class=\"pt-cv-rmwrap\"><a href=\"https:\/\/blogsaverroes.juntadeandalucia.es\/cepguadix\/2026\/05\/05\/aprendizaje-cooperativo-en-el-aula\/\" class=\"_self pt-cv-readmore btn btn-success\" target=\"_self\">Leer M\u00e1s<\/a><\/div><\/div><\/div><\/div>\n<div class=\"col-md-6 col-sm-12 col-xs-12 pt-cv-content-item pt-cv-1-col\" ><div class='pt-cv-ifield'><a href=\"https:\/\/blogsaverroes.juntadeandalucia.es\/cepguadix\/2026\/05\/05\/refuerzo-de-la-competencia-matematica-y-el-pensamiento-computacional\/\" class=\"_self pt-cv-href-thumbnail pt-cv-thumb-default\" target=\"_self\" ><img loading=\"lazy\" decoding=\"async\" width=\"150\" height=\"150\" src=\"https:\/\/blogsaverroes.juntadeandalucia.es\/cepguadix\/files\/2025\/06\/ICONO-CIENTIFICO-TECNOLOGICO.png\" class=\"pt-cv-thumbnail\" alt=\"\" \/><\/a>\n<div class=\"pt-cv-taxoterm above_title\"><a href='https:\/\/blogsaverroes.juntadeandalucia.es\/cepguadix\/category\/curso-escolar\/25-26\/' title='25-26' class='pt-cv-tax-25-26'>25-26<\/a><a href='https:\/\/blogsaverroes.juntadeandalucia.es\/cepguadix\/category\/tematica\/cientifico-tecnologica\/' title='Cient\u00edfico-tecnol\u00f3gica' class='pt-cv-tax-cientifico-tecnologica'>Cient\u00edfico-tecnol\u00f3gica<\/a><a href='https:\/\/blogsaverroes.juntadeandalucia.es\/cepguadix\/category\/etapa\/infantil\/' title='Infantil' class='pt-cv-tax-infantil'>Infantil<\/a><a href='https:\/\/blogsaverroes.juntadeandalucia.es\/cepguadix\/tag\/pensamiento-computacional\/' title='pensamiento computacional' class='pt-cv-tax-pensamiento-computacional'>pensamiento computacional<\/a><a href='https:\/\/blogsaverroes.juntadeandalucia.es\/cepguadix\/category\/etapa\/primaria\/' title='Primaria' class='pt-cv-tax-primaria'>Primaria<\/a><a href='https:\/\/blogsaverroes.juntadeandalucia.es\/cepguadix\/tag\/razonamiento-matematico\/' title='razonamiento matem\u00e1tico' class='pt-cv-tax-razonamiento-matematico'>razonamiento matem\u00e1tico<\/a><a href='https:\/\/blogsaverroes.juntadeandalucia.es\/cepguadix\/tag\/robotica\/' title='rob\u00f3tica' class='pt-cv-tax-robotica'>rob\u00f3tica<\/a><a href='https:\/\/blogsaverroes.juntadeandalucia.es\/cepguadix\/category\/zona\/zona-guadix\/' title='Zona Guadix' class='pt-cv-tax-zona-guadix'>Zona Guadix<\/a><\/div>\n<h4 class=\"pt-cv-title\"><a href=\"https:\/\/blogsaverroes.juntadeandalucia.es\/cepguadix\/2026\/05\/05\/refuerzo-de-la-competencia-matematica-y-el-pensamiento-computacional\/\" class=\"_self\" target=\"_self\" >REFUERZO DE LA COMPETENCIA MATEM\u00c1TICA Y EL PENSAMIENTO COMPUTACIONAL<\/a><\/h4>\n<div class=\"pt-cv-content\">Centro: CPR Tres Fuentes Localidad: Gor Etapa: Infantil y Primaria DESCRIPCI\u00d3N: Este curso escolar, el C.P.R. Tres Fuentes est\u00e1 desarrollando ...<br \/><div class=\"pt-cv-rmwrap\"><a href=\"https:\/\/blogsaverroes.juntadeandalucia.es\/cepguadix\/2026\/05\/05\/refuerzo-de-la-competencia-matematica-y-el-pensamiento-computacional\/\" class=\"_self pt-cv-readmore btn btn-success\" target=\"_self\">Leer M\u00e1s<\/a><\/div><\/div><\/div><\/div><\/div><\/div><\/div>\n","protected":false},"excerpt":{"rendered":"","protected":false},"author":5139,"featured_media":0,"parent":0,"menu_order":0,"comment_status":"closed","ping_status":"closed","template":"","meta":{"ngg_post_thumbnail":0,"footnotes":""},"aioseo_notices":[],"_links":{"self":[{"href":"https:\/\/blogsaverroes.juntadeandalucia.es\/cepguadix\/wp-json\/wp\/v2\/pages\/2873"}],"collection":[{"href":"https:\/\/blogsaverroes.juntadeandalucia.es\/cepguadix\/wp-json\/wp\/v2\/pages"}],"about":[{"href":"https:\/\/blogsaverroes.juntadeandalucia.es\/cepguadix\/wp-json\/wp\/v2\/types\/page"}],"author":[{"embeddable":true,"href":"https:\/\/blogsaverroes.juntadeandalucia.es\/cepguadix\/wp-json\/wp\/v2\/users\/5139"}],"replies":[{"embeddable":true,"href":"https:\/\/blogsaverroes.juntadeandalucia.es\/cepguadix\/wp-json\/wp\/v2\/comments?post=2873"}],"version-history":[{"count":1,"href":"https:\/\/blogsaverroes.juntadeandalucia.es\/cepguadix\/wp-json\/wp\/v2\/pages\/2873\/revisions"}],"predecessor-version":[{"id":2874,"href":"https:\/\/blogsaverroes.juntadeandalucia.es\/cepguadix\/wp-json\/wp\/v2\/pages\/2873\/revisions\/2874"}],"wp:attachment":[{"href":"https:\/\/blogsaverroes.juntadeandalucia.es\/cepguadix\/wp-json\/wp\/v2\/media?parent=2873"}],"curies":[{"name":"wp","href":"https:\/\/api.w.org\/{rel}","templated":true}]}}