{"id":444,"date":"2017-12-13T08:44:41","date_gmt":"2017-12-13T08:44:41","guid":{"rendered":"https:\/\/blogsaverroes.juntadeandalucia.es\/cepguadix\/?page_id=444"},"modified":"2017-12-13T08:44:41","modified_gmt":"2017-12-13T08:44:41","slug":"secundaria","status":"publish","type":"page","link":"https:\/\/blogsaverroes.juntadeandalucia.es\/cepguadix\/secundaria\/","title":{"rendered":"Secundaria"},"content":{"rendered":"<div class=\"pt-cv-wrapper\"><div class=\"pt-cv-view pt-cv-grid pt-cv-colsys\" id=\"pt-cv-view-9492b1652e\"><div data-id=\"pt-cv-page-1\" class=\"pt-cv-page\" data-cvc=\"2\"><div class=\"col-md-6 col-sm-6 col-xs-12 pt-cv-content-item pt-cv-1-col\" ><div class='pt-cv-ifield'><a href=\"https:\/\/blogsaverroes.juntadeandalucia.es\/cepguadix\/2026\/05\/06\/formar-para-transformar\/\" class=\"_self pt-cv-href-thumbnail pt-cv-thumb-default\" target=\"_self\" ><img loading=\"lazy\" decoding=\"async\" width=\"150\" height=\"150\" src=\"https:\/\/blogsaverroes.juntadeandalucia.es\/cepguadix\/files\/2025\/06\/ICONO-CIENTIFICO-TECNOLOGICO.png\" class=\"pt-cv-thumbnail\" alt=\"\" \/><\/a>\n<h4 class=\"pt-cv-title\"><a href=\"https:\/\/blogsaverroes.juntadeandalucia.es\/cepguadix\/2026\/05\/06\/formar-para-transformar\/\" class=\"_self\" target=\"_self\" >FORMAR PARA TRANSFORMAR<\/a><\/h4>\n<div class=\"pt-cv-content\">Centro: CEIP F\u00e9lix Rodr\u00edguez de la Fuente Localidad: Montillana Etapa: Infantil, Primaria y Secundaria DESCRIPCI\u00d3N: En el CEIP F\u00e9lix Rodr\u00edguez ...<br \/><div class=\"pt-cv-rmwrap\"><a href=\"https:\/\/blogsaverroes.juntadeandalucia.es\/cepguadix\/2026\/05\/06\/formar-para-transformar\/\" class=\"_self pt-cv-readmore btn btn-success\" target=\"_self\">Leer M\u00e1s<\/a><\/div><\/div><\/div><\/div>\n<div class=\"col-md-6 col-sm-6 col-xs-12 pt-cv-content-item pt-cv-1-col\" ><div class='pt-cv-ifield'><a href=\"https:\/\/blogsaverroes.juntadeandalucia.es\/cepguadix\/2026\/05\/05\/metodologias-inclusivas-lapices-al-centro\/\" class=\"_self pt-cv-href-thumbnail pt-cv-thumb-default\" target=\"_self\" ><img loading=\"lazy\" decoding=\"async\" width=\"150\" height=\"150\" src=\"https:\/\/blogsaverroes.juntadeandalucia.es\/cepguadix\/files\/2025\/06\/ICONO-METODOLOGIAS.png\" class=\"pt-cv-thumbnail\" alt=\"\" \/><\/a>\n<h4 class=\"pt-cv-title\"><a href=\"https:\/\/blogsaverroes.juntadeandalucia.es\/cepguadix\/2026\/05\/05\/metodologias-inclusivas-lapices-al-centro\/\" class=\"_self\" target=\"_self\" >METODOLOG\u00cdAS INCLUSIVAS: L\u00c1PICES AL CENTRO<\/a><\/h4>\n<div class=\"pt-cv-content\">Centro: IES Montes Orientales Localidad: Iznalloz Etapa: Educaci\u00f3n Secundaria Obligatoria DESCRIPCI\u00d3N: La ense\u00f1anza de la sintaxis en 2\u00ba de ESO ...<br \/><div class=\"pt-cv-rmwrap\"><a href=\"https:\/\/blogsaverroes.juntadeandalucia.es\/cepguadix\/2026\/05\/05\/metodologias-inclusivas-lapices-al-centro\/\" class=\"_self pt-cv-readmore btn btn-success\" target=\"_self\">Leer M\u00e1s<\/a><\/div><\/div><\/div><\/div>\n<div class=\"col-md-6 col-sm-6 col-xs-12 pt-cv-content-item pt-cv-1-col\" ><div class='pt-cv-ifield'><a href=\"https:\/\/blogsaverroes.juntadeandalucia.es\/cepguadix\/2026\/05\/05\/aprendizaje-cooperativo-en-el-aula\/\" class=\"_self pt-cv-href-thumbnail pt-cv-thumb-default\" target=\"_self\" ><img loading=\"lazy\" decoding=\"async\" width=\"150\" height=\"150\" src=\"https:\/\/blogsaverroes.juntadeandalucia.es\/cepguadix\/files\/2025\/06\/ICONO-METODOLOGIAS.png\" class=\"pt-cv-thumbnail\" alt=\"\" \/><\/a>\n<h4 class=\"pt-cv-title\"><a href=\"https:\/\/blogsaverroes.juntadeandalucia.es\/cepguadix\/2026\/05\/05\/aprendizaje-cooperativo-en-el-aula\/\" class=\"_self\" target=\"_self\" >APRENDIZAJE COOPERATIVO EN EL AULA<\/a><\/h4>\n<div class=\"pt-cv-content\">Centro: CEIP SAN SEBASTI\u00c1N Localidad: Benal\u00faa de las Villas Etapa: Infantil, Primaria y Secundaria DESCRIPCI\u00d3N: Este curso escolar, el CEIP ...<br \/><div class=\"pt-cv-rmwrap\"><a href=\"https:\/\/blogsaverroes.juntadeandalucia.es\/cepguadix\/2026\/05\/05\/aprendizaje-cooperativo-en-el-aula\/\" class=\"_self pt-cv-readmore btn btn-success\" target=\"_self\">Leer M\u00e1s<\/a><\/div><\/div><\/div><\/div>\n<div class=\"col-md-6 col-sm-6 col-xs-12 pt-cv-content-item pt-cv-1-col\" ><div class='pt-cv-ifield'><a href=\"https:\/\/blogsaverroes.juntadeandalucia.es\/cepguadix\/2026\/04\/29\/leyendas-culturas\/\" class=\"_self pt-cv-href-thumbnail pt-cv-thumb-default\" target=\"_self\" ><img loading=\"lazy\" decoding=\"async\" width=\"150\" height=\"150\" src=\"https:\/\/blogsaverroes.juntadeandalucia.es\/cepguadix\/files\/2026\/05\/COMPETENCIA-LINGUISTICA-V2.png\" class=\"pt-cv-thumbnail\" alt=\"\" \/><\/a>\n<h4 class=\"pt-cv-title\"><a href=\"https:\/\/blogsaverroes.juntadeandalucia.es\/cepguadix\/2026\/04\/29\/leyendas-culturas\/\" class=\"_self\" target=\"_self\" >EXPLORANDO CULTURAS A TRAV\u00c9S DE SUS LEYENDAS<\/a><\/h4>\n<div class=\"pt-cv-content\">Centro: CPR Al-Dehec\u00fan Localidad: Dehesas de Guadix Etapa: Infantil, Primaria, Secundaria DESCRIPCI\u00d3N: Durante el primer trimestre, todo el colegio se ...<br \/><div class=\"pt-cv-rmwrap\"><a href=\"https:\/\/blogsaverroes.juntadeandalucia.es\/cepguadix\/2026\/04\/29\/leyendas-culturas\/\" class=\"_self pt-cv-readmore btn btn-success\" target=\"_self\">Leer M\u00e1s<\/a><\/div><\/div><\/div><\/div>\n<div class=\"col-md-6 col-sm-6 col-xs-12 pt-cv-content-item pt-cv-1-col\" ><div class='pt-cv-ifield'><a href=\"https:\/\/blogsaverroes.juntadeandalucia.es\/cepguadix\/2026\/04\/24\/robotica-impresion-3d-ia\/\" class=\"_self pt-cv-href-thumbnail pt-cv-thumb-default\" target=\"_self\" ><img loading=\"lazy\" decoding=\"async\" width=\"150\" height=\"150\" src=\"https:\/\/blogsaverroes.juntadeandalucia.es\/cepguadix\/files\/2026\/05\/ICONO-TICV2.png\" class=\"pt-cv-thumbnail\" alt=\"\" \/><\/a>\n<h4 class=\"pt-cv-title\"><a href=\"https:\/\/blogsaverroes.juntadeandalucia.es\/cepguadix\/2026\/04\/24\/robotica-impresion-3d-ia\/\" class=\"_self\" target=\"_self\" >ROB\u00d3TICA, INTELIGENCIA ARTIFICAL E IMPRESI\u00d3N 3D COMO RECURSO EDUCATIVO EN EL AULA<\/a><\/h4>\n<div class=\"pt-cv-content\">Centro: CEIP Hermanos Coronel Vel\u00e1zquez Localidad: P\u00ed\u00f1ar Etapa: Infantil, Primaria y Secundaria DESCRIPCI\u00d3N: Durante el presente curso escolar, el centro ...<br \/><div class=\"pt-cv-rmwrap\"><a href=\"https:\/\/blogsaverroes.juntadeandalucia.es\/cepguadix\/2026\/04\/24\/robotica-impresion-3d-ia\/\" class=\"_self pt-cv-readmore btn btn-success\" target=\"_self\">Leer M\u00e1s<\/a><\/div><\/div><\/div><\/div>\n<div class=\"col-md-6 col-sm-6 col-xs-12 pt-cv-content-item pt-cv-1-col\" ><div class='pt-cv-ifield'><a href=\"https:\/\/blogsaverroes.juntadeandalucia.es\/cepguadix\/2026\/04\/21\/razonamiento-matematico\/\" class=\"_self pt-cv-href-thumbnail pt-cv-thumb-default\" target=\"_self\" ><img loading=\"lazy\" decoding=\"async\" width=\"150\" height=\"150\" src=\"https:\/\/blogsaverroes.juntadeandalucia.es\/cepguadix\/files\/2025\/06\/ICONO-CIENTIFICO-TECNOLOGICO.png\" class=\"pt-cv-thumbnail\" alt=\"\" \/><\/a>\n<h4 class=\"pt-cv-title\"><a href=\"https:\/\/blogsaverroes.juntadeandalucia.es\/cepguadix\/2026\/04\/21\/razonamiento-matematico\/\" class=\"_self\" target=\"_self\" >RAZONAMIENTO MATEM\u00c1TICO Y RESOLUCI\u00d3N DE PROBLEMAS<\/a><\/h4>\n<div class=\"pt-cv-content\">Centro: CEIP Hermanos Coronel Vel\u00e1zquez Localidad: P\u00ed\u00f1ar Etapa: Infantil, Primaria, Primer ciclo de Secundaria DESCRIPCI\u00d3N: Este curso escolar, el CEIP ...<br \/><div class=\"pt-cv-rmwrap\"><a href=\"https:\/\/blogsaverroes.juntadeandalucia.es\/cepguadix\/2026\/04\/21\/razonamiento-matematico\/\" class=\"_self pt-cv-readmore btn btn-success\" target=\"_self\">Leer M\u00e1s<\/a><\/div><\/div><\/div><\/div>\n<div class=\"col-md-6 col-sm-6 col-xs-12 pt-cv-content-item pt-cv-1-col\" ><div class='pt-cv-ifield'><a href=\"https:\/\/blogsaverroes.juntadeandalucia.es\/cepguadix\/2025\/06\/02\/la-vuelta-al-mundo-en-178-dias\/\" class=\"_self pt-cv-href-thumbnail pt-cv-thumb-default\" target=\"_self\" ><img loading=\"lazy\" decoding=\"async\" width=\"150\" height=\"150\" src=\"https:\/\/blogsaverroes.juntadeandalucia.es\/cepguadix\/files\/2026\/04\/ICONO-CONVIVENCIA.png\" class=\"pt-cv-thumbnail\" alt=\"\" \/><\/a>\n<h4 class=\"pt-cv-title\"><a href=\"https:\/\/blogsaverroes.juntadeandalucia.es\/cepguadix\/2025\/06\/02\/la-vuelta-al-mundo-en-178-dias\/\" class=\"_self\" target=\"_self\" >LA VUELTA AL MUNDO EN 178 D\u00cdAS<\/a><\/h4>\n<div class=\"pt-cv-content\">Centro: IES Montes Orientales Localidad: Iznalloz Etapa: Secundaria y Bachillerato DESCRIPCI\u00d3N: El grupo de trabajo \"La Vuelta al Mundo en ...<br \/><div class=\"pt-cv-rmwrap\"><a href=\"https:\/\/blogsaverroes.juntadeandalucia.es\/cepguadix\/2025\/06\/02\/la-vuelta-al-mundo-en-178-dias\/\" class=\"_self pt-cv-readmore btn btn-success\" target=\"_self\">Leer M\u00e1s<\/a><\/div><\/div><\/div><\/div>\n<div class=\"col-md-6 col-sm-6 col-xs-12 pt-cv-content-item pt-cv-1-col\" ><div class='pt-cv-ifield'><a href=\"https:\/\/blogsaverroes.juntadeandalucia.es\/cepguadix\/2025\/06\/02\/recreos-activos-inclusivos-el-recreo-te-espera\/\" class=\"_self pt-cv-href-thumbnail pt-cv-thumb-default\" target=\"_self\" ><img loading=\"lazy\" decoding=\"async\" width=\"150\" height=\"150\" src=\"https:\/\/blogsaverroes.juntadeandalucia.es\/cepguadix\/files\/2026\/04\/ICONO-CONVIVENCIA.png\" class=\"pt-cv-thumbnail\" alt=\"\" \/><\/a>\n<h4 class=\"pt-cv-title\"><a href=\"https:\/\/blogsaverroes.juntadeandalucia.es\/cepguadix\/2025\/06\/02\/recreos-activos-inclusivos-el-recreo-te-espera\/\" class=\"_self\" target=\"_self\" >RECREOS ACTIVOS INCLUSIVOS. \u00a1\u00a1EL RECREO TE ESPERA!!<\/a><\/h4>\n<div class=\"pt-cv-content\">Centro: IES Montes Orientales Localidad: Iznalloz Etapa: Secundaria y Bachillerato DESCRIPCI\u00d3N: Recreos activos inclusivos \u00a1El recreo te espera! Surge de ...<br \/><div class=\"pt-cv-rmwrap\"><a href=\"https:\/\/blogsaverroes.juntadeandalucia.es\/cepguadix\/2025\/06\/02\/recreos-activos-inclusivos-el-recreo-te-espera\/\" class=\"_self pt-cv-readmore btn btn-success\" target=\"_self\">Leer M\u00e1s<\/a><\/div><\/div><\/div><\/div>\n<div class=\"col-md-6 col-sm-6 col-xs-12 pt-cv-content-item pt-cv-1-col\" ><div class='pt-cv-ifield'><a href=\"https:\/\/blogsaverroes.juntadeandalucia.es\/cepguadix\/2025\/06\/02\/gestion-colaborativa-de-la-direccion\/\" class=\"_self pt-cv-href-thumbnail pt-cv-thumb-default\" target=\"_self\" ><img loading=\"lazy\" decoding=\"async\" width=\"150\" height=\"150\" src=\"https:\/\/blogsaverroes.juntadeandalucia.es\/cepguadix\/files\/2026\/04\/ICONO-CONVIVENCIA.png\" class=\"pt-cv-thumbnail\" alt=\"\" \/><\/a>\n<h4 class=\"pt-cv-title\"><a href=\"https:\/\/blogsaverroes.juntadeandalucia.es\/cepguadix\/2025\/06\/02\/gestion-colaborativa-de-la-direccion\/\" class=\"_self\" target=\"_self\" >GESTI\u00d3N COLABORATIVA DE LA DIRECCI\u00d3N<\/a><\/h4>\n<div class=\"pt-cv-content\">Centro: Centros zona Iznalloz Localidad: Localidades zona Iznalloz Etapa: Infantil, Primaria y Secundaria DESCRIPCI\u00d3N: Al inicio de curso ante el ...<br \/><div class=\"pt-cv-rmwrap\"><a href=\"https:\/\/blogsaverroes.juntadeandalucia.es\/cepguadix\/2025\/06\/02\/gestion-colaborativa-de-la-direccion\/\" class=\"_self pt-cv-readmore btn btn-success\" target=\"_self\">Leer M\u00e1s<\/a><\/div><\/div><\/div><\/div>\n<div class=\"col-md-6 col-sm-6 col-xs-12 pt-cv-content-item pt-cv-1-col\" ><div class='pt-cv-ifield'><a href=\"https:\/\/blogsaverroes.juntadeandalucia.es\/cepguadix\/2025\/06\/02\/trabajo-cooperativo-receta-de-lasana\/\" class=\"_self pt-cv-href-thumbnail pt-cv-thumb-default\" target=\"_self\" ><img loading=\"lazy\" decoding=\"async\" width=\"150\" height=\"150\" src=\"https:\/\/blogsaverroes.juntadeandalucia.es\/cepguadix\/files\/2025\/06\/ICONO-METODOLOGIAS.png\" class=\"pt-cv-thumbnail\" alt=\"\" \/><\/a>\n<h4 class=\"pt-cv-title\"><a href=\"https:\/\/blogsaverroes.juntadeandalucia.es\/cepguadix\/2025\/06\/02\/trabajo-cooperativo-receta-de-lasana\/\" class=\"_self\" target=\"_self\" >TRABAJO COOPERATIVO: RECETA DE LASA\u00d1A<\/a><\/h4>\n<div class=\"pt-cv-content\">Centro: IES Montes Orientales Localidad: Iznalloz Etapa: Primaria y Secundaria DESCRIPCI\u00d3N: En el contexto educativo actual, la inclusi\u00f3n es una ...<br \/><div class=\"pt-cv-rmwrap\"><a href=\"https:\/\/blogsaverroes.juntadeandalucia.es\/cepguadix\/2025\/06\/02\/trabajo-cooperativo-receta-de-lasana\/\" class=\"_self pt-cv-readmore btn btn-success\" target=\"_self\">Leer M\u00e1s<\/a><\/div><\/div><\/div><\/div><\/div><\/div>\n<div class=\" pt-cv-pagination-wrapper\"><ul class=\"pt-cv-pagination pt-cv-ajax pagination\" data-totalpages=\"5\" data-currentpage=\"1\" data-sid=\"9492b1652e\" data-unid=\"\" data-isblock=\"\" data-postid=\"\"><li class=\"active\"><a href=\"#\">1<\/a><\/li>\n\t<li ><a class=\"\" href=\"https:\/\/blogsaverroes.juntadeandalucia.es\/cepguadix\/wp-json\/wp\/v2\/pages\/444\/?_page=2\">2<\/a><\/li>\n\t<li ><a class=\"\" href=\"https:\/\/blogsaverroes.juntadeandalucia.es\/cepguadix\/wp-json\/wp\/v2\/pages\/444\/?_page=3\">3<\/a><\/li>\n\t<li ><a href=\"#\">&hellip;<\/a><\/li>\n\t<li ><a class=\"\" href=\"https:\/\/blogsaverroes.juntadeandalucia.es\/cepguadix\/wp-json\/wp\/v2\/pages\/444\/?_page=5\">5<\/a><\/li>\n\t<li ><a class=\" \" href=\"https:\/\/blogsaverroes.juntadeandalucia.es\/cepguadix\/wp-json\/wp\/v2\/pages\/444\/?_page=2\">&rsaquo;<\/a><\/li>\n\t<\/ul><img loading=\"lazy\" decoding=\"async\" width=\"15\" height=\"15\" class=\"pt-cv-spinner\" alt=\"Cargando...\" src=\"data:image\/gif;base64,R0lGODlhDwAPALMPAMrKygwMDJOTkz09PZWVla+vr3p6euTk5M7OzuXl5TMzMwAAAJmZmWZmZszMzP\/\/\/yH\/C05FVFNDQVBFMi4wAwEAAAAh+QQFCgAPACwAAAAADwAPAAAEQvDJaZaZOIcV8iQK8VRX4iTYoAwZ4iCYoAjZ4RxejhVNoT+mRGP4cyF4Pp0N98sBGIBMEMOotl6YZ3S61Bmbkm4mAgAh+QQFCgAPACwAAAAADQANAAAENPDJSRSZeA418itN8QiK8BiLITVsFiyBBIoYqnoewAD4xPw9iY4XLGYSjkQR4UAUD45DLwIAIfkEBQoADwAsAAAAAA8ACQAABC\/wyVlamTi3nSdgwFNdhEJgTJoNyoB9ISYoQmdjiZPcj7EYCAeCF1gEDo4Dz2eIAAAh+QQFCgAPACwCAAAADQANAAAEM\/DJBxiYeLKdX3IJZT1FU0iIg2RNKx3OkZVnZ98ToRD4MyiDnkAh6BkNC0MvsAj0kMpHBAAh+QQFCgAPACwGAAAACQAPAAAEMDC59KpFDll73HkAA2wVY5KgiK5b0RRoI6MuzG6EQqCDMlSGheEhUAgqgUUAFRySIgAh+QQFCgAPACwCAAIADQANAAAEM\/DJKZNLND\/kkKaHc3xk+QAMYDKsiaqmZCxGVjSFFCxB1vwy2oOgIDxuucxAMTAJFAJNBAAh+QQFCgAPACwAAAYADwAJAAAEMNAs86q1yaWwwv2Ig0jUZx3OYa4XoRAfwADXoAwfo1+CIjyFRuEho60aSNYlOPxEAAAh+QQFCgAPACwAAAIADQANAAAENPA9s4y8+IUVcqaWJ4qEQozSoAzoIyhCK2NFU2SJk0hNnyEOhKR2AzAAj4Pj4GE4W0bkJQIAOw==\" \/><div class=\"clear pt-cv-clear-pagination\"><\/div><\/div><\/div>\n","protected":false},"excerpt":{"rendered":"","protected":false},"author":5139,"featured_media":0,"parent":0,"menu_order":0,"comment_status":"closed","ping_status":"closed","template":"","meta":{"ngg_post_thumbnail":0,"footnotes":""},"aioseo_notices":[],"_links":{"self":[{"href":"https:\/\/blogsaverroes.juntadeandalucia.es\/cepguadix\/wp-json\/wp\/v2\/pages\/444"}],"collection":[{"href":"https:\/\/blogsaverroes.juntadeandalucia.es\/cepguadix\/wp-json\/wp\/v2\/pages"}],"about":[{"href":"https:\/\/blogsaverroes.juntadeandalucia.es\/cepguadix\/wp-json\/wp\/v2\/types\/page"}],"author":[{"embeddable":true,"href":"https:\/\/blogsaverroes.juntadeandalucia.es\/cepguadix\/wp-json\/wp\/v2\/users\/5139"}],"replies":[{"embeddable":true,"href":"https:\/\/blogsaverroes.juntadeandalucia.es\/cepguadix\/wp-json\/wp\/v2\/comments?post=444"}],"version-history":[{"count":1,"href":"https:\/\/blogsaverroes.juntadeandalucia.es\/cepguadix\/wp-json\/wp\/v2\/pages\/444\/revisions"}],"predecessor-version":[{"id":445,"href":"https:\/\/blogsaverroes.juntadeandalucia.es\/cepguadix\/wp-json\/wp\/v2\/pages\/444\/revisions\/445"}],"wp:attachment":[{"href":"https:\/\/blogsaverroes.juntadeandalucia.es\/cepguadix\/wp-json\/wp\/v2\/media?parent=444"}],"curies":[{"name":"wp","href":"https:\/\/api.w.org\/{rel}","templated":true}]}}