{"id":446,"date":"2017-12-13T08:45:00","date_gmt":"2017-12-13T08:45:00","guid":{"rendered":"https:\/\/blogsaverroes.juntadeandalucia.es\/cepguadix\/?page_id=446"},"modified":"2017-12-13T08:45:00","modified_gmt":"2017-12-13T08:45:00","slug":"bachillerato","status":"publish","type":"page","link":"https:\/\/blogsaverroes.juntadeandalucia.es\/cepguadix\/bachillerato\/","title":{"rendered":"Bachillerato"},"content":{"rendered":"<div class=\"pt-cv-wrapper\"><div class=\"pt-cv-view pt-cv-grid pt-cv-colsys\" id=\"pt-cv-view-43ce03085j\"><div data-id=\"pt-cv-page-1\" class=\"pt-cv-page\" data-cvc=\"2\"><div class=\"col-md-6 col-sm-6 col-xs-12 pt-cv-content-item pt-cv-1-col\" ><div class='pt-cv-ifield'><a href=\"https:\/\/blogsaverroes.juntadeandalucia.es\/cepguadix\/2025\/06\/02\/la-vuelta-al-mundo-en-178-dias\/\" class=\"_self pt-cv-href-thumbnail pt-cv-thumb-default\" target=\"_self\" ><img loading=\"lazy\" decoding=\"async\" width=\"181\" height=\"181\" src=\"https:\/\/blogsaverroes.juntadeandalucia.es\/cepguadix\/files\/2017\/12\/morado-1.png\" class=\"pt-cv-thumbnail\" alt=\"\" srcset=\"https:\/\/blogsaverroes.juntadeandalucia.es\/cepguadix\/files\/2017\/12\/morado-1.png 181w, https:\/\/blogsaverroes.juntadeandalucia.es\/cepguadix\/files\/2017\/12\/morado-1-150x150.png 150w, https:\/\/blogsaverroes.juntadeandalucia.es\/cepguadix\/files\/2017\/12\/morado-1-100x100.png 100w, https:\/\/blogsaverroes.juntadeandalucia.es\/cepguadix\/files\/2017\/12\/morado-1-24x24.png 24w, https:\/\/blogsaverroes.juntadeandalucia.es\/cepguadix\/files\/2017\/12\/morado-1-36x36.png 36w, https:\/\/blogsaverroes.juntadeandalucia.es\/cepguadix\/files\/2017\/12\/morado-1-48x48.png 48w\" sizes=\"(max-width: 181px) 100vw, 181px\" \/><\/a>\n<h4 class=\"pt-cv-title\"><a href=\"https:\/\/blogsaverroes.juntadeandalucia.es\/cepguadix\/2025\/06\/02\/la-vuelta-al-mundo-en-178-dias\/\" class=\"_self\" target=\"_self\" >LA VUELTA AL MUNDO EN 178 D\u00cdAS<\/a><\/h4>\n<div class=\"pt-cv-content\">Centro: IES Montes Orientales Localidad: Iznalloz Etapa: Secundaria y Bachillerato DESCRIPCI\u00d3N: El grupo de trabajo \"La Vuelta al Mundo en ...<br \/><div class=\"pt-cv-rmwrap\"><a href=\"https:\/\/blogsaverroes.juntadeandalucia.es\/cepguadix\/2025\/06\/02\/la-vuelta-al-mundo-en-178-dias\/\" class=\"_self pt-cv-readmore btn btn-success\" target=\"_self\">Leer M\u00e1s<\/a><\/div><\/div><\/div><\/div>\n<div class=\"col-md-6 col-sm-6 col-xs-12 pt-cv-content-item pt-cv-1-col\" ><div class='pt-cv-ifield'><a href=\"https:\/\/blogsaverroes.juntadeandalucia.es\/cepguadix\/2025\/06\/02\/recreos-activos-inclusivos-el-recreo-te-espera\/\" class=\"_self pt-cv-href-thumbnail pt-cv-thumb-default\" target=\"_self\" ><img loading=\"lazy\" decoding=\"async\" width=\"181\" height=\"181\" src=\"https:\/\/blogsaverroes.juntadeandalucia.es\/cepguadix\/files\/2017\/12\/morado-1.png\" class=\"pt-cv-thumbnail\" alt=\"\" srcset=\"https:\/\/blogsaverroes.juntadeandalucia.es\/cepguadix\/files\/2017\/12\/morado-1.png 181w, https:\/\/blogsaverroes.juntadeandalucia.es\/cepguadix\/files\/2017\/12\/morado-1-150x150.png 150w, https:\/\/blogsaverroes.juntadeandalucia.es\/cepguadix\/files\/2017\/12\/morado-1-100x100.png 100w, https:\/\/blogsaverroes.juntadeandalucia.es\/cepguadix\/files\/2017\/12\/morado-1-24x24.png 24w, https:\/\/blogsaverroes.juntadeandalucia.es\/cepguadix\/files\/2017\/12\/morado-1-36x36.png 36w, https:\/\/blogsaverroes.juntadeandalucia.es\/cepguadix\/files\/2017\/12\/morado-1-48x48.png 48w\" sizes=\"(max-width: 181px) 100vw, 181px\" \/><\/a>\n<h4 class=\"pt-cv-title\"><a href=\"https:\/\/blogsaverroes.juntadeandalucia.es\/cepguadix\/2025\/06\/02\/recreos-activos-inclusivos-el-recreo-te-espera\/\" class=\"_self\" target=\"_self\" >RECREOS ACTIVOS INCLUSIVOS. \u00a1\u00a1EL RECREO TE ESPERA!!<\/a><\/h4>\n<div class=\"pt-cv-content\">Centro: IES Montes Orientales Localidad: Iznalloz Etapa: Secundaria y Bachillerato DESCRIPCI\u00d3N: Recreos activos inclusivos \u00a1El recreo te espera! Surge de ...<br \/><div class=\"pt-cv-rmwrap\"><a href=\"https:\/\/blogsaverroes.juntadeandalucia.es\/cepguadix\/2025\/06\/02\/recreos-activos-inclusivos-el-recreo-te-espera\/\" class=\"_self pt-cv-readmore btn btn-success\" target=\"_self\">Leer M\u00e1s<\/a><\/div><\/div><\/div><\/div>\n<div class=\"col-md-6 col-sm-6 col-xs-12 pt-cv-content-item pt-cv-1-col\" ><div class='pt-cv-ifield'><a href=\"https:\/\/blogsaverroes.juntadeandalucia.es\/cepguadix\/2025\/05\/31\/aula-acceso-compartido\/\" class=\"_self pt-cv-href-thumbnail pt-cv-thumb-default\" target=\"_self\" ><img loading=\"lazy\" decoding=\"async\" width=\"181\" height=\"181\" src=\"https:\/\/blogsaverroes.juntadeandalucia.es\/cepguadix\/files\/2017\/09\/amarillo.png\" class=\"pt-cv-thumbnail\" alt=\"\" srcset=\"https:\/\/blogsaverroes.juntadeandalucia.es\/cepguadix\/files\/2017\/09\/amarillo.png 181w, https:\/\/blogsaverroes.juntadeandalucia.es\/cepguadix\/files\/2017\/09\/amarillo-150x150.png 150w, https:\/\/blogsaverroes.juntadeandalucia.es\/cepguadix\/files\/2017\/09\/amarillo-100x100.png 100w, https:\/\/blogsaverroes.juntadeandalucia.es\/cepguadix\/files\/2017\/09\/amarillo-24x24.png 24w, https:\/\/blogsaverroes.juntadeandalucia.es\/cepguadix\/files\/2017\/09\/amarillo-36x36.png 36w, https:\/\/blogsaverroes.juntadeandalucia.es\/cepguadix\/files\/2017\/09\/amarillo-48x48.png 48w\" sizes=\"(max-width: 181px) 100vw, 181px\" \/><\/a>\n<h4 class=\"pt-cv-title\"><a href=\"https:\/\/blogsaverroes.juntadeandalucia.es\/cepguadix\/2025\/05\/31\/aula-acceso-compartido\/\" class=\"_self\" target=\"_self\" >AULA ACCESO COMPARTIDO<\/a><\/h4>\n<div class=\"pt-cv-content\">Centro: IES Padre Poveda Localidad: Guadix Etapa: Secundaria, Bachillerato DESCRIPCI\u00d3N: La gesti\u00f3n de aulas inform\u00e1ticas presenta desaf\u00edos significativos, especialmente en ...<br \/><div class=\"pt-cv-rmwrap\"><a href=\"https:\/\/blogsaverroes.juntadeandalucia.es\/cepguadix\/2025\/05\/31\/aula-acceso-compartido\/\" class=\"_self pt-cv-readmore btn btn-success\" target=\"_self\">Leer M\u00e1s<\/a><\/div><\/div><\/div><\/div>\n<div class=\"col-md-6 col-sm-6 col-xs-12 pt-cv-content-item pt-cv-1-col\" ><div class='pt-cv-ifield'><a href=\"https:\/\/blogsaverroes.juntadeandalucia.es\/cepguadix\/2025\/05\/31\/influencers-del-geoparque-de-granada\/\" class=\"_self pt-cv-href-thumbnail pt-cv-thumb-default\" target=\"_self\" ><img loading=\"lazy\" decoding=\"async\" width=\"181\" height=\"181\" src=\"https:\/\/blogsaverroes.juntadeandalucia.es\/cepguadix\/files\/2024\/05\/oliva.png\" class=\"pt-cv-thumbnail\" alt=\"\" srcset=\"https:\/\/blogsaverroes.juntadeandalucia.es\/cepguadix\/files\/2024\/05\/oliva.png 181w, https:\/\/blogsaverroes.juntadeandalucia.es\/cepguadix\/files\/2024\/05\/oliva-150x150.png 150w\" sizes=\"(max-width: 181px) 100vw, 181px\" \/><\/a>\n<h4 class=\"pt-cv-title\"><a href=\"https:\/\/blogsaverroes.juntadeandalucia.es\/cepguadix\/2025\/05\/31\/influencers-del-geoparque-de-granada\/\" class=\"_self\" target=\"_self\" >INFLUENCERS DEL GEOPARQUE DE GRANADA<\/a><\/h4>\n<div class=\"pt-cv-content\">Centro: IES Padre Poveda Localidad: Guadix Etapa: Bachillerato DESCRIPCI\u00d3N: El patrimonio m\u00e1s pr\u00f3ximo es el gran desconocido en nuestras vidas ...<br \/><div class=\"pt-cv-rmwrap\"><a href=\"https:\/\/blogsaverroes.juntadeandalucia.es\/cepguadix\/2025\/05\/31\/influencers-del-geoparque-de-granada\/\" class=\"_self pt-cv-readmore btn btn-success\" target=\"_self\">Leer M\u00e1s<\/a><\/div><\/div><\/div><\/div>\n<div class=\"col-md-6 col-sm-6 col-xs-12 pt-cv-content-item pt-cv-1-col\" ><div class='pt-cv-ifield'><a href=\"https:\/\/blogsaverroes.juntadeandalucia.es\/cepguadix\/2025\/05\/30\/gestion-economica-erasmus\/\" class=\"_self pt-cv-href-thumbnail pt-cv-thumb-default\" target=\"_self\" ><img loading=\"lazy\" decoding=\"async\" width=\"181\" height=\"181\" src=\"https:\/\/blogsaverroes.juntadeandalucia.es\/cepguadix\/files\/2024\/05\/naranja.png\" class=\"pt-cv-thumbnail\" alt=\"\" srcset=\"https:\/\/blogsaverroes.juntadeandalucia.es\/cepguadix\/files\/2024\/05\/naranja.png 181w, https:\/\/blogsaverroes.juntadeandalucia.es\/cepguadix\/files\/2024\/05\/naranja-150x150.png 150w\" sizes=\"(max-width: 181px) 100vw, 181px\" \/><\/a>\n<h4 class=\"pt-cv-title\"><a href=\"https:\/\/blogsaverroes.juntadeandalucia.es\/cepguadix\/2025\/05\/30\/gestion-economica-erasmus\/\" class=\"_self\" target=\"_self\" >GESTI\u00d3N ECON\u00d3MICA ERASMUS+<\/a><\/h4>\n<div class=\"pt-cv-content\">Centro: IES Acci Localidad: Guadix Etapa: Formaci\u00f3n Profesional DESCRIPCI\u00d3N: Los proyectos Erasmus+ son proyectos de centro y como tal deben ...<br \/><div class=\"pt-cv-rmwrap\"><a href=\"https:\/\/blogsaverroes.juntadeandalucia.es\/cepguadix\/2025\/05\/30\/gestion-economica-erasmus\/\" class=\"_self pt-cv-readmore btn btn-success\" target=\"_self\">Leer M\u00e1s<\/a><\/div><\/div><\/div><\/div>\n<div class=\"col-md-6 col-sm-6 col-xs-12 pt-cv-content-item pt-cv-1-col\" ><div class='pt-cv-ifield'><a href=\"https:\/\/blogsaverroes.juntadeandalucia.es\/cepguadix\/2025\/05\/28\/ciencia-para-todos\/\" class=\"_self pt-cv-href-thumbnail pt-cv-thumb-default\" target=\"_self\" ><img loading=\"lazy\" decoding=\"async\" width=\"181\" height=\"181\" src=\"https:\/\/blogsaverroes.juntadeandalucia.es\/cepguadix\/files\/2017\/12\/verde.png\" class=\"pt-cv-thumbnail\" alt=\"\" srcset=\"https:\/\/blogsaverroes.juntadeandalucia.es\/cepguadix\/files\/2017\/12\/verde.png 181w, https:\/\/blogsaverroes.juntadeandalucia.es\/cepguadix\/files\/2017\/12\/verde-150x150.png 150w, https:\/\/blogsaverroes.juntadeandalucia.es\/cepguadix\/files\/2017\/12\/verde-100x100.png 100w, https:\/\/blogsaverroes.juntadeandalucia.es\/cepguadix\/files\/2017\/12\/verde-24x24.png 24w, https:\/\/blogsaverroes.juntadeandalucia.es\/cepguadix\/files\/2017\/12\/verde-36x36.png 36w, https:\/\/blogsaverroes.juntadeandalucia.es\/cepguadix\/files\/2017\/12\/verde-48x48.png 48w\" sizes=\"(max-width: 181px) 100vw, 181px\" \/><\/a>\n<h4 class=\"pt-cv-title\"><a href=\"https:\/\/blogsaverroes.juntadeandalucia.es\/cepguadix\/2025\/05\/28\/ciencia-para-todos\/\" class=\"_self\" target=\"_self\" >CIENCIA PARA TODOS<\/a><\/h4>\n<div class=\"pt-cv-content\">Centro: IES Acci Localidad: Guadix Etapa: Secundaria y Bachillerato DESCRIPCI\u00d3N: Dentro del Grupo de Trabajo: \u201cCiencia para todos\u201d se han ...<br \/><div class=\"pt-cv-rmwrap\"><a href=\"https:\/\/blogsaverroes.juntadeandalucia.es\/cepguadix\/2025\/05\/28\/ciencia-para-todos\/\" class=\"_self pt-cv-readmore btn btn-success\" target=\"_self\">Leer M\u00e1s<\/a><\/div><\/div><\/div><\/div>\n<div class=\"col-md-6 col-sm-6 col-xs-12 pt-cv-content-item pt-cv-1-col\" ><div class='pt-cv-ifield'><a href=\"https:\/\/blogsaverroes.juntadeandalucia.es\/cepguadix\/2025\/05\/28\/coordinacion-diseno-y-desarrollo-de-recursos-educativos-abiertos-rea-para-1o-de-bachillerato\/\" class=\"_self pt-cv-href-thumbnail pt-cv-thumb-default\" target=\"_self\" ><img loading=\"lazy\" decoding=\"async\" width=\"181\" height=\"181\" src=\"https:\/\/blogsaverroes.juntadeandalucia.es\/cepguadix\/files\/2017\/12\/verde.png\" class=\"pt-cv-thumbnail\" alt=\"\" srcset=\"https:\/\/blogsaverroes.juntadeandalucia.es\/cepguadix\/files\/2017\/12\/verde.png 181w, https:\/\/blogsaverroes.juntadeandalucia.es\/cepguadix\/files\/2017\/12\/verde-150x150.png 150w, https:\/\/blogsaverroes.juntadeandalucia.es\/cepguadix\/files\/2017\/12\/verde-100x100.png 100w, https:\/\/blogsaverroes.juntadeandalucia.es\/cepguadix\/files\/2017\/12\/verde-24x24.png 24w, https:\/\/blogsaverroes.juntadeandalucia.es\/cepguadix\/files\/2017\/12\/verde-36x36.png 36w, https:\/\/blogsaverroes.juntadeandalucia.es\/cepguadix\/files\/2017\/12\/verde-48x48.png 48w\" sizes=\"(max-width: 181px) 100vw, 181px\" \/><\/a>\n<h4 class=\"pt-cv-title\"><a href=\"https:\/\/blogsaverroes.juntadeandalucia.es\/cepguadix\/2025\/05\/28\/coordinacion-diseno-y-desarrollo-de-recursos-educativos-abiertos-rea-para-1o-de-bachillerato\/\" class=\"_self\" target=\"_self\" >COORDINACI\u00d3N, DISE\u00d1O Y DESARROLLO DE RECURSOS EDUCATIVOS ABIERTOS (REA) PARA 1\u00ba DE BACHILLERATO<\/a><\/h4>\n<div class=\"pt-cv-content\">Centro: IES Padre Poveda Localidad: Guadix Etapa: Bachillerato DESCRIPCI\u00d3N: En un contexto educativo en constante evoluci\u00f3n digital las editoriales no ...<br \/><div class=\"pt-cv-rmwrap\"><a href=\"https:\/\/blogsaverroes.juntadeandalucia.es\/cepguadix\/2025\/05\/28\/coordinacion-diseno-y-desarrollo-de-recursos-educativos-abiertos-rea-para-1o-de-bachillerato\/\" class=\"_self pt-cv-readmore btn btn-success\" target=\"_self\">Leer M\u00e1s<\/a><\/div><\/div><\/div><\/div>\n<div class=\"col-md-6 col-sm-6 col-xs-12 pt-cv-content-item pt-cv-1-col\" ><div class='pt-cv-ifield'><a href=\"https:\/\/blogsaverroes.juntadeandalucia.es\/cepguadix\/2024\/10\/21\/celebramos-los-erasmus-days\/\" class=\"_self pt-cv-href-thumbnail pt-cv-thumb-default\" target=\"_self\" ><img loading=\"lazy\" decoding=\"async\" width=\"181\" height=\"181\" src=\"https:\/\/blogsaverroes.juntadeandalucia.es\/cepguadix\/files\/2024\/05\/naranja.png\" class=\"pt-cv-thumbnail\" alt=\"\" srcset=\"https:\/\/blogsaverroes.juntadeandalucia.es\/cepguadix\/files\/2024\/05\/naranja.png 181w, https:\/\/blogsaverroes.juntadeandalucia.es\/cepguadix\/files\/2024\/05\/naranja-150x150.png 150w\" sizes=\"(max-width: 181px) 100vw, 181px\" \/><\/a>\n<h4 class=\"pt-cv-title\"><a href=\"https:\/\/blogsaverroes.juntadeandalucia.es\/cepguadix\/2024\/10\/21\/celebramos-los-erasmus-days\/\" class=\"_self\" target=\"_self\" >CELEBRAMOS LOS ERASMUS DAYS<\/a><\/h4>\n<div class=\"pt-cv-content\">Entre el 14 y el 18 de octubre se celebran los Erasmus Days, una celebraci\u00f3n internacional para dar a conocer ...<br \/><div class=\"pt-cv-rmwrap\"><a href=\"https:\/\/blogsaverroes.juntadeandalucia.es\/cepguadix\/2024\/10\/21\/celebramos-los-erasmus-days\/\" class=\"_self pt-cv-readmore btn btn-success\" target=\"_self\">Leer M\u00e1s<\/a><\/div><\/div><\/div><\/div>\n<div class=\"col-md-6 col-sm-6 col-xs-12 pt-cv-content-item pt-cv-1-col\" ><div class='pt-cv-ifield'><a href=\"https:\/\/blogsaverroes.juntadeandalucia.es\/cepguadix\/2024\/06\/05\/aula-de-cine-economia-emocional-en-corto\/\" class=\"_self pt-cv-href-thumbnail pt-cv-thumb-default\" target=\"_self\" ><img loading=\"lazy\" decoding=\"async\" width=\"181\" height=\"181\" src=\"https:\/\/blogsaverroes.juntadeandalucia.es\/cepguadix\/files\/2024\/05\/oliva.png\" class=\"pt-cv-thumbnail\" alt=\"\" srcset=\"https:\/\/blogsaverroes.juntadeandalucia.es\/cepguadix\/files\/2024\/05\/oliva.png 181w, https:\/\/blogsaverroes.juntadeandalucia.es\/cepguadix\/files\/2024\/05\/oliva-150x150.png 150w\" sizes=\"(max-width: 181px) 100vw, 181px\" \/><\/a>\n<h4 class=\"pt-cv-title\"><a href=\"https:\/\/blogsaverroes.juntadeandalucia.es\/cepguadix\/2024\/06\/05\/aula-de-cine-economia-emocional-en-corto\/\" class=\"_self\" target=\"_self\" >AULAS DE CINE: ECONOM\u00cdA EMOCIONAL EN CORTO<\/a><\/h4>\n<div class=\"pt-cv-content\">Centro: IES Pedro Antonio de Alarc\u00f3n Localidad: Guadix Etapa: Secundaria, Bachillerato, Educaci\u00f3n Permanente DESCRIPCI\u00d3N: Os presentamos dos cortometrajes que forman ...<br \/><div class=\"pt-cv-rmwrap\"><a href=\"https:\/\/blogsaverroes.juntadeandalucia.es\/cepguadix\/2024\/06\/05\/aula-de-cine-economia-emocional-en-corto\/\" class=\"_self pt-cv-readmore btn btn-success\" target=\"_self\">Leer M\u00e1s<\/a><\/div><\/div><\/div><\/div>\n<div class=\"col-md-6 col-sm-6 col-xs-12 pt-cv-content-item pt-cv-1-col\" ><div class='pt-cv-ifield'><a href=\"https:\/\/blogsaverroes.juntadeandalucia.es\/cepguadix\/2024\/06\/05\/metodologias-inclusivas-marco-dua\/\" class=\"_self pt-cv-href-thumbnail pt-cv-thumb-default\" target=\"_self\" ><img loading=\"lazy\" decoding=\"async\" width=\"181\" height=\"181\" src=\"https:\/\/blogsaverroes.juntadeandalucia.es\/cepguadix\/files\/2017\/09\/azul.png\" class=\"pt-cv-thumbnail\" alt=\"\" srcset=\"https:\/\/blogsaverroes.juntadeandalucia.es\/cepguadix\/files\/2017\/09\/azul.png 181w, https:\/\/blogsaverroes.juntadeandalucia.es\/cepguadix\/files\/2017\/09\/azul-150x150.png 150w, https:\/\/blogsaverroes.juntadeandalucia.es\/cepguadix\/files\/2017\/09\/azul-100x100.png 100w, https:\/\/blogsaverroes.juntadeandalucia.es\/cepguadix\/files\/2017\/09\/azul-24x24.png 24w, https:\/\/blogsaverroes.juntadeandalucia.es\/cepguadix\/files\/2017\/09\/azul-36x36.png 36w, https:\/\/blogsaverroes.juntadeandalucia.es\/cepguadix\/files\/2017\/09\/azul-48x48.png 48w\" sizes=\"(max-width: 181px) 100vw, 181px\" \/><\/a>\n<h4 class=\"pt-cv-title\"><a href=\"https:\/\/blogsaverroes.juntadeandalucia.es\/cepguadix\/2024\/06\/05\/metodologias-inclusivas-marco-dua\/\" class=\"_self\" target=\"_self\" >METODOLOG\u00cdAS INCLUSIVAS MARCO DUA<\/a><\/h4>\n<div class=\"pt-cv-content\">Centro: IES Acci, IES Pedro Antonio de Alarc\u00f3n Localidad: Guadix Etapa: Secundaria, FPB, Bachillerato, Ciclos FP DESCRIPCI\u00d3N: Esta Formaci\u00f3n Intercentros, ...<br \/><div class=\"pt-cv-rmwrap\"><a href=\"https:\/\/blogsaverroes.juntadeandalucia.es\/cepguadix\/2024\/06\/05\/metodologias-inclusivas-marco-dua\/\" class=\"_self pt-cv-readmore btn btn-success\" target=\"_self\">Leer M\u00e1s<\/a><\/div><\/div><\/div><\/div><\/div><\/div>\n<div class=\" pt-cv-pagination-wrapper\"><ul class=\"pt-cv-pagination pt-cv-ajax pagination\" data-totalpages=\"2\" data-currentpage=\"1\" data-sid=\"43ce03085j\" data-unid=\"\" data-isblock=\"\" data-postid=\"\"><li class=\"active\"><a href=\"#\">1<\/a><\/li>\n\t<li ><a class=\"\" href=\"https:\/\/blogsaverroes.juntadeandalucia.es\/cepguadix\/wp-json\/wp\/v2\/pages\/446\/?_page=2\">2<\/a><\/li>\n\t<li ><a class=\" \" href=\"https:\/\/blogsaverroes.juntadeandalucia.es\/cepguadix\/wp-json\/wp\/v2\/pages\/446\/?_page=2\">&rsaquo;<\/a><\/li>\n\t<\/ul><img loading=\"lazy\" decoding=\"async\" width=\"15\" height=\"15\" class=\"pt-cv-spinner\" alt=\"Cargando...\" src=\"data:image\/gif;base64,R0lGODlhDwAPALMPAMrKygwMDJOTkz09PZWVla+vr3p6euTk5M7OzuXl5TMzMwAAAJmZmWZmZszMzP\/\/\/yH\/C05FVFNDQVBFMi4wAwEAAAAh+QQFCgAPACwAAAAADwAPAAAEQvDJaZaZOIcV8iQK8VRX4iTYoAwZ4iCYoAjZ4RxejhVNoT+mRGP4cyF4Pp0N98sBGIBMEMOotl6YZ3S61Bmbkm4mAgAh+QQFCgAPACwAAAAADQANAAAENPDJSRSZeA418itN8QiK8BiLITVsFiyBBIoYqnoewAD4xPw9iY4XLGYSjkQR4UAUD45DLwIAIfkEBQoADwAsAAAAAA8ACQAABC\/wyVlamTi3nSdgwFNdhEJgTJoNyoB9ISYoQmdjiZPcj7EYCAeCF1gEDo4Dz2eIAAAh+QQFCgAPACwCAAAADQANAAAEM\/DJBxiYeLKdX3IJZT1FU0iIg2RNKx3OkZVnZ98ToRD4MyiDnkAh6BkNC0MvsAj0kMpHBAAh+QQFCgAPACwGAAAACQAPAAAEMDC59KpFDll73HkAA2wVY5KgiK5b0RRoI6MuzG6EQqCDMlSGheEhUAgqgUUAFRySIgAh+QQFCgAPACwCAAIADQANAAAEM\/DJKZNLND\/kkKaHc3xk+QAMYDKsiaqmZCxGVjSFFCxB1vwy2oOgIDxuucxAMTAJFAJNBAAh+QQFCgAPACwAAAYADwAJAAAEMNAs86q1yaWwwv2Ig0jUZx3OYa4XoRAfwADXoAwfo1+CIjyFRuEho60aSNYlOPxEAAAh+QQFCgAPACwAAAIADQANAAAENPA9s4y8+IUVcqaWJ4qEQozSoAzoIyhCK2NFU2SJk0hNnyEOhKR2AzAAj4Pj4GE4W0bkJQIAOw==\" \/><div class=\"clear pt-cv-clear-pagination\"><\/div><\/div><\/div>\n","protected":false},"excerpt":{"rendered":"","protected":false},"author":5139,"featured_media":0,"parent":0,"menu_order":0,"comment_status":"closed","ping_status":"closed","template":"","meta":{"ngg_post_thumbnail":0,"footnotes":""},"aioseo_notices":[],"_links":{"self":[{"href":"https:\/\/blogsaverroes.juntadeandalucia.es\/cepguadix\/wp-json\/wp\/v2\/pages\/446"}],"collection":[{"href":"https:\/\/blogsaverroes.juntadeandalucia.es\/cepguadix\/wp-json\/wp\/v2\/pages"}],"about":[{"href":"https:\/\/blogsaverroes.juntadeandalucia.es\/cepguadix\/wp-json\/wp\/v2\/types\/page"}],"author":[{"embeddable":true,"href":"https:\/\/blogsaverroes.juntadeandalucia.es\/cepguadix\/wp-json\/wp\/v2\/users\/5139"}],"replies":[{"embeddable":true,"href":"https:\/\/blogsaverroes.juntadeandalucia.es\/cepguadix\/wp-json\/wp\/v2\/comments?post=446"}],"version-history":[{"count":1,"href":"https:\/\/blogsaverroes.juntadeandalucia.es\/cepguadix\/wp-json\/wp\/v2\/pages\/446\/revisions"}],"predecessor-version":[{"id":447,"href":"https:\/\/blogsaverroes.juntadeandalucia.es\/cepguadix\/wp-json\/wp\/v2\/pages\/446\/revisions\/447"}],"wp:attachment":[{"href":"https:\/\/blogsaverroes.juntadeandalucia.es\/cepguadix\/wp-json\/wp\/v2\/media?parent=446"}],"curies":[{"name":"wp","href":"https:\/\/api.w.org\/{rel}","templated":true}]}}