{"id":450,"date":"2017-12-13T08:45:46","date_gmt":"2017-12-13T08:45:46","guid":{"rendered":"https:\/\/blogsaverroes.juntadeandalucia.es\/cepguadix\/?page_id=450"},"modified":"2017-12-13T08:45:46","modified_gmt":"2017-12-13T08:45:46","slug":"regimen-especial","status":"publish","type":"page","link":"https:\/\/blogsaverroes.juntadeandalucia.es\/cepguadix\/regimen-especial\/","title":{"rendered":"R\u00e9gimen Especial"},"content":{"rendered":"<div class=\"pt-cv-wrapper\"><div class=\"pt-cv-view pt-cv-grid pt-cv-colsys\" id=\"pt-cv-view-6e9ba81p2r\"><div data-id=\"pt-cv-page-1\" class=\"pt-cv-page\" data-cvc=\"2\"><div class=\"col-md-6 col-sm-6 col-xs-12 pt-cv-content-item pt-cv-1-col\" ><div class='pt-cv-ifield'><a href=\"https:\/\/blogsaverroes.juntadeandalucia.es\/cepguadix\/2025\/05\/30\/debate-y-oralidad-en-la-escuela-oficial-de-idiomas\/\" class=\"_self pt-cv-href-thumbnail pt-cv-thumb-default\" target=\"_self\" ><img loading=\"lazy\" decoding=\"async\" width=\"150\" height=\"150\" src=\"https:\/\/blogsaverroes.juntadeandalucia.es\/cepguadix\/files\/2026\/05\/COMPETENCIA-LINGUISTICA-V2.png\" class=\"pt-cv-thumbnail\" alt=\"\" \/><\/a>\n<h4 class=\"pt-cv-title\"><a href=\"https:\/\/blogsaverroes.juntadeandalucia.es\/cepguadix\/2025\/05\/30\/debate-y-oralidad-en-la-escuela-oficial-de-idiomas\/\" class=\"_self\" target=\"_self\" >DEBATE Y ORALIDAD EN LA ESCUELA OFICIAL DE IDIOMAS<\/a><\/h4>\n<div class=\"pt-cv-content\">Centro: EOI Accitania Localidad: Guadix Etapa: Ense\u00f1anza de R\u00e9gimen Especial DESCRIPCI\u00d3N: El grupo de trabajo se ha interesado por aprender ...<br \/><div class=\"pt-cv-rmwrap\"><a href=\"https:\/\/blogsaverroes.juntadeandalucia.es\/cepguadix\/2025\/05\/30\/debate-y-oralidad-en-la-escuela-oficial-de-idiomas\/\" class=\"_self pt-cv-readmore btn btn-success\" target=\"_self\">Leer M\u00e1s<\/a><\/div><\/div><\/div><\/div>\n<div class=\"col-md-6 col-sm-6 col-xs-12 pt-cv-content-item pt-cv-1-col\" ><div class='pt-cv-ifield'><a href=\"https:\/\/blogsaverroes.juntadeandalucia.es\/cepguadix\/2025\/05\/30\/impresion-3d-en-la-escuela-de-arte\/\" class=\"_self pt-cv-href-thumbnail pt-cv-thumb-default\" target=\"_self\" ><img loading=\"lazy\" decoding=\"async\" width=\"150\" height=\"150\" src=\"https:\/\/blogsaverroes.juntadeandalucia.es\/cepguadix\/files\/2026\/05\/ICONO-TICV2.png\" class=\"pt-cv-thumbnail\" alt=\"\" \/><\/a>\n<h4 class=\"pt-cv-title\"><a href=\"https:\/\/blogsaverroes.juntadeandalucia.es\/cepguadix\/2025\/05\/30\/impresion-3d-en-la-escuela-de-arte\/\" class=\"_self\" target=\"_self\" >IMPRESI\u00d3N 3D EN LA ESCUELA DE ARTE<\/a><\/h4>\n<div class=\"pt-cv-content\">Centro: Escuela de Arte de Guadix Localidad: Guadix Etapa: Ense\u00f1anzas Art\u00edsticas DESCRIPCI\u00d3N: En el marco educativo de la Escuela de ...<br \/><div class=\"pt-cv-rmwrap\"><a href=\"https:\/\/blogsaverroes.juntadeandalucia.es\/cepguadix\/2025\/05\/30\/impresion-3d-en-la-escuela-de-arte\/\" class=\"_self pt-cv-readmore btn btn-success\" target=\"_self\">Leer M\u00e1s<\/a><\/div><\/div><\/div><\/div>\n<div class=\"col-md-6 col-sm-6 col-xs-12 pt-cv-content-item pt-cv-1-col\" ><div class='pt-cv-ifield'><a href=\"https:\/\/blogsaverroes.juntadeandalucia.es\/cepguadix\/2025\/05\/29\/uso-y-aplicacion-de-inteligencia-artificial-en-imagen\/\" class=\"_self pt-cv-href-thumbnail pt-cv-thumb-default\" target=\"_self\" ><img loading=\"lazy\" decoding=\"async\" width=\"150\" height=\"150\" src=\"https:\/\/blogsaverroes.juntadeandalucia.es\/cepguadix\/files\/2026\/05\/ICONO-TICV2.png\" class=\"pt-cv-thumbnail\" alt=\"\" \/><\/a>\n<h4 class=\"pt-cv-title\"><a href=\"https:\/\/blogsaverroes.juntadeandalucia.es\/cepguadix\/2025\/05\/29\/uso-y-aplicacion-de-inteligencia-artificial-en-imagen\/\" class=\"_self\" target=\"_self\" >USO Y APLICACI\u00d3N DE INTELIGENCIA ARTIFICIAL EN IMAGEN<\/a><\/h4>\n<div class=\"pt-cv-content\">Centro: Escuela de Arte de Guadix Localidad: Guadix Etapa: Ense\u00f1anzas Art\u00edsticas DESCRIPCI\u00d3N: Desde el inicio de curso 2024\/2025 se plantea ...<br \/><div class=\"pt-cv-rmwrap\"><a href=\"https:\/\/blogsaverroes.juntadeandalucia.es\/cepguadix\/2025\/05\/29\/uso-y-aplicacion-de-inteligencia-artificial-en-imagen\/\" class=\"_self pt-cv-readmore btn btn-success\" target=\"_self\">Leer M\u00e1s<\/a><\/div><\/div><\/div><\/div>\n<div class=\"col-md-6 col-sm-6 col-xs-12 pt-cv-content-item pt-cv-1-col\" ><div class='pt-cv-ifield'><a href=\"https:\/\/blogsaverroes.juntadeandalucia.es\/cepguadix\/2025\/05\/29\/captacion-de-imagen-aerea-con-drones\/\" class=\"_self pt-cv-href-thumbnail pt-cv-thumb-default\" target=\"_self\" ><img loading=\"lazy\" decoding=\"async\" width=\"150\" height=\"150\" src=\"https:\/\/blogsaverroes.juntadeandalucia.es\/cepguadix\/files\/2026\/05\/ICONO-TICV2.png\" class=\"pt-cv-thumbnail\" alt=\"\" \/><\/a>\n<h4 class=\"pt-cv-title\"><a href=\"https:\/\/blogsaverroes.juntadeandalucia.es\/cepguadix\/2025\/05\/29\/captacion-de-imagen-aerea-con-drones\/\" class=\"_self\" target=\"_self\" >CAPTACI\u00d3N DE IMAGEN A\u00c9REA CON DRONES<\/a><\/h4>\n<div class=\"pt-cv-content\">Centro: Escuela de Arte de Guadix Localidad: Guadix Etapa: Ense\u00f1anzas Art\u00edsticas DESCRIPCI\u00d3N: Con la intenci\u00f3n de actualizarnos tanto en TIC ...<br \/><div class=\"pt-cv-rmwrap\"><a href=\"https:\/\/blogsaverroes.juntadeandalucia.es\/cepguadix\/2025\/05\/29\/captacion-de-imagen-aerea-con-drones\/\" class=\"_self pt-cv-readmore btn btn-success\" target=\"_self\">Leer M\u00e1s<\/a><\/div><\/div><\/div><\/div>\n<div class=\"col-md-6 col-sm-6 col-xs-12 pt-cv-content-item pt-cv-1-col\" ><div class='pt-cv-ifield'><a href=\"https:\/\/blogsaverroes.juntadeandalucia.es\/cepguadix\/2025\/05\/29\/canta-con-tu-conservatorio\/\" class=\"_self pt-cv-href-thumbnail pt-cv-thumb-default\" target=\"_self\" ><img loading=\"lazy\" decoding=\"async\" width=\"150\" height=\"150\" src=\"https:\/\/blogsaverroes.juntadeandalucia.es\/cepguadix\/files\/2025\/06\/ICONO-ARTISTICO-DEPORTIVO.png\" class=\"pt-cv-thumbnail\" alt=\"\" \/><\/a>\n<h4 class=\"pt-cv-title\"><a href=\"https:\/\/blogsaverroes.juntadeandalucia.es\/cepguadix\/2025\/05\/29\/canta-con-tu-conservatorio\/\" class=\"_self\" target=\"_self\" >CANTA CON TU CONSERVATORIO<\/a><\/h4>\n<div class=\"pt-cv-content\">Centro: CPM Carlos Ros Localidad: Guadix Etapa: Ense\u00f1anzas b\u00e1sicas y primaria\u00a0 DESCRIPCI\u00d3N: La actividad principal de este grupo de trabajo ...<br \/><div class=\"pt-cv-rmwrap\"><a href=\"https:\/\/blogsaverroes.juntadeandalucia.es\/cepguadix\/2025\/05\/29\/canta-con-tu-conservatorio\/\" class=\"_self pt-cv-readmore btn btn-success\" target=\"_self\">Leer M\u00e1s<\/a><\/div><\/div><\/div><\/div>\n<div class=\"col-md-6 col-sm-6 col-xs-12 pt-cv-content-item pt-cv-1-col\" ><div class='pt-cv-ifield'><a href=\"https:\/\/blogsaverroes.juntadeandalucia.es\/cepguadix\/2024\/10\/21\/celebramos-los-erasmus-days\/\" class=\"_self pt-cv-href-thumbnail pt-cv-thumb-default\" target=\"_self\" ><img loading=\"lazy\" decoding=\"async\" width=\"150\" height=\"150\" src=\"https:\/\/blogsaverroes.juntadeandalucia.es\/cepguadix\/files\/2026\/04\/ICONO-INTERNACIONALIZACION-v2.png\" class=\"pt-cv-thumbnail\" alt=\"\" \/><\/a>\n<h4 class=\"pt-cv-title\"><a href=\"https:\/\/blogsaverroes.juntadeandalucia.es\/cepguadix\/2024\/10\/21\/celebramos-los-erasmus-days\/\" class=\"_self\" target=\"_self\" >CELEBRAMOS LOS ERASMUS DAYS<\/a><\/h4>\n<div class=\"pt-cv-content\">Entre el 14 y el 18 de octubre se celebran los Erasmus Days, una celebraci\u00f3n internacional para dar a conocer ...<br \/><div class=\"pt-cv-rmwrap\"><a href=\"https:\/\/blogsaverroes.juntadeandalucia.es\/cepguadix\/2024\/10\/21\/celebramos-los-erasmus-days\/\" class=\"_self pt-cv-readmore btn btn-success\" target=\"_self\">Leer M\u00e1s<\/a><\/div><\/div><\/div><\/div>\n<div class=\"col-md-6 col-sm-6 col-xs-12 pt-cv-content-item pt-cv-1-col\" ><div class='pt-cv-ifield'><a href=\"https:\/\/blogsaverroes.juntadeandalucia.es\/cepguadix\/2024\/06\/01\/recuperando-el-patrimonio-de-la-comarca-de-guadix-cooperacion-intercentros\/\" class=\"_self pt-cv-href-thumbnail pt-cv-thumb-default\" target=\"_self\" ><img loading=\"lazy\" decoding=\"async\" width=\"150\" height=\"150\" src=\"https:\/\/blogsaverroes.juntadeandalucia.es\/cepguadix\/files\/2025\/06\/ICONO-CIVICO-SOCIAL.png\" class=\"pt-cv-thumbnail\" alt=\"\" \/><\/a>\n<h4 class=\"pt-cv-title\"><a href=\"https:\/\/blogsaverroes.juntadeandalucia.es\/cepguadix\/2024\/06\/01\/recuperando-el-patrimonio-de-la-comarca-de-guadix-cooperacion-intercentros\/\" class=\"_self\" target=\"_self\" >RECUPERANDO EL PATRIMONIO DE LA COMARCA DE GUADIX: COOPERACI\u00d3N INTERCENTROS<\/a><\/h4>\n<div class=\"pt-cv-content\">Centro: IES Pedro Antonio de Alarc\u00f3n, IES Padre Poveda, IES Ribera del Fardes, Escuela de Artes de Guadix, Escuela Oficial ...<br \/><div class=\"pt-cv-rmwrap\"><a href=\"https:\/\/blogsaverroes.juntadeandalucia.es\/cepguadix\/2024\/06\/01\/recuperando-el-patrimonio-de-la-comarca-de-guadix-cooperacion-intercentros\/\" class=\"_self pt-cv-readmore btn btn-success\" target=\"_self\">Leer M\u00e1s<\/a><\/div><\/div><\/div><\/div><\/div><\/div><\/div>\n","protected":false},"excerpt":{"rendered":"","protected":false},"author":5139,"featured_media":0,"parent":0,"menu_order":0,"comment_status":"closed","ping_status":"closed","template":"","meta":{"ngg_post_thumbnail":0,"footnotes":""},"aioseo_notices":[],"_links":{"self":[{"href":"https:\/\/blogsaverroes.juntadeandalucia.es\/cepguadix\/wp-json\/wp\/v2\/pages\/450"}],"collection":[{"href":"https:\/\/blogsaverroes.juntadeandalucia.es\/cepguadix\/wp-json\/wp\/v2\/pages"}],"about":[{"href":"https:\/\/blogsaverroes.juntadeandalucia.es\/cepguadix\/wp-json\/wp\/v2\/types\/page"}],"author":[{"embeddable":true,"href":"https:\/\/blogsaverroes.juntadeandalucia.es\/cepguadix\/wp-json\/wp\/v2\/users\/5139"}],"replies":[{"embeddable":true,"href":"https:\/\/blogsaverroes.juntadeandalucia.es\/cepguadix\/wp-json\/wp\/v2\/comments?post=450"}],"version-history":[{"count":1,"href":"https:\/\/blogsaverroes.juntadeandalucia.es\/cepguadix\/wp-json\/wp\/v2\/pages\/450\/revisions"}],"predecessor-version":[{"id":451,"href":"https:\/\/blogsaverroes.juntadeandalucia.es\/cepguadix\/wp-json\/wp\/v2\/pages\/450\/revisions\/451"}],"wp:attachment":[{"href":"https:\/\/blogsaverroes.juntadeandalucia.es\/cepguadix\/wp-json\/wp\/v2\/media?parent=450"}],"curies":[{"name":"wp","href":"https:\/\/api.w.org\/{rel}","templated":true}]}}