{"id":2,"date":"2020-11-26T06:29:07","date_gmt":"2020-11-26T06:29:07","guid":{"rendered":"https:\/\/blogsaverroes.juntadeandalucia.es\/ceplebrija\/?page_id=2"},"modified":"2024-04-02T11:21:11","modified_gmt":"2024-04-02T11:21:11","slug":"inicio","status":"publish","type":"page","link":"https:\/\/blogsaverroes.juntadeandalucia.es\/ceplebrija\/","title":{"rendered":"INICIO"},"content":{"rendered":"\r\n<p>Este espacio tiene como objetivo visibilizar y compartir <strong>experiencias educativas<\/strong> que han sido llevadas a la pr\u00e1ctica en centros de nuestra zona y que pueden ser modelo inspirador para&nbsp; otros docentes.<\/p>\r\n<p>De esta manera, desde el CEP de Lebrija, queremos promover el funcionamiento de <strong>redes profesionales<\/strong> que comparten su pr\u00e1ctica, en torno a distintos \u00e1mbitos, tem\u00e1ticas, etapas y niveles educativos, as\u00ed como fomentar la <strong>innovaci\u00f3n educativa<\/strong>.<\/p>\r\n<p>Las experiencias recibidas se ir\u00e1n publicando de manera peri\u00f3dica y puedes verlas seleccionando el men\u00fa superior <a href=\"https:\/\/blogsaverroes.juntadeandalucia.es\/ceplebrija\/experiencias\/\">EXPERIENCIAS<\/a>.<\/p>\r\n<p>Os animamos a remitir nuevas propuestas a trav\u00e9s de vuestra asesor\u00eda de referencia.<\/p>\r\n<blockquote>\r\n<p><em>\u00abLargo es el camino de la ense\u00f1anza por medio de teor\u00edas, breve y eficaz por medio de ejemplos\u00bb.<\/em> S\u00e9neca<\/p>\r\n<\/blockquote>\r\n<blockquote>\r\n<p><em>\u00abEl aprendizaje es experiencia, todo lo dem\u00e1s es informaci\u00f3n\u00bb<\/em>. Albert Einstein<\/p>\r\n<\/blockquote>\r\n<p>&nbsp;<\/p>\r\n<p><strong>Condiciones para la publicaci\u00f3n de experiencias<\/strong><\/p>\r\n<ul>\r\n<li>Enviar la <a href=\"https:\/\/docs.google.com\/document\/d\/1gU5XDg1VE4f6TxWcD2nOZ4u6712jfAzmw-cqhg-VcQQ\/copy\">FICHA DE EXPERIENCIA EDUCATIVA<\/a> rellena y detallada.<\/li>\r\n<li>Enviar los recursos elaborados o evidencias del trabajo realizado: fotos, v\u00eddeos, otros materiales\u2026<\/li>\r\n<li>Enviar la experiencia antes del 31 de mayo<\/li>\r\n<\/ul>\r\n<p>Tipos de recursos:<\/p>\r\n<ul>\r\n<li>Fotos: Adjuntar las im\u00e1genes en formato JPG<\/li>\r\n<li>V\u00eddeos: Facilitar el enlace a la plataforma donde est\u00e9n alojados (Youtube\u2026)<\/li>\r\n<li>Otros materiales: Adjuntar los materiales o el enlace para descargarlos.<\/li>\r\n<\/ul>\r\n<p>&nbsp;<\/p>\r\n<p><strong>Criterios para la publicaci\u00f3n de experiencias:<\/strong><\/p>\r\n<ul>\r\n<li>Diversidad de autores.<\/li>\r\n<li>Diversidad de centros.<\/li>\r\n<li>Diversidad de localidades.<\/li>\r\n<li>Diversidad de tem\u00e1ticas.<\/li>\r\n<li>Experiencias actuales o recientes.<\/li>\r\n<\/ul>\r\n<p>&nbsp;<\/p>\r\n<p>El CEP se reserva el derecho de publicaci\u00f3n de las experiencias presentadas.<\/p>\r\n","protected":false},"excerpt":{"rendered":"<p>Este espacio tiene como objetivo visibilizar y compartir experiencias educativas que han sido llevadas a la pr\u00e1ctica en centros de nuestra zona y que pueden ser modelo inspirador para&nbsp; otros docentes. De esta manera,&#46;&#46;&#46;<\/p>\n","protected":false},"author":11613,"featured_media":0,"parent":0,"menu_order":0,"comment_status":"closed","ping_status":"open","template":"","meta":{"ngg_post_thumbnail":0,"footnotes":""},"aioseo_notices":[],"_links":{"self":[{"href":"https:\/\/blogsaverroes.juntadeandalucia.es\/ceplebrija\/wp-json\/wp\/v2\/pages\/2"}],"collection":[{"href":"https:\/\/blogsaverroes.juntadeandalucia.es\/ceplebrija\/wp-json\/wp\/v2\/pages"}],"about":[{"href":"https:\/\/blogsaverroes.juntadeandalucia.es\/ceplebrija\/wp-json\/wp\/v2\/types\/page"}],"author":[{"embeddable":true,"href":"https:\/\/blogsaverroes.juntadeandalucia.es\/ceplebrija\/wp-json\/wp\/v2\/users\/11613"}],"replies":[{"embeddable":true,"href":"https:\/\/blogsaverroes.juntadeandalucia.es\/ceplebrija\/wp-json\/wp\/v2\/comments?post=2"}],"version-history":[{"count":21,"href":"https:\/\/blogsaverroes.juntadeandalucia.es\/ceplebrija\/wp-json\/wp\/v2\/pages\/2\/revisions"}],"predecessor-version":[{"id":433,"href":"https:\/\/blogsaverroes.juntadeandalucia.es\/ceplebrija\/wp-json\/wp\/v2\/pages\/2\/revisions\/433"}],"wp:attachment":[{"href":"https:\/\/blogsaverroes.juntadeandalucia.es\/ceplebrija\/wp-json\/wp\/v2\/media?parent=2"}],"curies":[{"name":"wp","href":"https:\/\/api.w.org\/{rel}","templated":true}]}}