{"id":615,"date":"2022-07-28T11:10:36","date_gmt":"2022-07-28T09:10:36","guid":{"rendered":"https:\/\/blogsaverroes.juntadeandalucia.es\/cepmotril\/?page_id=615"},"modified":"2022-07-28T11:21:00","modified_gmt":"2022-07-28T09:21:00","slug":"grupos-de-trabajo","status":"publish","type":"page","link":"https:\/\/blogsaverroes.juntadeandalucia.es\/cepmotril\/?page_id=615","title":{"rendered":"Grupos de Trabajo"},"content":{"rendered":"<p>[et_pb_section fb_built=&#8221;1&#8243; inner_shadow=&#8221;on&#8221; fullwidth=&#8221;on&#8221; _builder_version=&#8221;4.14.5&#8243; background_color=&#8221;#f7f7f7&#8243; transform_translate=&#8221;20px|2px&#8221; width=&#8221;99%&#8221; max_width=&#8221;96%&#8221; module_alignment=&#8221;left&#8221; max_height=&#8221;685px&#8221; custom_margin=&#8221;||-66px|||&#8221; global_colors_info=&#8221;{}&#8221;][et_pb_fullwidth_header text_orientation=&#8221;center&#8221; logo_image_url=&#8221;https:\/\/blogsaverroes.juntadeandalucia.es\/cepmotril\/files\/2022\/07\/Sin-t\u00edtulo.png&#8221; _builder_version=&#8221;4.14.5&#8243; background_color=&#8221;rgba(255, 255, 255, 0)&#8221; transform_scale=&#8221;132%|132%&#8221; transform_translate=&#8221;-8px|-57px&#8221; background_layout=&#8221;light&#8221; width=&#8221;100%&#8221; max_width=&#8221;22%&#8221; module_alignment=&#8221;left&#8221; custom_padding=&#8221;||0px|||&#8221; global_colors_info=&#8221;{}&#8221; button_one_text_size__hover_enabled=&#8221;off&#8221; button_two_text_size__hover_enabled=&#8221;off&#8221; button_one_text_color__hover_enabled=&#8221;off&#8221; button_two_text_color__hover_enabled=&#8221;off&#8221; button_one_border_width__hover_enabled=&#8221;off&#8221; button_two_border_width__hover_enabled=&#8221;off&#8221; button_one_border_color__hover_enabled=&#8221;off&#8221; button_two_border_color__hover_enabled=&#8221;off&#8221; button_one_border_radius__hover_enabled=&#8221;off&#8221; button_two_border_radius__hover_enabled=&#8221;off&#8221; button_one_letter_spacing__hover_enabled=&#8221;off&#8221; button_two_letter_spacing__hover_enabled=&#8221;off&#8221; button_one_bg_color__hover_enabled=&#8221;off&#8221; button_two_bg_color__hover_enabled=&#8221;off&#8221;][\/et_pb_fullwidth_header][\/et_pb_section][et_pb_section fb_built=&#8221;1&#8243; _builder_version=&#8221;3.22&#8243; global_colors_info=&#8221;{}&#8221;][et_pb_row _builder_version=&#8221;3.25&#8243; background_size=&#8221;initial&#8221; background_position=&#8221;top_left&#8221; background_repeat=&#8221;repeat&#8221; global_colors_info=&#8221;{}&#8221;][et_pb_column type=&#8221;4_4&#8243; _builder_version=&#8221;3.25&#8243; custom_padding=&#8221;|||&#8221; global_colors_info=&#8221;{}&#8221; custom_padding__hover=&#8221;|||&#8221;][et_pb_text _builder_version=&#8221;4.14.5&#8243; _module_preset=&#8221;default&#8221; custom_padding=&#8221;||0px|||&#8221; hover_enabled=&#8221;0&#8243; global_colors_info=&#8221;{}&#8221; sticky_enabled=&#8221;0&#8243;]<\/p>\n<p>En este espacio vamos a compartir todo lo relacionado con los Grupos de Trabajo que estamos llevando a cabo.<\/p>\n<p>Animamos a toda la Comunidad Educativa a formar parte de los mismos, no dud\u00e9is en contactar, para obtener m\u00e1s informaci\u00f3n.<\/p>\n<p>&nbsp;<\/p>\n<p>[\/et_pb_text][\/et_pb_column][\/et_pb_row][\/et_pb_section]<\/p>\n","protected":false},"excerpt":{"rendered":"<p>En este espacio vamos a compartir todo lo relacionado con los Grupos de Trabajo que estamos llevando a cabo. Animamos a toda la Comunidad Educativa a formar parte de los mismos, no dud\u00e9is en contactar, para obtener m\u00e1s informaci\u00f3n. &nbsp;<\/p>\n","protected":false},"author":15224,"featured_media":0,"parent":0,"menu_order":0,"comment_status":"closed","ping_status":"closed","template":"","meta":{"_et_pb_use_builder":"on","_et_pb_old_content":"","_et_gb_content_width":"","ngg_post_thumbnail":0,"footnotes":""},"aioseo_notices":[],"_links":{"self":[{"href":"https:\/\/blogsaverroes.juntadeandalucia.es\/cepmotril\/index.php?rest_route=\/wp\/v2\/pages\/615"}],"collection":[{"href":"https:\/\/blogsaverroes.juntadeandalucia.es\/cepmotril\/index.php?rest_route=\/wp\/v2\/pages"}],"about":[{"href":"https:\/\/blogsaverroes.juntadeandalucia.es\/cepmotril\/index.php?rest_route=\/wp\/v2\/types\/page"}],"author":[{"embeddable":true,"href":"https:\/\/blogsaverroes.juntadeandalucia.es\/cepmotril\/index.php?rest_route=\/wp\/v2\/users\/15224"}],"replies":[{"embeddable":true,"href":"https:\/\/blogsaverroes.juntadeandalucia.es\/cepmotril\/index.php?rest_route=%2Fwp%2Fv2%2Fcomments&post=615"}],"version-history":[{"count":5,"href":"https:\/\/blogsaverroes.juntadeandalucia.es\/cepmotril\/index.php?rest_route=\/wp\/v2\/pages\/615\/revisions"}],"predecessor-version":[{"id":636,"href":"https:\/\/blogsaverroes.juntadeandalucia.es\/cepmotril\/index.php?rest_route=\/wp\/v2\/pages\/615\/revisions\/636"}],"wp:attachment":[{"href":"https:\/\/blogsaverroes.juntadeandalucia.es\/cepmotril\/index.php?rest_route=%2Fwp%2Fv2%2Fmedia&parent=615"}],"curies":[{"name":"wp","href":"https:\/\/api.w.org\/{rel}","templated":true}]}}