{"id":773,"date":"2024-01-21T19:19:34","date_gmt":"2024-01-21T18:19:34","guid":{"rendered":"https:\/\/blogsaverroes.juntadeandalucia.es\/cepmotril\/?page_id=773"},"modified":"2024-01-24T11:44:01","modified_gmt":"2024-01-24T10:44:01","slug":"actividades-relacionadas","status":"publish","type":"page","link":"https:\/\/blogsaverroes.juntadeandalucia.es\/cepmotril\/?page_id=773","title":{"rendered":"Actividades relacionadas"},"content":{"rendered":"<p>&nbsp;<\/p>\n<p><img decoding=\"async\" class=\"size-medium wp-image-797 aligncenter\" src=\"https:\/\/blogsaverroes.juntadeandalucia.es\/cepmotril\/files\/2024\/01\/WhatsApp-Image-2024-01-20-at-12.27.06-1-300x73.jpeg\" alt=\"\" width=\"300\" height=\"73\"><\/p>\n<p>&nbsp;<\/p>\n<p style=\"text-align: center\"><strong>II ENCUENTRO PROVINCIAL ERASMUS + Y BILING\u00dc\u00cdSMO<\/strong><\/p>\n<p style=\"text-align: center\">El pasado 15 de abril de 2023, organizamos esta actividad formativa, con objeto de dar visualizaci\u00f3n a los proyectos que se est\u00e1n realizando en nuestros centros, al tiempo que llamamos la atenci\u00f3n del resto de nuestros centros, para que se animen a forma parte de esta experiencia.<\/p>\n<p>&nbsp;<\/p>\n<div style=\"width: 1080px;\" class=\"wp-video\"><!--[if lt IE 9]><script>document.createElement('video');<\/script><![endif]-->\n<video class=\"wp-video-shortcode\" id=\"video-773-1\" width=\"1080\" height=\"608\" preload=\"metadata\" controls=\"controls\"><source type=\"video\/mp4\" src=\"https:\/\/blogsaverroes.juntadeandalucia.es\/cepmotril\/files\/2024\/01\/Encuentro.mp4?_=1\" \/><a href=\"https:\/\/blogsaverroes.juntadeandalucia.es\/cepmotril\/files\/2024\/01\/Encuentro.mp4\">https:\/\/blogsaverroes.juntadeandalucia.es\/cepmotril\/files\/2024\/01\/Encuentro.mp4<\/a><\/video><\/div>\n<p>&nbsp;<\/p>\n<p>&nbsp;<\/p>\n<p>Aprovechamos este espacio para compartiros un video resumen de las experiencias de jobshadowing que utilizamos para dar difusi\u00f3n a las actividades realizadas en nuestro Proyecto<\/p>\n<div style=\"width: 1080px;\" class=\"wp-video\"><video class=\"wp-video-shortcode\" id=\"video-773-2\" width=\"1080\" height=\"608\" preload=\"metadata\" controls=\"controls\"><source type=\"video\/mp4\" src=\"https:\/\/blogsaverroes.juntadeandalucia.es\/cepmotril\/files\/2024\/01\/Video-Erasmus-comprimido.mp4?_=2\" \/><a href=\"https:\/\/blogsaverroes.juntadeandalucia.es\/cepmotril\/files\/2024\/01\/Video-Erasmus-comprimido.mp4\">https:\/\/blogsaverroes.juntadeandalucia.es\/cepmotril\/files\/2024\/01\/Video-Erasmus-comprimido.mp4<\/a><\/video><\/div>\n<p>&nbsp;<\/p>\n","protected":false},"excerpt":{"rendered":"<p>&nbsp; &nbsp; II ENCUENTRO PROVINCIAL ERASMUS + Y BILING\u00dc\u00cdSMO El pasado 15 de abril de 2023, organizamos esta actividad formativa, con objeto de dar visualizaci\u00f3n a los proyectos que se est\u00e1n realizando en nuestros centros, al tiempo que llamamos la atenci\u00f3n del resto de nuestros centros, para que se animen a forma parte de esta [&hellip;]<\/p>\n","protected":false},"author":15224,"featured_media":0,"parent":0,"menu_order":0,"comment_status":"closed","ping_status":"closed","template":"","meta":{"_et_pb_use_builder":"","_et_pb_old_content":"","_et_gb_content_width":"","ngg_post_thumbnail":0,"footnotes":""},"aioseo_notices":[],"_links":{"self":[{"href":"https:\/\/blogsaverroes.juntadeandalucia.es\/cepmotril\/index.php?rest_route=\/wp\/v2\/pages\/773"}],"collection":[{"href":"https:\/\/blogsaverroes.juntadeandalucia.es\/cepmotril\/index.php?rest_route=\/wp\/v2\/pages"}],"about":[{"href":"https:\/\/blogsaverroes.juntadeandalucia.es\/cepmotril\/index.php?rest_route=\/wp\/v2\/types\/page"}],"author":[{"embeddable":true,"href":"https:\/\/blogsaverroes.juntadeandalucia.es\/cepmotril\/index.php?rest_route=\/wp\/v2\/users\/15224"}],"replies":[{"embeddable":true,"href":"https:\/\/blogsaverroes.juntadeandalucia.es\/cepmotril\/index.php?rest_route=%2Fwp%2Fv2%2Fcomments&post=773"}],"version-history":[{"count":8,"href":"https:\/\/blogsaverroes.juntadeandalucia.es\/cepmotril\/index.php?rest_route=\/wp\/v2\/pages\/773\/revisions"}],"predecessor-version":[{"id":815,"href":"https:\/\/blogsaverroes.juntadeandalucia.es\/cepmotril\/index.php?rest_route=\/wp\/v2\/pages\/773\/revisions\/815"}],"wp:attachment":[{"href":"https:\/\/blogsaverroes.juntadeandalucia.es\/cepmotril\/index.php?rest_route=%2Fwp%2Fv2%2Fmedia&parent=773"}],"curies":[{"name":"wp","href":"https:\/\/api.w.org\/{rel}","templated":true}]}}