{"id":1061,"date":"2024-05-28T09:30:49","date_gmt":"2024-05-28T08:30:49","guid":{"rendered":"https:\/\/blogsaverroes.juntadeandalucia.es\/cepr-san-jose\/?page_id=1061"},"modified":"2025-11-28T12:42:03","modified_gmt":"2025-11-28T11:42:03","slug":"efemerides","status":"publish","type":"page","link":"https:\/\/blogsaverroes.juntadeandalucia.es\/cepr-san-jose\/efemerides\/","title":{"rendered":"Efem\u00e9rides"},"content":{"rendered":"<p><span style=\"font-size: 18pt;color: #000000;font-family: tahoma, arial, helvetica, sans-serif\">Efem\u00e9rides trabajadas en el centro a lo largo del curso escolar:<\/span><\/p>\n<p><span style=\"font-size: 18pt;color: #000000;font-family: tahoma, arial, helvetica, sans-serif\"><strong>1\u00ba Trimestre<br \/>\n<\/strong><em><strong><br \/>\n<\/strong><\/em><span style=\"font-weight: 400\"><em><strong>Octubre:<\/strong><\/em><br \/>\nD\u00eda Mundial de la Salud Mental, d\u00eda 10.<br \/>\nD\u00eda de La Hispanidad, d\u00eda 12.<br \/>\nFeria de la Apicultura de Prado del Rey (Feria de la Miel).<br \/>\nD\u00eda de la Empresa Andaluza, d\u00eda 28.<br \/>\nHalloween y Todos los Santos, d\u00eda 31.<\/span><\/span><\/p>\n<p><span style=\"font-size: 18pt;color: #000000;font-family: tahoma, arial, helvetica, sans-serif\"><span style=\"font-weight: 400\"><em><strong>Noviembre:<br \/>\n<\/strong><\/em><\/span><\/span><span style=\"font-size: 18pt;color: #000000;font-family: tahoma, arial, helvetica, sans-serif\"><span style=\"font-weight: 400\">D\u00eda del Flamenco, d\u00eda 16.<br \/>\n<\/span><\/span><span style=\"font-size: 18pt;color: #000000;font-family: tahoma, arial, helvetica, sans-serif\"><span style=\"font-weight: 400\">D\u00eda Mundial de la Infancia, d\u00eda 20.<br \/>\nD\u00eda Internacional de la M\u00fasica, d\u00eda 22.<br \/>\nD\u00eda Internacional de la eliminaci\u00f3n de la violencia contra la mujer, d\u00eda 25.<\/span><\/span><\/p>\n<p><span style=\"font-size: 18pt;color: #000000;font-family: tahoma, arial, helvetica, sans-serif\"><span style=\"font-weight: 400\"><em><strong>Diciembre:<\/strong><\/em><br \/>\nD\u00eda de la Discapacidad, d\u00eda 3.<br \/>\nD\u00eda de la Bandera Andaluza, d\u00eda 4.<br \/>\nD\u00eda de la Constituci\u00f3n Espa\u00f1ola, d\u00eda 6.<br \/>\nD\u00eda de la Lectura en Andaluc\u00eda, d\u00eda 16.<br \/>\nNavidad.<br \/>\n<\/span><span style=\"font-weight: 400\"><br \/>\n<\/span><\/span><\/p>\n<p><span style=\"font-size: 18pt;color: #000000;font-family: tahoma, arial, helvetica, sans-serif\"><strong>2\u00ba Trimestre<br \/>\n<\/strong><span style=\"font-weight: 400\"><br \/>\n<\/span><span style=\"font-weight: 400\"><em><strong>Enero:<\/strong><\/em><br \/>\nD\u00eda Escolar de la No-violencia y la Paz, d\u00eda 30.<br \/>\n<\/span><span style=\"font-weight: 400\"><br \/>\n<\/span><span style=\"font-weight: 400\"><em><strong>Febrero:<\/strong><\/em><br \/>\nD\u00eda Internacional de la Mujer y la Ni\u00f1a en la Ciencia, d\u00eda 11.<br \/>\nD\u00eda de Andaluc\u00eda, d\u00eda 28.<br \/>\nCarnaval.<br \/>\n<\/span><span style=\"font-weight: 400\"><br \/>\n<\/span><span style=\"font-weight: 400\"><em><strong>Marzo:<\/strong><\/em><br \/>\nD\u00eda Internacional de la Mujer, d\u00eda 8.<br \/>\nJuegos de San Jos\u00e9, d\u00eda 19.<br \/>\n<\/span><span style=\"font-weight: 400\">Procesi\u00f3n escolar San Jos\u00e9.<\/span><\/span><\/p>\n<p><span style=\"font-size: 18pt;color: #000000;font-family: tahoma, arial, helvetica, sans-serif\"><span style=\"font-weight: 400\"><br \/>\n<\/span><strong>3\u00ba Trimestre<br \/>\n<\/strong><span style=\"font-weight: 400\"><br \/>\n<\/span><span style=\"font-weight: 400\"><em><strong>Abril:<\/strong><\/em><br \/>\nD\u00eda Internacional de la Salud, d\u00eda 7.<br \/>\nD\u00eda del Libro, d\u00eda 23.<br \/>\nD\u00eda de la Fundaci\u00f3n de Prado del Rey, d\u00eda 29.<\/span><\/span><\/p>\n<p><span style=\"font-size: 18pt;color: #000000;font-family: tahoma, arial, helvetica, sans-serif\"><span style=\"font-weight: 400\"><strong><em>Mayo<\/em>:<\/strong><br \/>\nD\u00eda de Europa, d\u00eda 9.<br \/>\nD\u00eda Internacional de la Familia, d\u00eda 15.<br \/>\nRomer\u00eda de San Isidro Labrador de Prado del Rey, d\u00eda 15.<br \/>\nD\u00eda Mundial de la Orientaci\u00f3n, d\u00eda 23.<br \/>\nD\u00eda Mundial Sin Tabaco, d\u00eda 31.<\/span><\/span><\/p>\n<p><span style=\"font-size: 18pt;color: #000000;font-family: tahoma, arial, helvetica, sans-serif\"><span style=\"font-weight: 400\"><em><strong>Junio:<\/strong><\/em><br \/>\nD\u00eda del Medio Ambiente, d\u00eda 5.<br \/>\nD\u00eda de la Memoria Hist\u00f3rica y Democr\u00e1tica, d\u00eda 14.<br \/>\nFiesta del Agua.<br \/>\nFiesta de Fin de Curso.<br \/>\n<\/span><b><br \/>\n<\/b><\/span><\/p>\n","protected":false},"excerpt":{"rendered":"<p>Efem\u00e9rides trabajadas en el centro a lo largo del curso escolar: 1\u00ba Trimestre Octubre: D\u00eda Mundial de la Salud Mental, d\u00eda 10. D\u00eda de La Hispanidad, d\u00eda 12. Feria de la Apicultura de Prado del Rey (Feria de la Miel). D\u00eda de la Empresa Andaluza, d\u00eda 28. Halloween y Todos los Santos, d\u00eda 31. Noviembre: [&hellip;]<\/p>\n","protected":false},"author":19601,"featured_media":1108,"parent":0,"menu_order":0,"comment_status":"closed","ping_status":"closed","template":"","meta":{"_et_pb_use_builder":"","_et_pb_old_content":"","_et_gb_content_width":"","ngg_post_thumbnail":0,"footnotes":""},"aioseo_notices":[],"_links":{"self":[{"href":"https:\/\/blogsaverroes.juntadeandalucia.es\/cepr-san-jose\/wp-json\/wp\/v2\/pages\/1061"}],"collection":[{"href":"https:\/\/blogsaverroes.juntadeandalucia.es\/cepr-san-jose\/wp-json\/wp\/v2\/pages"}],"about":[{"href":"https:\/\/blogsaverroes.juntadeandalucia.es\/cepr-san-jose\/wp-json\/wp\/v2\/types\/page"}],"author":[{"embeddable":true,"href":"https:\/\/blogsaverroes.juntadeandalucia.es\/cepr-san-jose\/wp-json\/wp\/v2\/users\/19601"}],"replies":[{"embeddable":true,"href":"https:\/\/blogsaverroes.juntadeandalucia.es\/cepr-san-jose\/wp-json\/wp\/v2\/comments?post=1061"}],"version-history":[{"count":8,"href":"https:\/\/blogsaverroes.juntadeandalucia.es\/cepr-san-jose\/wp-json\/wp\/v2\/pages\/1061\/revisions"}],"predecessor-version":[{"id":2557,"href":"https:\/\/blogsaverroes.juntadeandalucia.es\/cepr-san-jose\/wp-json\/wp\/v2\/pages\/1061\/revisions\/2557"}],"wp:featuredmedia":[{"embeddable":true,"href":"https:\/\/blogsaverroes.juntadeandalucia.es\/cepr-san-jose\/wp-json\/wp\/v2\/media\/1108"}],"wp:attachment":[{"href":"https:\/\/blogsaverroes.juntadeandalucia.es\/cepr-san-jose\/wp-json\/wp\/v2\/media?parent=1061"}],"curies":[{"name":"wp","href":"https:\/\/api.w.org\/{rel}","templated":true}]}}