{"id":823,"date":"2020-12-16T09:58:58","date_gmt":"2020-12-16T08:58:58","guid":{"rendered":"https:\/\/blogsaverroes.juntadeandalucia.es\/pre\/plantilla-pencil\/?page_id=733"},"modified":"2025-01-24T12:48:12","modified_gmt":"2025-01-24T11:48:12","slug":"contactar-con-el-centro","status":"publish","type":"page","link":"https:\/\/blogsaverroes.juntadeandalucia.es\/cepr-san-jose\/contactar-con-el-centro\/","title":{"rendered":"Contactar con el centro"},"content":{"rendered":"<div class=\"x1hq5gj4\">\n<div class=\"x13faqbe x78zum5 xdt5ytf\">\n<div class=\"x9f619 x1n2onr6 x1ja2u2z x78zum5 x1nhvcw1 x1qjc9v5 xozqiw3 x1q0g3np xexx8yu xykv574 xbmpl8g x4cne27 xifccgj xs83m0k\">\n<div class=\"x9f619 x1n2onr6 x1ja2u2z x78zum5 xdt5ytf x193iq5w xeuugli x1r8uery x1iyjqo2 xs83m0k xamitd3 xsyo7zv x16hj40l x10b6aqq x1yrsyyn\">\n<div class=\"xzsf02u x6prxxf xvq8zen x126k92a x12nagc\"><span style=\"font-family: tahoma, arial, helvetica, sans-serif\"><span style=\"font-family: tahoma, arial, helvetica, sans-serif\"><span class=\"x193iq5w xeuugli x13faqbe x1vvkbs xlh3980 xvmahel x1n0sxbx x1lliihq x1s928wv xhkezso x1gmr53x x1cpjm7i x1fgarty x1943h6x x4zkp8e x3x7a5m x6prxxf xvq8zen xo1l8bm xzsf02u\" dir=\"auto\" style=\"font-size: 18pt\"><span class=\"x193iq5w xeuugli x13faqbe x1vvkbs xlh3980 xvmahel x1n0sxbx x1lliihq x1s928wv xhkezso x1gmr53x x1cpjm7i x1fgarty x1943h6x x4zkp8e x3x7a5m x6prxxf xvq8zen xo1l8bm xzsf02u\" dir=\"auto\" style=\"font-size: 18pt\"><span class=\"xi81zsa x1nxh6w3 x1sibtaa\"><b><img loading=\"lazy\" decoding=\"async\" class=\"wp-image-1669 alignleft\" src=\"https:\/\/blogsaverroes.juntadeandalucia.es\/cepr-san-jose\/files\/2025\/01\/casa.png\" alt=\"\" width=\"58\" height=\"58\" srcset=\"https:\/\/blogsaverroes.juntadeandalucia.es\/cepr-san-jose\/files\/2025\/01\/casa.png 225w, https:\/\/blogsaverroes.juntadeandalucia.es\/cepr-san-jose\/files\/2025\/01\/casa-150x150.png 150w\" sizes=\"(max-width: 58px) 100vw, 58px\" \/><br \/>\n<span style=\"font-size: 18pt;font-family: tahoma, arial, helvetica, sans-serif\">Domicilio<\/span><\/b><span style=\"font-size: 18pt;font-family: tahoma, arial, helvetica, sans-serif\">:<\/span><\/span><\/span><\/span><\/span><\/span><\/div>\n<div>&nbsp;<\/div>\n<div class=\"xzsf02u x6prxxf xvq8zen x126k92a x12nagc\"><span style=\"font-size: 18pt;font-family: tahoma, arial, helvetica, sans-serif\">CEPR San Jos\u00e9<img loading=\"lazy\" decoding=\"async\" class=\"wp-image-988 alignright\" title=\"https:\/\/blogsaverroes.juntadeandalucia.es\/cepr-san-jose\/\" src=\"https:\/\/blogsaverroes.juntadeandalucia.es\/cepr-san-jose\/files\/2024\/05\/Colegio.jpg\" alt=\"\" width=\"481\" height=\"330\"><span class=\"x193iq5w xeuugli x13faqbe x1vvkbs xlh3980 xvmahel x1n0sxbx x1lliihq x1s928wv xhkezso x1gmr53x x1cpjm7i x1fgarty x1943h6x x4zkp8e x3x7a5m x6prxxf xvq8zen xo1l8bm xzsf02u\" dir=\"auto\"><span class=\"x193iq5w xeuugli x13faqbe x1vvkbs xlh3980 xvmahel x1n0sxbx x1lliihq x1s928wv xhkezso x1gmr53x x1cpjm7i x1fgarty x1943h6x x4zkp8e x3x7a5m x6prxxf xvq8zen xo1l8bm xzsf02u\" dir=\"auto\">&nbsp;<br \/>\n&nbsp; &nbsp; &nbsp; &nbsp; &nbsp; &nbsp; &nbsp; &nbsp;<br \/>\nAvda. Dos de Mayo, CP. 11660<\/span><\/span>&nbsp;<\/span><\/div>\n<div>&nbsp;<\/div>\n<div class=\"xzsf02u x6prxxf xvq8zen x126k92a x12nagc\"><span style=\"font-size: 18pt;font-family: tahoma, arial, helvetica, sans-serif\">Prado del Rey (C\u00e1diz)&nbsp;<\/span><\/div>\n<div>&nbsp;<\/div>\n<div>&nbsp;<\/div>\n<\/div>\n<\/div>\n<\/div>\n<\/div>\n<div class=\"x1hq5gj4\">\n<div class=\"x13faqbe x78zum5 xdt5ytf\">\n<div class=\"x9f619 x1n2onr6 x1ja2u2z x78zum5 x1r8uery x1iyjqo2 xs83m0k xeuugli x1nhvcw1 x1qjc9v5 xozqiw3 x1q0g3np xexx8yu xykv574 xbmpl8g x4cne27 xifccgj\">\n<div class=\"x1hq5gj4\">\n<div class=\"x13faqbe x78zum5 xdt5ytf\">\n<div>\n<div class=\"x9f619 x1n2onr6 x1ja2u2z x78zum5 x1nhvcw1 x1qjc9v5 xozqiw3 x1q0g3np xexx8yu xykv574 xbmpl8g x4cne27 xifccgj xs83m0k\">\n<div class=\"x9f619 x1n2onr6 x1ja2u2z x78zum5 xdt5ytf x193iq5w xeuugli x1r8uery x1iyjqo2 xs83m0k xamitd3 xsyo7zv x16hj40l x10b6aqq x1yrsyyn\">\n<div class=\"\">\n<div>&nbsp;<\/div>\n<\/div>\n<\/div>\n<\/div>\n<\/div>\n<\/div>\n<\/div>\n<div class=\"x1hq5gj4\">\n<div class=\"x13faqbe x78zum5 xdt5ytf\">\n<div class=\"x9f619 x1n2onr6 x1ja2u2z x78zum5 x1r8uery x1iyjqo2 xs83m0k xeuugli x1nhvcw1 x1qjc9v5 xozqiw3 x1q0g3np xexx8yu xykv574 xbmpl8g x4cne27 xifccgj\">\n<div class=\"x9f619 x1n2onr6 x1ja2u2z x78zum5 xdt5ytf x2lah0s x193iq5w xeuugli xsyo7zv x16hj40l x10b6aqq x1yrsyyn\"><span style=\"font-size: 18pt;font-family: tahoma, arial, helvetica, sans-serif\"><img loading=\"lazy\" decoding=\"async\" class=\"x1b0d499 xuo83w3\" src=\"https:\/\/static.xx.fbcdn.net\/rsrc.php\/v3\/yk\/r\/DWdJtZ5f6Hv.png\" alt=\"\" width=\"24\" height=\"24\">&nbsp; &nbsp;<strong>Tel\u00e9fono<br \/>\n<\/strong><\/span><br \/>\n<span style=\"font-family: tahoma, arial, helvetica, sans-serif\"><span style=\"font-size: 18pt\"><span style=\"font-size: 18pt\">&nbsp; &nbsp; &nbsp; &nbsp; &nbsp;956 70 96 38<\/span><\/span>&nbsp;<\/span><\/div>\n<\/div>\n<\/div>\n<\/div>\n<\/div>\n<\/div>\n<\/div>\n<div class=\"xat24cr\">\n<div class=\"x13faqbe x78zum5 xdt5ytf\">\n<div class=\"x9f619 x1n2onr6 x1ja2u2z x78zum5 x1r8uery x1iyjqo2 xs83m0k xeuugli x1nhvcw1 x1qjc9v5 xozqiw3 x1q0g3np xexx8yu xykv574 xbmpl8g x4cne27 xifccgj\">\n<div class=\"x9f619 x1n2onr6 x1ja2u2z x78zum5 xdt5ytf x193iq5w xeuugli x1r8uery x1iyjqo2 xs83m0k xamitd3 xsyo7zv x16hj40l x10b6aqq x1yrsyyn\">\n<div class=\"x1e56ztr x1gslohp\">\n<div class=\"x78zum5 xdt5ytf xz62fqu x16ldp7u\">\n<div class=\"xu06os2 x1ok221b\">\n<div class=\"x9f619 x1n2onr6 x1ja2u2z x78zum5 x2lah0s x1qughib x1qjc9v5 xozqiw3 x1q0g3np xexx8yu xykv574 xbmpl8g x4cne27 xifccgj\">\n<div class=\"x9f619 x1n2onr6 x1ja2u2z x78zum5 xdt5ytf x2lah0s x193iq5w xeuugli xsyo7zv x16hj40l x10b6aqq x1yrsyyn\">\n<div class=\"x78zum5 xdt5ytf xz62fqu x16ldp7u\">\n<div class=\"xu06os2 x1ok221b\">\n<div class=\"x1hq5gj4\">\n<div class=\"x13faqbe x78zum5 xdt5ytf\">\n<div>\n<div class=\"x9f619 x1n2onr6 x1ja2u2z x78zum5 x1nhvcw1 x1qjc9v5 xozqiw3 x1q0g3np xexx8yu xykv574 xbmpl8g x4cne27 xifccgj xs83m0k\">\n<div class=\"x9f619 x1n2onr6 x1ja2u2z x78zum5 xdt5ytf x193iq5w xeuugli x1r8uery x1iyjqo2 xs83m0k xamitd3 xsyo7zv x16hj40l x10b6aqq x1yrsyyn\">\n<div class=\"\">\n<div>&nbsp;<\/div>\n<\/div>\n<\/div>\n<\/div>\n<\/div>\n<\/div>\n<\/div>\n<div class=\"x1hq5gj4\">\n<div class=\"x13faqbe x78zum5 xdt5ytf\">\n<div class=\"x9f619 x1n2onr6 x1ja2u2z x78zum5 x1r8uery x1iyjqo2 xs83m0k xeuugli x1nhvcw1 x1qjc9v5 xozqiw3 x1q0g3np xexx8yu xykv574 xbmpl8g x4cne27 xifccgj\">\n<div class=\"x9f619 x1n2onr6 x1ja2u2z x78zum5 xdt5ytf x2lah0s x193iq5w xeuugli xsyo7zv x16hj40l x10b6aqq x1yrsyyn\"><span style=\"font-size: 18pt;font-family: tahoma, arial, helvetica, sans-serif\"><img loading=\"lazy\" decoding=\"async\" class=\"x1b0d499 xuo83w3\" src=\"https:\/\/static.xx.fbcdn.net\/rsrc.php\/v3\/yk\/r\/DWdJtZ5f6Hv.png\" alt=\"\" width=\"24\" height=\"24\">&nbsp; &nbsp;<strong>M\u00f3vil y Whatsapp<\/strong><br \/>\n<\/span><br \/>\n<span style=\"font-size: 18pt;font-family: tahoma, arial, helvetica, sans-serif\">&nbsp; &nbsp; &nbsp; &nbsp; &nbsp;697 95 18 01<\/span><\/div>\n<div>&nbsp;<\/div>\n<div class=\"x9f619 x1n2onr6 x1ja2u2z x78zum5 xdt5ytf x193iq5w xeuugli x1r8uery x1iyjqo2 xs83m0k xamitd3 xsyo7zv x16hj40l x10b6aqq x1yrsyyn\">\n<div class=\"x1e56ztr x1gslohp\">\n<div class=\"x78zum5 xdt5ytf xz62fqu x16ldp7u\">\n<div class=\"xu06os2 x1ok221b\">\n<div class=\"x9f619 x1n2onr6 x1ja2u2z x78zum5 x2lah0s x1qughib x1qjc9v5 xozqiw3 x1q0g3np xexx8yu xykv574 xbmpl8g x4cne27 xifccgj\">\n<div class=\"x9f619 x1n2onr6 x1ja2u2z x78zum5 xdt5ytf x2lah0s x193iq5w xeuugli xsyo7zv x16hj40l x10b6aqq x1yrsyyn\">\n<div class=\"x78zum5 xdt5ytf xz62fqu x16ldp7u\">\n<div class=\"xu06os2 x1ok221b\">&nbsp;<\/div>\n<\/div>\n<\/div>\n<\/div>\n<\/div>\n<\/div>\n<\/div>\n<\/div>\n<\/div>\n<\/div>\n<\/div>\n<div class=\"xat24cr\">\n<div class=\"x13faqbe x78zum5 xdt5ytf\">\n<div class=\"x9f619 x1n2onr6 x1ja2u2z x78zum5 x1r8uery x1iyjqo2 xs83m0k xeuugli x1nhvcw1 x1qjc9v5 xozqiw3 x1q0g3np xexx8yu xykv574 xbmpl8g x4cne27 xifccgj\">\n<h3 class=\"x9f619 x1n2onr6 x1ja2u2z x78zum5 xdt5ytf x2lah0s x193iq5w xeuugli xsyo7zv x16hj40l x10b6aqq x1yrsyyn\"><span style=\"font-size: 18pt;font-family: tahoma, arial, helvetica, sans-serif\"><img loading=\"lazy\" decoding=\"async\" class=\"x1b0d499 xuo83w3\" src=\"https:\/\/static.xx.fbcdn.net\/rsrc.php\/v3\/yQ\/r\/EahPQzUIa97.png\" alt=\"\" width=\"24\" height=\"24\">&nbsp; <strong>&nbsp;Correo electr\u00f3nico:<\/strong><br \/>\n<span class=\"x193iq5w xeuugli x13faqbe x1vvkbs xlh3980 xvmahel x1n0sxbx x1lliihq x1s928wv xhkezso x1gmr53x x1cpjm7i x1fgarty x1943h6x x4zkp8e x3x7a5m x6prxxf xvq8zen xo1l8bm xzsf02u x1yc453h\" dir=\"auto\"><span class=\"x193iq5w xeuugli x13faqbe x1vvkbs xlh3980 xvmahel x1n0sxbx x1lliihq x1s928wv xhkezso x1gmr53x x1cpjm7i x1fgarty x1943h6x x4zkp8e x3x7a5m x6prxxf xvq8zen xo1l8bm xzsf02u x1yc453h\" dir=\"auto\"><br \/>\n&nbsp; &nbsp; &nbsp; &nbsp; &nbsp;11602873.edu@juntadeandalucia.es<br \/>\n&nbsp; &nbsp; &nbsp; &nbsp;<br \/>\n<\/span><\/span><\/span><\/h3>\n<h3>&nbsp;<\/h3>\n<h3 class=\"x9f619 x1n2onr6 x1ja2u2z x78zum5 xdt5ytf x2lah0s x193iq5w xeuugli xsyo7zv x16hj40l x10b6aqq x1yrsyyn\"><span style=\"font-size: 18pt;font-family: tahoma, arial, helvetica, sans-serif\"><strong><br \/>\nHorario de atenci\u00f3n<\/strong>:<\/span><\/h3>\n<div>&nbsp;<\/div>\n<div>&nbsp;<\/div>\n<div class=\"x9f619 x1n2onr6 x1ja2u2z x78zum5 xdt5ytf x2lah0s x193iq5w xeuugli xsyo7zv x16hj40l x10b6aqq x1yrsyyn\">\n<p><span style=\"font-size: 18pt;font-family: tahoma, arial, helvetica, sans-serif\"><em><strong>Direcci\u00f3n<\/strong><\/em>:<\/span><\/p>\n<p><span style=\"font-size: 18pt;font-family: tahoma, arial, helvetica, sans-serif\">Martes de 13:00 a 14:00 horas.<\/span><\/p>\n<p><span style=\"font-family: tahoma, arial, helvetica, sans-serif\"><span style=\"font-size: 18pt\"><span style=\"font-size: 18pt\">Jueves de 13:00 a 14:00 horas.<\/span><\/span>&nbsp;<\/span><\/p>\n<\/div>\n<div>&nbsp;<\/div>\n<div>&nbsp;<\/div>\n<div class=\"x9f619 x1n2onr6 x1ja2u2z x78zum5 xdt5ytf x2lah0s x193iq5w xeuugli xsyo7zv x16hj40l x10b6aqq x1yrsyyn\"><span style=\"font-size: 18pt;font-family: tahoma, arial, helvetica, sans-serif\"><span style=\"font-size: 18pt\"><span style=\"font-size: 18pt\"><strong><em><br \/>\nJefatura:<\/em><\/strong><\/span><\/span><\/span><\/div>\n<div class=\"x9f619 x1n2onr6 x1ja2u2z x78zum5 xdt5ytf x2lah0s x193iq5w xeuugli xsyo7zv x16hj40l x10b6aqq x1yrsyyn\"><span style=\"font-family: tahoma, arial, helvetica, sans-serif\"><span style=\"font-size: 18pt\"><span style=\"font-size: 18pt\"><span style=\"font-size: 18pt\"><strong><em><br \/>\n<\/em><\/strong><\/span><\/span><\/span><span style=\"font-size: 18pt\">Martes de 9:00 a 10:00 horas.<\/span><\/span><br \/>\n<span style=\"font-family: tahoma, arial, helvetica, sans-serif\"><span style=\"font-size: 18pt\"><span style=\"font-size: 18pt\"><br \/>\nViernes de 13:00 a 14:00 horas.<\/span><\/span>&nbsp;<\/span><\/div>\n<div>&nbsp;<\/div>\n<div>&nbsp;<\/div>\n<div>&nbsp;<\/div>\n<div class=\"x9f619 x1n2onr6 x1ja2u2z x78zum5 xdt5ytf x2lah0s x193iq5w xeuugli xsyo7zv x16hj40l x10b6aqq x1yrsyyn\">\n<p><span style=\"font-size: 18pt;font-family: tahoma, arial, helvetica, sans-serif\"><strong><em>Secretar\u00eda:<\/em><\/strong><\/span><\/p>\n<p><span style=\"font-size: 18pt;font-family: tahoma, arial, helvetica, sans-serif\">Lunes de 9:00 a 10:00 horas.<\/span><br \/>\n<span style=\"font-family: tahoma, arial, helvetica, sans-serif\"><span style=\"font-size: 18pt\">&nbsp; &nbsp; &nbsp; &nbsp; &nbsp; &nbsp; &nbsp; &nbsp; &nbsp; &nbsp;<br \/>\nMi\u00e9rcoles de 13:00 a 14:00 horas.<\/span>&nbsp;<\/span><\/p>\n<p>&nbsp;<\/p>\n<\/div>\n<div class=\"x9f619 x1n2onr6 x1ja2u2z x78zum5 xdt5ytf x193iq5w xeuugli x1r8uery x1iyjqo2 xs83m0k xamitd3 xsyo7zv x16hj40l x10b6aqq x1yrsyyn\">\n<div class=\"x1e56ztr x1gslohp\">\n<div class=\"x78zum5 xdt5ytf xz62fqu x16ldp7u\">\n<div class=\"xu06os2 x1ok221b\">\n<div class=\"x9f619 x1n2onr6 x1ja2u2z x78zum5 x2lah0s x1qughib x1qjc9v5 xozqiw3 x1q0g3np xexx8yu xykv574 xbmpl8g x4cne27 xifccgj\">\n<div class=\"x9f619 x1n2onr6 x1ja2u2z x78zum5 xdt5ytf x2lah0s x193iq5w xeuugli xsyo7zv x16hj40l x10b6aqq x1yrsyyn\">\n<div class=\"x78zum5 xdt5ytf xz62fqu x16ldp7u\">\n<div class=\"xu06os2 x1ok221b\">\n<div class=\"x1hq5gj4\">\n<div class=\"x13faqbe x78zum5 xdt5ytf\">\n<div class=\"x9f619 x1n2onr6 x1ja2u2z x78zum5 x1nhvcw1 x1qjc9v5 xozqiw3 x1q0g3np xexx8yu xykv574 xbmpl8g x4cne27 xifccgj xs83m0k\">\n<div class=\"x9f619 x1n2onr6 x1ja2u2z x78zum5 xdt5ytf x193iq5w xeuugli x1r8uery x1iyjqo2 xs83m0k xamitd3 xsyo7zv x16hj40l x10b6aqq x1yrsyyn\">\n<div>&nbsp;<\/div>\n<div>&nbsp;<\/div>\n<div class=\"xzsf02u x6prxxf xvq8zen x126k92a x12nagc\"><span style=\"font-size: 18pt;font-family: tahoma, arial, helvetica, sans-serif\">Estamos en Prado del Rey (C\u00e1diz):<\/span><\/div>\n<div>&nbsp;<\/div>\n<\/div>\n<\/div>\n<\/div>\n<\/div>\n<\/div>\n<\/div>\n<\/div>\n<\/div>\n<\/div>\n<\/div>\n<\/div>\n<\/div>\n<\/div>\n<\/div>\n<\/div>\n<\/div>\n<\/div>\n<\/div>\n<\/div>\n<\/div>\n<\/div>\n<\/div>\n<\/div>\n<\/div>\n<\/div>\n<\/div>\n<p><iframe loading=\"lazy\" src=\"https:\/\/www.google.com\/maps\/embed?pb=!1m18!1m12!1m3!1d3195.162863179329!2d-5.556424024773144!3d36.790645372249806!2m3!1f0!2f0!3f0!3m2!1i1024!2i768!4f13.1!3m3!1m2!1s0xd0d1284fd7f3b2f%3A0xe61c0e192abbd345!2sColegio%20P%C3%BAblico%20San%20Jos%C3%A9!5e0!3m2!1ses!2ses!4v1716896550257!5m2!1ses!2ses\" width=\"800\" height=\"600\"><\/iframe><\/p>\n","protected":false},"excerpt":{"rendered":"<p>Domicilio: &nbsp; CEPR San Jos\u00e9&nbsp; &nbsp; &nbsp; &nbsp; &nbsp; &nbsp; &nbsp; &nbsp; &nbsp; Avda. Dos de Mayo, CP. 11660&nbsp; &nbsp; Prado del Rey (C\u00e1diz)&nbsp; &nbsp; &nbsp; &nbsp; &nbsp; &nbsp;Tel\u00e9fono &nbsp; &nbsp; &nbsp; &nbsp; &nbsp;956 70 96 38&nbsp; &nbsp; &nbsp; &nbsp;M\u00f3vil y Whatsapp &nbsp; &nbsp; &nbsp; &nbsp; &nbsp;697 95 18 01 &nbsp; &nbsp; &nbsp; &nbsp;Correo electr\u00f3nico: [&hellip;]<\/p>\n","protected":false},"author":7051,"featured_media":0,"parent":0,"menu_order":0,"comment_status":"closed","ping_status":"closed","template":"","meta":{"_et_pb_use_builder":"off","_et_pb_old_content":"","_et_gb_content_width":"","ngg_post_thumbnail":0,"footnotes":""},"aioseo_notices":[],"_links":{"self":[{"href":"https:\/\/blogsaverroes.juntadeandalucia.es\/cepr-san-jose\/wp-json\/wp\/v2\/pages\/823"}],"collection":[{"href":"https:\/\/blogsaverroes.juntadeandalucia.es\/cepr-san-jose\/wp-json\/wp\/v2\/pages"}],"about":[{"href":"https:\/\/blogsaverroes.juntadeandalucia.es\/cepr-san-jose\/wp-json\/wp\/v2\/types\/page"}],"author":[{"embeddable":true,"href":"https:\/\/blogsaverroes.juntadeandalucia.es\/cepr-san-jose\/wp-json\/wp\/v2\/users\/7051"}],"replies":[{"embeddable":true,"href":"https:\/\/blogsaverroes.juntadeandalucia.es\/cepr-san-jose\/wp-json\/wp\/v2\/comments?post=823"}],"version-history":[{"count":22,"href":"https:\/\/blogsaverroes.juntadeandalucia.es\/cepr-san-jose\/wp-json\/wp\/v2\/pages\/823\/revisions"}],"predecessor-version":[{"id":1678,"href":"https:\/\/blogsaverroes.juntadeandalucia.es\/cepr-san-jose\/wp-json\/wp\/v2\/pages\/823\/revisions\/1678"}],"wp:attachment":[{"href":"https:\/\/blogsaverroes.juntadeandalucia.es\/cepr-san-jose\/wp-json\/wp\/v2\/media?parent=823"}],"curies":[{"name":"wp","href":"https:\/\/api.w.org\/{rel}","templated":true}]}}