{"id":850,"date":"2020-12-18T08:41:27","date_gmt":"2020-12-18T07:41:27","guid":{"rendered":"https:\/\/blogsaverroes.juntadeandalucia.es\/pre\/plantilla-pencil\/?page_id=850"},"modified":"2025-11-28T12:44:31","modified_gmt":"2025-11-28T11:44:31","slug":"planes-y-proyectos","status":"publish","type":"page","link":"https:\/\/blogsaverroes.juntadeandalucia.es\/cepr-san-jose\/planes-y-proyectos\/","title":{"rendered":"Planes y Programas"},"content":{"rendered":"<p>&nbsp;<\/p>\n<table style=\"height: 772px;width: 67.3185%;border-collapse: collapse;border-style: solid;border-color: #030000\">\n<tbody>\n<tr style=\"height: 57px\">\n<td style=\"width: 100%;height: 44px;background-color: #b1f285;border-style: solid;border-color: #120101\">\n<h1 style=\"text-align: center\"><span style=\"font-size: 18pt\"><strong>PLANES Y PROGRAMAS<\/strong><\/span><\/h1>\n<\/td>\n<\/tr>\n<tr style=\"height: 57px\">\n<td style=\"width: 100%;height: 57px;border-color: #0a0101;border-style: solid;background-color: #f5faeb\">\n<ul>\n<li><span style=\"font-size: 18pt;font-family: tahoma, arial, helvetica, sans-serif;color: #000000\">Prado del Rey Escuela: &#8220;Espacio de Paz&#8221;<\/span><\/li>\n<\/ul>\n<\/td>\n<\/tr>\n<tr style=\"height: 57px\">\n<td style=\"width: 100%;height: 57px;border-style: solid;border-color: #0d0101;background-color: #f5faeb\">\n<ul>\n<li><span style=\"font-size: 18pt;font-family: tahoma, arial, helvetica, sans-serif;color: #000000\">Plan de Igualdad de G\u00e9nero en Educaci\u00f3n<\/span><\/li>\n<\/ul>\n<\/td>\n<\/tr>\n<tr style=\"height: 23px\">\n<td style=\"width: 100%;height: 23px;border-color: #080101;border-style: solid;background-color: #f5faeb\">\n<ul>\n<li><span style=\"font-size: 18pt;font-family: tahoma, arial, helvetica, sans-serif;color: #000000\">Programa de H\u00e1bitos Saludables<\/span><\/li>\n<\/ul>\n<\/td>\n<\/tr>\n<tr style=\"height: 23px\">\n<td style=\"width: 100%;height: 23px;border-style: solid;border-color: #080101;background-color: #f5faeb\">\n<ul>\n<li><span style=\"font-size: 18pt;font-family: tahoma, arial, helvetica, sans-serif;color: #000000\">Plan de Apertura de Centros Docentes<\/span><\/li>\n<\/ul>\n<\/td>\n<\/tr>\n<tr style=\"height: 23px\">\n<td style=\"width: 100%;height: 23px;border-style: solid;border-color: #0a0101;background-color: #f5faeb\">\n<ul>\n<li><span style=\"font-size: 18pt;font-family: tahoma, arial, helvetica, sans-serif;color: #000000\">Plan de Salud Laboral y PRL.<\/span><\/li>\n<\/ul>\n<\/td>\n<\/tr>\n<tr style=\"height: 23px\">\n<td style=\"width: 100%;height: 23px;border-style: solid;border-color: #0d0101;background-color: #f5faeb\">\n<ul>\n<li><span style=\"font-size: 18pt;font-family: tahoma, arial, helvetica, sans-serif;color: #000000\">Organizaci\u00f3n y Funcionamiento de Bibliotecas Escolares<\/span><\/li>\n<\/ul>\n<\/td>\n<\/tr>\n<tr style=\"height: 56px\">\n<td style=\"width: 100%;border-style: solid;border-color: #0d0101;background-color: #f5faeb;height: 56px\">\n<ul>\n<li><span style=\"font-size: 18pt;font-family: tahoma, arial, helvetica, sans-serif;color: #000000\">Convivencia Escolar<\/span><\/li>\n<\/ul>\n<\/td>\n<\/tr>\n<tr style=\"height: 56px\">\n<td style=\"width: 100%;border-style: solid;border-color: #0d0101;background-color: #f5faeb;height: 56px\">\n<ul>\n<li><span style=\"font-size: 18pt;font-family: tahoma, arial, helvetica, sans-serif;color: #000000\">Practicum Grado Maestro<\/span><\/li>\n<\/ul>\n<\/td>\n<\/tr>\n<tr style=\"height: 56px\">\n<td style=\"width: 100%;border-style: solid;border-color: #0d0101;background-color: #f5faeb;height: 56px\">\n<ul>\n<li><span style=\"font-size: 18pt;font-family: tahoma, arial, helvetica, sans-serif;color: #000000\">Programa de Tr\u00e1nsito<\/span><\/li>\n<\/ul>\n<\/td>\n<\/tr>\n<tr style=\"height: 56px\">\n<td style=\"width: 100%;border-style: solid;border-color: #0d0101;background-color: #f5faeb;height: 56px\">\n<ul>\n<li><span style=\"font-size: 18pt;font-family: tahoma, arial, helvetica, sans-serif;color: #000000\">Prevenci\u00f3n de Violencia de G\u00e9nero<\/span><\/li>\n<\/ul>\n<\/td>\n<\/tr>\n<tr style=\"height: 56px\">\n<td style=\"width: 100%;border-style: solid;border-color: #0d0101;background-color: #f5faeb;height: 56px\">\n<ul>\n<li><span style=\"font-size: 18pt;font-family: tahoma, arial, helvetica, sans-serif;color: #000000\">Huerto Escolar y Gallinero<\/span><\/li>\n<\/ul>\n<\/td>\n<\/tr>\n<tr style=\"height: 56px\">\n<td style=\"width: 100%;border-style: solid;border-color: #0d0101;background-color: #f5faeb;height: 56px\">\n<ul>\n<li><span style=\"font-size: 18pt;font-family: tahoma, arial, helvetica, sans-serif;color: #000000\">Transformaci\u00f3n Digital Educativa<\/span><\/li>\n<\/ul>\n<\/td>\n<\/tr>\n<tr style=\"height: 56px\">\n<td style=\"width: 100%;border-style: solid;border-color: #0d0101;background-color: #f5faeb;height: 56px\">\n<ul>\n<li><span style=\"font-size: 18pt;font-family: tahoma, arial, helvetica, sans-serif;color: #000000\">Plan Director<\/span><\/li>\n<\/ul>\n<\/td>\n<\/tr>\n<tr style=\"height: 23px\">\n<td style=\"width: 100%;height: 23px;border-color: #170202;border-style: solid;background-color: #f5faeb\">\n<ul>\n<li><span style=\"font-size: 18pt;font-family: tahoma, arial, helvetica, sans-serif;color: #000000\">Programa Mentor 10<\/span><\/li>\n<\/ul>\n<\/td>\n<\/tr>\n<tr style=\"height: 51px\">\n<td style=\"width: 100%;border-color: #170202;border-style: solid;background-color: #f5faeb;height: 51px\">\n<ul>\n<li><span style=\"font-size: 18pt;font-family: tahoma, arial, helvetica, sans-serif;color: #000000\">Programa Aldea<\/span><\/li>\n<\/ul>\n<\/td>\n<\/tr>\n<tr style=\"height: 56px\">\n<td style=\"width: 100%;border-color: #170202;border-style: solid;background-color: #f5faeb;height: 56px\">\n<ul>\n<li><span style=\"font-size: 18pt;font-family: tahoma, arial, helvetica, sans-serif;color: #000000\">M\u00e1s Deporte (Escuelas Deportivas)<\/span><\/li>\n<\/ul>\n<\/td>\n<\/tr>\n<\/tbody>\n<\/table>\n<p>&nbsp;<\/p>\n<p>&nbsp;<\/p>\n","protected":false},"excerpt":{"rendered":"<p>&nbsp; PLANES Y PROGRAMAS Prado del Rey Escuela: &#8220;Espacio de Paz&#8221; Plan de Igualdad de G\u00e9nero en Educaci\u00f3n Programa de H\u00e1bitos Saludables Plan de Apertura de Centros Docentes Plan de Salud Laboral y PRL. Organizaci\u00f3n y Funcionamiento de Bibliotecas Escolares Convivencia Escolar Practicum Grado Maestro Programa de Tr\u00e1nsito Prevenci\u00f3n de Violencia de G\u00e9nero Huerto Escolar [&hellip;]<\/p>\n","protected":false},"author":7051,"featured_media":0,"parent":0,"menu_order":0,"comment_status":"closed","ping_status":"closed","template":"","meta":{"_et_pb_use_builder":"off","_et_pb_old_content":"","_et_gb_content_width":"","ngg_post_thumbnail":0,"footnotes":""},"aioseo_notices":[],"_links":{"self":[{"href":"https:\/\/blogsaverroes.juntadeandalucia.es\/cepr-san-jose\/wp-json\/wp\/v2\/pages\/850"}],"collection":[{"href":"https:\/\/blogsaverroes.juntadeandalucia.es\/cepr-san-jose\/wp-json\/wp\/v2\/pages"}],"about":[{"href":"https:\/\/blogsaverroes.juntadeandalucia.es\/cepr-san-jose\/wp-json\/wp\/v2\/types\/page"}],"author":[{"embeddable":true,"href":"https:\/\/blogsaverroes.juntadeandalucia.es\/cepr-san-jose\/wp-json\/wp\/v2\/users\/7051"}],"replies":[{"embeddable":true,"href":"https:\/\/blogsaverroes.juntadeandalucia.es\/cepr-san-jose\/wp-json\/wp\/v2\/comments?post=850"}],"version-history":[{"count":13,"href":"https:\/\/blogsaverroes.juntadeandalucia.es\/cepr-san-jose\/wp-json\/wp\/v2\/pages\/850\/revisions"}],"predecessor-version":[{"id":2558,"href":"https:\/\/blogsaverroes.juntadeandalucia.es\/cepr-san-jose\/wp-json\/wp\/v2\/pages\/850\/revisions\/2558"}],"wp:attachment":[{"href":"https:\/\/blogsaverroes.juntadeandalucia.es\/cepr-san-jose\/wp-json\/wp\/v2\/media?parent=850"}],"curies":[{"name":"wp","href":"https:\/\/api.w.org\/{rel}","templated":true}]}}