{"id":2773,"date":"2025-04-10T08:05:09","date_gmt":"2025-04-10T07:05:09","guid":{"rendered":"https:\/\/blogsaverroes.juntadeandalucia.es\/cepralmaden\/?page_id=2773"},"modified":"2025-08-26T22:08:14","modified_gmt":"2025-08-26T21:08:14","slug":"plan-de-apertura","status":"publish","type":"page","link":"https:\/\/blogsaverroes.juntadeandalucia.es\/cepralmaden\/plan-de-apertura\/","title":{"rendered":"Plan De Apertura"},"content":{"rendered":"\t\t<div data-elementor-type=\"wp-page\" data-elementor-id=\"2773\" class=\"elementor elementor-2773\">\n\t\t\t\t<div class=\"elementor-element elementor-element-20b47cd e-flex e-con-boxed e-con e-parent\" data-id=\"20b47cd\" data-element_type=\"container\" data-settings=\"{&quot;background_background&quot;:&quot;classic&quot;}\">\n\t\t\t\t\t<div class=\"e-con-inner\">\n\t\t\t\t<div class=\"elementor-element elementor-element-c8a9bbe elementor-widget elementor-widget-image\" data-id=\"c8a9bbe\" data-element_type=\"widget\" data-widget_type=\"image.default\">\n\t\t\t\t<div class=\"elementor-widget-container\">\n\t\t\t\t\t\t\t\t\t\t\t\t\t\t\t<img fetchpriority=\"high\" fetchpriority=\"high\" decoding=\"async\" width=\"300\" height=\"200\" src=\"https:\/\/blogsaverroes.juntadeandalucia.es\/cepralmaden\/files\/2025\/05\/ChatGPT-Image-20-may-2025-10_37_21-300x200.png\" class=\"attachment-medium size-medium wp-image-3786\" alt=\"\" \/>\t\t\t\t\t\t\t\t\t\t\t\t\t\t\t<\/div>\n\t\t\t\t<\/div>\n\t\t\t\t\t<\/div>\n\t\t\t\t<\/div>\n\t\t<div class=\"elementor-element elementor-element-3e7175e e-flex e-con-boxed e-con e-parent\" data-id=\"3e7175e\" data-element_type=\"container\" data-settings=\"{&quot;background_background&quot;:&quot;classic&quot;}\">\n\t\t\t\t\t<div class=\"e-con-inner\">\n\t\t\t\t<div class=\"elementor-element elementor-element-5923322 elementor-widget elementor-widget-text-editor\" data-id=\"5923322\" data-element_type=\"widget\" data-widget_type=\"text-editor.default\">\n\t\t\t\t<div class=\"elementor-widget-container\">\n\t\t\t\t\t\t\t\t\t<p><span style=\"font-size: 14pt\"><span style=\"color: #ffffff;font-family: verdana, geneva, sans-serif\">Los servicios conexos a la ense\u00f1anza son de gran relevancia para la conciliaci\u00f3n de la vida laboral y familiar, por tanto, los servicios complementarios de aula matinal, comedor escolar y actividades extraescolares se han ido manteniendo dentro del Sistema P\u00fablico Educativo Andaluz desde su implantaci\u00f3n.<\/span><\/span><\/p>\n<p><span style=\"font-size: 14pt\"><span style=\"color: #ffffff;font-family: verdana, geneva, sans-serif\">Los centros de ense\u00f1anza que imparten educaci\u00f3n primaria y secundaria pueden ofrecer algunos servicios escolares complementarios. Saber de qu\u00e9 servicios dispone un centro puede ser un criterio importante en el momento de elegir la preferencia por uno u otro para solicitar la admisi\u00f3n.<\/span><\/span><\/p>\n<p><span style=\"font-size: 14pt\"><span style=\"color: #ffffff;font-family: verdana, geneva, sans-serif\">Dentro del Plan de Apoyo a las Familias Andaluzas, la Consejer\u00eda de Educaci\u00f3n persigue que los centros docentes, m\u00e1s all\u00e1 de la jornada lectiva tradicional, sean capaces de ofrecer alumnado y sus familias una oferta de jornada escolar completa, de forma que encuentren en sus centros las actividades que necesitan para completar su formaci\u00f3n y para utilizar de una manera educativa su tiempo libre.<\/span><\/span><\/p><p><span style=\"font-size: 14pt\"><span style=\"color: #ffffff;font-family: verdana, geneva, sans-serif\"><br><\/span><\/span><\/p>\n<h3><strong><span style=\"font-size: 16pt\"><span style=\"color: #ffffff;font-family: verdana, geneva, sans-serif\">Para ello, en nuestro centro el plan se concreta en:<\/span><\/span><\/strong><\/h3>\n<ul>\n<li style=\"font-weight: 400\"><span style=\"font-size: 14pt\"><span style=\"color: #ffffff;font-family: verdana, geneva, sans-serif\">Ampliar el horario de atenci\u00f3n al alumnado mediante servicios como:<\/span><\/span><\/li>\n<\/ul>\n<p><span style=\"font-size: 14pt\"><span style=\"color: #ffffff;font-family: verdana, geneva, sans-serif\">&#8211; Aula Matinal (desde las 7:30 h)<\/span><\/span><\/p>\n<p><span style=\"font-size: 14pt\"><span style=\"color: #ffffff;font-family: verdana, geneva, sans-serif\">&#8211; Comedor Escolar<\/span><\/span><\/p>\n<p><span style=\"font-size: 14pt\"><span style=\"color: #ffffff;font-family: verdana, geneva, sans-serif\">&#8211; Actividades Extraescolares en horario de tarde.<\/span><\/span><\/p>\n<ul>\n<li style=\"font-weight: 400\"><span style=\"font-size: 14pt\"><span style=\"color: #ffffff;font-family: verdana, geneva, sans-serif\">Promover la igualdad de oportunidades, asegurando que todos los alumnos, independientemente de su contexto socioecon\u00f3mico, puedan acceder a servicios educativos y de conciliaci\u00f3n.<\/span><\/span><\/li>\n<li style=\"font-weight: 400\"><span style=\"font-size: 14pt\"><span style=\"color: #ffffff;font-family: verdana, geneva, sans-serif\">Fomentar el desarrollo integral del alumnado, no solo desde el punto de vista acad\u00e9mico, sino tambi\u00e9n personal y social.<\/span><\/span><\/li>\n<li style=\"font-weight: 400\"><span style=\"font-size: 14pt\"><span style=\"color: #ffffff;font-family: verdana, geneva, sans-serif\">Impulsar la implicaci\u00f3n de la comunidad educativa y abrir el centro al entorno social.<\/span><\/span><\/li>\n<\/ul>\t\t\t\t\t\t\t\t<\/div>\n\t\t\t\t<\/div>\n\t\t\t\t\t<\/div>\n\t\t\t\t<\/div>\n\t\t<div class=\"elementor-element elementor-element-4109747 e-flex e-con-boxed e-con e-parent\" data-id=\"4109747\" data-element_type=\"container\" data-settings=\"{&quot;background_background&quot;:&quot;classic&quot;}\">\n\t\t\t\t\t<div class=\"e-con-inner\">\n\t\t\t\t<div class=\"elementor-element elementor-element-bdc3560 elementor-widget-divider--view-line elementor-widget elementor-widget-divider\" data-id=\"bdc3560\" data-element_type=\"widget\" data-widget_type=\"divider.default\">\n\t\t\t\t<div class=\"elementor-widget-container\">\n\t\t\t\t\t\t\t<div class=\"elementor-divider\">\n\t\t\t<span class=\"elementor-divider-separator\">\n\t\t\t\t\t\t<\/span>\n\t\t<\/div>\n\t\t\t\t\t\t<\/div>\n\t\t\t\t<\/div>\n\t\t\t\t\t<\/div>\n\t\t\t\t<\/div>\n\t\t<div class=\"elementor-element elementor-element-0057af1 e-grid e-con-boxed e-con e-parent\" data-id=\"0057af1\" data-element_type=\"container\" data-settings=\"{&quot;background_background&quot;:&quot;classic&quot;}\">\n\t\t\t\t\t<div class=\"e-con-inner\">\n\t\t\t\t<div class=\"elementor-element elementor-element-eb7288e elementor-widget elementor-widget-text-editor\" data-id=\"eb7288e\" data-element_type=\"widget\" data-widget_type=\"text-editor.default\">\n\t\t\t\t<div class=\"elementor-widget-container\">\n\t\t\t\t\t\t\t\t\t<p style=\"text-align: center\"><strong><span style=\"color: #ffffff;font-family: verdana, geneva, sans-serif\">Anexo II: Solicitud de servicio de aula matinal, comedor escolar o actividades extraescolares<\/span><\/strong><\/p>\t\t\t\t\t\t\t\t<\/div>\n\t\t\t\t<\/div>\n\t\t\t\t<div class=\"elementor-element elementor-element-7757675 elementor-widget elementor-widget-text-editor\" data-id=\"7757675\" data-element_type=\"widget\" data-widget_type=\"text-editor.default\">\n\t\t\t\t<div class=\"elementor-widget-container\">\n\t\t\t\t\t\t\t\t\t<p style=\"text-align: center\"><span style=\"font-family: verdana, geneva, sans-serif\"><strong><span style=\"color: #ffffff\">Anexo V: Solicitud de gratuidad\/bonificaci\u00f3n del precio p\u00fablico por los servicios complementarios de aula matinal, comedor escolar y actividades extraescolares<\/span><\/strong><\/span><\/p>\t\t\t\t\t\t\t\t<\/div>\n\t\t\t\t<\/div>\n\t\t\t\t<div class=\"elementor-element elementor-element-49d19af elementor-widget elementor-widget-text-editor\" data-id=\"49d19af\" data-element_type=\"widget\" data-widget_type=\"text-editor.default\">\n\t\t\t\t<div class=\"elementor-widget-container\">\n\t\t\t\t\t\t\t\t\t<p style=\"text-align: center\"><span style=\"font-family: verdana, geneva, sans-serif\"><strong><span style=\"color: #ffffff\">Documento baja a servicios<\/span><\/strong><\/span><\/p>\t\t\t\t\t\t\t\t<\/div>\n\t\t\t\t<\/div>\n\t\t\t\t\t<\/div>\n\t\t\t\t<\/div>\n\t\t<div class=\"elementor-element elementor-element-6169e6b e-grid e-con-boxed e-con e-parent\" data-id=\"6169e6b\" data-element_type=\"container\" data-settings=\"{&quot;background_background&quot;:&quot;classic&quot;}\">\n\t\t\t\t\t<div class=\"e-con-inner\">\n\t\t\t\t<div class=\"elementor-element elementor-element-5a7710f elementor-widget elementor-widget-html\" data-id=\"5a7710f\" data-element_type=\"widget\" data-widget_type=\"html.default\">\n\t\t\t\t<div class=\"elementor-widget-container\">\n\t\t\t\t\t<iframe src=\"https:\/\/drive.google.com\/file\/d\/1qdoJdMjcVCqTLI53U9SbUIXifIOgk63N\/preview?usp=drive_link\" width=\"100%\" height=\"300px\"><\/iframe>\t\t\t\t<\/div>\n\t\t\t\t<\/div>\n\t\t\t\t<div class=\"elementor-element elementor-element-ef72ed7 elementor-widget elementor-widget-html\" data-id=\"ef72ed7\" data-element_type=\"widget\" data-widget_type=\"html.default\">\n\t\t\t\t<div class=\"elementor-widget-container\">\n\t\t\t\t\t<iframe src=\"https:\/\/drive.google.com\/file\/d\/1QUMK9hbSJwgcHhDClfpWcCiKvjZ1KskH\/preview?usp=sharing\" width=\"100%\" height=\"300px\"><\/iframe>\t\t\t\t<\/div>\n\t\t\t\t<\/div>\n\t\t\t\t<div class=\"elementor-element elementor-element-fc322c4 elementor-widget elementor-widget-html\" data-id=\"fc322c4\" data-element_type=\"widget\" data-widget_type=\"html.default\">\n\t\t\t\t<div class=\"elementor-widget-container\">\n\t\t\t\t\t<iframe src=\"https:\/\/drive.google.com\/file\/d\/18P-mEfB1-B4hONXydF_7A9C8o_dJSRPD\/preview\" width=\"100%\" height=\"300px\"><\/iframe>\t\t\t\t<\/div>\n\t\t\t\t<\/div>\n\t\t\t\t\t<\/div>\n\t\t\t\t<\/div>\n\t\t<div class=\"elementor-element elementor-element-6f34569 e-flex e-con-boxed e-con e-parent\" data-id=\"6f34569\" data-element_type=\"container\" data-settings=\"{&quot;background_background&quot;:&quot;classic&quot;}\">\n\t\t\t\t\t<div class=\"e-con-inner\">\n\t\t\t\t<div class=\"elementor-element elementor-element-eade5b2 elementor-widget elementor-widget-heading\" data-id=\"eade5b2\" data-element_type=\"widget\" data-widget_type=\"heading.default\">\n\t\t\t\t<div class=\"elementor-widget-container\">\n\t\t\t\t\t<h2 class=\"elementor-heading-title elementor-size-default\">Anexo II: Solicitud de servicio de aula matinal, comedor escolar o actividades extraescolares<\/h2>\t\t\t\t<\/div>\n\t\t\t\t<\/div>\n\t\t\t\t<div class=\"elementor-element elementor-element-fe0f643 elementor-widget elementor-widget-html\" data-id=\"fe0f643\" data-element_type=\"widget\" data-widget_type=\"html.default\">\n\t\t\t\t<div class=\"elementor-widget-container\">\n\t\t\t\t\t<iframe src=\"https:\/\/drive.google.com\/file\/d\/1qdoJdMjcVCqTLI53U9SbUIXifIOgk63N\/preview?usp=drive_link\" width=\"100%\" height=\"300px\"><\/iframe>\t\t\t\t<\/div>\n\t\t\t\t<\/div>\n\t\t\t\t\t<\/div>\n\t\t\t\t<\/div>\n\t\t<div class=\"elementor-element elementor-element-4d1ee2b e-flex e-con-boxed e-con e-parent\" data-id=\"4d1ee2b\" data-element_type=\"container\" data-settings=\"{&quot;background_background&quot;:&quot;classic&quot;}\">\n\t\t\t\t\t<div class=\"e-con-inner\">\n\t\t\t\t<div class=\"elementor-element elementor-element-0c9d9d6 elementor-widget elementor-widget-heading\" data-id=\"0c9d9d6\" data-element_type=\"widget\" data-widget_type=\"heading.default\">\n\t\t\t\t<div class=\"elementor-widget-container\">\n\t\t\t\t\t<h2 class=\"elementor-heading-title elementor-size-default\">Anexo V: Solicitud de gratuidad\/bonificaci\u00f3n del precio p\u00fablico por los servicios complementarios de aula matinal, comedor escolar y actividades extraescolares<\/h2>\t\t\t\t<\/div>\n\t\t\t\t<\/div>\n\t\t\t\t<div class=\"elementor-element elementor-element-74fe586 elementor-widget elementor-widget-html\" data-id=\"74fe586\" data-element_type=\"widget\" data-widget_type=\"html.default\">\n\t\t\t\t<div class=\"elementor-widget-container\">\n\t\t\t\t\t<iframe src=\"https:\/\/drive.google.com\/file\/d\/13RwS9QtiDrWRkDFLg7qCpUKSN0gF-KXj\/preview?usp=drive_link\" width=\"100%\" height=\"300px\"><\/iframe>\t\t\t\t<\/div>\n\t\t\t\t<\/div>\n\t\t\t\t\t<\/div>\n\t\t\t\t<\/div>\n\t\t<div class=\"elementor-element elementor-element-0bcde80 e-flex e-con-boxed e-con e-parent\" data-id=\"0bcde80\" data-element_type=\"container\" data-settings=\"{&quot;background_background&quot;:&quot;classic&quot;}\">\n\t\t\t\t\t<div class=\"e-con-inner\">\n\t\t\t\t<div class=\"elementor-element elementor-element-ed504f6 elementor-widget elementor-widget-heading\" data-id=\"ed504f6\" data-element_type=\"widget\" data-widget_type=\"heading.default\">\n\t\t\t\t<div class=\"elementor-widget-container\">\n\t\t\t\t\t<h2 class=\"elementor-heading-title elementor-size-default\">Documento baja a servicios<\/h2>\t\t\t\t<\/div>\n\t\t\t\t<\/div>\n\t\t\t\t<div class=\"elementor-element elementor-element-00e113c elementor-widget elementor-widget-html\" data-id=\"00e113c\" data-element_type=\"widget\" data-widget_type=\"html.default\">\n\t\t\t\t<div class=\"elementor-widget-container\">\n\t\t\t\t\t<iframe src=\"https:\/\/drive.google.com\/file\/d\/18P-mEfB1-B4hONXydF_7A9C8o_dJSRPD\/preview\" width=\"100%\" height=\"300px\"><\/iframe>\t\t\t\t<\/div>\n\t\t\t\t<\/div>\n\t\t\t\t\t<\/div>\n\t\t\t\t<\/div>\n\t\t<div class=\"elementor-element elementor-element-3d9cfc6 e-grid e-con-boxed e-con e-parent\" data-id=\"3d9cfc6\" data-element_type=\"container\" data-settings=\"{&quot;background_background&quot;:&quot;classic&quot;}\">\n\t\t\t\t\t<div class=\"e-con-inner\">\n\t\t\t\t<div class=\"elementor-element elementor-element-a63e601 elementor-widget elementor-widget-heading\" data-id=\"a63e601\" data-element_type=\"widget\" data-widget_type=\"heading.default\">\n\t\t\t\t<div class=\"elementor-widget-container\">\n\t\t\t\t\t<h2 class=\"elementor-heading-title elementor-size-default\">Aula Matinal<\/h2>\t\t\t\t<\/div>\n\t\t\t\t<\/div>\n\t\t\t\t<div class=\"elementor-element elementor-element-de51bf9 elementor-widget elementor-widget-heading\" data-id=\"de51bf9\" data-element_type=\"widget\" data-widget_type=\"heading.default\">\n\t\t\t\t<div class=\"elementor-widget-container\">\n\t\t\t\t\t<h2 class=\"elementor-heading-title elementor-size-default\">Comedor Escolar<\/h2>\t\t\t\t<\/div>\n\t\t\t\t<\/div>\n\t\t\t\t<div class=\"elementor-element elementor-element-b4f5519 elementor-widget elementor-widget-heading\" data-id=\"b4f5519\" data-element_type=\"widget\" data-widget_type=\"heading.default\">\n\t\t\t\t<div class=\"elementor-widget-container\">\n\t\t\t\t\t<h2 class=\"elementor-heading-title elementor-size-default\">Actividades Extraescolares<\/h2>\t\t\t\t<\/div>\n\t\t\t\t<\/div>\n\t\t\t\t\t<\/div>\n\t\t\t\t<\/div>\n\t\t<div class=\"elementor-element elementor-element-b55b371 e-grid e-con-boxed e-con e-parent\" data-id=\"b55b371\" data-element_type=\"container\" data-settings=\"{&quot;background_background&quot;:&quot;classic&quot;}\">\n\t\t\t\t\t<div class=\"e-con-inner\">\n\t\t\t\t<div class=\"elementor-element elementor-element-d27218e elementor-widget elementor-widget-image\" data-id=\"d27218e\" data-element_type=\"widget\" data-widget_type=\"image.default\">\n\t\t\t\t<div class=\"elementor-widget-container\">\n\t\t\t\t\t\t\t\t\t\t\t\t\t\t\t\t<a href=\"https:\/\/blogsaverroes.juntadeandalucia.es\/cepralmaden\/aula-matinal-2\/\">\n\t\t\t\t\t\t\t<img decoding=\"async\" src=\"https:\/\/blogsaverroes.juntadeandalucia.es\/cepralmaden\/files\/elementor\/thumbs\/1747671340419-r61p37tdpdzy95mbg6xqf4885bjg8dtsqy3qwy16xk.png\" title=\"\" alt=\"\" class=\"elementor-animation-shrink\" loading=\"lazy\" \/>\t\t\t\t\t\t\t\t<\/a>\n\t\t\t\t\t\t\t\t\t\t\t\t\t\t\t<\/div>\n\t\t\t\t<\/div>\n\t\t\t\t<div class=\"elementor-element elementor-element-518ffa3 elementor-widget elementor-widget-image\" data-id=\"518ffa3\" data-element_type=\"widget\" data-widget_type=\"image.default\">\n\t\t\t\t<div class=\"elementor-widget-container\">\n\t\t\t\t\t\t\t\t\t\t\t\t\t\t\t\t<a href=\"https:\/\/blogsaverroes.juntadeandalucia.es\/cepralmaden\/comedor-escolar\/\">\n\t\t\t\t\t\t\t<img decoding=\"async\" src=\"https:\/\/blogsaverroes.juntadeandalucia.es\/cepralmaden\/files\/elementor\/thumbs\/1747669172172-1-scaled-r61nqxtsopwry5quctojussxrvhrw163rzuykbm4ig.jpg\" title=\"\" alt=\"\" class=\"elementor-animation-shrink\" loading=\"lazy\" \/>\t\t\t\t\t\t\t\t<\/a>\n\t\t\t\t\t\t\t\t\t\t\t\t\t\t\t<\/div>\n\t\t\t\t<\/div>\n\t\t\t\t<div class=\"elementor-element elementor-element-9bb3205 elementor-widget elementor-widget-image\" data-id=\"9bb3205\" data-element_type=\"widget\" data-widget_type=\"image.default\">\n\t\t\t\t<div class=\"elementor-widget-container\">\n\t\t\t\t\t\t\t\t\t\t\t\t\t\t\t\t<a href=\"https:\/\/blogsaverroes.juntadeandalucia.es\/cepralmaden\/actividades-extraescolares\/\">\n\t\t\t\t\t\t\t<img decoding=\"async\" src=\"https:\/\/blogsaverroes.juntadeandalucia.es\/cepralmaden\/files\/elementor\/thumbs\/1747669172164-r61ngvxxli5dkx69b7v9ekd69l97uwjj8i8n6gnjny.png\" title=\"\" alt=\"\" class=\"elementor-animation-shrink\" loading=\"lazy\" \/>\t\t\t\t\t\t\t\t<\/a>\n\t\t\t\t\t\t\t\t\t\t\t\t\t\t\t<\/div>\n\t\t\t\t<\/div>\n\t\t\t\t\t<\/div>\n\t\t\t\t<\/div>\n\t\t<div class=\"elementor-element elementor-element-dca958c e-flex e-con-boxed e-con e-parent\" data-id=\"dca958c\" data-element_type=\"container\" data-settings=\"{&quot;background_background&quot;:&quot;classic&quot;}\">\n\t\t\t\t\t<div class=\"e-con-inner\">\n\t\t\t\t<div class=\"elementor-element elementor-element-e5af4f5 elementor-widget elementor-widget-heading\" data-id=\"e5af4f5\" data-element_type=\"widget\" data-widget_type=\"heading.default\">\n\t\t\t\t<div class=\"elementor-widget-container\">\n\t\t\t\t\t<h2 class=\"elementor-heading-title elementor-size-default\">Aula Matinal<\/h2>\t\t\t\t<\/div>\n\t\t\t\t<\/div>\n\t\t\t\t<div class=\"elementor-element elementor-element-ecbdb63 elementor-widget elementor-widget-image\" data-id=\"ecbdb63\" data-element_type=\"widget\" data-widget_type=\"image.default\">\n\t\t\t\t<div class=\"elementor-widget-container\">\n\t\t\t\t\t\t\t\t\t\t\t\t\t\t\t\t<a href=\"https:\/\/blogsaverroes.juntadeandalucia.es\/cepralmaden\/aula-matinal-2\/\">\n\t\t\t\t\t\t\t<img decoding=\"async\" width=\"1024\" height=\"683\" src=\"https:\/\/blogsaverroes.juntadeandalucia.es\/cepralmaden\/files\/2025\/05\/1747671340419-1024x683.png\" class=\"elementor-animation-shrink attachment-large size-large wp-image-3732\" alt=\"\" srcset=\"https:\/\/blogsaverroes.juntadeandalucia.es\/cepralmaden\/files\/2025\/05\/1747671340419-980x653.png 980w, https:\/\/blogsaverroes.juntadeandalucia.es\/cepralmaden\/files\/2025\/05\/1747671340419-480x320.png 480w\" sizes=\"(min-width: 0px) and (max-width: 480px) 480px, (min-width: 481px) and (max-width: 980px) 980px, (min-width: 981px) 1024px, 100vw\" \/>\t\t\t\t\t\t\t\t<\/a>\n\t\t\t\t\t\t\t\t\t\t\t\t\t\t\t<\/div>\n\t\t\t\t<\/div>\n\t\t\t\t\t<\/div>\n\t\t\t\t<\/div>\n\t\t<div class=\"elementor-element elementor-element-3fd46b6 e-flex e-con-boxed e-con e-parent\" data-id=\"3fd46b6\" data-element_type=\"container\" data-settings=\"{&quot;background_background&quot;:&quot;classic&quot;}\">\n\t\t\t\t\t<div class=\"e-con-inner\">\n\t\t\t\t<div class=\"elementor-element elementor-element-aefe1f1 elementor-widget elementor-widget-heading\" data-id=\"aefe1f1\" data-element_type=\"widget\" data-widget_type=\"heading.default\">\n\t\t\t\t<div class=\"elementor-widget-container\">\n\t\t\t\t\t<h2 class=\"elementor-heading-title elementor-size-default\">Comedor Escolar<\/h2>\t\t\t\t<\/div>\n\t\t\t\t<\/div>\n\t\t\t\t<div class=\"elementor-element elementor-element-da94c09 elementor-widget elementor-widget-image\" data-id=\"da94c09\" data-element_type=\"widget\" data-widget_type=\"image.default\">\n\t\t\t\t<div class=\"elementor-widget-container\">\n\t\t\t\t\t\t\t\t\t\t\t\t\t\t\t\t<a href=\"https:\/\/blogsaverroes.juntadeandalucia.es\/cepralmaden\/comedor-escolar\/\">\n\t\t\t\t\t\t\t<img decoding=\"async\" width=\"1024\" height=\"768\" src=\"https:\/\/blogsaverroes.juntadeandalucia.es\/cepralmaden\/files\/2025\/05\/1747669172172-1-1024x768.jpg\" class=\"elementor-animation-shrink attachment-large size-large wp-image-3712\" alt=\"\" srcset=\"https:\/\/blogsaverroes.juntadeandalucia.es\/cepralmaden\/files\/2025\/05\/1747669172172-1-980x735.jpg 980w, https:\/\/blogsaverroes.juntadeandalucia.es\/cepralmaden\/files\/2025\/05\/1747669172172-1-480x360.jpg 480w\" sizes=\"(min-width: 0px) and (max-width: 480px) 480px, (min-width: 481px) and (max-width: 980px) 980px, (min-width: 981px) 1024px, 100vw\" \/>\t\t\t\t\t\t\t\t<\/a>\n\t\t\t\t\t\t\t\t\t\t\t\t\t\t\t<\/div>\n\t\t\t\t<\/div>\n\t\t\t\t\t<\/div>\n\t\t\t\t<\/div>\n\t\t<div class=\"elementor-element elementor-element-4de27cd e-flex e-con-boxed e-con e-parent\" data-id=\"4de27cd\" data-element_type=\"container\" data-settings=\"{&quot;background_background&quot;:&quot;classic&quot;}\">\n\t\t\t\t\t<div class=\"e-con-inner\">\n\t\t\t\t<div class=\"elementor-element elementor-element-288d2e5 elementor-widget elementor-widget-heading\" data-id=\"288d2e5\" data-element_type=\"widget\" data-widget_type=\"heading.default\">\n\t\t\t\t<div class=\"elementor-widget-container\">\n\t\t\t\t\t<h2 class=\"elementor-heading-title elementor-size-default\">Actividades Extraescolares<\/h2>\t\t\t\t<\/div>\n\t\t\t\t<\/div>\n\t\t\t\t<div class=\"elementor-element elementor-element-3931cab elementor-widget elementor-widget-image\" data-id=\"3931cab\" data-element_type=\"widget\" data-widget_type=\"image.default\">\n\t\t\t\t<div class=\"elementor-widget-container\">\n\t\t\t\t\t\t\t\t\t\t\t\t\t\t\t\t<a href=\"https:\/\/blogsaverroes.juntadeandalucia.es\/cepralmaden\/actividades-extraescolares\/\">\n\t\t\t\t\t\t\t<img loading=\"lazy\" loading=\"lazy\" decoding=\"async\" width=\"1024\" height=\"555\" src=\"https:\/\/blogsaverroes.juntadeandalucia.es\/cepralmaden\/files\/2025\/05\/1747669172164-1024x555.png\" class=\"elementor-animation-shrink attachment-large size-large wp-image-3710\" alt=\"\" srcset=\"https:\/\/blogsaverroes.juntadeandalucia.es\/cepralmaden\/files\/2025\/05\/1747669172164-980x531.png 980w, https:\/\/blogsaverroes.juntadeandalucia.es\/cepralmaden\/files\/2025\/05\/1747669172164-480x260.png 480w\" sizes=\"(min-width: 0px) and (max-width: 480px) 480px, (min-width: 481px) and (max-width: 980px) 980px, (min-width: 981px) 1024px, 100vw\" \/>\t\t\t\t\t\t\t\t<\/a>\n\t\t\t\t\t\t\t\t\t\t\t\t\t\t\t<\/div>\n\t\t\t\t<\/div>\n\t\t\t\t\t<\/div>\n\t\t\t\t<\/div>\n\t\t\t\t<\/div>\n\t\t","protected":false},"excerpt":{"rendered":"<p>Los servicios conexos a la ense\u00f1anza son de gran relevancia para la conciliaci\u00f3n de la vida laboral y familiar, por tanto, los servicios complementarios de aula matinal, comedor escolar y actividades extraescolares se han ido manteniendo dentro del Sistema P\u00fablico Educativo Andaluz desde su implantaci\u00f3n. Los centros de ense\u00f1anza que imparten educaci\u00f3n primaria y secundaria [&hellip;]<\/p>\n","protected":false},"author":13478,"featured_media":0,"parent":0,"menu_order":0,"comment_status":"closed","ping_status":"closed","template":"","meta":{"_et_pb_use_builder":"","_et_pb_old_content":"","_et_gb_content_width":"","ngg_post_thumbnail":0,"footnotes":""},"aioseo_notices":[],"_links":{"self":[{"href":"https:\/\/blogsaverroes.juntadeandalucia.es\/cepralmaden\/wp-json\/wp\/v2\/pages\/2773"}],"collection":[{"href":"https:\/\/blogsaverroes.juntadeandalucia.es\/cepralmaden\/wp-json\/wp\/v2\/pages"}],"about":[{"href":"https:\/\/blogsaverroes.juntadeandalucia.es\/cepralmaden\/wp-json\/wp\/v2\/types\/page"}],"author":[{"embeddable":true,"href":"https:\/\/blogsaverroes.juntadeandalucia.es\/cepralmaden\/wp-json\/wp\/v2\/users\/13478"}],"replies":[{"embeddable":true,"href":"https:\/\/blogsaverroes.juntadeandalucia.es\/cepralmaden\/wp-json\/wp\/v2\/comments?post=2773"}],"version-history":[{"count":79,"href":"https:\/\/blogsaverroes.juntadeandalucia.es\/cepralmaden\/wp-json\/wp\/v2\/pages\/2773\/revisions"}],"predecessor-version":[{"id":4758,"href":"https:\/\/blogsaverroes.juntadeandalucia.es\/cepralmaden\/wp-json\/wp\/v2\/pages\/2773\/revisions\/4758"}],"wp:attachment":[{"href":"https:\/\/blogsaverroes.juntadeandalucia.es\/cepralmaden\/wp-json\/wp\/v2\/media?parent=2773"}],"curies":[{"name":"wp","href":"https:\/\/api.w.org\/{rel}","templated":true}]}}