{"id":45,"date":"2020-01-09T12:46:56","date_gmt":"2020-01-09T11:46:56","guid":{"rendered":"http:\/\/blogsaverroes.juntadeandalucia.es\/pre\/nuevoceip2v2\/?page_id=45"},"modified":"2026-02-24T11:10:45","modified_gmt":"2026-02-24T10:10:45","slug":"inicio","status":"publish","type":"page","link":"https:\/\/blogsaverroes.juntadeandalucia.es\/ceprandalucia\/","title":{"rendered":"Inicio"},"content":{"rendered":"<p style=\"text-align: center\"><div class=\"pt-cv-wrapper\"><div class=\"pt-cv-view pt-cv-blockgrid iscvblock iscvhybrid grid1 layout1\" id=\"pt-cv-view-64227aetlp\"><div data-id=\"pt-cv-page-1\" class=\"pt-cv-page\" data-cvc=\"3\"><div class=\" pt-cv-content-item pt-cv-1-col\" ><div class=\"pt-cv-thumb-wrapper  \"><a href=\"https:\/\/blogsaverroes.juntadeandalucia.es\/ceprandalucia\/feria-de-la-ciencia-en-la-ual\/\" class=\"_self pt-cv-href-thumbnail pt-cv-thumb-default\" target=\"_self\" ><img loading=\"lazy\" decoding=\"async\" width=\"300\" height=\"169\" src=\"https:\/\/blogsaverroes.juntadeandalucia.es\/ceprandalucia\/files\/2026\/04\/Gemini_Generated_Image_i25idci25idci25i-300x169.png\" class=\"pt-cv-thumbnail\" alt=\"\" srcset=\"https:\/\/blogsaverroes.juntadeandalucia.es\/ceprandalucia\/files\/2026\/04\/Gemini_Generated_Image_i25idci25idci25i-300x169.png 300w, https:\/\/blogsaverroes.juntadeandalucia.es\/ceprandalucia\/files\/2026\/04\/Gemini_Generated_Image_i25idci25idci25i-1024x576.png 1024w, https:\/\/blogsaverroes.juntadeandalucia.es\/ceprandalucia\/files\/2026\/04\/Gemini_Generated_Image_i25idci25idci25i-768x432.png 768w, https:\/\/blogsaverroes.juntadeandalucia.es\/ceprandalucia\/files\/2026\/04\/Gemini_Generated_Image_i25idci25idci25i.png 1365w\" sizes=\"(max-width: 300px) 100vw, 300px\" \/><\/a><\/div>\n<h4 class=\"pt-cv-title\"><a href=\"https:\/\/blogsaverroes.juntadeandalucia.es\/ceprandalucia\/feria-de-la-ciencia-en-la-ual\/\" class=\"_self\" target=\"_self\" >Feria de las Ciencias en la Almer\u00eda<\/a><\/h4>\n<div class=\"pt-cv-content\">\u00a1Hola, aventureros de la ciencia! Hoy compartimos con vosotros nuestra incre\u00edble experiencia en la Feria de las Ciencias de Almer\u00eda ...<br \/><div class=\"pt-cv-rmwrap\"><a href=\"https:\/\/blogsaverroes.juntadeandalucia.es\/ceprandalucia\/feria-de-la-ciencia-en-la-ual\/\" class=\"_self pt-cv-readmore btn btn-success\" target=\"_self\">Leer M\u00e1s<\/a><\/div><\/div><\/div>\n<div class=\" pt-cv-content-item pt-cv-1-col\" ><div class=\"pt-cv-thumb-wrapper  \"><a href=\"https:\/\/blogsaverroes.juntadeandalucia.es\/ceprandalucia\/904-2\/\" class=\"_self pt-cv-href-thumbnail pt-cv-thumb-default\" target=\"_self\" ><img loading=\"lazy\" decoding=\"async\" width=\"232\" height=\"300\" src=\"https:\/\/blogsaverroes.juntadeandalucia.es\/ceprandalucia\/files\/2026\/04\/retotechbq-232x300.png\" class=\"pt-cv-thumbnail\" alt=\"\" srcset=\"https:\/\/blogsaverroes.juntadeandalucia.es\/ceprandalucia\/files\/2026\/04\/retotechbq-232x300.png 232w, https:\/\/blogsaverroes.juntadeandalucia.es\/ceprandalucia\/files\/2026\/04\/retotechbq-792x1024.png 792w, https:\/\/blogsaverroes.juntadeandalucia.es\/ceprandalucia\/files\/2026\/04\/retotechbq-768x993.png 768w, https:\/\/blogsaverroes.juntadeandalucia.es\/ceprandalucia\/files\/2026\/04\/retotechbq.png 1115w\" sizes=\"(max-width: 232px) 100vw, 232px\" \/><\/a><\/div>\n<h4 class=\"pt-cv-title\"><a href=\"https:\/\/blogsaverroes.juntadeandalucia.es\/ceprandalucia\/904-2\/\" class=\"_self\" target=\"_self\" >\ud83e\udd16 \u00a1RetoTech de la Fundaci\u00f3n Endesa! Por tercer a\u00f1o, innovando con el programa &#8220;STEAM 4.0&#8221;<\/a><\/h4>\n<div class=\"pt-cv-content\">Estamos muy orgullosos de anunciar que, por tercer a\u00f1o consecutivo, el CEPR Andaluc\u00eda ha sido seleccionado para participar en el ...<br \/><div class=\"pt-cv-rmwrap\"><a href=\"https:\/\/blogsaverroes.juntadeandalucia.es\/ceprandalucia\/904-2\/\" class=\"_self pt-cv-readmore btn btn-success\" target=\"_self\">Leer M\u00e1s<\/a><\/div><\/div><\/div>\n<div class=\" pt-cv-content-item pt-cv-1-col\" ><div class=\"pt-cv-thumb-wrapper  \"><a href=\"https:\/\/blogsaverroes.juntadeandalucia.es\/ceprandalucia\/%f0%9f%8f%86-gran-exito-de-nuestro-alumnado-en-las-olimpiadas-escolares-de-la-comarca\/\" class=\"_self pt-cv-href-thumbnail pt-cv-thumb-default\" target=\"_self\" ><img loading=\"lazy\" decoding=\"async\" width=\"300\" height=\"250\" src=\"https:\/\/blogsaverroes.juntadeandalucia.es\/ceprandalucia\/files\/2026\/04\/campeones-300x250.png\" class=\"pt-cv-thumbnail\" alt=\"\" srcset=\"https:\/\/blogsaverroes.juntadeandalucia.es\/ceprandalucia\/files\/2026\/04\/campeones-300x250.png 300w, https:\/\/blogsaverroes.juntadeandalucia.es\/ceprandalucia\/files\/2026\/04\/campeones.png 643w\" sizes=\"(max-width: 300px) 100vw, 300px\" \/><\/a><\/div>\n<h4 class=\"pt-cv-title\"><a href=\"https:\/\/blogsaverroes.juntadeandalucia.es\/ceprandalucia\/%f0%9f%8f%86-gran-exito-de-nuestro-alumnado-en-las-olimpiadas-escolares-de-la-comarca\/\" class=\"_self\" target=\"_self\" >\ud83c\udfc6 \u00a1Gran \u00e9xito de nuestro alumnado en las Olimpiadas Escolares de la Comarca!<\/a><\/h4>\n<div class=\"pt-cv-content\">Estamos de celebraci\u00f3n. Recientemente, nuestros alumnos y alumnas han participado en las Olimpiadas Escolares, compitiendo con deportistas de toda la ...<br \/><div class=\"pt-cv-rmwrap\"><a href=\"https:\/\/blogsaverroes.juntadeandalucia.es\/ceprandalucia\/%f0%9f%8f%86-gran-exito-de-nuestro-alumnado-en-las-olimpiadas-escolares-de-la-comarca\/\" class=\"_self pt-cv-readmore btn btn-success\" target=\"_self\">Leer M\u00e1s<\/a><\/div><\/div><\/div>\n<div class=\" pt-cv-content-item pt-cv-1-col\" ><div class=\"pt-cv-thumb-wrapper  \"><a href=\"https:\/\/blogsaverroes.juntadeandalucia.es\/ceprandalucia\/programa\/\" class=\"_self pt-cv-href-thumbnail pt-cv-thumb-default\" target=\"_self\" ><img loading=\"lazy\" decoding=\"async\" width=\"300\" height=\"282\" src=\"https:\/\/blogsaverroes.juntadeandalucia.es\/ceprandalucia\/files\/2025\/05\/REPARTO-DE-LECHE_25-de-marzo-300x282.png\" class=\"pt-cv-thumbnail\" alt=\"\" srcset=\"https:\/\/blogsaverroes.juntadeandalucia.es\/ceprandalucia\/files\/2025\/05\/REPARTO-DE-LECHE_25-de-marzo-300x282.png 300w, https:\/\/blogsaverroes.juntadeandalucia.es\/ceprandalucia\/files\/2025\/05\/REPARTO-DE-LECHE_25-de-marzo-768x722.png 768w, https:\/\/blogsaverroes.juntadeandalucia.es\/ceprandalucia\/files\/2025\/05\/REPARTO-DE-LECHE_25-de-marzo.png 793w\" sizes=\"(max-width: 300px) 100vw, 300px\" \/><\/a><\/div>\n<h4 class=\"pt-cv-title\"><a href=\"https:\/\/blogsaverroes.juntadeandalucia.es\/ceprandalucia\/programa\/\" class=\"_self\" target=\"_self\" >\ud83c\udf4f \u00a1Salud en cada bocado! Nuestro Plan de Consumo de Fruta, Verdura y Leche<\/a><\/h4>\n<div class=\"pt-cv-content\">En el CEPR Andaluc\u00eda, estamos convencidos de que una alimentaci\u00f3n equilibrada es la base de un aprendizaje con energ\u00eda. Por ...<br \/><div class=\"pt-cv-rmwrap\"><a href=\"https:\/\/blogsaverroes.juntadeandalucia.es\/ceprandalucia\/programa\/\" class=\"_self pt-cv-readmore btn btn-success\" target=\"_self\">Leer M\u00e1s<\/a><\/div><\/div><\/div>\n<div class=\" pt-cv-content-item pt-cv-1-col\" ><div class=\"pt-cv-thumb-wrapper  \"><a href=\"https:\/\/blogsaverroes.juntadeandalucia.es\/ceprandalucia\/bienvenidos-al-nuevo-espacio-digital-del-cepr-andalucia\/\" class=\"_self pt-cv-href-thumbnail pt-cv-thumb-default\" target=\"_self\" ><img loading=\"lazy\" decoding=\"async\" width=\"300\" height=\"300\" src=\"https:\/\/blogsaverroes.juntadeandalucia.es\/ceprandalucia\/files\/2026\/02\/colegio-300x300.jpg\" class=\"pt-cv-thumbnail\" alt=\"\" srcset=\"https:\/\/blogsaverroes.juntadeandalucia.es\/ceprandalucia\/files\/2026\/02\/colegio-300x300.jpg 300w, https:\/\/blogsaverroes.juntadeandalucia.es\/ceprandalucia\/files\/2026\/02\/colegio-150x150.jpg 150w, https:\/\/blogsaverroes.juntadeandalucia.es\/ceprandalucia\/files\/2026\/02\/colegio-768x768.jpg 768w, https:\/\/blogsaverroes.juntadeandalucia.es\/ceprandalucia\/files\/2026\/02\/colegio-80x80.jpg 80w, https:\/\/blogsaverroes.juntadeandalucia.es\/ceprandalucia\/files\/2026\/02\/colegio-320x320.jpg 320w, https:\/\/blogsaverroes.juntadeandalucia.es\/ceprandalucia\/files\/2026\/02\/colegio.jpg 1024w\" sizes=\"(max-width: 300px) 100vw, 300px\" \/><\/a><\/div>\n<h4 class=\"pt-cv-title\"><a href=\"https:\/\/blogsaverroes.juntadeandalucia.es\/ceprandalucia\/bienvenidos-al-nuevo-espacio-digital-del-cepr-andalucia\/\" class=\"_self\" target=\"_self\" >\u00a1Bienvenidos al nuevo espacio digital del CEPR Andaluc\u00eda!<\/a><\/h4>\n<div class=\"pt-cv-content\">\u00a1Hola a toda nuestra comunidad educativa de San Isidro de N\u00edjar! Estamos encantados de presentaros la renovaci\u00f3n de nuestro Blogaverroes ...<br \/><div class=\"pt-cv-rmwrap\"><a href=\"https:\/\/blogsaverroes.juntadeandalucia.es\/ceprandalucia\/bienvenidos-al-nuevo-espacio-digital-del-cepr-andalucia\/\" class=\"_self pt-cv-readmore btn btn-success\" target=\"_self\">Leer M\u00e1s<\/a><\/div><\/div><\/div><\/div><\/div><\/div>\t\t\t<style type=\"text\/css\" id=\"pt-cv-inline-style-22d34fe49p\">\n#pt-cv-view-64227aetlp .pt-cv-thumb-wrapper:not(.miniwrap) {  }#pt-cv-view-64227aetlp .pt-cv-thumbnail:not(.pt-cv-thumbnailsm) { height: 250px; }#pt-cv-view-64227aetlp > .pt-cv-page {grid-template-columns: repeat(3, 1fr);grid-gap: 15px;}\n@media all and (max-width: 1024px) { \n#pt-cv-view-64227aetlp > .pt-cv-page {grid-template-columns: repeat(1, 1fr);}\n} \n@media all and (max-width: 767px) { \n#pt-cv-view-64227aetlp > .pt-cv-page {grid-template-columns: repeat(1, 1fr);}\n} <\/style>\r\n\t\t\t<\/p>\n<p style=\"text-align: center\">&nbsp;<\/p>\n<p>&nbsp;<\/p>\n<p style=\"font-family: 'Fredoka One',display;font-size: 45px;line-height: 1.2em\">&nbsp;<\/p>\n<p>&nbsp;<\/p>\n<h2>&nbsp;<\/h2>\n<p>&nbsp;<\/p>\n<p>&nbsp;<\/p>\n","protected":false},"excerpt":{"rendered":"<p>&nbsp; &nbsp; &nbsp; &nbsp; &nbsp; &nbsp; &nbsp;<\/p>\n","protected":false},"author":7051,"featured_media":0,"parent":0,"menu_order":0,"comment_status":"closed","ping_status":"closed","template":"","meta":{"ngg_post_thumbnail":0,"footnotes":""},"aioseo_notices":[],"_links":{"self":[{"href":"https:\/\/blogsaverroes.juntadeandalucia.es\/ceprandalucia\/wp-json\/wp\/v2\/pages\/45"}],"collection":[{"href":"https:\/\/blogsaverroes.juntadeandalucia.es\/ceprandalucia\/wp-json\/wp\/v2\/pages"}],"about":[{"href":"https:\/\/blogsaverroes.juntadeandalucia.es\/ceprandalucia\/wp-json\/wp\/v2\/types\/page"}],"author":[{"embeddable":true,"href":"https:\/\/blogsaverroes.juntadeandalucia.es\/ceprandalucia\/wp-json\/wp\/v2\/users\/7051"}],"replies":[{"embeddable":true,"href":"https:\/\/blogsaverroes.juntadeandalucia.es\/ceprandalucia\/wp-json\/wp\/v2\/comments?post=45"}],"version-history":[{"count":67,"href":"https:\/\/blogsaverroes.juntadeandalucia.es\/ceprandalucia\/wp-json\/wp\/v2\/pages\/45\/revisions"}],"predecessor-version":[{"id":885,"href":"https:\/\/blogsaverroes.juntadeandalucia.es\/ceprandalucia\/wp-json\/wp\/v2\/pages\/45\/revisions\/885"}],"wp:attachment":[{"href":"https:\/\/blogsaverroes.juntadeandalucia.es\/ceprandalucia\/wp-json\/wp\/v2\/media?parent=45"}],"curies":[{"name":"wp","href":"https:\/\/api.w.org\/{rel}","templated":true}]}}