{"id":55,"date":"2020-01-09T12:48:16","date_gmt":"2020-01-09T11:48:16","guid":{"rendered":"http:\/\/blogsaverroes.juntadeandalucia.es\/pre\/nuevoceip2v2\/?page_id=55"},"modified":"2025-11-13T11:42:57","modified_gmt":"2025-11-13T10:42:57","slug":"planes-y-proyectos","status":"publish","type":"page","link":"https:\/\/blogsaverroes.juntadeandalucia.es\/ceprandalucia\/planes-y-proyectos\/","title":{"rendered":"Planes y Proyectos"},"content":{"rendered":"<p><span style=\"font-family: 'arial black', sans-serif\"><strong><span style=\"font-size: xx-large\">Con\u00f3cenos<\/span><\/strong><\/span><\/p>\n<p style=\"text-align: left\"><span style=\"font-family: arial, helvetica, sans-serif\">Nuestro centro, CEPR Andaluc\u00eda, est\u00e1 catalogado de Compensaci\u00f3n Educativa y tiene matriculados 455 alumnos\/as entre 6-12 a\u00f1os de distintas nacionalidades a la espa\u00f1ola, alrededor del 80% la componen alunado con nacionalidad de origen marroqu\u00ed, argelina, rusa, lituana, rumana, ecuatoriana, senegalesa, maliense y nigeriana mayoritariamente, adem\u00e1s de la etnia gitana. Este tipo de alumnado, que por lo general desconoce nuestra lengua materna, se matriculan en el centro a lo largo de todo el curso escolar, requiriendo un plan de acogida que tenga como persona la inclusi\u00f3n, la prevenci\u00f3n del fracaso escolar y la eliminaci\u00f3n de la segregaci\u00f3n escolar por las condiciones de origen de alumnado . Nuestro Centro, al ser denominado de Compensaci\u00f3n Educativa, tiene como objetivo garantizar el acceso, la permanencia y la promoci\u00f3n en el sistema educativo del alumnado en situaciones de desventajas social, procedente de minor\u00edas \u00e9tnicas, de colectivos de inmigrantes, as\u00ed como familias con graves dificultades socioecon\u00f3micas. Seg\u00fan sus distancias peculiaridades, este&nbsp; alumnado presenta, desde un desfase escolar significativo, hasta dificultades de inserci\u00f3n educativa y necesidades de apoyo derivadas de su incorporaci\u00f3n tardar\u00eda a la escuela, de una escolarizaci\u00f3n irregular o de un desconocimiento del espa\u00f1ol, al proceder de otros pa\u00edses.&nbsp;<\/span><\/p>\n<ul>\n<li><span style=\"font-family: 'arial black', sans-serif\"><a href=\"https:\/\/drive.google.com\/file\/d\/1FUivR_DvO24F1IiahhBNGBv_ShN1-p3l\/view?usp=sharing\"><strong>Calendario escolar<\/strong><\/a><\/span><\/li>\n<li><span style=\"font-family: 'arial black', sans-serif\"><a href=\"https:\/\/drive.google.com\/file\/d\/1ltsuLG_4rWokfOMlRmVaPbMbpKc649OT\/view?usp=sharing\"><strong>Plan de centro<\/strong><\/a><\/span><\/li>\n<li><span style=\"font-family: 'arial black', sans-serif\"><strong>Datos generales de inter\u00e9s<\/strong><\/span><\/li>\n<\/ul>\n<p>&nbsp;<\/p>\n","protected":false},"excerpt":{"rendered":"<p>Con\u00f3cenos Nuestro centro, CEPR Andaluc\u00eda, est\u00e1 catalogado de Compensaci\u00f3n Educativa y tiene matriculados 455 alumnos\/as entre 6-12 a\u00f1os de distintas nacionalidades a la espa\u00f1ola, alrededor del 80% la componen alunado con nacionalidad de origen&#46;&#46;&#46;<\/p>\n","protected":false},"author":7051,"featured_media":0,"parent":0,"menu_order":0,"comment_status":"closed","ping_status":"closed","template":"","meta":{"ngg_post_thumbnail":0,"footnotes":""},"aioseo_notices":[],"_links":{"self":[{"href":"https:\/\/blogsaverroes.juntadeandalucia.es\/ceprandalucia\/wp-json\/wp\/v2\/pages\/55"}],"collection":[{"href":"https:\/\/blogsaverroes.juntadeandalucia.es\/ceprandalucia\/wp-json\/wp\/v2\/pages"}],"about":[{"href":"https:\/\/blogsaverroes.juntadeandalucia.es\/ceprandalucia\/wp-json\/wp\/v2\/types\/page"}],"author":[{"embeddable":true,"href":"https:\/\/blogsaverroes.juntadeandalucia.es\/ceprandalucia\/wp-json\/wp\/v2\/users\/7051"}],"replies":[{"embeddable":true,"href":"https:\/\/blogsaverroes.juntadeandalucia.es\/ceprandalucia\/wp-json\/wp\/v2\/comments?post=55"}],"version-history":[{"count":8,"href":"https:\/\/blogsaverroes.juntadeandalucia.es\/ceprandalucia\/wp-json\/wp\/v2\/pages\/55\/revisions"}],"predecessor-version":[{"id":881,"href":"https:\/\/blogsaverroes.juntadeandalucia.es\/ceprandalucia\/wp-json\/wp\/v2\/pages\/55\/revisions\/881"}],"wp:attachment":[{"href":"https:\/\/blogsaverroes.juntadeandalucia.es\/ceprandalucia\/wp-json\/wp\/v2\/media?parent=55"}],"curies":[{"name":"wp","href":"https:\/\/api.w.org\/{rel}","templated":true}]}}