{"id":1018,"date":"2020-04-30T13:10:50","date_gmt":"2020-04-30T12:10:50","guid":{"rendered":"https:\/\/blogsaverroes.juntadeandalucia.es\/ceprandresmanjon\/?page_id=1018"},"modified":"2020-11-14T12:58:29","modified_gmt":"2020-11-14T11:58:29","slug":"nuestro-centro","status":"publish","type":"page","link":"https:\/\/blogsaverroes.juntadeandalucia.es\/ceprandresmanjon\/nuestro-centro\/","title":{"rendered":"Bienvenido\/a a la p\u00e1gina web del C.E.Pr Andr\u00e9s Manj\u00f3n."},"content":{"rendered":"ngg_shortcode_0_placeholder\n<p style=\"text-align: justify\"><strong>En nuestro centro educativo C.E.Pr. Andr\u00e9s Manj\u00f3n predomina la empat\u00eda, la solidaridad y las ganas de seguir creciendo como centro educativo en todos los \u00e1mbitos posibles.<br \/>\n<\/strong><\/p>\n<p><strong>Con un gran equipo docente preparado ofrecemos a padres y alumnos la educaci\u00f3n y formaci\u00f3n deseada de manera \u00f3ptima, did\u00e1ctica y precisa en un entorno educativo, inclusivo, solidario, y plural donde los valores predominan en todas y cada una de nuestras actuaciones.<\/strong><\/p>\n<p style=\"text-align: justify\"><strong>Sabemos que la colaboraci\u00f3n de vosotros, padres y alumnos ayuda a este centro a seguir evolucionando y formando a las futuras generaciones para que a la par que nosotros crezcan y sean un ejemplo a seguir para los que les precedan.<br \/>\n<\/strong><\/p>\n<blockquote>\n<p style=\"text-align: center\"><em>\u00abLo que se les d\u00e9 a los ni\u00f1os, los ni\u00f1os dar\u00e1n a la sociedad\u00bb&nbsp; <\/em>Karl A. Menninger<\/p>\n<\/blockquote>\n<p style=\"text-align: center\"><strong><em>Gracias por elegir nuestro centro<\/em>.<\/strong><\/p>\n<p style=\"text-align: center\"><img loading=\"lazy\" decoding=\"async\" class=\"wp-image-1973 aligncenter\" src=\"https:\/\/blogsaverroes.juntadeandalucia.es\/ceprandresmanjon\/files\/2020\/06\/LogoCEPRAndresManjonBerja.png\" alt=\"\" width=\"114\" height=\"197\" srcset=\"https:\/\/blogsaverroes.juntadeandalucia.es\/ceprandresmanjon\/files\/2020\/06\/LogoCEPRAndresManjonBerja.png 251w, https:\/\/blogsaverroes.juntadeandalucia.es\/ceprandresmanjon\/files\/2020\/06\/LogoCEPRAndresManjonBerja-174x300.png 174w, https:\/\/blogsaverroes.juntadeandalucia.es\/ceprandresmanjon\/files\/2020\/06\/LogoCEPRAndresManjonBerja-14x24.png 14w, https:\/\/blogsaverroes.juntadeandalucia.es\/ceprandresmanjon\/files\/2020\/06\/LogoCEPRAndresManjonBerja-21x36.png 21w, https:\/\/blogsaverroes.juntadeandalucia.es\/ceprandresmanjon\/files\/2020\/06\/LogoCEPRAndresManjonBerja-28x48.png 28w\" sizes=\"(max-width: 114px) 100vw, 114px\" \/><\/p>\n<p>&nbsp;<\/p>\n<p style=\"text-align: center\"><a href=\"https:\/\/blogsaverroes.juntadeandalucia.es\/ceprandresmanjon\/documentos\/\"><strong>CONOCE NUESTRO PLAN DE CENTRO 20\/21<\/strong><\/a><\/p>\n<p style=\"text-align: center\"><a href=\"https:\/\/blogsaverroes.juntadeandalucia.es\/ceprandresmanjon\/pagina-ejemplo\/\"><strong>ACERCA DEL CENTRO (HISTORIA)<\/strong><\/a><\/p>\n<p style=\"text-align: center\"><a href=\"https:\/\/blogsaverroes.juntadeandalucia.es\/ceprandresmanjon\/reconocimientos\/\"><strong>RECONOCIMIENTOS<\/strong><\/a><\/p>\n<p style=\"text-align: center\"><a href=\"https:\/\/blogsaverroes.juntadeandalucia.es\/ceprandresmanjon\/horarios\/\"><strong>HORARIOS<\/strong><\/a><\/p>\n<p>&nbsp;<\/p>\n","protected":false},"excerpt":{"rendered":"<p>En nuestro centro educativo C.E.Pr. Andr\u00e9s Manj\u00f3n predomina la empat\u00eda, la solidaridad y las ganas de seguir creciendo como centro educativo en todos los \u00e1mbitos posibles. Con un gran equipo docente preparado ofrecemos a&#46;&#46;&#46;<\/p>\n","protected":false},"author":6420,"featured_media":0,"parent":0,"menu_order":0,"comment_status":"closed","ping_status":"closed","template":"","meta":{"ngg_post_thumbnail":0,"footnotes":""},"aioseo_notices":[],"_links":{"self":[{"href":"https:\/\/blogsaverroes.juntadeandalucia.es\/ceprandresmanjon\/wp-json\/wp\/v2\/pages\/1018"}],"collection":[{"href":"https:\/\/blogsaverroes.juntadeandalucia.es\/ceprandresmanjon\/wp-json\/wp\/v2\/pages"}],"about":[{"href":"https:\/\/blogsaverroes.juntadeandalucia.es\/ceprandresmanjon\/wp-json\/wp\/v2\/types\/page"}],"author":[{"embeddable":true,"href":"https:\/\/blogsaverroes.juntadeandalucia.es\/ceprandresmanjon\/wp-json\/wp\/v2\/users\/6420"}],"replies":[{"embeddable":true,"href":"https:\/\/blogsaverroes.juntadeandalucia.es\/ceprandresmanjon\/wp-json\/wp\/v2\/comments?post=1018"}],"version-history":[{"count":16,"href":"https:\/\/blogsaverroes.juntadeandalucia.es\/ceprandresmanjon\/wp-json\/wp\/v2\/pages\/1018\/revisions"}],"predecessor-version":[{"id":2492,"href":"https:\/\/blogsaverroes.juntadeandalucia.es\/ceprandresmanjon\/wp-json\/wp\/v2\/pages\/1018\/revisions\/2492"}],"wp:attachment":[{"href":"https:\/\/blogsaverroes.juntadeandalucia.es\/ceprandresmanjon\/wp-json\/wp\/v2\/media?parent=1018"}],"curies":[{"name":"wp","href":"https:\/\/api.w.org\/{rel}","templated":true}]}}