{"id":1021,"date":"2020-04-30T13:11:54","date_gmt":"2020-04-30T12:11:54","guid":{"rendered":"https:\/\/blogsaverroes.juntadeandalucia.es\/ceprandresmanjon\/?page_id=1021"},"modified":"2025-11-17T13:43:11","modified_gmt":"2025-11-17T12:43:11","slug":"documentos","status":"publish","type":"page","link":"https:\/\/blogsaverroes.juntadeandalucia.es\/ceprandresmanjon\/documentos\/","title":{"rendered":"Documentos"},"content":{"rendered":"<p><a href=\"https:\/\/drive.google.com\/file\/d\/1p2T9qUU_4RkDCVbAos4BbKtD5GTA0LgR\/view?usp=sharing\"><img loading=\"lazy\" decoding=\"async\" class=\"wp-image-2476 aligncenter\" src=\"https:\/\/blogsaverroes.juntadeandalucia.es\/ceprandresmanjon\/files\/2020\/11\/Plandecentro.png\" alt=\"\" width=\"237\" height=\"145\" srcset=\"https:\/\/blogsaverroes.juntadeandalucia.es\/ceprandresmanjon\/files\/2020\/11\/Plandecentro.png 627w, https:\/\/blogsaverroes.juntadeandalucia.es\/ceprandresmanjon\/files\/2020\/11\/Plandecentro-300x184.png 300w, https:\/\/blogsaverroes.juntadeandalucia.es\/ceprandresmanjon\/files\/2020\/11\/Plandecentro-24x15.png 24w, https:\/\/blogsaverroes.juntadeandalucia.es\/ceprandresmanjon\/files\/2020\/11\/Plandecentro-36x22.png 36w, https:\/\/blogsaverroes.juntadeandalucia.es\/ceprandresmanjon\/files\/2020\/11\/Plandecentro-48x29.png 48w\" sizes=\"(max-width: 237px) 100vw, 237px\" \/><\/a><\/p>\n<p style=\"text-align: center\"><a href=\"https:\/\/blogsaverroes.juntadeandalucia.es\/ceprandresmanjon\/files\/2025\/11\/PLAN-DE-CENTRO-COMPLETO-25-26.pdf\"><span style=\"font-size: 18pt\"><strong>PLAN DE CENTRO 25\/26<\/strong><\/span><\/a><\/p>\n<p style=\"text-align: center\">Seg\u00fan el art\u00edculo 20 del DECRETO 328\/2010, de 13 de julio, por el que se aprueba el Reglamento Org\u00e1nico de las escuelas infantiles de segundo grado, de los colegios de educaci\u00f3n primaria, de los colegios de educaci\u00f3n infantil y primaria, y de los centros p\u00fablicos espec\u00edficos de educaci\u00f3n especial, el proyecto educativo, el reglamento de organizaci\u00f3n y funcionamiento y el proyecto de gesti\u00f3n constituyen el Plan de Centro.<\/p>\n<p style=\"text-align: center\">&nbsp;<\/p>\n<p style=\"text-align: center\"><a style=\"text-align: center\" href=\"https:\/\/blogsaverroes.juntadeandalucia.es\/ceprandresmanjon\/intranet-del-profesorado\/\"><span style=\"font-size: 18pt\"><strong>DOCUMENTOS INTRANET PROFESORADO<\/strong><\/span><\/a><\/p>\n<p style=\"text-align: center\"><a href=\"https:\/\/blogsaverroes.juntadeandalucia.es\/ceprandresmanjon\/intranet-del-profesorado\/\"><img loading=\"lazy\" decoding=\"async\" class=\"wp-image-2254 aligncenter\" src=\"https:\/\/blogsaverroes.juntadeandalucia.es\/ceprandresmanjon\/files\/2020\/07\/googledrive.jpg\" alt=\"\" width=\"385\" height=\"149\" srcset=\"https:\/\/blogsaverroes.juntadeandalucia.es\/ceprandresmanjon\/files\/2020\/07\/googledrive.jpg 1600w, https:\/\/blogsaverroes.juntadeandalucia.es\/ceprandresmanjon\/files\/2020\/07\/googledrive-300x116.jpg 300w, https:\/\/blogsaverroes.juntadeandalucia.es\/ceprandresmanjon\/files\/2020\/07\/googledrive-768x298.jpg 768w, https:\/\/blogsaverroes.juntadeandalucia.es\/ceprandresmanjon\/files\/2020\/07\/googledrive-1024x397.jpg 1024w, https:\/\/blogsaverroes.juntadeandalucia.es\/ceprandresmanjon\/files\/2020\/07\/googledrive-24x9.jpg 24w, https:\/\/blogsaverroes.juntadeandalucia.es\/ceprandresmanjon\/files\/2020\/07\/googledrive-36x14.jpg 36w, https:\/\/blogsaverroes.juntadeandalucia.es\/ceprandresmanjon\/files\/2020\/07\/googledrive-48x19.jpg 48w\" sizes=\"(max-width: 385px) 100vw, 385px\" \/><\/a><\/p>\n<p>&nbsp;<\/p>\n<p style=\"text-align: center\"><a href=\"https:\/\/blogsaverroes.juntadeandalucia.es\/ceprandresmanjon\/familias\/protocolo-covid-19\/\"><span style=\"font-size: 18pt\"><strong>PROTOCOLO RECOMENDACIONES COVID-19<\/strong><\/span><\/a><\/p>\n<p style=\"text-align: center\"><a href=\"https:\/\/blogsaverroes.juntadeandalucia.es\/ceprandresmanjon\/familias\/protocolo-covid-19\/\"><img loading=\"lazy\" decoding=\"async\" class=\"wp-image-2341 aligncenter\" src=\"https:\/\/blogsaverroes.juntadeandalucia.es\/ceprandresmanjon\/files\/2020\/09\/Protocolo-COVID19-img.jpg\" alt=\"\" width=\"518\" height=\"259\" srcset=\"https:\/\/blogsaverroes.juntadeandalucia.es\/ceprandresmanjon\/files\/2020\/09\/Protocolo-COVID19-img.jpg 1600w, https:\/\/blogsaverroes.juntadeandalucia.es\/ceprandresmanjon\/files\/2020\/09\/Protocolo-COVID19-img-300x150.jpg 300w, https:\/\/blogsaverroes.juntadeandalucia.es\/ceprandresmanjon\/files\/2020\/09\/Protocolo-COVID19-img-1024x512.jpg 1024w, https:\/\/blogsaverroes.juntadeandalucia.es\/ceprandresmanjon\/files\/2020\/09\/Protocolo-COVID19-img-768x384.jpg 768w, https:\/\/blogsaverroes.juntadeandalucia.es\/ceprandresmanjon\/files\/2020\/09\/Protocolo-COVID19-img-1536x768.jpg 1536w, https:\/\/blogsaverroes.juntadeandalucia.es\/ceprandresmanjon\/files\/2020\/09\/Protocolo-COVID19-img-24x12.jpg 24w, https:\/\/blogsaverroes.juntadeandalucia.es\/ceprandresmanjon\/files\/2020\/09\/Protocolo-COVID19-img-36x18.jpg 36w, https:\/\/blogsaverroes.juntadeandalucia.es\/ceprandresmanjon\/files\/2020\/09\/Protocolo-COVID19-img-48x24.jpg 48w\" sizes=\"(max-width: 518px) 100vw, 518px\" \/><\/a><\/p>\n","protected":false},"excerpt":{"rendered":"<p>PLAN DE CENTRO 25\/26 Seg\u00fan el art\u00edculo 20 del DECRETO 328\/2010, de 13 de julio, por el que se aprueba el Reglamento Org\u00e1nico de las escuelas infantiles de segundo grado, de los colegios de&#46;&#46;&#46;<\/p>\n","protected":false},"author":6420,"featured_media":0,"parent":0,"menu_order":0,"comment_status":"closed","ping_status":"closed","template":"","meta":{"ngg_post_thumbnail":0,"footnotes":""},"aioseo_notices":[],"_links":{"self":[{"href":"https:\/\/blogsaverroes.juntadeandalucia.es\/ceprandresmanjon\/wp-json\/wp\/v2\/pages\/1021"}],"collection":[{"href":"https:\/\/blogsaverroes.juntadeandalucia.es\/ceprandresmanjon\/wp-json\/wp\/v2\/pages"}],"about":[{"href":"https:\/\/blogsaverroes.juntadeandalucia.es\/ceprandresmanjon\/wp-json\/wp\/v2\/types\/page"}],"author":[{"embeddable":true,"href":"https:\/\/blogsaverroes.juntadeandalucia.es\/ceprandresmanjon\/wp-json\/wp\/v2\/users\/6420"}],"replies":[{"embeddable":true,"href":"https:\/\/blogsaverroes.juntadeandalucia.es\/ceprandresmanjon\/wp-json\/wp\/v2\/comments?post=1021"}],"version-history":[{"count":18,"href":"https:\/\/blogsaverroes.juntadeandalucia.es\/ceprandresmanjon\/wp-json\/wp\/v2\/pages\/1021\/revisions"}],"predecessor-version":[{"id":2988,"href":"https:\/\/blogsaverroes.juntadeandalucia.es\/ceprandresmanjon\/wp-json\/wp\/v2\/pages\/1021\/revisions\/2988"}],"wp:attachment":[{"href":"https:\/\/blogsaverroes.juntadeandalucia.es\/ceprandresmanjon\/wp-json\/wp\/v2\/media?parent=1021"}],"curies":[{"name":"wp","href":"https:\/\/api.w.org\/{rel}","templated":true}]}}