{"id":1032,"date":"2020-04-30T13:16:23","date_gmt":"2020-04-30T12:16:23","guid":{"rendered":"https:\/\/blogsaverroes.juntadeandalucia.es\/ceprandresmanjon\/?page_id=1032"},"modified":"2022-03-16T18:19:59","modified_gmt":"2022-03-16T17:19:59","slug":"ampa","status":"publish","type":"page","link":"https:\/\/blogsaverroes.juntadeandalucia.es\/ceprandresmanjon\/ampa\/","title":{"rendered":"AMPA"},"content":{"rendered":"<p>&nbsp;<\/p>\n<h3 style=\"text-align: center\"><span style=\"color: #993300\"><strong>\u00bfQu\u00e9 es el A.M.P.A.?<\/strong><\/span><\/h3>\n<p style=\"text-align: center\">El <span style=\"text-decoration: underline\"><strong>A.M.P.A.<\/strong><\/span> es una <strong>asociaci\u00f3n<\/strong> sin \u00e1nimo de lucro <strong>formada<\/strong> por los <strong>padres<\/strong> y <strong>madres<\/strong> de todo el <strong>alumnado<\/strong> del Colegio.<\/p>\n<p>&nbsp;<\/p>\n<p style=\"text-align: center\">Es un punto de encuentro y de trabajo independiente, abierto y plural.<\/p>\n<p style=\"text-align: center\">Desde el <strong>A.M.P.A.<\/strong> podemos contribuir a la mejora de la <strong>calidad<\/strong> de la <strong>educaci\u00f3n, la convivencia del centro y&nbsp; las instalaciones.<\/strong><\/p>\n<p style=\"text-align: justify\">&nbsp;<\/p>\n<h3 style=\"text-align: center\"><strong><span style=\"color: #339966\">\u00bfPor qu\u00e9 es importante vuestra participaci\u00f3n?<\/span><\/strong><\/h3>\n<p style=\"text-align: justify\">En el <strong>colegio<\/strong> existen espacios de participaci\u00f3n, siendo el <strong>A.M.P.A.&nbsp; <\/strong>el \u00fanico espacio de <strong>participaci\u00f3n aut\u00f3noma de padres y madres<\/strong>. El <strong>A.M.P.A<\/strong> es importante porque:<\/p>\n<ul>\n<li style=\"text-align: justify\"><span style=\"text-decoration: underline\">Somos corresponsales de la educaci\u00f3n que nuestros hijos\/as reciben en el colegio.<\/span><\/li>\n<li style=\"text-align: justify\"><span style=\"text-decoration: underline\">Es un espacio para aportar iniciativas y trabajar con la direcci\u00f3n del Centro, sin depender de esta.<\/span><\/li>\n<\/ul>\n<h3 style=\"text-align: center\"><strong><span style=\"color: #3366ff\">\u00bfC\u00f3mo puedes participar?<\/span><\/strong><\/h3>\n<p style=\"text-align: justify\">Participar en el <strong>A.M.P.A.<\/strong> es muy f\u00e1cil y cada uno decide el nivel de implicaci\u00f3n.<\/p>\n<ul style=\"text-align: justify\">\n<li style=\"text-align: justify\">Podemos asociarnos en cualquier momento, aunque se entrega a las familias una <strong>ficha de inscripci\u00f3n<\/strong> con la matr\u00edcula en la que se indica la <strong>cuota anual<\/strong> por cada familia <strong>(la cuota es por familia no por ni\u00f1o\/a)<\/strong><\/li>\n<li style=\"text-align: justify\">Podemos tambi\u00e9n participar a trav\u00e9s de las <strong>asambleas<\/strong>, incorpor\u00e1ndote a las reuniones&nbsp;abiertas que se convoquen.<\/li>\n<li style=\"text-align: justify\">Podemos colaborar en los diferentes grupos de trabajo o&nbsp;en actividades puntuales que se organizan desde el <strong>AMPA<\/strong> a lo largo del curso.<\/li>\n<li style=\"text-align: justify\">Podemos proponer <strong>iniciativas<\/strong>, plantear <strong>temas de debate<\/strong>, organizar <strong>actividades<\/strong>, etc., &nbsp;dirigi\u00e9ndote a cualquier miembro de la <strong>junta directiva.<\/strong><\/li>\n<\/ul>\n<p style=\"text-align: justify\">Como ves, hay muchas formas de participar y es muy importante que m\u00e1s padres y madres pasemos a la participa-ACCI\u00d3N,&nbsp;&nbsp;de forma activa y colectiva.<\/p>\n<h3>&nbsp;<\/h3>\n<h3 style=\"text-align: center\"><strong><span style=\"color: #ff9900\">\u00bfPara qu\u00e9 sirve?<\/span><\/strong><\/h3>\n<ul>\n<li style=\"text-align: justify\">Para <strong>defender<\/strong> y velar por el derecho de una educaci\u00f3n de calidad, democr\u00e1tica, atendiendo a las necesidades de todos los ni\u00f1os\/as.<\/li>\n<li style=\"text-align: justify\">Para <strong>promover<\/strong> la participaci\u00f3n de padres y madres en la vida del centro, defendiendo los intereses del alumnado y de toda la comunidad educativa.<\/li>\n<li style=\"text-align: justify\">Para <strong>buscar<\/strong> soluciones de forma colectiva a temas relacionados con la ense\u00f1anza y educaci\u00f3n de nuestros hijos\/as.<\/li>\n<li style=\"text-align: justify\">Para <strong>crear<\/strong> espacios de <strong>encuentro<\/strong> y trabajo en el resto de la comunidad educativa y con el entorno.<\/li>\n<li style=\"text-align: justify\">Para <strong>crear<\/strong> espacios de <strong>reflexi\u00f3n<\/strong> y participaci\u00f3n compartida sobre la educaci\u00f3n de nuestros hijos\/as<br \/>\ny para participar en la gesti\u00f3n del colegio.<\/li>\n<\/ul>\n<p>&nbsp;<\/p>\n<h3 style=\"text-align: center\"><strong><span style=\"color: #800080\">\u00bfC\u00f3mo se financia?<\/span><\/strong><\/h3>\n<p style=\"text-align: justify\">El <strong>A.M.P.A.&nbsp; <\/strong>se financia a trav\u00e9s de las <strong>cuotas de socios\/as.<\/strong><br \/>\nLa <strong>cuota de socios\/as<\/strong> es el \u00fanico pago que realizan las familias y que gestiona el <strong>A.M.P.A.<\/strong> para el beneficio exclusivo de la <strong>comunidad educativa.<\/strong><\/p>\n<p>&nbsp;<\/p>\n<p style=\"text-align: center\"><em>\u00a1An\u00edmate y forma parte del AMPA CERVANTES del CEPr. Andr\u00e9s Manj\u00f3n!<\/em><\/p>\n<p>&nbsp;<\/p>\n","protected":false},"excerpt":{"rendered":"<p>&nbsp; \u00bfQu\u00e9 es el A.M.P.A.? El A.M.P.A. es una asociaci\u00f3n sin \u00e1nimo de lucro formada por los padres y madres de todo el alumnado del Colegio. &nbsp; Es un punto de encuentro y de&#46;&#46;&#46;<\/p>\n","protected":false},"author":6420,"featured_media":0,"parent":0,"menu_order":0,"comment_status":"closed","ping_status":"closed","template":"","meta":{"ngg_post_thumbnail":0,"footnotes":""},"aioseo_notices":[],"_links":{"self":[{"href":"https:\/\/blogsaverroes.juntadeandalucia.es\/ceprandresmanjon\/wp-json\/wp\/v2\/pages\/1032"}],"collection":[{"href":"https:\/\/blogsaverroes.juntadeandalucia.es\/ceprandresmanjon\/wp-json\/wp\/v2\/pages"}],"about":[{"href":"https:\/\/blogsaverroes.juntadeandalucia.es\/ceprandresmanjon\/wp-json\/wp\/v2\/types\/page"}],"author":[{"embeddable":true,"href":"https:\/\/blogsaverroes.juntadeandalucia.es\/ceprandresmanjon\/wp-json\/wp\/v2\/users\/6420"}],"replies":[{"embeddable":true,"href":"https:\/\/blogsaverroes.juntadeandalucia.es\/ceprandresmanjon\/wp-json\/wp\/v2\/comments?post=1032"}],"version-history":[{"count":7,"href":"https:\/\/blogsaverroes.juntadeandalucia.es\/ceprandresmanjon\/wp-json\/wp\/v2\/pages\/1032\/revisions"}],"predecessor-version":[{"id":2780,"href":"https:\/\/blogsaverroes.juntadeandalucia.es\/ceprandresmanjon\/wp-json\/wp\/v2\/pages\/1032\/revisions\/2780"}],"wp:attachment":[{"href":"https:\/\/blogsaverroes.juntadeandalucia.es\/ceprandresmanjon\/wp-json\/wp\/v2\/media?parent=1032"}],"curies":[{"name":"wp","href":"https:\/\/api.w.org\/{rel}","templated":true}]}}