{"id":1282,"date":"2020-05-11T20:06:50","date_gmt":"2020-05-11T19:06:50","guid":{"rendered":"https:\/\/blogsaverroes.juntadeandalucia.es\/ceprandresmanjon\/?page_id=1282"},"modified":"2021-06-10T11:56:04","modified_gmt":"2021-06-10T10:56:04","slug":"secretaria-virtual","status":"publish","type":"page","link":"https:\/\/blogsaverroes.juntadeandalucia.es\/ceprandresmanjon\/secretaria-virtual\/","title":{"rendered":"Secretar\u00eda Virtual"},"content":{"rendered":"<h2 style=\"text-align: center\"><span style=\"text-decoration: underline\"><span style=\"font-size: 18pt\"><strong>TRAMITACI\u00d3N PRESENCIAL<\/strong><\/span><\/span><\/h2>\n<p><a href=\"https:\/\/citasandresmanjon.appointlet.com\/s\/cita-previa-secretaria\/cita-previa-secretaria\" target=\"_blank\" rel=\"noopener noreferrer\"><img loading=\"lazy\" decoding=\"async\" class=\"size-full wp-image-2317 aligncenter\" src=\"https:\/\/blogsaverroes.juntadeandalucia.es\/ceprandresmanjon\/files\/2020\/09\/Bot%C3%B3n-Cita-Previa-Secretar%C3%ADa.gif\" alt=\"\" width=\"198\" height=\"104\"><\/a><\/p>\n<p style=\"text-align: center\"><strong>IMPORTANTE: Por la seguridad de todos\/as, el d\u00eda de la cita, debe acudir una sola persona con mascarilla y un bol\u00edgrafo personal. <\/strong><\/p>\n<p style=\"text-align: center\"><strong>Gracias por su comprensi\u00f3n.<\/strong><\/p>\n<h2>&nbsp;<\/h2>\n<h2 style=\"text-align: center\"><a href=\"https:\/\/www.juntadeandalucia.es\/educacion\/secretariavirtual\/\" target=\"_blank\" rel=\"noopener noreferrer\"><span style=\"text-decoration: underline\"><span style=\"font-size: 18pt\"><strong>TRAMITACI\u00d3N ONLINE<\/strong><\/span><\/span><\/a><\/h2>\n<p><a href=\"https:\/\/www.juntadeandalucia.es\/educacion\/secretariavirtual\/\" target=\"_blank\" rel=\"noopener noreferrer\"><img loading=\"lazy\" decoding=\"async\" class=\"wp-image-1283 aligncenter\" src=\"https:\/\/blogsaverroes.juntadeandalucia.es\/ceprandresmanjon\/files\/2020\/05\/Sec_virtual_boton.png\" alt=\"\" width=\"192\" height=\"55\" srcset=\"https:\/\/blogsaverroes.juntadeandalucia.es\/ceprandresmanjon\/files\/2020\/05\/Sec_virtual_boton.png 397w, https:\/\/blogsaverroes.juntadeandalucia.es\/ceprandresmanjon\/files\/2020\/05\/Sec_virtual_boton-300x86.png 300w, https:\/\/blogsaverroes.juntadeandalucia.es\/ceprandresmanjon\/files\/2020\/05\/Sec_virtual_boton-24x7.png 24w, https:\/\/blogsaverroes.juntadeandalucia.es\/ceprandresmanjon\/files\/2020\/05\/Sec_virtual_boton-36x10.png 36w, https:\/\/blogsaverroes.juntadeandalucia.es\/ceprandresmanjon\/files\/2020\/05\/Sec_virtual_boton-48x14.png 48w\" sizes=\"(max-width: 192px) 100vw, 192px\" \/><\/a><\/p>\n<p style=\"text-align: center\"><span style=\"font-family: georgia,palatino,serif;font-size: 12pt\">A trav\u00e9s de la Secretar\u00eda Virtual de los Centros Educativos podr\u00e1n llevar a cabo cualquier tr\u00e1mite sin necesidad de desplazarse hasta el colegio.<\/span><\/p>\n<p style=\"text-align: center\"><a href=\"https:\/\/youtu.be\/0jzsoje-GyQ\" target=\"_blank\" rel=\"noopener noreferrer\">TUTORIAL EN V\u00cdDEO<\/a><\/p>\n<table style=\"border-color: #b0401e;height: 5px;background-color: #c79500\" width=\"1057\">\n<tbody>\n<tr>\n<td style=\"width: 520.5px;text-align: center\"><span style=\"color: #ffffff\"><strong>Para presentar cualquier escrito o documento que no disponga ya de un tr\u00e1mite espec\u00edfico.<\/strong><\/span><\/td>\n<td style=\"width: 520.5px;text-align: center\"><span style=\"color: #ffffff\"><strong>Para presentar matr\u00edculas y procesos de admisi\u00f3n de alumnado.<\/strong><\/span><\/td>\n<\/tr>\n<\/tbody>\n<\/table>\n<table style=\"border-color: #d1c700;height: 60px;background-color: #ffedbd\" width=\"1057\">\n<tbody>\n<tr>\n<td style=\"width: 520.5px;text-align: center\"><a href=\"https:\/\/www.juntadeandalucia.es\/educacion\/secretariavirtual\/accesoTramite\/462\/\" target=\"_blank\" rel=\"noopener noreferrer\">Presentaci\u00f3n Electr\u00f3nica General (462)<\/a><\/td>\n<td style=\"width: 520.5px;text-align: center\"><a href=\"https:\/\/www.juntadeandalucia.es\/educacion\/secretariavirtual\/accesoTramite\/439\/\" target=\"_blank\" rel=\"noopener noreferrer\">Admisi\u00f3n de R\u00e9gimen General (439)<\/a><\/td>\n<\/tr>\n<\/tbody>\n<\/table>\n<p>&nbsp;<\/p>\n<p style=\"text-align: center\">&nbsp;<\/p>\n<table style=\"border-color: #031c57;height: 5px;background-color: #1338bd\" width=\"1063\">\n<tbody>\n<tr>\n<td style=\"width: 523.5px;text-align: center\"><span style=\"color: #ffffff\"><strong>DOCUMENTOS DE ADMISI\u00d3N DE NUEVO ALUMNADO<\/strong><\/span><\/td>\n<td style=\"width: 523.5px;text-align: center\"><span style=\"color: #ffffff\"><strong>DOCUMENTOS DE MATRICULACI\u00d3N<\/strong><\/span><\/td>\n<\/tr>\n<\/tbody>\n<\/table>\n<table style=\"border-color: #03076b;height: 124px;background-color: #ccf3ff\" width=\"1063\">\n<tbody>\n<tr style=\"height: 56.13px\">\n<td style=\"width: 523.5px;height: 56.13px;text-align: center\"><a href=\"https:\/\/blogsaverroes.juntadeandalucia.es\/ceprandresmanjon\/files\/2020\/05\/Anexo-III.pdf\" target=\"_blank\" rel=\"noopener noreferrer\">Anexo III &#8211;&nbsp;Solicitud de Admisi\u00f3n (MAYO)<\/a><\/p>\n<p><a href=\"https:\/\/blogsaverroes.juntadeandalucia.es\/ceprandresmanjon\/files\/2020\/05\/ANEXO_IX-Solicitud-de-Adminision-en-periodo-extraordinario.pdf\" target=\"_blank\" rel=\"noopener noreferrer\">Anexo IX &#8211; Solicitud de Admisi\u00f3n (Proceso Extraordinario)<\/a><\/p>\n<p><a href=\"https:\/\/blogsaverroes.juntadeandalucia.es\/ceprandresmanjon\/files\/2020\/05\/ANEXO_VI._Solicitud_de_uso_de_instalaciones.pdf\" target=\"_blank\" rel=\"noopener noreferrer\">Solicitud de Uso de las Instalaciones<\/a><\/p>\n<p>&nbsp;<\/td>\n<td style=\"width: 523.5px;height: 56.13px\">\n<p style=\"text-align: center\"><a href=\"https:\/\/blogsaverroes.juntadeandalucia.es\/ceprandresmanjon\/files\/2020\/05\/Listado-de-documentaci\u00f3n-necesaria-para-la-matr\u00edcula.pdf\">Listado de documentaci\u00f3n necesaria para la matr\u00edcula<\/a><\/p>\n<p style=\"text-align: center\"><a href=\"https:\/\/blogsaverroes.juntadeandalucia.es\/ceprandresmanjon\/files\/2020\/05\/ANEXO_V._Matricula_Educacion_Primaria.pdf\" target=\"_blank\" rel=\"noopener noreferrer\">Anexo V &#8211; Matr\u00edcula para Educaci\u00f3n Primaria.<\/a><\/p>\n<p style=\"text-align: center\"><a href=\"https:\/\/blogsaverroes.juntadeandalucia.es\/ceprandresmanjon\/files\/2020\/05\/Anexo-II.-Inscripci\u00f3n-en-los-servicios-de-aula-matinal-comedor-y-actividades-extraescolares.pdf\">Anexo II. Inscripci\u00f3n en los servicios de aula matinal, comedor y actividades extraescolares<\/a><\/p>\n<p style=\"text-align: center\"><a href=\"https:\/\/blogsaverroes.juntadeandalucia.es\/ceprandresmanjon\/files\/2020\/05\/Anexo-V.-Solicitud-de-bonificaci\u00f3n.pdf\">Anexo V. Solicitud de bonificaci\u00f3n<\/a><\/p>\n<p style=\"text-align: center\"><a href=\"https:\/\/blogsaverroes.juntadeandalucia.es\/ceprandresmanjon\/files\/2020\/05\/ANEXO_RELIGION_2021_200227.pdf\" target=\"_blank\" rel=\"noopener noreferrer\">Solicitud para cursar ense\u00f1anzas religiosas o alternativas<\/a><\/p>\n<p style=\"text-align: center\"><a href=\"https:\/\/blogsaverroes.juntadeandalucia.es\/ceprandresmanjon\/files\/2020\/05\/Autorizaci\u00f3n-de-imagen-en-fotograf\u00edas-y-v\u00eddeos.pdf\">Autorizaci\u00f3n de imagen en fotograf\u00edas y v\u00eddeos<\/a><\/p>\n<p style=\"text-align: center\"><a href=\"https:\/\/blogsaverroes.juntadeandalucia.es\/ceprandresmanjon\/files\/2020\/05\/Autorizaci\u00f3n-revisiones-Programa-de-Salud-Escolar.pdf\">Autorizaci\u00f3n revisiones (Programa de Salud Escolar)<\/a><\/p>\n<p style=\"text-align: center\"><a href=\"https:\/\/blogsaverroes.juntadeandalucia.es\/ceprandresmanjon\/files\/2020\/05\/Hoja-de-recogida-de-datos-del-alumnado.pdf\">Hoja de recogida de datos del alumnado<\/a><\/p>\n<p style=\"text-align: center\"><a href=\"https:\/\/blogsaverroes.juntadeandalucia.es\/ceprandresmanjon\/files\/2020\/05\/Autorizaci\u00f3n-actividades-salida-del-centro.pdf\">Autorizaci\u00f3n actividades salida del centro<\/a><\/p>\n<p>&nbsp;<\/p>\n<p>&nbsp;<\/td>\n<\/tr>\n<\/tbody>\n<\/table>\n<p>&nbsp;<\/p>\n","protected":false},"excerpt":{"rendered":"<p>TRAMITACI\u00d3N PRESENCIAL IMPORTANTE: Por la seguridad de todos\/as, el d\u00eda de la cita, debe acudir una sola persona con mascarilla y un bol\u00edgrafo personal. Gracias por su comprensi\u00f3n. &nbsp; TRAMITACI\u00d3N ONLINE A trav\u00e9s de&#46;&#46;&#46;<\/p>\n","protected":false},"author":6420,"featured_media":0,"parent":0,"menu_order":0,"comment_status":"closed","ping_status":"closed","template":"","meta":{"ngg_post_thumbnail":0,"footnotes":""},"aioseo_notices":[],"_links":{"self":[{"href":"https:\/\/blogsaverroes.juntadeandalucia.es\/ceprandresmanjon\/wp-json\/wp\/v2\/pages\/1282"}],"collection":[{"href":"https:\/\/blogsaverroes.juntadeandalucia.es\/ceprandresmanjon\/wp-json\/wp\/v2\/pages"}],"about":[{"href":"https:\/\/blogsaverroes.juntadeandalucia.es\/ceprandresmanjon\/wp-json\/wp\/v2\/types\/page"}],"author":[{"embeddable":true,"href":"https:\/\/blogsaverroes.juntadeandalucia.es\/ceprandresmanjon\/wp-json\/wp\/v2\/users\/6420"}],"replies":[{"embeddable":true,"href":"https:\/\/blogsaverroes.juntadeandalucia.es\/ceprandresmanjon\/wp-json\/wp\/v2\/comments?post=1282"}],"version-history":[{"count":64,"href":"https:\/\/blogsaverroes.juntadeandalucia.es\/ceprandresmanjon\/wp-json\/wp\/v2\/pages\/1282\/revisions"}],"predecessor-version":[{"id":2631,"href":"https:\/\/blogsaverroes.juntadeandalucia.es\/ceprandresmanjon\/wp-json\/wp\/v2\/pages\/1282\/revisions\/2631"}],"wp:attachment":[{"href":"https:\/\/blogsaverroes.juntadeandalucia.es\/ceprandresmanjon\/wp-json\/wp\/v2\/media?parent=1282"}],"curies":[{"name":"wp","href":"https:\/\/api.w.org\/{rel}","templated":true}]}}