{"id":1444,"date":"2020-05-16T18:47:03","date_gmt":"2020-05-16T17:47:03","guid":{"rendered":"https:\/\/blogsaverroes.juntadeandalucia.es\/ceprandresmanjon\/?page_id=1444"},"modified":"2023-11-30T12:53:27","modified_gmt":"2023-11-30T11:53:27","slug":"comedor-escolar","status":"publish","type":"page","link":"https:\/\/blogsaverroes.juntadeandalucia.es\/ceprandresmanjon\/comedor-escolar\/","title":{"rendered":"Comedor Escolar"},"content":{"rendered":"<p><img loading=\"lazy\" decoding=\"async\" class=\"size-full wp-image-1461 aligncenter\" src=\"https:\/\/blogsaverroes.juntadeandalucia.es\/ceprandresmanjon\/files\/2020\/05\/Comedor-Escolar.jpg\" alt=\"\" width=\"626\" height=\"247\" srcset=\"https:\/\/blogsaverroes.juntadeandalucia.es\/ceprandresmanjon\/files\/2020\/05\/Comedor-Escolar.jpg 626w, https:\/\/blogsaverroes.juntadeandalucia.es\/ceprandresmanjon\/files\/2020\/05\/Comedor-Escolar-300x118.jpg 300w, https:\/\/blogsaverroes.juntadeandalucia.es\/ceprandresmanjon\/files\/2020\/05\/Comedor-Escolar-24x9.jpg 24w, https:\/\/blogsaverroes.juntadeandalucia.es\/ceprandresmanjon\/files\/2020\/05\/Comedor-Escolar-36x14.jpg 36w, https:\/\/blogsaverroes.juntadeandalucia.es\/ceprandresmanjon\/files\/2020\/05\/Comedor-Escolar-48x19.jpg 48w\" sizes=\"(max-width: 626px) 100vw, 626px\" \/><\/p>\n<p style=\"text-align: center\">&nbsp;<\/p>\n<p style=\"text-align: center\"><span style=\"font-size: 14pt\">Con el fin de mejorar y simplificar el servicio de informaci\u00f3n de los men\u00fas, se ha decidido<\/span><br \/>\n<span style=\"font-size: 14pt\">habilitar un enlace para que los usuarios puedan visualizar el men\u00fa todos los meses.<\/span><\/p>\n<p style=\"text-align: center\"><span style=\"font-size: 18pt\">El enlace en el que se encuentra nuestro men\u00fa es el siguiente:<\/span><\/p>\n<p style=\"text-align: center\"><a href=\"https:\/\/blogsaverroes.juntadeandalucia.es\/ceprandresmanjon\/files\/2023\/11\/men\u00fa-basal-diciembre.pdf\" target=\"_blank\" rel=\"noopener noreferrer\"><span style=\"font-size: 24px\">MEN\u00da MENSUAL<\/span><\/a><\/p>\n<p>&nbsp;<\/p>\n<p style=\"text-align: center\"><span style=\"font-size: 14pt\">Os recordamos que las incidencias de recibos \/notificaciones de faltas se gestionan a trav\u00e9s del<\/span><br \/>\n<span style=\"font-size: 14pt\">mail:<\/span><\/p>\n<p style=\"text-align: center\"><span style=\"font-size: 14pt\"> <a href=\"mailto:administracion.andalucia@mediterranea-group.com\">administracion.andalucia@mediterranea-group.com<\/a>&nbsp;<\/span><\/p>\n<p style=\"text-align: center\"><a href=\"https:\/\/www.mediterranea-group.com\/inicio\/\"><img loading=\"lazy\" decoding=\"async\" class=\"size-full wp-image-2532\" src=\"https:\/\/blogsaverroes.juntadeandalucia.es\/ceprandresmanjon\/files\/2021\/01\/logo.png\" alt=\"\" width=\"246\" height=\"36\" srcset=\"https:\/\/blogsaverroes.juntadeandalucia.es\/ceprandresmanjon\/files\/2021\/01\/logo.png 246w, https:\/\/blogsaverroes.juntadeandalucia.es\/ceprandresmanjon\/files\/2021\/01\/logo-24x4.png 24w, https:\/\/blogsaverroes.juntadeandalucia.es\/ceprandresmanjon\/files\/2021\/01\/logo-36x5.png 36w, https:\/\/blogsaverroes.juntadeandalucia.es\/ceprandresmanjon\/files\/2021\/01\/logo-48x7.png 48w\" sizes=\"(max-width: 246px) 100vw, 246px\" \/><\/a><\/p>\n<p style=\"text-align: center\">&nbsp;<\/p>\n<p>&nbsp;<\/p>\n<p>El comedor escolar es un servicio educativo para todo el alumnado del centro. Tiene una duraci\u00f3n de hasta dos horas desde que acaba la jornada escolar de la ma\u00f1ana (de 14:00h a 16:00h). <strong>Actualmente, el precio diario del servicio es de 4,98\u20ac (curso 23\/24).&nbsp;<\/strong><\/p>\n<ul class=\"enlaces\">\n<li><a title=\"Informaci\u00f3n sobre el servicio de comedores escolares\" href=\"http:\/\/www.iseandalucia.es\/web\/guest\/familias\/servicios-ofertados\/comedores-escolares\">Informaci\u00f3n sobre el servicio de comedores escolares<\/a><\/li>\n<li><a title=\"Comedores infantiles saludables\" href=\"http:\/\/sancyd.es\/comedores\/escolares\">Comedores infantiles saludables<\/a><\/li>\n<li><a href=\"http:\/\/www.juntadeandalucia.es\/servicios\/procedimientos\/detalle\/8652\/datos-basicos.html\">Subvenciones a los centros docentes privados sostenidos con fondos p\u00fablicos, espec\u00edficos de Educaci\u00f3n Especial o con planes de compensaci\u00f3n educativa para la prestaci\u00f3n del servicio de comedor escolar<\/a><\/li>\n<\/ul>\n<p>Para asegurar la correcta alimentaci\u00f3n de los y las menores en situaci\u00f3n de exclusi\u00f3n social o con riesgo de padecerla, se ha reforzado el servicio de alimentaci\u00f3n infantil en los centros docentes p\u00fablicos de Andaluc\u00eda.<\/p>\n<p>Dicho refuerzo consiste en proporcionar adem\u00e1s del almuerzo, el desayuno y la merienda, de tal forma que se garanticen tres comidas diarias.<\/p>\n<ul>\n<li><a href=\"https:\/\/www.juntadeandalucia.es\/temas\/familias-igualdad\/minorias\/medidas-exclusion-social.html\">Medidas extraordinarias y urgentes para la lucha contra la exclusi\u00f3n en Andaluc\u00eda<\/a><\/li>\n<\/ul>\n","protected":false},"excerpt":{"rendered":"<p>&nbsp; Con el fin de mejorar y simplificar el servicio de informaci\u00f3n de los men\u00fas, se ha decidido habilitar un enlace para que los usuarios puedan visualizar el men\u00fa todos los meses. El enlace&#46;&#46;&#46;<\/p>\n","protected":false},"author":6420,"featured_media":0,"parent":0,"menu_order":0,"comment_status":"closed","ping_status":"closed","template":"","meta":{"ngg_post_thumbnail":0,"footnotes":""},"aioseo_notices":[],"_links":{"self":[{"href":"https:\/\/blogsaverroes.juntadeandalucia.es\/ceprandresmanjon\/wp-json\/wp\/v2\/pages\/1444"}],"collection":[{"href":"https:\/\/blogsaverroes.juntadeandalucia.es\/ceprandresmanjon\/wp-json\/wp\/v2\/pages"}],"about":[{"href":"https:\/\/blogsaverroes.juntadeandalucia.es\/ceprandresmanjon\/wp-json\/wp\/v2\/types\/page"}],"author":[{"embeddable":true,"href":"https:\/\/blogsaverroes.juntadeandalucia.es\/ceprandresmanjon\/wp-json\/wp\/v2\/users\/6420"}],"replies":[{"embeddable":true,"href":"https:\/\/blogsaverroes.juntadeandalucia.es\/ceprandresmanjon\/wp-json\/wp\/v2\/comments?post=1444"}],"version-history":[{"count":36,"href":"https:\/\/blogsaverroes.juntadeandalucia.es\/ceprandresmanjon\/wp-json\/wp\/v2\/pages\/1444\/revisions"}],"predecessor-version":[{"id":2910,"href":"https:\/\/blogsaverroes.juntadeandalucia.es\/ceprandresmanjon\/wp-json\/wp\/v2\/pages\/1444\/revisions\/2910"}],"wp:attachment":[{"href":"https:\/\/blogsaverroes.juntadeandalucia.es\/ceprandresmanjon\/wp-json\/wp\/v2\/media?parent=1444"}],"curies":[{"name":"wp","href":"https:\/\/api.w.org\/{rel}","templated":true}]}}