{"id":1446,"date":"2020-05-16T18:50:38","date_gmt":"2020-05-16T17:50:38","guid":{"rendered":"https:\/\/blogsaverroes.juntadeandalucia.es\/ceprandresmanjon\/?page_id=1446"},"modified":"2022-11-16T17:08:15","modified_gmt":"2022-11-16T16:08:15","slug":"programa-de-refuerzo-educativo-proa","status":"publish","type":"page","link":"https:\/\/blogsaverroes.juntadeandalucia.es\/ceprandresmanjon\/programas\/programa-de-refuerzo-educativo-proa\/","title":{"rendered":"Programa de Acompa\u00f1amiento (PROA)"},"content":{"rendered":"<p><img loading=\"lazy\" decoding=\"async\" class=\"aligncenter wp-image-2176\" src=\"https:\/\/blogsaverroes.juntadeandalucia.es\/ceprandresmanjon\/files\/2020\/07\/PROA-Andalucia.jpg\" alt=\"\" width=\"540\" height=\"213\" srcset=\"https:\/\/blogsaverroes.juntadeandalucia.es\/ceprandresmanjon\/files\/2020\/07\/PROA-Andalucia.jpg 1600w, https:\/\/blogsaverroes.juntadeandalucia.es\/ceprandresmanjon\/files\/2020\/07\/PROA-Andalucia-300x118.jpg 300w, https:\/\/blogsaverroes.juntadeandalucia.es\/ceprandresmanjon\/files\/2020\/07\/PROA-Andalucia-768x303.jpg 768w, https:\/\/blogsaverroes.juntadeandalucia.es\/ceprandresmanjon\/files\/2020\/07\/PROA-Andalucia-1024x404.jpg 1024w, https:\/\/blogsaverroes.juntadeandalucia.es\/ceprandresmanjon\/files\/2020\/07\/PROA-Andalucia-24x9.jpg 24w, https:\/\/blogsaverroes.juntadeandalucia.es\/ceprandresmanjon\/files\/2020\/07\/PROA-Andalucia-36x14.jpg 36w, https:\/\/blogsaverroes.juntadeandalucia.es\/ceprandresmanjon\/files\/2020\/07\/PROA-Andalucia-48x19.jpg 48w\" sizes=\"(max-width: 540px) 100vw, 540px\" \/><\/p>\n<p style=\"text-align: justify\">El <strong>Programa de Acompa\u00f1amiento Escolar<\/strong> es un recurso <strong>destinado a compensar<\/strong> necesidades asociadas a la consecuci\u00f3n de las competencias clave relacionadas con <strong>la comunicaci\u00f3n ling\u00fc\u00edstica<\/strong> y el <strong>razonamiento matem\u00e1tico.<\/strong><\/p>\n<p style=\"text-align: justify\">Los objetivos est\u00e1n orientados a:<\/p>\n<p style=\"text-align: justify\">&#8211; <strong>Favorecer<\/strong> la inclusi\u00f3n educativa y social del alumnado.<br \/>\n&#8211;<strong> Contribuir<\/strong> <strong>a la consecuci\u00f3n<\/strong> de los objetivos establecidos en el curr\u00edculum.<br \/>\n&#8211; <strong>Optimizar<\/strong> la transformaci\u00f3n social y cultura del un centro escolar y de la comunidad educativa.<br \/>\n&#8211; <strong>Establecer<\/strong> cauces de coordinaci\u00f3n, cooperaci\u00f3n y colaboraci\u00f3n entre todos los agentes implicados.<br \/>\n&#8211; <strong>Contribuir a la mejora<\/strong> de la convivencia valorando la multiculturalidad y las diferencias individuales como fuente de aprendizaje.&nbsp;<\/p>\n<p>Dicho programa se lleva a cabo para el <strong>alumnado de segundo y tercer<\/strong> <strong>ciclo<\/strong> de Educaci\u00f3n Primaria en el siguiente horario:<\/p>\n<ul style=\"list-style-type: circle\">\n<li><strong>Martes y&nbsp; jueves de 16:00 a 18:00 horas<\/strong>.<\/li>\n<\/ul>\n","protected":false},"excerpt":{"rendered":"<p>El Programa de Acompa\u00f1amiento Escolar es un recurso destinado a compensar necesidades asociadas a la consecuci\u00f3n de las competencias clave relacionadas con la comunicaci\u00f3n ling\u00fc\u00edstica y el razonamiento matem\u00e1tico. Los objetivos est\u00e1n orientados a:&#46;&#46;&#46;<\/p>\n","protected":false},"author":6420,"featured_media":0,"parent":1470,"menu_order":0,"comment_status":"closed","ping_status":"closed","template":"","meta":{"ngg_post_thumbnail":0,"footnotes":""},"aioseo_notices":[],"_links":{"self":[{"href":"https:\/\/blogsaverroes.juntadeandalucia.es\/ceprandresmanjon\/wp-json\/wp\/v2\/pages\/1446"}],"collection":[{"href":"https:\/\/blogsaverroes.juntadeandalucia.es\/ceprandresmanjon\/wp-json\/wp\/v2\/pages"}],"about":[{"href":"https:\/\/blogsaverroes.juntadeandalucia.es\/ceprandresmanjon\/wp-json\/wp\/v2\/types\/page"}],"author":[{"embeddable":true,"href":"https:\/\/blogsaverroes.juntadeandalucia.es\/ceprandresmanjon\/wp-json\/wp\/v2\/users\/6420"}],"replies":[{"embeddable":true,"href":"https:\/\/blogsaverroes.juntadeandalucia.es\/ceprandresmanjon\/wp-json\/wp\/v2\/comments?post=1446"}],"version-history":[{"count":12,"href":"https:\/\/blogsaverroes.juntadeandalucia.es\/ceprandresmanjon\/wp-json\/wp\/v2\/pages\/1446\/revisions"}],"predecessor-version":[{"id":2824,"href":"https:\/\/blogsaverroes.juntadeandalucia.es\/ceprandresmanjon\/wp-json\/wp\/v2\/pages\/1446\/revisions\/2824"}],"up":[{"embeddable":true,"href":"https:\/\/blogsaverroes.juntadeandalucia.es\/ceprandresmanjon\/wp-json\/wp\/v2\/pages\/1470"}],"wp:attachment":[{"href":"https:\/\/blogsaverroes.juntadeandalucia.es\/ceprandresmanjon\/wp-json\/wp\/v2\/media?parent=1446"}],"curies":[{"name":"wp","href":"https:\/\/api.w.org\/{rel}","templated":true}]}}