{"id":1998,"date":"2020-06-21T20:58:54","date_gmt":"2020-06-21T19:58:54","guid":{"rendered":"https:\/\/blogsaverroes.juntadeandalucia.es\/ceprandresmanjon\/?page_id=1998"},"modified":"2020-10-05T19:12:53","modified_gmt":"2020-10-05T18:12:53","slug":"transformaciondigital","status":"publish","type":"page","link":"https:\/\/blogsaverroes.juntadeandalucia.es\/ceprandresmanjon\/programas\/transformaciondigital\/","title":{"rendered":"Transformaci\u00f3n Digital"},"content":{"rendered":"<p style=\"text-align: justify\"><a href=\"https:\/\/educacionadistancia.juntadeandalucia.es\/centros\/almeria\/login\/index.php\" target=\"_blank\" rel=\"noopener noreferrer\"><img loading=\"lazy\" decoding=\"async\" class=\"alignleft size-full wp-image-2398\" src=\"https:\/\/blogsaverroes.juntadeandalucia.es\/ceprandresmanjon\/files\/2020\/09\/logogrande_moodle_centros_manjon.jpg\" alt=\"\" width=\"617\" height=\"245\" srcset=\"https:\/\/blogsaverroes.juntadeandalucia.es\/ceprandresmanjon\/files\/2020\/09\/logogrande_moodle_centros_manjon.jpg 617w, https:\/\/blogsaverroes.juntadeandalucia.es\/ceprandresmanjon\/files\/2020\/09\/logogrande_moodle_centros_manjon-300x119.jpg 300w, https:\/\/blogsaverroes.juntadeandalucia.es\/ceprandresmanjon\/files\/2020\/09\/logogrande_moodle_centros_manjon-24x10.jpg 24w, https:\/\/blogsaverroes.juntadeandalucia.es\/ceprandresmanjon\/files\/2020\/09\/logogrande_moodle_centros_manjon-36x14.jpg 36w, https:\/\/blogsaverroes.juntadeandalucia.es\/ceprandresmanjon\/files\/2020\/09\/logogrande_moodle_centros_manjon-48x19.jpg 48w\" sizes=\"(max-width: 617px) 100vw, 617px\" \/><\/a>La <strong>tecnolog\u00eda<\/strong> no debe prevalecer sobre la <strong>Educaci\u00f3n<\/strong> sino que tiene que servir para mejorar la calidad de la <strong>Ense\u00f1anza<\/strong>. Las nuevas tecnolog\u00edas pasar\u00e1n de ser un apoyo a ser parte fundamental en el proceso de ense\u00f1anza y aprendizaje.<\/p>\n<p style=\"text-align: justify\"><span style=\"text-decoration: underline\"><strong>Objetivos<\/strong><\/span><\/p>\n<div class=\"relative\">\n<div class=\"pie_cga\">\n<ul>\n<li class=\"li_info\" style=\"text-align: justify\">Profundizar en la <strong>calidad en la Educaci\u00f3n&nbsp;<\/strong>y en la Igualdad de Oportunidades.<\/li>\n<li class=\"li_info\" style=\"text-align: justify\">Conseguir que las TIC se conviertan en&nbsp;<strong>herramientas did\u00e1cticas<\/strong> de uso&nbsp;habitual en el aula.<\/li>\n<li style=\"text-align: justify\"><strong>Mejorar las pr\u00e1cticas educativas&nbsp;<\/strong>para alcanzar un mayor desarrollo&nbsp;de las competencias del alumnado.<\/li>\n<\/ul>\n<\/div>\n<\/div>\n","protected":false},"excerpt":{"rendered":"<p>La tecnolog\u00eda no debe prevalecer sobre la Educaci\u00f3n sino que tiene que servir para mejorar la calidad de la Ense\u00f1anza. Las nuevas tecnolog\u00edas pasar\u00e1n de ser un apoyo a ser parte fundamental en el&#46;&#46;&#46;<\/p>\n","protected":false},"author":6420,"featured_media":0,"parent":1470,"menu_order":0,"comment_status":"closed","ping_status":"closed","template":"","meta":{"ngg_post_thumbnail":0,"footnotes":""},"aioseo_notices":[],"_links":{"self":[{"href":"https:\/\/blogsaverroes.juntadeandalucia.es\/ceprandresmanjon\/wp-json\/wp\/v2\/pages\/1998"}],"collection":[{"href":"https:\/\/blogsaverroes.juntadeandalucia.es\/ceprandresmanjon\/wp-json\/wp\/v2\/pages"}],"about":[{"href":"https:\/\/blogsaverroes.juntadeandalucia.es\/ceprandresmanjon\/wp-json\/wp\/v2\/types\/page"}],"author":[{"embeddable":true,"href":"https:\/\/blogsaverroes.juntadeandalucia.es\/ceprandresmanjon\/wp-json\/wp\/v2\/users\/6420"}],"replies":[{"embeddable":true,"href":"https:\/\/blogsaverroes.juntadeandalucia.es\/ceprandresmanjon\/wp-json\/wp\/v2\/comments?post=1998"}],"version-history":[{"count":7,"href":"https:\/\/blogsaverroes.juntadeandalucia.es\/ceprandresmanjon\/wp-json\/wp\/v2\/pages\/1998\/revisions"}],"predecessor-version":[{"id":2438,"href":"https:\/\/blogsaverroes.juntadeandalucia.es\/ceprandresmanjon\/wp-json\/wp\/v2\/pages\/1998\/revisions\/2438"}],"up":[{"embeddable":true,"href":"https:\/\/blogsaverroes.juntadeandalucia.es\/ceprandresmanjon\/wp-json\/wp\/v2\/pages\/1470"}],"wp:attachment":[{"href":"https:\/\/blogsaverroes.juntadeandalucia.es\/ceprandresmanjon\/wp-json\/wp\/v2\/media?parent=1998"}],"curies":[{"name":"wp","href":"https:\/\/api.w.org\/{rel}","templated":true}]}}