{"id":2118,"date":"2020-06-22T18:51:13","date_gmt":"2020-06-22T17:51:13","guid":{"rendered":"https:\/\/blogsaverroes.juntadeandalucia.es\/ceprandresmanjon\/?page_id=2118"},"modified":"2021-06-02T08:31:35","modified_gmt":"2021-06-02T07:31:35","slug":"alumnado","status":"publish","type":"page","link":"https:\/\/blogsaverroes.juntadeandalucia.es\/ceprandresmanjon\/alumnado\/","title":{"rendered":"ALUMNADO"},"content":{"rendered":"<p style=\"text-align: center\"><a href=\"https:\/\/blogsaverroes.juntadeandalucia.es\/ceprandresmanjon\/category\/alumnado\/1o-primaria\/\">Acceso a 1\u00ba de Primaria.<\/a><\/p>\n<p style=\"text-align: center\"><a href=\"https:\/\/blogsaverroes.juntadeandalucia.es\/ceprandresmanjon\/category\/alumnado\/2o-primaria\/\">Acceso a 2\u00ba de Primaria.<\/a><\/p>\n<p style=\"text-align: center\"><a href=\"https:\/\/blogsaverroes.juntadeandalucia.es\/ceprandresmanjon\/category\/alumnado\/3o-primaria\/\">Acceso a 3\u00ba de Primaria.<\/a><\/p>\n<p style=\"text-align: center\"><a href=\"https:\/\/blogsaverroes.juntadeandalucia.es\/ceprandresmanjon\/category\/alumnado\/4o-primaria\/\">Acceso a 4\u00ba de Primaria.<\/a><\/p>\n<p style=\"text-align: center\"><a href=\"https:\/\/blogsaverroes.juntadeandalucia.es\/ceprandresmanjon\/category\/alumnado\/5o-primaria\/\">Acceso a 5\u00ba de Primaria.<\/a><\/p>\n<p style=\"text-align: center\"><a href=\"https:\/\/blogsaverroes.juntadeandalucia.es\/ceprandresmanjon\/category\/alumnado\/6o-primaria\/\">Acceso a 6\u00ba de Primaria.<\/a><\/p>\n<p style=\"text-align: center\"><a href=\"https:\/\/blogsaverroes.juntadeandalucia.es\/ceprandresmanjon\/category\/alumnado\/pt-y-al\/\">Aula de Pedagog\u00eda Terap\u00e9utica y Audici\u00f3n y Lenguaje.<\/a><\/p>\n","protected":false},"excerpt":{"rendered":"<p>Acceso a 1\u00ba de Primaria. Acceso a 2\u00ba de Primaria. Acceso a 3\u00ba de Primaria. Acceso a 4\u00ba de Primaria. Acceso a 5\u00ba de Primaria. Acceso a 6\u00ba de Primaria. Aula de Pedagog\u00eda Terap\u00e9utica&#46;&#46;&#46;<\/p>\n","protected":false},"author":6420,"featured_media":0,"parent":0,"menu_order":0,"comment_status":"closed","ping_status":"closed","template":"","meta":{"ngg_post_thumbnail":0,"footnotes":""},"aioseo_notices":[],"_links":{"self":[{"href":"https:\/\/blogsaverroes.juntadeandalucia.es\/ceprandresmanjon\/wp-json\/wp\/v2\/pages\/2118"}],"collection":[{"href":"https:\/\/blogsaverroes.juntadeandalucia.es\/ceprandresmanjon\/wp-json\/wp\/v2\/pages"}],"about":[{"href":"https:\/\/blogsaverroes.juntadeandalucia.es\/ceprandresmanjon\/wp-json\/wp\/v2\/types\/page"}],"author":[{"embeddable":true,"href":"https:\/\/blogsaverroes.juntadeandalucia.es\/ceprandresmanjon\/wp-json\/wp\/v2\/users\/6420"}],"replies":[{"embeddable":true,"href":"https:\/\/blogsaverroes.juntadeandalucia.es\/ceprandresmanjon\/wp-json\/wp\/v2\/comments?post=2118"}],"version-history":[{"count":4,"href":"https:\/\/blogsaverroes.juntadeandalucia.es\/ceprandresmanjon\/wp-json\/wp\/v2\/pages\/2118\/revisions"}],"predecessor-version":[{"id":2627,"href":"https:\/\/blogsaverroes.juntadeandalucia.es\/ceprandresmanjon\/wp-json\/wp\/v2\/pages\/2118\/revisions\/2627"}],"wp:attachment":[{"href":"https:\/\/blogsaverroes.juntadeandalucia.es\/ceprandresmanjon\/wp-json\/wp\/v2\/media?parent=2118"}],"curies":[{"name":"wp","href":"https:\/\/api.w.org\/{rel}","templated":true}]}}