{"id":2396,"date":"2020-09-16T19:17:20","date_gmt":"2020-09-16T18:17:20","guid":{"rendered":"https:\/\/blogsaverroes.juntadeandalucia.es\/ceprandresmanjon\/?page_id=2396"},"modified":"2020-11-14T13:00:26","modified_gmt":"2020-11-14T12:00:26","slug":"i-clases-moodle-centros","status":"publish","type":"page","link":"https:\/\/blogsaverroes.juntadeandalucia.es\/ceprandresmanjon\/programas\/transformaciondigital\/i-clases-moodle-centros\/","title":{"rendered":"Moodle Centros"},"content":{"rendered":"<p><a href=\"https:\/\/educacionadistancia.juntadeandalucia.es\/centros\/almeria\/\" target=\"_blank\" rel=\"noopener noreferrer\"><img loading=\"lazy\" decoding=\"async\" class=\"size-full wp-image-2398 aligncenter\" src=\"https:\/\/blogsaverroes.juntadeandalucia.es\/ceprandresmanjon\/files\/2020\/09\/logogrande_moodle_centros_manjon.jpg\" alt=\"\" width=\"617\" height=\"245\" srcset=\"https:\/\/blogsaverroes.juntadeandalucia.es\/ceprandresmanjon\/files\/2020\/09\/logogrande_moodle_centros_manjon.jpg 617w, https:\/\/blogsaverroes.juntadeandalucia.es\/ceprandresmanjon\/files\/2020\/09\/logogrande_moodle_centros_manjon-300x119.jpg 300w, https:\/\/blogsaverroes.juntadeandalucia.es\/ceprandresmanjon\/files\/2020\/09\/logogrande_moodle_centros_manjon-24x10.jpg 24w, https:\/\/blogsaverroes.juntadeandalucia.es\/ceprandresmanjon\/files\/2020\/09\/logogrande_moodle_centros_manjon-36x14.jpg 36w, https:\/\/blogsaverroes.juntadeandalucia.es\/ceprandresmanjon\/files\/2020\/09\/logogrande_moodle_centros_manjon-48x19.jpg 48w\" sizes=\"(max-width: 617px) 100vw, 617px\" \/><\/a><\/p>\n<p style=\"text-align: center\"><a href=\"https:\/\/educacionadistancia.juntadeandalucia.es\/centros\/almeria\/login\/index.php\" target=\"_blank\" rel=\"noopener noreferrer\"><img loading=\"lazy\" decoding=\"async\" class=\"wp-image-2426 aligncenter\" src=\"https:\/\/blogsaverroes.juntadeandalucia.es\/ceprandresmanjon\/files\/2020\/09\/BotonMoodleCentros_x.png\" alt=\"\" width=\"308\" height=\"81\" srcset=\"https:\/\/blogsaverroes.juntadeandalucia.es\/ceprandresmanjon\/files\/2020\/09\/BotonMoodleCentros_x.png 960w, https:\/\/blogsaverroes.juntadeandalucia.es\/ceprandresmanjon\/files\/2020\/09\/BotonMoodleCentros_x-300x80.png 300w, https:\/\/blogsaverroes.juntadeandalucia.es\/ceprandresmanjon\/files\/2020\/09\/BotonMoodleCentros_x-768x204.png 768w, https:\/\/blogsaverroes.juntadeandalucia.es\/ceprandresmanjon\/files\/2020\/09\/BotonMoodleCentros_x-24x6.png 24w, https:\/\/blogsaverroes.juntadeandalucia.es\/ceprandresmanjon\/files\/2020\/09\/BotonMoodleCentros_x-36x10.png 36w, https:\/\/blogsaverroes.juntadeandalucia.es\/ceprandresmanjon\/files\/2020\/09\/BotonMoodleCentros_x-48x13.png 48w\" sizes=\"(max-width: 308px) 100vw, 308px\" \/><\/a><\/p>\n<p style=\"text-align: center\"><strong>Para acceder a las aulas virtuales, cada alumno\/a deber\u00e1 tener su <span style=\"color: #339966\">Usuario<\/span> y <span style=\"color: #ff6600\">Contrase\u00f1a<\/span> que habr\u00e1 facilitado cada tutor\/a en el colegio.<\/strong><\/p>\n","protected":false},"excerpt":{"rendered":"<p>Para acceder a las aulas virtuales, cada alumno\/a deber\u00e1 tener su Usuario y Contrase\u00f1a que habr\u00e1 facilitado cada tutor\/a en el colegio.<\/p>\n","protected":false},"author":6420,"featured_media":0,"parent":1998,"menu_order":0,"comment_status":"closed","ping_status":"closed","template":"","meta":{"ngg_post_thumbnail":0,"footnotes":""},"aioseo_notices":[],"_links":{"self":[{"href":"https:\/\/blogsaverroes.juntadeandalucia.es\/ceprandresmanjon\/wp-json\/wp\/v2\/pages\/2396"}],"collection":[{"href":"https:\/\/blogsaverroes.juntadeandalucia.es\/ceprandresmanjon\/wp-json\/wp\/v2\/pages"}],"about":[{"href":"https:\/\/blogsaverroes.juntadeandalucia.es\/ceprandresmanjon\/wp-json\/wp\/v2\/types\/page"}],"author":[{"embeddable":true,"href":"https:\/\/blogsaverroes.juntadeandalucia.es\/ceprandresmanjon\/wp-json\/wp\/v2\/users\/6420"}],"replies":[{"embeddable":true,"href":"https:\/\/blogsaverroes.juntadeandalucia.es\/ceprandresmanjon\/wp-json\/wp\/v2\/comments?post=2396"}],"version-history":[{"count":10,"href":"https:\/\/blogsaverroes.juntadeandalucia.es\/ceprandresmanjon\/wp-json\/wp\/v2\/pages\/2396\/revisions"}],"predecessor-version":[{"id":2493,"href":"https:\/\/blogsaverroes.juntadeandalucia.es\/ceprandresmanjon\/wp-json\/wp\/v2\/pages\/2396\/revisions\/2493"}],"up":[{"embeddable":true,"href":"https:\/\/blogsaverroes.juntadeandalucia.es\/ceprandresmanjon\/wp-json\/wp\/v2\/pages\/1998"}],"wp:attachment":[{"href":"https:\/\/blogsaverroes.juntadeandalucia.es\/ceprandresmanjon\/wp-json\/wp\/v2\/media?parent=2396"}],"curies":[{"name":"wp","href":"https:\/\/api.w.org\/{rel}","templated":true}]}}