{"id":39,"date":"2020-01-09T12:44:11","date_gmt":"2020-01-09T11:44:11","guid":{"rendered":"http:\/\/blogsaverroes.juntadeandalucia.es\/pre\/nuevoceip2v2\/?page_id=39"},"modified":"2022-08-06T18:40:59","modified_gmt":"2022-08-06T17:40:59","slug":"comedor-escolar","status":"publish","type":"page","link":"https:\/\/blogsaverroes.juntadeandalucia.es\/ceprbuenavistasevilla\/comedor-escolar\/","title":{"rendered":"Comedor escolar"},"content":{"rendered":"<p>[et_pb_section fb_built=&#8221;1&#8243; _builder_version=&#8221;3.23.3&#8243; custom_padding=&#8221;0px||0px|&#8221; z_index_tablet=&#8221;500&#8243; box_shadow_horizontal_tablet=&#8221;0px&#8221; box_shadow_vertical_tablet=&#8221;0px&#8221; box_shadow_blur_tablet=&#8221;40px&#8221; box_shadow_spread_tablet=&#8221;0px&#8221; global_colors_info=&#8221;{}&#8221;][et_pb_row _builder_version=&#8221;3.25&#8243; background_size=&#8221;initial&#8221; background_position=&#8221;top_left&#8221; background_repeat=&#8221;repeat&#8221; global_colors_info=&#8221;{}&#8221;][et_pb_column type=&#8221;4_4&#8243; _builder_version=&#8221;3.25&#8243; custom_padding=&#8221;|||&#8221; global_colors_info=&#8221;{}&#8221; custom_padding__hover=&#8221;|||&#8221;][et_pb_image src=&#8221;https:\/\/blogsaverroes.juntadeandalucia.es\/ceprbuenavistasevilla\/files\/2022\/08\/PLB.jpg&#8221; title_text=&#8221;PLB&#8221; admin_label=&#8221;Imagen de la portada&#8221; _builder_version=&#8221;4.14.5&#8243; hover_enabled=&#8221;0&#8243; z_index_tablet=&#8221;500&#8243; box_shadow_horizontal_tablet=&#8221;0px&#8221; box_shadow_vertical_tablet=&#8221;0px&#8221; box_shadow_blur_tablet=&#8221;40px&#8221; box_shadow_spread_tablet=&#8221;0px&#8221; global_colors_info=&#8221;{}&#8221; sticky_enabled=&#8221;0&#8243;][\/et_pb_image][et_pb_text admin_label=&#8221;Texto descriptivo&#8221; _builder_version=&#8221;4.14.5&#8243; hover_enabled=&#8221;0&#8243; z_index_tablet=&#8221;500&#8243; text_text_shadow_horizontal_length_tablet=&#8221;0px&#8221; text_text_shadow_vertical_length_tablet=&#8221;0px&#8221; text_text_shadow_blur_strength_tablet=&#8221;1px&#8221; link_text_shadow_horizontal_length_tablet=&#8221;0px&#8221; link_text_shadow_vertical_length_tablet=&#8221;0px&#8221; link_text_shadow_blur_strength_tablet=&#8221;1px&#8221; ul_text_shadow_horizontal_length_tablet=&#8221;0px&#8221; ul_text_shadow_vertical_length_tablet=&#8221;0px&#8221; ul_text_shadow_blur_strength_tablet=&#8221;1px&#8221; ol_text_shadow_horizontal_length_tablet=&#8221;0px&#8221; ol_text_shadow_vertical_length_tablet=&#8221;0px&#8221; ol_text_shadow_blur_strength_tablet=&#8221;1px&#8221; quote_text_shadow_horizontal_length_tablet=&#8221;0px&#8221; quote_text_shadow_vertical_length_tablet=&#8221;0px&#8221; quote_text_shadow_blur_strength_tablet=&#8221;1px&#8221; header_text_shadow_horizontal_length_tablet=&#8221;0px&#8221; header_text_shadow_vertical_length_tablet=&#8221;0px&#8221; header_text_shadow_blur_strength_tablet=&#8221;1px&#8221; header_2_text_shadow_horizontal_length_tablet=&#8221;0px&#8221; header_2_text_shadow_vertical_length_tablet=&#8221;0px&#8221; header_2_text_shadow_blur_strength_tablet=&#8221;1px&#8221; header_3_text_shadow_horizontal_length_tablet=&#8221;0px&#8221; header_3_text_shadow_vertical_length_tablet=&#8221;0px&#8221; header_3_text_shadow_blur_strength_tablet=&#8221;1px&#8221; header_4_text_shadow_horizontal_length_tablet=&#8221;0px&#8221; header_4_text_shadow_vertical_length_tablet=&#8221;0px&#8221; header_4_text_shadow_blur_strength_tablet=&#8221;1px&#8221; header_5_text_shadow_horizontal_length_tablet=&#8221;0px&#8221; header_5_text_shadow_vertical_length_tablet=&#8221;0px&#8221; header_5_text_shadow_blur_strength_tablet=&#8221;1px&#8221; header_6_text_shadow_horizontal_length_tablet=&#8221;0px&#8221; header_6_text_shadow_vertical_length_tablet=&#8221;0px&#8221; header_6_text_shadow_blur_strength_tablet=&#8221;1px&#8221; box_shadow_horizontal_tablet=&#8221;0px&#8221; box_shadow_vertical_tablet=&#8221;0px&#8221; box_shadow_blur_tablet=&#8221;40px&#8221; box_shadow_spread_tablet=&#8221;0px&#8221; global_colors_info=&#8221;{}&#8221; sticky_enabled=&#8221;0&#8243;]<\/p>\n<p class=\"has-drop-cap\">l<span style=\"font-size: large\">a lectura ha de constituir una actividad fundamental en la vida del ni\u00f1o\/a en sus a\u00f1os escolares debido a su valor como herramienta de aprendizaje y de dominio de nuevos conocimientos. El alumnado de primaria ha de leer, saber leer y comprender lo que lee y as\u00ed obtendr\u00e1 informaci\u00f3n, aprender\u00e1, sabr\u00e1 comunicarse con un mayor dominio y disfrutar\u00e1 de nuevas experiencias. En la escuela se deben dar todas las posibilidades para que la lectura forme parte de la vida de nuestros alumnos\/as y la familia contribuir con la escuela para que en casa se potencie, apoye y refuerce esta actitud.<\/span><\/p>\n<p><span style=\"font-size: large\">\u00a0<\/span><\/p>\n<p><span style=\"font-size: large\">La biblioteca escolar de nuestro centro ser\u00e1 el lugar id\u00f3neo para acometer el proyecto lector y el recurso indispensable para que, adem\u00e1s el alumnado alcance las competencias b\u00e1sicas referidas en el art. 38 de la Ley 17\/2007, de 10 de diciembre, de Educaci\u00f3n en Andaluc\u00eda.<\/span><span style=\"font-size: large\"> <br \/><\/span><\/p>\n<p><span style=\"font-size: large\"><\/span><\/p>\n<p><span style=\"font-size: large\">La biblioteca escolar constituye un importante espacio para desarrollar el aprendizaje y se convierta en un eslab\u00f3n m\u00e1s en el proceso de ense\u00f1anza \/ aprendizaje.<\/span><\/p>\n<p><span style=\"font-size: large\">Por todo ello, el uso de la biblioteca escolar ha de contribuir y fomentar en el alumnado el h\u00e1bito lector libre y aut\u00f3nomo, como diversi\u00f3n y disfrute, as\u00ed como fuente de satisfacci\u00f3n personal.<\/span><\/p>\n<p>[\/et_pb_text][et_pb_button button_text=&#8221;Plan LyB&#8221; _builder_version=&#8221;4.14.5&#8243; _module_preset=&#8221;default&#8221; hover_enabled=&#8221;0&#8243; sticky_enabled=&#8221;0&#8243;][\/et_pb_button][\/et_pb_column][\/et_pb_row][\/et_pb_section]<\/p>\n","protected":false},"excerpt":{"rendered":"<p>la lectura ha de constituir una actividad fundamental en la vida del ni\u00f1o\/a en sus a\u00f1os escolares debido a su valor como herramienta de aprendizaje y de dominio de nuevos conocimientos. El alumnado de primaria ha de leer, saber leer y comprender lo que lee y as\u00ed obtendr\u00e1 informaci\u00f3n, aprender\u00e1, sabr\u00e1 comunicarse con un mayor [&hellip;]<\/p>\n","protected":false},"author":15383,"featured_media":0,"parent":0,"menu_order":0,"comment_status":"closed","ping_status":"closed","template":"","meta":{"_et_pb_use_builder":"on","_et_pb_old_content":"","_et_gb_content_width":"","ngg_post_thumbnail":0,"footnotes":""},"aioseo_notices":[],"_links":{"self":[{"href":"https:\/\/blogsaverroes.juntadeandalucia.es\/ceprbuenavistasevilla\/wp-json\/wp\/v2\/pages\/39"}],"collection":[{"href":"https:\/\/blogsaverroes.juntadeandalucia.es\/ceprbuenavistasevilla\/wp-json\/wp\/v2\/pages"}],"about":[{"href":"https:\/\/blogsaverroes.juntadeandalucia.es\/ceprbuenavistasevilla\/wp-json\/wp\/v2\/types\/page"}],"author":[{"embeddable":true,"href":"https:\/\/blogsaverroes.juntadeandalucia.es\/ceprbuenavistasevilla\/wp-json\/wp\/v2\/users\/15383"}],"replies":[{"embeddable":true,"href":"https:\/\/blogsaverroes.juntadeandalucia.es\/ceprbuenavistasevilla\/wp-json\/wp\/v2\/comments?post=39"}],"version-history":[{"count":2,"href":"https:\/\/blogsaverroes.juntadeandalucia.es\/ceprbuenavistasevilla\/wp-json\/wp\/v2\/pages\/39\/revisions"}],"predecessor-version":[{"id":888,"href":"https:\/\/blogsaverroes.juntadeandalucia.es\/ceprbuenavistasevilla\/wp-json\/wp\/v2\/pages\/39\/revisions\/888"}],"wp:attachment":[{"href":"https:\/\/blogsaverroes.juntadeandalucia.es\/ceprbuenavistasevilla\/wp-json\/wp\/v2\/media?parent=39"}],"curies":[{"name":"wp","href":"https:\/\/api.w.org\/{rel}","templated":true}]}}