{"id":55,"date":"2020-01-09T12:48:16","date_gmt":"2020-01-09T11:48:16","guid":{"rendered":"http:\/\/blogsaverroes.juntadeandalucia.es\/pre\/nuevoceip2v2\/?page_id=55"},"modified":"2025-03-11T09:28:33","modified_gmt":"2025-03-11T08:28:33","slug":"planes-y-proyectos","status":"publish","type":"page","link":"https:\/\/blogsaverroes.juntadeandalucia.es\/ceprbuenavistasevilla\/planes-y-proyectos\/","title":{"rendered":"Datos del centro"},"content":{"rendered":"<p>[et_pb_section fb_built=&#8221;1&#8243; _builder_version=&#8221;4.16&#8243; collapsed=&#8221;off&#8221; global_colors_info=&#8221;{}&#8221;][et_pb_row _builder_version=&#8221;4.16&#8243; background_size=&#8221;initial&#8221; background_position=&#8221;top_left&#8221; background_repeat=&#8221;repeat&#8221; global_colors_info=&#8221;{}&#8221;][et_pb_column type=&#8221;4_4&#8243; _builder_version=&#8221;4.16&#8243; custom_padding=&#8221;|||&#8221; global_colors_info=&#8221;{}&#8221; custom_padding__hover=&#8221;|||&#8221;][et_pb_image src=&#8221;https:\/\/blogsaverroes.juntadeandalucia.es\/ceprbuenavistasevilla\/files\/2022\/06\/A\u00f1adir-un-t\u00edtulo-min.png&#8221; title_text=&#8221;A\u00f1adir un t\u00edtulo-min&#8221; src_last_edited=&#8221;off|desktop&#8221; admin_label=&#8221;Imagen de la portada&#8221; _builder_version=&#8221;4.16&#8243; z_index_tablet=&#8221;500&#8243; box_shadow_horizontal_tablet=&#8221;0px&#8221; box_shadow_vertical_tablet=&#8221;0px&#8221; box_shadow_blur_tablet=&#8221;40px&#8221; box_shadow_spread_tablet=&#8221;0px&#8221; global_colors_info=&#8221;{}&#8221; src__hover_enabled=&#8221;off|desktop&#8221;][\/et_pb_image][et_pb_text admin_label=&#8221;Texto descriptivo&#8221; _builder_version=&#8221;4.16&#8243; z_index_tablet=&#8221;500&#8243; text_text_shadow_horizontal_length_tablet=&#8221;0px&#8221; text_text_shadow_vertical_length_tablet=&#8221;0px&#8221; text_text_shadow_blur_strength_tablet=&#8221;1px&#8221; link_text_shadow_horizontal_length_tablet=&#8221;0px&#8221; link_text_shadow_vertical_length_tablet=&#8221;0px&#8221; link_text_shadow_blur_strength_tablet=&#8221;1px&#8221; ul_text_shadow_horizontal_length_tablet=&#8221;0px&#8221; ul_text_shadow_vertical_length_tablet=&#8221;0px&#8221; ul_text_shadow_blur_strength_tablet=&#8221;1px&#8221; ol_text_shadow_horizontal_length_tablet=&#8221;0px&#8221; ol_text_shadow_vertical_length_tablet=&#8221;0px&#8221; ol_text_shadow_blur_strength_tablet=&#8221;1px&#8221; quote_text_shadow_horizontal_length_tablet=&#8221;0px&#8221; quote_text_shadow_vertical_length_tablet=&#8221;0px&#8221; quote_text_shadow_blur_strength_tablet=&#8221;1px&#8221; header_text_shadow_horizontal_length_tablet=&#8221;0px&#8221; header_text_shadow_vertical_length_tablet=&#8221;0px&#8221; header_text_shadow_blur_strength_tablet=&#8221;1px&#8221; header_2_text_shadow_horizontal_length_tablet=&#8221;0px&#8221; header_2_text_shadow_vertical_length_tablet=&#8221;0px&#8221; header_2_text_shadow_blur_strength_tablet=&#8221;1px&#8221; header_3_text_shadow_horizontal_length_tablet=&#8221;0px&#8221; header_3_text_shadow_vertical_length_tablet=&#8221;0px&#8221; header_3_text_shadow_blur_strength_tablet=&#8221;1px&#8221; header_4_text_shadow_horizontal_length_tablet=&#8221;0px&#8221; header_4_text_shadow_vertical_length_tablet=&#8221;0px&#8221; header_4_text_shadow_blur_strength_tablet=&#8221;1px&#8221; header_5_text_shadow_horizontal_length_tablet=&#8221;0px&#8221; header_5_text_shadow_vertical_length_tablet=&#8221;0px&#8221; header_5_text_shadow_blur_strength_tablet=&#8221;1px&#8221; header_6_text_shadow_horizontal_length_tablet=&#8221;0px&#8221; header_6_text_shadow_vertical_length_tablet=&#8221;0px&#8221; header_6_text_shadow_blur_strength_tablet=&#8221;1px&#8221; box_shadow_horizontal_tablet=&#8221;0px&#8221; box_shadow_vertical_tablet=&#8221;0px&#8221; box_shadow_blur_tablet=&#8221;40px&#8221; box_shadow_spread_tablet=&#8221;0px&#8221; global_colors_info=&#8221;{}&#8221;]<\/p>\n<h2><span style=\"font-size: 36pt\"><\/span><\/h2>\n<h2><span style=\"font-size: 36pt\">Datos del centro<\/span><\/h2>\n<p><span style=\"font-size: 18pt\">CEPR &#8220;Buenavista&#8221;<\/span><\/p>\n<p><span style=\"font-size: 18pt\"><strong>Direcci\u00f3n:<\/strong>\u00a0 Calle Riopiedras, s\/n. Sevilla<\/span><\/p>\n<p><span style=\"font-size: 18pt\"><strong>Tel\u00e9fono : 955 62 21 69<br \/><\/strong><\/span><\/p>\n<p><span style=\"font-size: 18pt\"><strong>Email:<\/strong> 41004915.edu@juntadeandalucia.es<a href=\"mailto:41004915.edu@juntadeandalucia.es\"><\/a><\/span><\/p>\n<p>&nbsp;<\/p>\n<h4><span style=\"font-size: 24pt\"><strong>Horarios<\/strong><\/span><\/h4>\n<ul>\n<li><span style=\"font-size: 18pt\">Aula Matinal: 7:30 a 9:00<\/span><\/li>\n<li><span style=\"font-size: 18pt\">Hora de entrada: a las 9:00 horas <br \/><\/span><\/li>\n<li><span style=\"font-size: 18pt\">Recreo: 11:30 a 12:00<\/span><\/li>\n<li><span style=\"font-size: 18pt\">Hora de salida: a las 14:00 horas<\/span><\/li>\n<\/ul>\n<h4>\u00a0<\/h4>\n<h4><span style=\"font-size: 24pt\"><strong>Oferta educativa<\/strong><\/span><\/h4>\n<p><span style=\"font-size: 18pt\">Educaci\u00f3n Primaria.<\/span><\/p>\n<p>[\/et_pb_text][\/et_pb_column][\/et_pb_row][\/et_pb_section]<\/p>\n","protected":false},"excerpt":{"rendered":"<p>Datos del centro CEPR &#8220;Buenavista&#8221; Direcci\u00f3n:\u00a0 Calle Riopiedras, s\/n. Sevilla Tel\u00e9fono : 955 62 21 69 Email: 41004915.edu@juntadeandalucia.es &nbsp; Horarios Aula Matinal: 7:30 a 9:00 Hora de entrada: a las 9:00 horas Recreo: 11:30 a 12:00 Hora de salida: a las 14:00 horas \u00a0 Oferta educativa Educaci\u00f3n Primaria.<\/p>\n","protected":false},"author":15383,"featured_media":0,"parent":0,"menu_order":0,"comment_status":"closed","ping_status":"closed","template":"","meta":{"_et_pb_use_builder":"on","_et_pb_old_content":"","_et_gb_content_width":"","ngg_post_thumbnail":0,"footnotes":""},"aioseo_notices":[],"_links":{"self":[{"href":"https:\/\/blogsaverroes.juntadeandalucia.es\/ceprbuenavistasevilla\/wp-json\/wp\/v2\/pages\/55"}],"collection":[{"href":"https:\/\/blogsaverroes.juntadeandalucia.es\/ceprbuenavistasevilla\/wp-json\/wp\/v2\/pages"}],"about":[{"href":"https:\/\/blogsaverroes.juntadeandalucia.es\/ceprbuenavistasevilla\/wp-json\/wp\/v2\/types\/page"}],"author":[{"embeddable":true,"href":"https:\/\/blogsaverroes.juntadeandalucia.es\/ceprbuenavistasevilla\/wp-json\/wp\/v2\/users\/15383"}],"replies":[{"embeddable":true,"href":"https:\/\/blogsaverroes.juntadeandalucia.es\/ceprbuenavistasevilla\/wp-json\/wp\/v2\/comments?post=55"}],"version-history":[{"count":12,"href":"https:\/\/blogsaverroes.juntadeandalucia.es\/ceprbuenavistasevilla\/wp-json\/wp\/v2\/pages\/55\/revisions"}],"predecessor-version":[{"id":1441,"href":"https:\/\/blogsaverroes.juntadeandalucia.es\/ceprbuenavistasevilla\/wp-json\/wp\/v2\/pages\/55\/revisions\/1441"}],"wp:attachment":[{"href":"https:\/\/blogsaverroes.juntadeandalucia.es\/ceprbuenavistasevilla\/wp-json\/wp\/v2\/media?parent=55"}],"curies":[{"name":"wp","href":"https:\/\/api.w.org\/{rel}","templated":true}]}}