{"id":588,"date":"2022-06-25T11:42:08","date_gmt":"2022-06-25T10:42:08","guid":{"rendered":"https:\/\/blogsaverroes.juntadeandalucia.es\/ceprbuenavistasevilla\/?page_id=588"},"modified":"2022-08-09T09:54:58","modified_gmt":"2022-08-09T08:54:58","slug":"escuela-espacio-de-paz","status":"publish","type":"page","link":"https:\/\/blogsaverroes.juntadeandalucia.es\/ceprbuenavistasevilla\/escuela-espacio-de-paz\/","title":{"rendered":"Escuela espacio de paz"},"content":{"rendered":"<p>[et_pb_section fb_built=&#8221;1&#8243; admin_label=&#8221;Header&#8221; _builder_version=&#8221;4.4.5&#8243; overflow-x=&#8221;hidden&#8221; overflow-y=&#8221;hidden&#8221; custom_padding=&#8221;5vw||0px||false|false&#8221; locked=&#8221;off&#8221; global_colors_info=&#8221;{}&#8221;][et_pb_row _builder_version=&#8221;4.4.5&#8243; global_colors_info=&#8221;{}&#8221;][et_pb_column type=&#8221;4_4&#8243; _builder_version=&#8221;4.4.5&#8243; global_colors_info=&#8221;{}&#8221;][et_pb_text _builder_version=&#8221;4.4.5&#8243; text_font=&#8221;Cutive Mono||||||||&#8221; text_text_color=&#8221;rgba(0,0,0,0.04)&#8221; text_font_size=&#8221;38vw&#8221; text_letter_spacing=&#8221;-0.12em&#8221; text_line_height=&#8221;0.5em&#8221; header_2_text_color=&#8221;#000000&#8243; positioning=&#8221;absolute&#8221; position_origin_a=&#8221;top_right&#8221; text_orientation=&#8221;right&#8221; custom_margin=&#8221;12%|-20vw|||false|false&#8221; global_colors_info=&#8221;{}&#8221;]<\/p>\n<p>Hi<\/p>\n<p>[\/et_pb_text][et_pb_text _builder_version=&#8221;4.4.5&#8243; header_font=&#8221;Cutive Mono||||||||&#8221; header_text_color=&#8221;#000000&#8243; header_font_size=&#8221;90px&#8221; header_letter_spacing=&#8221;-0.1em&#8221; header_2_text_color=&#8221;#000000&#8243; background_image=&#8221;https:\/\/blogsaverroes.juntadeandalucia.es\/ceprbuenavistasevilla\/files\/2022\/08\/freelance-writer-06.png&#8221; background_size=&#8221;initial&#8221; background_position=&#8221;bottom_left&#8221; z_index=&#8221;1&#8243; header_font_size_tablet=&#8221;64px&#8221; header_font_size_phone=&#8221;32px&#8221; header_font_size_last_edited=&#8221;on|phone&#8221; header_letter_spacing_tablet=&#8221;-8px&#8221; header_letter_spacing_phone=&#8221;-4px&#8221; header_letter_spacing_last_edited=&#8221;off|tablet&#8221; global_colors_info=&#8221;{}&#8221;]<\/p>\n<h1>\u00a0Escuela: espacio de paz<\/h1>\n<p>[\/et_pb_text][et_pb_image src=&#8221;https:\/\/blogsaverroes.juntadeandalucia.es\/ceprbuenavistasevilla\/files\/2022\/08\/freelance-writer-05.png&#8221; title_text=&#8221;freelance-writer-05&#8243; align=&#8221;center&#8221; _builder_version=&#8221;4.4.5&#8243; global_colors_info=&#8221;{}&#8221;][\/et_pb_image][\/et_pb_column][\/et_pb_row][et_pb_row column_structure=&#8221;3_5,2_5&#8243; _builder_version=&#8221;4.14.5&#8243; min_height=&#8221;645px&#8221; custom_margin=&#8221;4vw|auto||auto|false|false&#8221; global_colors_info=&#8221;{}&#8221;][et_pb_column type=&#8221;3_5&#8243; _builder_version=&#8221;4.4.5&#8243; hover_enabled=&#8221;0&#8243; global_colors_info=&#8221;{}&#8221; sticky_enabled=&#8221;0&#8243;][et_pb_text _builder_version=&#8221;4.4.5&#8243; text_font=&#8221;Ubuntu||||||||&#8221; text_font_size=&#8221;16px&#8221; text_line_height=&#8221;1.8em&#8221; header_2_text_color=&#8221;#000000&#8243; width=&#8221;100%&#8221; custom_margin=&#8221;||||false|false&#8221; custom_padding=&#8221;|0px||0px||&#8221; hover_enabled=&#8221;0&#8243; text_font_size_tablet=&#8221;14px&#8221; text_font_size_phone=&#8221;&#8221; text_font_size_last_edited=&#8221;on|phone&#8221; global_colors_info=&#8221;{}&#8221; sticky_enabled=&#8221;0&#8243; inline_fonts=&#8221;Lexend Tera&#8221;]<\/p>\n<div class=\"entry-content clearfix\">\n<p style=\"text-align: justify\"><span style=\"font-size: large;font-family: Lexend Tera\">En nuestro Centro perseguimos educar en la convivencia y la paz para prevenir la violencia. Esto hace necesaria la b\u00fasqueda de alternativas que mejoren el ambiente de trabajo, el nivel de convivencia y en definitiva el clima de aula y el de Centro adoptando medidas que hagan que el alumnado, las familias, el profesorado y dem\u00e1s miembros de la Comunidad realicen progresos en la convivencia y relaci\u00f3n.<\/span><\/p>\n<p><span style=\"font-size: large;font-family: Lexend Tera\">Nos proponemos trabajar con:<\/span><\/p>\n<p><span style=\"font-size: large;font-family: Lexend Tera\">1. Cada alumno\/a como ser individua y social.<\/span><br \/><span style=\"font-size: large;font-family: Lexend Tera\">2. En el grupo clase.<\/span><br \/><span style=\"font-size: large;font-family: Lexend Tera\">3. En el centro a nivel general.<\/span><br \/><span style=\"font-size: large;font-family: Lexend Tera\">4. Con las familias, mejorando la comunicaci\u00f3n e implicaci\u00f3n educativa.<\/span><\/p>\n<p><span style=\"font-size: large;font-family: Lexend Tera\">5. Colaborando con las instituciones del entorno.<\/span><\/p>\n<p><span style=\"font-size: large;font-family: Lexend Tera\">Buscamos, no s\u00f3lo mejorar la convivencia sino tambi\u00e9n crear un sentimiento positivo de las posibilidades de nuestro alumnado e incentivar el inter\u00e9s por mejorar su rendimiento escolar.<\/span><\/p>\n<\/div>\n<ul class=\"entry-footer\"><\/ul>\n<p>[\/et_pb_text][\/et_pb_column][et_pb_column type=&#8221;2_5&#8243; _builder_version=&#8221;4.4.5&#8243; global_colors_info=&#8221;{}&#8221;][et_pb_image src=&#8221;https:\/\/blogsaverroes.juntadeandalucia.es\/ceprbuenavistasevilla\/files\/2022\/08\/102149575_gettyimages-578570450.jpg&#8221; title_text=&#8221;_102149575_gettyimages-578570450&#8243; _builder_version=&#8221;4.14.5&#8243; custom_margin=&#8221;||133px|||&#8221; global_colors_info=&#8221;{}&#8221;][\/et_pb_image][et_pb_image src=&#8221;https:\/\/blogsaverroes.juntadeandalucia.es\/ceprbuenavistasevilla\/files\/2022\/08\/freelance-writer-11-1.png&#8221; title_text=&#8221;freelance-writer-11&#8243; admin_label=&#8221;Image&#8221; _builder_version=&#8221;4.4.5&#8243; custom_margin=&#8221;-4vw|-20vw|-4vw|60px|false|false&#8221; custom_margin_tablet=&#8221;-10vw|60px|-10vw|-20vw|true|false&#8221; custom_margin_phone=&#8221;&#8221; custom_margin_last_edited=&#8221;on|tablet&#8221; locked=&#8221;off&#8221; global_colors_info=&#8221;{}&#8221;][\/et_pb_image][et_pb_button button_url=&#8221;https:\/\/www.juntadeandalucia.es\/educacion\/portals\/web\/convivencia-escolar\/red-escuela-espacio-de-paz&#8221; button_text=&#8221;Web junta de Andaluc\u00eda&#8221; _builder_version=&#8221;4.14.5&#8243; _module_preset=&#8221;default&#8221; global_colors_info=&#8221;{}&#8221;][\/et_pb_button][et_pb_social_media_follow _builder_version=&#8221;4.14.5&#8243; text_orientation=&#8221;center&#8221; border_radii=&#8221;on|30px|30px|30px|30px&#8221; locked=&#8221;off&#8221; global_colors_info=&#8221;{}&#8221;][\/et_pb_social_media_follow][\/et_pb_column][\/et_pb_row][\/et_pb_section][et_pb_section fb_built=&#8221;1&#8243; admin_label=&#8221;Philosophy&#8221; _builder_version=&#8221;4.4.5&#8243; background_image=&#8221;https:\/\/blogsaverroes.juntadeandalucia.es\/ceprbuenavistasevilla\/files\/2022\/08\/freelance-writer-53-1.png&#8221; background_size=&#8221;initial&#8221; background_position=&#8221;top_center&#8221; custom_padding=&#8221;||0px|||&#8221; locked=&#8221;off&#8221; global_colors_info=&#8221;{}&#8221;][et_pb_row _builder_version=&#8221;4.4.5&#8243; custom_margin=&#8221;-116px|auto||auto||&#8221; hover_enabled=&#8221;0&#8243; locked=&#8221;off&#8221; global_colors_info=&#8221;{}&#8221; sticky_enabled=&#8221;0&#8243;][et_pb_column type=&#8221;4_4&#8243; _builder_version=&#8221;4.4.5&#8243; global_colors_info=&#8221;{}&#8221;][et_pb_image src=&#8221;https:\/\/blogsaverroes.juntadeandalucia.es\/ceprbuenavistasevilla\/files\/2022\/08\/freelance-writer-07.png&#8221; title_text=&#8221;freelance-writer-07&#8243; align=&#8221;center&#8221; _builder_version=&#8221;4.4.5&#8243; custom_margin=&#8221;||10px||false|false&#8221; locked=&#8221;off&#8221; global_colors_info=&#8221;{}&#8221;][\/et_pb_image][et_pb_text _builder_version=&#8221;4.4.5&#8243; header_2_font=&#8221;Cutive Mono||||||||&#8221; header_2_text_color=&#8221;#000000&#8243; header_2_font_size=&#8221;80px&#8221; header_2_letter_spacing=&#8221;-0.08em&#8221; background_image=&#8221;https:\/\/blogsaverroes.juntadeandalucia.es\/ceprbuenavistasevilla\/files\/2022\/08\/freelance-writer-18.png&#8221; background_size=&#8221;initial&#8221; background_position=&#8221;bottom_center&#8221; z_index=&#8221;1&#8243; text_orientation=&#8221;center&#8221; header_2_font_size_tablet=&#8221;60px&#8221; header_2_font_size_phone=&#8221;30px&#8221; header_2_font_size_last_edited=&#8221;on|desktop&#8221; header_2_letter_spacing_tablet=&#8221;-6px&#8221; header_2_letter_spacing_last_edited=&#8221;off|phone&#8221; locked=&#8221;off&#8221; global_colors_info=&#8221;{}&#8221; header_2_2_font_size_tablet=&#8221;60px&#8221; header_3_2_font_size_tablet=&#8221;60px&#8221; header_4_2_font_size_tablet=&#8221;60px&#8221; header_5_2_font_size_tablet=&#8221;60px&#8221; header_6_2_font_size_tablet=&#8221;60px&#8221; header_2_2_font_size_phone=&#8221;30px&#8221; header_3_2_font_size_phone=&#8221;30px&#8221; header_4_2_font_size_phone=&#8221;30px&#8221; header_5_2_font_size_phone=&#8221;30px&#8221; header_6_2_font_size_phone=&#8221;30px&#8221; header_2_2_font_size_last_edited=&#8221;on|phone&#8221; header_3_2_font_size_last_edited=&#8221;on|phone&#8221; header_4_2_font_size_last_edited=&#8221;on|phone&#8221; header_5_2_font_size_last_edited=&#8221;on|phone&#8221; header_6_2_font_size_last_edited=&#8221;on|phone&#8221;]<\/p>\n<h2>Objetivos<\/h2>\n<p>[\/et_pb_text][\/et_pb_column][\/et_pb_row][et_pb_row column_structure=&#8221;1_3,1_3,1_3&#8243; _builder_version=&#8221;4.4.5&#8243; global_colors_info=&#8221;{}&#8221;][et_pb_column type=&#8221;1_3&#8243; _builder_version=&#8221;4.4.5&#8243; global_colors_info=&#8221;{}&#8221;][et_pb_text _builder_version=&#8221;4.4.5&#8243; text_font=&#8221;Cutive||||||||&#8221; text_text_color=&#8221;#000000&#8243; text_font_size=&#8221;80px&#8221; text_line_height=&#8221;1.3em&#8221; header_3_line_height=&#8221;1.4em&#8221; max_width=&#8221;280px&#8221; custom_margin=&#8221;||0px||false|false&#8221; text_font_size_tablet=&#8221;60px&#8221; text_font_size_phone=&#8221;42px&#8221; text_font_size_last_edited=&#8221;on|phone&#8221; header_3_line_height_tablet=&#8221;&#8221; header_3_line_height_phone=&#8221;1.8em&#8221; header_3_line_height_last_edited=&#8221;on|phone&#8221; global_colors_info=&#8221;{}&#8221;]01[\/et_pb_text][et_pb_text _builder_version=&#8221;4.4.5&#8243; text_font=&#8221;Ubuntu||||||||&#8221; text_line_height=&#8221;1.8em&#8221; header_3_font=&#8221;Ubuntu|700|||||||&#8221; header_3_font_size=&#8221;18px&#8221; header_3_line_height=&#8221;1.4em&#8221; custom_padding=&#8221;||0px|||&#8221; global_colors_info=&#8221;{}&#8221;]<\/p>\n<h3><span style=\"font-size: large\">Fomentar la mejora de la convivencia escolar<\/span><\/h3>\n<p><span style=\"font-size: large\">promoviendo la paz como acci\u00f3n individual y colectiva de todos los miembros de la Comunidad Educativa.<\/span><\/p>\n<p>[\/et_pb_text][\/et_pb_column][et_pb_column type=&#8221;1_3&#8243; _builder_version=&#8221;4.4.5&#8243; global_colors_info=&#8221;{}&#8221;][et_pb_text _builder_version=&#8221;4.4.5&#8243; text_font=&#8221;Cutive||||||||&#8221; text_text_color=&#8221;#000000&#8243; text_font_size=&#8221;80px&#8221; text_line_height=&#8221;1.3em&#8221; header_3_line_height=&#8221;1.4em&#8221; max_width=&#8221;280px&#8221; custom_margin=&#8221;||0px||false|false&#8221; text_font_size_tablet=&#8221;60px&#8221; text_font_size_phone=&#8221;42px&#8221; text_font_size_last_edited=&#8221;on|phone&#8221; header_3_line_height_tablet=&#8221;&#8221; header_3_line_height_phone=&#8221;1.8em&#8221; header_3_line_height_last_edited=&#8221;on|phone&#8221; locked=&#8221;off&#8221; global_colors_info=&#8221;{}&#8221;]02[\/et_pb_text][et_pb_text _builder_version=&#8221;4.4.5&#8243; text_font=&#8221;Ubuntu||||||||&#8221; text_line_height=&#8221;1.8em&#8221; header_3_font=&#8221;Ubuntu|700|||||||&#8221; header_3_font_size=&#8221;18px&#8221; header_3_line_height=&#8221;1.4em&#8221; hover_enabled=&#8221;0&#8243; locked=&#8221;off&#8221; global_colors_info=&#8221;{}&#8221; sticky_enabled=&#8221;0&#8243;]<\/p>\n<h3><span style=\"font-size: large\">Formar a todos los alumnos\/as para el desarrollo de una cultura de tolerancia,<\/span><\/h3>\n<p><span style=\"font-size: large\">\u00a0paz, cooperaci\u00f3n y solidaridad, no s\u00f3lo dentro del centro sino tambi\u00e9n fuera de \u00e9l, es decir, en cualquier \u00e1mbito o situaci\u00f3n en que se encuentre<\/span>n.<\/p>\n<p>[\/et_pb_text][\/et_pb_column][et_pb_column type=&#8221;1_3&#8243; _builder_version=&#8221;4.4.5&#8243; global_colors_info=&#8221;{}&#8221;][et_pb_text _builder_version=&#8221;4.4.5&#8243; text_font=&#8221;Cutive||||||||&#8221; text_text_color=&#8221;#000000&#8243; text_font_size=&#8221;80px&#8221; text_line_height=&#8221;1.3em&#8221; header_3_line_height=&#8221;1.4em&#8221; max_width=&#8221;280px&#8221; custom_margin=&#8221;||0px||false|false&#8221; text_font_size_tablet=&#8221;60px&#8221; text_font_size_phone=&#8221;42px&#8221; text_font_size_last_edited=&#8221;on|phone&#8221; header_3_line_height_tablet=&#8221;&#8221; header_3_line_height_phone=&#8221;1.8em&#8221; header_3_line_height_last_edited=&#8221;on|phone&#8221; locked=&#8221;off&#8221; global_colors_info=&#8221;{}&#8221;]03[\/et_pb_text][et_pb_text _builder_version=&#8221;4.4.5&#8243; text_font=&#8221;Ubuntu||||||||&#8221; text_line_height=&#8221;1.8em&#8221; header_3_font=&#8221;Ubuntu|700|||||||&#8221; header_3_font_size=&#8221;18px&#8221; header_3_line_height=&#8221;1.4em&#8221; locked=&#8221;off&#8221; global_colors_info=&#8221;{}&#8221;]<\/p>\n<h3><span style=\"font-size: large\">Educar en la igualdad\u00a0<\/span><\/h3>\n<p style=\"text-align: left\"><span style=\"font-size: large\">partiendo de la diferencia, trabajando la coeducaci\u00f3n tanto en la escuela como fuera y la adquisici\u00f3n de h\u00e1bitos saludables a trav\u00e9s de los distintos programas y actividades, que lleven a una convivencia pac\u00edfica y a una formaci\u00f3n \u00edntegra convirti\u00e9ndolos en ciudadanos del mundo cr\u00edticos, responsables, solidarios, democr\u00e1ticos, creativos y transformadores del mundo que le rodea y la sociedad en la que est\u00e1n inmersos.<\/span><\/p>\n<p>[\/et_pb_text][\/et_pb_column][\/et_pb_row][\/et_pb_section][et_pb_section fb_built=&#8221;1&#8243; admin_label=&#8221;Call to Action&#8221; _builder_version=&#8221;4.4.5&#8243; background_color=&#8221;#fee141&#8243; background_enable_image=&#8221;off&#8221; background_size=&#8221;contain&#8221; background_position=&#8221;bottom_left&#8221; custom_padding=&#8221;||0px|||&#8221; locked=&#8221;off&#8221; global_colors_info=&#8221;{}&#8221;][et_pb_row _builder_version=&#8221;4.4.5&#8243; locked=&#8221;off&#8221; global_colors_info=&#8221;{}&#8221;][et_pb_column type=&#8221;4_4&#8243; _builder_version=&#8221;4.4.5&#8243; global_colors_info=&#8221;{}&#8221;][et_pb_image src=&#8221;https:\/\/blogsaverroes.juntadeandalucia.es\/ceprbuenavistasevilla\/files\/2022\/08\/freelance-writer-07.png&#8221; title_text=&#8221;freelance-writer-07&#8243; admin_label=&#8221;Image&#8221; _builder_version=&#8221;4.4.5&#8243; custom_margin=&#8221;||10px||false|false&#8221; global_colors_info=&#8221;{}&#8221;][\/et_pb_image][et_pb_text admin_label=&#8221;Text&#8221; _builder_version=&#8221;4.4.5&#8243; header_2_font=&#8221;Cutive Mono||||||||&#8221; header_2_text_color=&#8221;#000000&#8243; header_2_font_size=&#8221;80px&#8221; header_2_letter_spacing=&#8221;-0.08em&#8221; background_image=&#8221;https:\/\/blogsaverroes.juntadeandalucia.es\/ceprbuenavistasevilla\/files\/2022\/08\/freelance-writer-52.png&#8221; background_size=&#8221;initial&#8221; background_position=&#8221;bottom_left&#8221; z_index=&#8221;1&#8243; header_2_font_size_tablet=&#8221;60px&#8221; header_2_font_size_phone=&#8221;30px&#8221; header_2_font_size_last_edited=&#8221;on|phone&#8221; global_colors_info=&#8221;{}&#8221;]<\/p>\n<h2>&#8220;La educaci\u00f3n es el arma m\u00e1s poderosa que puedes usar para cambiar el mundo&#8221;<\/h2>\n<p>[\/et_pb_text][\/et_pb_column][\/et_pb_row][et_pb_row _builder_version=&#8221;4.14.5&#8243; locked=&#8221;off&#8221; global_colors_info=&#8221;{}&#8221;][et_pb_column type=&#8221;4_4&#8243; _builder_version=&#8221;4.4.5&#8243; global_colors_info=&#8221;{}&#8221;][et_pb_text _builder_version=&#8221;4.4.5&#8243; header_3_font=&#8221;Ubuntu||||||||&#8221; header_3_text_color=&#8221;#000000&#8243; header_3_font_size=&#8221;24px&#8221; header_3_line_height=&#8221;1.4em&#8221; global_colors_info=&#8221;{}&#8221;]<\/p>\n<h3 style=\"text-align: right\">Nelson Mandela<\/h3>\n<p>[\/et_pb_text][\/et_pb_column][\/et_pb_row][\/et_pb_section]<\/p>\n","protected":false},"excerpt":{"rendered":"<p>Hi\u00a0Escuela: espacio de paz En nuestro Centro perseguimos educar en la convivencia y la paz para prevenir la violencia. Esto hace necesaria la b\u00fasqueda de alternativas que mejoren el ambiente de trabajo, el nivel de convivencia y en definitiva el clima de aula y el de Centro adoptando medidas que hagan que el alumnado, las [&hellip;]<\/p>\n","protected":false},"author":15380,"featured_media":0,"parent":0,"menu_order":0,"comment_status":"closed","ping_status":"closed","template":"","meta":{"_et_pb_use_builder":"on","_et_pb_old_content":"","_et_gb_content_width":"","ngg_post_thumbnail":0,"footnotes":""},"aioseo_notices":[],"_links":{"self":[{"href":"https:\/\/blogsaverroes.juntadeandalucia.es\/ceprbuenavistasevilla\/wp-json\/wp\/v2\/pages\/588"}],"collection":[{"href":"https:\/\/blogsaverroes.juntadeandalucia.es\/ceprbuenavistasevilla\/wp-json\/wp\/v2\/pages"}],"about":[{"href":"https:\/\/blogsaverroes.juntadeandalucia.es\/ceprbuenavistasevilla\/wp-json\/wp\/v2\/types\/page"}],"author":[{"embeddable":true,"href":"https:\/\/blogsaverroes.juntadeandalucia.es\/ceprbuenavistasevilla\/wp-json\/wp\/v2\/users\/15380"}],"replies":[{"embeddable":true,"href":"https:\/\/blogsaverroes.juntadeandalucia.es\/ceprbuenavistasevilla\/wp-json\/wp\/v2\/comments?post=588"}],"version-history":[{"count":4,"href":"https:\/\/blogsaverroes.juntadeandalucia.es\/ceprbuenavistasevilla\/wp-json\/wp\/v2\/pages\/588\/revisions"}],"predecessor-version":[{"id":891,"href":"https:\/\/blogsaverroes.juntadeandalucia.es\/ceprbuenavistasevilla\/wp-json\/wp\/v2\/pages\/588\/revisions\/891"}],"wp:attachment":[{"href":"https:\/\/blogsaverroes.juntadeandalucia.es\/ceprbuenavistasevilla\/wp-json\/wp\/v2\/media?parent=588"}],"curies":[{"name":"wp","href":"https:\/\/api.w.org\/{rel}","templated":true}]}}