{"id":850,"date":"2020-12-18T08:41:27","date_gmt":"2020-12-18T07:41:27","guid":{"rendered":"https:\/\/blogsaverroes.juntadeandalucia.es\/pre\/plantilla-pencil\/?page_id=850"},"modified":"2023-05-31T09:52:57","modified_gmt":"2023-05-31T08:52:57","slug":"planes-y-proyectos","status":"publish","type":"page","link":"https:\/\/blogsaverroes.juntadeandalucia.es\/ceprespartinas\/planes-y-proyectos\/","title":{"rendered":"Planes y Proyectos"},"content":{"rendered":"<p>[et_pb_section fb_built=&#8221;1&#8243; _builder_version=&#8221;3.22&#8243; global_colors_info=&#8221;{}&#8221;][et_pb_row _builder_version=&#8221;3.25&#8243; background_size=&#8221;initial&#8221; background_position=&#8221;top_left&#8221; background_repeat=&#8221;repeat&#8221; global_colors_info=&#8221;{}&#8221; custom_margin=&#8221;|auto||426px||&#8221;][et_pb_column type=&#8221;4_4&#8243; _builder_version=&#8221;3.25&#8243; custom_padding=&#8221;|||&#8221; global_colors_info=&#8221;{}&#8221; custom_padding__hover=&#8221;|||&#8221;][et_pb_image src=&#8221;https:\/\/blogsaverroes.juntadeandalucia.es\/ceprespartinas\/files\/2020\/02\/elcentro.png&#8221; title_text=&#8221;elcentro&#8221; admin_label=&#8221;Imagen de la portada&#8221; _builder_version=&#8221;4.5.0&#8243; z_index_tablet=&#8221;500&#8243; box_shadow_horizontal_tablet=&#8221;0px&#8221; box_shadow_vertical_tablet=&#8221;0px&#8221; box_shadow_blur_tablet=&#8221;40px&#8221; box_shadow_spread_tablet=&#8221;0px&#8221; global_colors_info=&#8221;{}&#8221;][\/et_pb_image][et_pb_text admin_label=&#8221;Texto descriptivo&#8221; _builder_version=&#8221;3.27.4&#8243; z_index_tablet=&#8221;500&#8243; text_text_shadow_horizontal_length_tablet=&#8221;0px&#8221; text_text_shadow_vertical_length_tablet=&#8221;0px&#8221; text_text_shadow_blur_strength_tablet=&#8221;1px&#8221; link_text_shadow_horizontal_length_tablet=&#8221;0px&#8221; link_text_shadow_vertical_length_tablet=&#8221;0px&#8221; link_text_shadow_blur_strength_tablet=&#8221;1px&#8221; ul_text_shadow_horizontal_length_tablet=&#8221;0px&#8221; ul_text_shadow_vertical_length_tablet=&#8221;0px&#8221; ul_text_shadow_blur_strength_tablet=&#8221;1px&#8221; ol_text_shadow_horizontal_length_tablet=&#8221;0px&#8221; ol_text_shadow_vertical_length_tablet=&#8221;0px&#8221; ol_text_shadow_blur_strength_tablet=&#8221;1px&#8221; quote_text_shadow_horizontal_length_tablet=&#8221;0px&#8221; quote_text_shadow_vertical_length_tablet=&#8221;0px&#8221; quote_text_shadow_blur_strength_tablet=&#8221;1px&#8221; header_text_shadow_horizontal_length_tablet=&#8221;0px&#8221; header_text_shadow_vertical_length_tablet=&#8221;0px&#8221; header_text_shadow_blur_strength_tablet=&#8221;1px&#8221; header_2_text_shadow_horizontal_length_tablet=&#8221;0px&#8221; header_2_text_shadow_vertical_length_tablet=&#8221;0px&#8221; header_2_text_shadow_blur_strength_tablet=&#8221;1px&#8221; header_3_text_shadow_horizontal_length_tablet=&#8221;0px&#8221; header_3_text_shadow_vertical_length_tablet=&#8221;0px&#8221; header_3_text_shadow_blur_strength_tablet=&#8221;1px&#8221; header_4_text_shadow_horizontal_length_tablet=&#8221;0px&#8221; header_4_text_shadow_vertical_length_tablet=&#8221;0px&#8221; header_4_text_shadow_blur_strength_tablet=&#8221;1px&#8221; header_5_text_shadow_horizontal_length_tablet=&#8221;0px&#8221; header_5_text_shadow_vertical_length_tablet=&#8221;0px&#8221; header_5_text_shadow_blur_strength_tablet=&#8221;1px&#8221; header_6_text_shadow_horizontal_length_tablet=&#8221;0px&#8221; header_6_text_shadow_vertical_length_tablet=&#8221;0px&#8221; header_6_text_shadow_blur_strength_tablet=&#8221;1px&#8221; box_shadow_horizontal_tablet=&#8221;0px&#8221; box_shadow_vertical_tablet=&#8221;0px&#8221; box_shadow_blur_tablet=&#8221;40px&#8221; box_shadow_spread_tablet=&#8221;0px&#8221; global_colors_info=&#8221;{}&#8221; custom_padding=&#8221;|||0px||&#8221;]<\/p>\n<h2>Planes y Proyectos<\/h2>\n<p>Desde el CEPr. Espartinas se llevan a cabo m\u00faltiples proyectos para dar respuesta educativa a las necesidades del alumnado y permitir un \u00f3ptimo desarrollo curricular. Los planes y programas que llevamos a cabo son los siguientes:<\/p>\n<p><strong>PAC<\/strong>: Plan de apertura del centro, que incluye aula matinal, comedor y actividades extraescolares. <br \/><strong>Plan Biling\u00fce<\/strong>: Ense\u00f1anzas biling\u00fces en las \u00e1reas de ciencias, m\u00fasica y EF.<br \/><strong>Plan de Convivencia: <\/strong>Escuela Espacio de Paz por el que desarrollamos pr\u00e1cticas de convivencia positiva y resoluci\u00f3n pac\u00edfica de conflictos.<br \/><strong>Plan de Transformaci\u00f3n Digital Educativa (TDE)<\/strong>: por el que trabajamos el desarrollo digital tanto en la ense\u00f1anza como en la comunicaci\u00f3n con las familias y tareas administrativas.<br \/><strong>Plan de Salud Laboral y Prevenci\u00f3n de Riesgos Laborales:<\/strong> Con este plan mantenemos al d\u00eda aspectos de seguridad en el entrono escolar (accidentes, simulacros, prevenci\u00f3n COVID y protocolo ante olas de calor).<br \/><strong>Plan de lectura y biblioteca: <\/strong>Trabajamos la lectura, animaci\u00f3n lectora, concursos de dibujo y promovemos las competencias ling\u00fc\u00edsticas a trav\u00e9s de la lectura de cuentos y el pr\u00e9stamo de libros.<br \/><strong>Plan de igualdad en educaci\u00f3n<\/strong>: En este plan desarrollamos iniciativas que potencian y garantizan la igualdad entre <a href=\"mailto:tod@s:\">tod@s: <\/a>talleres, teatros&#8230; y su esencia impregna todos los documentos del Plan de Centro.<br \/><strong>Programa Creciendo en Salud<\/strong> que promueve h\u00e1bitos saludables como el consumo de l\u00e1cteos, fruta y verdura, entre otros.<br \/><strong>Programa Aldea<\/strong>: Dentro del proyecto &#8220;Reverdece tu cole&#8221; desarrollamos este programa que fomenta los huertos escolares y el reciclaje, objetivos del desarrollo sostenible.<\/p>\n<p>&nbsp;<\/p>\n<p>&nbsp;<\/p>\n<p>[\/et_pb_text][\/et_pb_column][\/et_pb_row][\/et_pb_section]<\/p>\n","protected":false},"excerpt":{"rendered":"<p>Planes y Proyectos Desde el CEPr. Espartinas se llevan a cabo m\u00faltiples proyectos para dar respuesta educativa a las necesidades del alumnado y permitir un \u00f3ptimo desarrollo curricular. Los planes y programas que llevamos a cabo son los siguientes: PAC: Plan de apertura del centro, que incluye aula matinal, comedor y actividades extraescolares. Plan Biling\u00fce: [&hellip;]<\/p>\n","protected":false},"author":7051,"featured_media":0,"parent":0,"menu_order":0,"comment_status":"closed","ping_status":"closed","template":"","meta":{"_et_pb_use_builder":"on","_et_pb_old_content":"","_et_gb_content_width":"","ngg_post_thumbnail":0,"footnotes":""},"aioseo_notices":[],"_links":{"self":[{"href":"https:\/\/blogsaverroes.juntadeandalucia.es\/ceprespartinas\/wp-json\/wp\/v2\/pages\/850"}],"collection":[{"href":"https:\/\/blogsaverroes.juntadeandalucia.es\/ceprespartinas\/wp-json\/wp\/v2\/pages"}],"about":[{"href":"https:\/\/blogsaverroes.juntadeandalucia.es\/ceprespartinas\/wp-json\/wp\/v2\/types\/page"}],"author":[{"embeddable":true,"href":"https:\/\/blogsaverroes.juntadeandalucia.es\/ceprespartinas\/wp-json\/wp\/v2\/users\/7051"}],"replies":[{"embeddable":true,"href":"https:\/\/blogsaverroes.juntadeandalucia.es\/ceprespartinas\/wp-json\/wp\/v2\/comments?post=850"}],"version-history":[{"count":2,"href":"https:\/\/blogsaverroes.juntadeandalucia.es\/ceprespartinas\/wp-json\/wp\/v2\/pages\/850\/revisions"}],"predecessor-version":[{"id":1233,"href":"https:\/\/blogsaverroes.juntadeandalucia.es\/ceprespartinas\/wp-json\/wp\/v2\/pages\/850\/revisions\/1233"}],"wp:attachment":[{"href":"https:\/\/blogsaverroes.juntadeandalucia.es\/ceprespartinas\/wp-json\/wp\/v2\/media?parent=850"}],"curies":[{"name":"wp","href":"https:\/\/api.w.org\/{rel}","templated":true}]}}