{"id":412,"date":"2019-09-27T19:37:44","date_gmt":"2019-09-27T17:37:44","guid":{"rendered":"http:\/\/ceprfedericogarcialorca.es\/?page_id=412"},"modified":"2019-09-27T19:37:44","modified_gmt":"2019-09-27T17:37:44","slug":"saludo","status":"publish","type":"page","link":"https:\/\/blogsaverroes.juntadeandalucia.es\/ceprfedericogarcialorca\/saludo\/","title":{"rendered":"Saludo"},"content":{"rendered":"\n<p>Es un orgullo para m\u00ed saludar a todos los miembros de la comunidad educativa del CEPR Federico Garc\u00eda Lorca de Fuente Palmera (C\u00f3rdoba) en nuestra nueva p\u00e1gina web. El objetivo de la misma es difundir nuestras actividades educativas y los documentos oficiales del centro. Adem\u00e1s, las familias podr\u00e1n obtener informaci\u00f3n sobre los distintos planes y proyectos que se trabajan con nuestro alumnado. En definitiva, la p\u00e1gina ser\u00e1 un medio informativo de todo lo que acontece en nuestro d\u00eda a d\u00eda.<\/p>\n\n\n\n<p>Los maestros\/as de nuestro centro no nos conformamos con ofrecer una educaci\u00f3n exclusivamente acad\u00e9mica y siempre hemos luchado por una formaci\u00f3n integral de nuestros alumnos\/as, pretendiendo que sean mejores personas el d\u00eda de ma\u00f1ana y que tengan una mayor inteligencia emocional. En nuestra escuela trabajan m\u00e1s de quinientas personas entre maestros\/as, monitores\/as, personal laboral, conserje, equipo de limpieza y alumnos\/as. As\u00ed, compartimos espacios, aulas, pasillos, recreos, libros, materiales,&#8230; en una compleja organizaci\u00f3n donde pretendemos que predomine la igualdad de oportunidades y la no discriminaci\u00f3n. Y por supuesto, para alcanzar esta meta necesitamos la participaci\u00f3n de las familias, imprescindible para que, remando en una misma direcci\u00f3n, consigamos todo lo que nos propongamos.<\/p>\n\n\n\n<p style=\"text-align:left\">El comienzo de curso ha sido complicado porque comenz\u00e1bamos con dos unidades suprimidas pero finalmente se nos han concedido y hemos bajado la ratio de nuestro alumnado por clase, lo que consideramos fundamental en la mejora de la calidad educativa. Este logro no hubiera sido posible sin la ayuda de nuestra AMPA,  del grupo de madres y padres delegados de clase y  del Ayuntamiento. Desde aqu\u00ed, les agradezco su esfuerzo y dedicaci\u00f3n y les animo a que este curso sigamos luchando para que el CEPR FEDERICO GARC\u00cdA LORCA sea cada a\u00f1o una mejor escuela.<\/p>\n\n\n\n<p>Para terminar, solo deseo que el curso escolar 2019\/2020 sea inolvidable para todos\/as. Les saluda atentamente<\/p>\n\n\n\n<p>Ricardo Casas Nicot<br>Director del CEPR FEDERICO GARC\u00cdA LORCA<\/p>\n\n\n\n<figure class=\"wp-block-image\"><img loading=\"lazy\" decoding=\"async\" width=\"640\" height=\"584\" src=\"https:\/\/blogsaverroes.juntadeandalucia.es\/ceprfedericogarcialorca\/files\/2019\/10\/86A2C7D9-0B2F-443E-BA8C-BBD90419319A.jpeg\" alt=\"\" class=\"wp-image-612\" srcset=\"https:\/\/blogsaverroes.juntadeandalucia.es\/ceprfedericogarcialorca\/files\/2019\/10\/86A2C7D9-0B2F-443E-BA8C-BBD90419319A.jpeg 640w, https:\/\/blogsaverroes.juntadeandalucia.es\/ceprfedericogarcialorca\/files\/2019\/10\/86A2C7D9-0B2F-443E-BA8C-BBD90419319A-300x274.jpeg 300w, https:\/\/blogsaverroes.juntadeandalucia.es\/ceprfedericogarcialorca\/files\/2019\/10\/86A2C7D9-0B2F-443E-BA8C-BBD90419319A-24x22.jpeg 24w, https:\/\/blogsaverroes.juntadeandalucia.es\/ceprfedericogarcialorca\/files\/2019\/10\/86A2C7D9-0B2F-443E-BA8C-BBD90419319A-36x33.jpeg 36w, https:\/\/blogsaverroes.juntadeandalucia.es\/ceprfedericogarcialorca\/files\/2019\/10\/86A2C7D9-0B2F-443E-BA8C-BBD90419319A-48x44.jpeg 48w\" sizes=\"(max-width: 640px) 100vw, 640px\" \/><figcaption>Equipo Directivo del CEPR Federico Garc\u00eda Lorca<br>David, Ricardo y Sof\u00eda<\/figcaption><\/figure>\n","protected":false},"excerpt":{"rendered":"<p>Es un orgullo para m\u00ed saludar a todos los miembros de la comunidad educativa del CEPR Federico Garc\u00eda Lorca de Fuente Palmera (C\u00f3rdoba) en nuestra nueva p\u00e1gina web. El objetivo de la misma es&#46;&#46;&#46;<\/p>\n","protected":false},"author":10022,"featured_media":0,"parent":0,"menu_order":0,"comment_status":"closed","ping_status":"closed","template":"","meta":{"ngg_post_thumbnail":0,"footnotes":""},"aioseo_notices":[],"_links":{"self":[{"href":"https:\/\/blogsaverroes.juntadeandalucia.es\/ceprfedericogarcialorca\/wp-json\/wp\/v2\/pages\/412"}],"collection":[{"href":"https:\/\/blogsaverroes.juntadeandalucia.es\/ceprfedericogarcialorca\/wp-json\/wp\/v2\/pages"}],"about":[{"href":"https:\/\/blogsaverroes.juntadeandalucia.es\/ceprfedericogarcialorca\/wp-json\/wp\/v2\/types\/page"}],"author":[{"embeddable":true,"href":"https:\/\/blogsaverroes.juntadeandalucia.es\/ceprfedericogarcialorca\/wp-json\/wp\/v2\/users\/10022"}],"replies":[{"embeddable":true,"href":"https:\/\/blogsaverroes.juntadeandalucia.es\/ceprfedericogarcialorca\/wp-json\/wp\/v2\/comments?post=412"}],"version-history":[{"count":0,"href":"https:\/\/blogsaverroes.juntadeandalucia.es\/ceprfedericogarcialorca\/wp-json\/wp\/v2\/pages\/412\/revisions"}],"wp:attachment":[{"href":"https:\/\/blogsaverroes.juntadeandalucia.es\/ceprfedericogarcialorca\/wp-json\/wp\/v2\/media?parent=412"}],"curies":[{"name":"wp","href":"https:\/\/api.w.org\/{rel}","templated":true}]}}