{"id":596,"date":"2019-10-27T10:29:50","date_gmt":"2019-10-27T09:29:50","guid":{"rendered":"http:\/\/ceprfedericogarcialorca.es\/?page_id=596"},"modified":"2019-10-27T10:29:50","modified_gmt":"2019-10-27T09:29:50","slug":"ipasen","status":"publish","type":"page","link":"https:\/\/blogsaverroes.juntadeandalucia.es\/ceprfedericogarcialorca\/ipasen\/","title":{"rendered":"IPASEN"},"content":{"rendered":"\n<figure class=\"wp-block-image is-resized\"><img loading=\"lazy\" decoding=\"async\" src=\"https:\/\/www.juntadeandalucia.es\/educacion\/portalseneca\/image\/image_gallery?uuid=40e36f95-94ad-4b36-9758-3007d4ce19a1&amp;groupId=10128&amp;t=1386760195652\" alt=\"\" width=\"171\" height=\"171\" \/><\/figure>\n\n\n\n<p>iPasen es la versi\u00f3n para m\u00f3viles y tabletas de PASEN.<\/p>\n\n\n\n<p>PASEN es el m\u00f3dulo de S\u00e9neca que permite la comunicaci\u00f3n entre los centros educativos y las familias, tutores legales y alumnado, ofreciendo una serie de funcionalidades que pueden verse con m\u00e1s detalle en el siguiente v\u00eddeo:<\/p>\n\n\n\n<figure class=\"wp-block-embed-youtube wp-block-embed is-type-video is-provider-youtube wp-embed-aspect-16-9 wp-has-aspect-ratio\"><div class=\"wp-block-embed__wrapper\">\n<iframe loading=\"lazy\" title=\"PASEN\" width=\"500\" height=\"281\" src=\"https:\/\/www.youtube.com\/embed\/7ShGT1uK_Wg?feature=oembed&#038;wmode=opaque\" frameborder=\"0\" allow=\"accelerometer; autoplay; encrypted-media; gyroscope; picture-in-picture\" allowfullscreen><\/iframe>\n<\/div><\/figure>\n\n\n\n<p>No hace falta que pas\u00e9is por el centro, ya pod\u00e9is generaros las credenciales con el proceso de autologin siguiendo los pasos:<\/p>\n\n\n\n<p>1.INSTALAR LA APLICACI\u00d3N: <\/p>\n\n\n\n<ul><li>Si es ANDROID descarga la aplicaci\u00f3n del Play Store <a href=\"https:\/\/play.google.com\/store\/apps\/details?id=juntadeandalucia.ced.pasen&amp;hl=es\">AQU\u00cd.<\/a><\/li><li>Si es IPHONE, descarga la aplicaci\u00f3n del App Store, <a href=\"https:\/\/apps.apple.com\/es\/app\/ipasen\/id511127024\">AQU\u00cd.<\/a><\/li><\/ul>\n\n\n\n<p>2. REALIZAR EL AUTOLOGIN. En caso de que no tenga contrase\u00f1a de acceso debe hacer el autologin. Para ello haga click en \u00abNo tengo acceso\u00bb.<\/p>\n\n\n\n<figure class=\"wp-block-image is-resized\"><img loading=\"lazy\" decoding=\"async\" src=\"https:\/\/blogsaverroes.juntadeandalucia.es\/ceprfedericogarcialorca\/files\/2019\/10\/IMG_6376-581x1024.jpg\" alt=\"\" class=\"wp-image-603\" width=\"347\" height=\"612\" srcset=\"https:\/\/blogsaverroes.juntadeandalucia.es\/ceprfedericogarcialorca\/files\/2019\/10\/IMG_6376-581x1024.jpg 581w, https:\/\/blogsaverroes.juntadeandalucia.es\/ceprfedericogarcialorca\/files\/2019\/10\/IMG_6376-170x300.jpg 170w, https:\/\/blogsaverroes.juntadeandalucia.es\/ceprfedericogarcialorca\/files\/2019\/10\/IMG_6376-768x1354.jpg 768w, https:\/\/blogsaverroes.juntadeandalucia.es\/ceprfedericogarcialorca\/files\/2019\/10\/IMG_6376-14x24.jpg 14w, https:\/\/blogsaverroes.juntadeandalucia.es\/ceprfedericogarcialorca\/files\/2019\/10\/IMG_6376-20x36.jpg 20w, https:\/\/blogsaverroes.juntadeandalucia.es\/ceprfedericogarcialorca\/files\/2019\/10\/IMG_6376-27x48.jpg 27w, https:\/\/blogsaverroes.juntadeandalucia.es\/ceprfedericogarcialorca\/files\/2019\/10\/IMG_6376.jpg 774w\" sizes=\"(max-width: 347px) 100vw, 347px\" \/><\/figure>\n\n\n\n<ul><li>Introducir tres datos: EL NIF, una fecha de nacimiento (de alguno de sus hijos\/as o la suya propia) y un n\u00famero de tel\u00e9fono donde recibir\u00e1 por SMS las credenciales.<\/li><\/ul>\n\n\n\n<figure class=\"wp-block-image is-resized\"><img loading=\"lazy\" decoding=\"async\" src=\"https:\/\/blogsaverroes.juntadeandalucia.es\/ceprfedericogarcialorca\/files\/2019\/10\/IMG_6377-577x1024.jpg\" alt=\"\" class=\"wp-image-604\" width=\"358\" height=\"636\" srcset=\"https:\/\/blogsaverroes.juntadeandalucia.es\/ceprfedericogarcialorca\/files\/2019\/10\/IMG_6377-577x1024.jpg 577w, https:\/\/blogsaverroes.juntadeandalucia.es\/ceprfedericogarcialorca\/files\/2019\/10\/IMG_6377-169x300.jpg 169w, https:\/\/blogsaverroes.juntadeandalucia.es\/ceprfedericogarcialorca\/files\/2019\/10\/IMG_6377-768x1363.jpg 768w, https:\/\/blogsaverroes.juntadeandalucia.es\/ceprfedericogarcialorca\/files\/2019\/10\/IMG_6377-14x24.jpg 14w, https:\/\/blogsaverroes.juntadeandalucia.es\/ceprfedericogarcialorca\/files\/2019\/10\/IMG_6377-20x36.jpg 20w, https:\/\/blogsaverroes.juntadeandalucia.es\/ceprfedericogarcialorca\/files\/2019\/10\/IMG_6377-27x48.jpg 27w, https:\/\/blogsaverroes.juntadeandalucia.es\/ceprfedericogarcialorca\/files\/2019\/10\/IMG_6377.jpg 774w\" sizes=\"(max-width: 358px) 100vw, 358px\" \/><\/figure>\n\n\n\n<ul><li>Recibir\u00e1 por SMS el usuario y contrase\u00f1a.<\/li><li>Habilite el que se recuerde la contrase\u00f1a para no tener que volver a introducirla.<\/li><\/ul>\n\n\n\n<figure class=\"wp-block-image is-resized\"><img loading=\"lazy\" decoding=\"async\" src=\"https:\/\/blogsaverroes.juntadeandalucia.es\/ceprfedericogarcialorca\/files\/2019\/10\/IMG_6378-575x1024.jpg\" alt=\"\" class=\"wp-image-605\" width=\"360\" height=\"641\" srcset=\"https:\/\/blogsaverroes.juntadeandalucia.es\/ceprfedericogarcialorca\/files\/2019\/10\/IMG_6378-575x1024.jpg 575w, https:\/\/blogsaverroes.juntadeandalucia.es\/ceprfedericogarcialorca\/files\/2019\/10\/IMG_6378-169x300.jpg 169w, https:\/\/blogsaverroes.juntadeandalucia.es\/ceprfedericogarcialorca\/files\/2019\/10\/IMG_6378-768x1367.jpg 768w, https:\/\/blogsaverroes.juntadeandalucia.es\/ceprfedericogarcialorca\/files\/2019\/10\/IMG_6378-13x24.jpg 13w, https:\/\/blogsaverroes.juntadeandalucia.es\/ceprfedericogarcialorca\/files\/2019\/10\/IMG_6378-20x36.jpg 20w, https:\/\/blogsaverroes.juntadeandalucia.es\/ceprfedericogarcialorca\/files\/2019\/10\/IMG_6378-27x48.jpg 27w, https:\/\/blogsaverroes.juntadeandalucia.es\/ceprfedericogarcialorca\/files\/2019\/10\/IMG_6378.jpg 792w\" sizes=\"(max-width: 360px) 100vw, 360px\" \/><\/figure>\n\n\n\n<p>Por seguridad es muy normal que os pida renovar la contrase\u00f1a la primera vez que entr\u00e1is o cuando pasan algunas semanas sin actividad.<\/p>\n\n\n\n<p>En caso de no conseguir acceder, pasen por la secretar\u00eda del CEPR FEDERICO GARC\u00cdA LORCA donde le ayudaremos a completar la instalaci\u00f3n.<\/p>\n\n\n\n<p>Nuestro centro quiere que poco a poco PASEN sea la principal v\u00eda de comunicaci\u00f3n entre las familias y el centro as\u00ed que debemos aprender su uso todos juntos. \u00a1ANIMAROS!<\/p>\n\n\n\n<p>Otros enlaces de inter\u00e9s sobre pasen:<\/p>\n\n\n\n<ul><li><a href=\"https:\/\/www.juntadeandalucia.es\/educacion\/portalseneca\/web\/pasen\/inicio\">PASEN Junta de Andaluc\u00eda.<\/a><\/li><li><a href=\"https:\/\/www.juntadeandalucia.es\/educacion\/portalseneca\/c\/document_library\/get_file?uuid=79163884-4964-499f-8897-e18121222298&amp;groupId=148116\">Manual de usuario para tutores legales.<\/a><\/li><\/ul>\n\n\n\n<p><\/p>\n","protected":false},"excerpt":{"rendered":"<p>iPasen es la versi\u00f3n para m\u00f3viles y tabletas de PASEN. PASEN es el m\u00f3dulo de S\u00e9neca que permite la comunicaci\u00f3n entre los centros educativos y las familias, tutores legales y alumnado, ofreciendo una serie&#46;&#46;&#46;<\/p>\n","protected":false},"author":10022,"featured_media":0,"parent":0,"menu_order":0,"comment_status":"closed","ping_status":"closed","template":"","meta":{"ngg_post_thumbnail":0,"footnotes":""},"aioseo_notices":[],"_links":{"self":[{"href":"https:\/\/blogsaverroes.juntadeandalucia.es\/ceprfedericogarcialorca\/wp-json\/wp\/v2\/pages\/596"}],"collection":[{"href":"https:\/\/blogsaverroes.juntadeandalucia.es\/ceprfedericogarcialorca\/wp-json\/wp\/v2\/pages"}],"about":[{"href":"https:\/\/blogsaverroes.juntadeandalucia.es\/ceprfedericogarcialorca\/wp-json\/wp\/v2\/types\/page"}],"author":[{"embeddable":true,"href":"https:\/\/blogsaverroes.juntadeandalucia.es\/ceprfedericogarcialorca\/wp-json\/wp\/v2\/users\/10022"}],"replies":[{"embeddable":true,"href":"https:\/\/blogsaverroes.juntadeandalucia.es\/ceprfedericogarcialorca\/wp-json\/wp\/v2\/comments?post=596"}],"version-history":[{"count":0,"href":"https:\/\/blogsaverroes.juntadeandalucia.es\/ceprfedericogarcialorca\/wp-json\/wp\/v2\/pages\/596\/revisions"}],"wp:attachment":[{"href":"https:\/\/blogsaverroes.juntadeandalucia.es\/ceprfedericogarcialorca\/wp-json\/wp\/v2\/media?parent=596"}],"curies":[{"name":"wp","href":"https:\/\/api.w.org\/{rel}","templated":true}]}}