{"id":1044,"date":"2024-12-11T13:58:45","date_gmt":"2024-12-11T12:58:45","guid":{"rendered":"https:\/\/blogsaverroes.juntadeandalucia.es\/ceprhermanoscarvajales\/?page_id=1044"},"modified":"2025-10-28T10:48:09","modified_gmt":"2025-10-28T09:48:09","slug":"plan-de-centro","status":"publish","type":"page","link":"https:\/\/blogsaverroes.juntadeandalucia.es\/ceprhermanoscarvajales\/plan-de-centro\/","title":{"rendered":"Plan de Centro"},"content":{"rendered":"<p><img loading=\"lazy\" decoding=\"async\" class=\"alignnone \" src=\"https:\/\/images.cooltext.com\/5717960.png\" width=\"657\" height=\"77\"><\/p>\n<p>El<span style=\"color: #ff0000\"><strong> Plan de Centro<\/strong><\/span> es el documento o conjunto de documentos que definen nuestro centro y otorgan identidad al mismo. El <span style=\"color: #0000ff\"><strong><em>CEPr. Hermanos Carvajales<\/em><\/strong><\/span> tiene una identidad propia y muestra de ello aparece recogido en este extenso documento. Est\u00e1 formado por tres grandes documentos y que pod\u00e9is consultar, ya que son documentos p\u00fablicos aprobados en el Consejo Escolar.<\/p>\n<p><img loading=\"lazy\" decoding=\"async\" class=\"alignnone \" src=\"https:\/\/images.cooltext.com\/5717961.png\" width=\"884\" height=\"39\"><\/p>\n<p><img loading=\"lazy\" decoding=\"async\" class=\"aligncenter\" src=\"https:\/\/images.cooltext.com\/5717962.png\" width=\"313\" height=\"41\"><\/p>\n<p><img loading=\"lazy\" decoding=\"async\" class=\"alignright\" src=\"https:\/\/images.cooltext.com\/5717963.png\" width=\"382\" height=\"53\"><\/p>\n<p>&nbsp;<\/p>\n<p>&nbsp;<\/p>\n<p>Clica en los enlaces (&#8220;<em><strong>VER<\/strong><\/em>&#8220;) para poder descargar los documentos del centro:<\/p>\n<ul>\n<li><span style=\"color: #008000\"><strong><span style=\"font-size: 14pt\">Reglamento de Organizaci\u00f3n y Funcionamiento (R.O.F). <\/span><\/strong><span style=\"font-size: 14pt;color: #000000\">(<a href=\"https:\/\/blogsaverroes.juntadeandalucia.es\/ceprhermanoscarvajales\/files\/2025\/10\/Reglamento-de-Organizacion-y-Funcionamiento-ROF-2025-2026.pdf\">ROF<\/a>)<\/span><\/span><\/li>\n<li><span style=\"color: #339966\"><strong><span style=\"font-size: 14pt\">Proyecto Educativo. <\/span><\/strong><span style=\"font-size: 14pt;color: #000000\">(<a href=\"https:\/\/drive.google.com\/drive\/folders\/15yNdEPRGqe1gPuOvGy4HBmSvSXuSYtce?usp=sharing\">VER<\/a>)<\/span><\/span><\/li>\n<li><span style=\"color: #008080\"><strong><span style=\"font-size: 14pt\">Proyecto de Gesti\u00f3n. <\/span><\/strong><span style=\"font-size: 14pt\"><span style=\"color: #000000\">(<a href=\"https:\/\/blogsaverroes.juntadeandalucia.es\/ceprhermanoscarvajales\/files\/2024\/12\/Proyecto-de-Gestion-H.-Carvajales.pdf\">VER<\/a>)<\/span><\/span><\/span><\/li>\n<\/ul>\n<p>&nbsp;<\/p>\n<p>&nbsp;<\/p>\n","protected":false},"excerpt":{"rendered":"<p>El Plan de Centro es el documento o conjunto de documentos que definen nuestro centro y otorgan identidad al mismo. El CEPr. Hermanos Carvajales tiene una identidad propia y muestra de ello aparece recogido&#46;&#46;&#46;<\/p>\n","protected":false},"author":20159,"featured_media":0,"parent":0,"menu_order":0,"comment_status":"closed","ping_status":"closed","template":"","meta":{"ngg_post_thumbnail":0,"footnotes":"","_mc_calendar":[]},"aioseo_notices":[],"_links":{"self":[{"href":"https:\/\/blogsaverroes.juntadeandalucia.es\/ceprhermanoscarvajales\/wp-json\/wp\/v2\/pages\/1044"}],"collection":[{"href":"https:\/\/blogsaverroes.juntadeandalucia.es\/ceprhermanoscarvajales\/wp-json\/wp\/v2\/pages"}],"about":[{"href":"https:\/\/blogsaverroes.juntadeandalucia.es\/ceprhermanoscarvajales\/wp-json\/wp\/v2\/types\/page"}],"author":[{"embeddable":true,"href":"https:\/\/blogsaverroes.juntadeandalucia.es\/ceprhermanoscarvajales\/wp-json\/wp\/v2\/users\/20159"}],"replies":[{"embeddable":true,"href":"https:\/\/blogsaverroes.juntadeandalucia.es\/ceprhermanoscarvajales\/wp-json\/wp\/v2\/comments?post=1044"}],"version-history":[{"count":6,"href":"https:\/\/blogsaverroes.juntadeandalucia.es\/ceprhermanoscarvajales\/wp-json\/wp\/v2\/pages\/1044\/revisions"}],"predecessor-version":[{"id":1980,"href":"https:\/\/blogsaverroes.juntadeandalucia.es\/ceprhermanoscarvajales\/wp-json\/wp\/v2\/pages\/1044\/revisions\/1980"}],"wp:attachment":[{"href":"https:\/\/blogsaverroes.juntadeandalucia.es\/ceprhermanoscarvajales\/wp-json\/wp\/v2\/media?parent=1044"}],"curies":[{"name":"wp","href":"https:\/\/api.w.org\/{rel}","templated":true}]}}