{"id":1113,"date":"2024-12-15T18:14:42","date_gmt":"2024-12-15T17:14:42","guid":{"rendered":"https:\/\/blogsaverroes.juntadeandalucia.es\/ceprhermanoscarvajales\/?page_id=1113"},"modified":"2025-09-24T12:03:58","modified_gmt":"2025-09-24T11:03:58","slug":"bilinguismo","status":"publish","type":"page","link":"https:\/\/blogsaverroes.juntadeandalucia.es\/ceprhermanoscarvajales\/bilinguismo\/","title":{"rendered":"Biling\u00fcismo"},"content":{"rendered":"<p><img loading=\"lazy\" decoding=\"async\" class=\"alignnone size-medium\" src=\"https:\/\/images.cooltext.com\/5718186.png\" width=\"643\" height=\"171\"><\/p>\n<p>Contamos con el <span style=\"font-size: 14pt\"><strong><span style=\"color: #ff0000\">Plan<\/span> <span style=\"color: #ff0000\">de<\/span> Centro <span style=\"color: #0000ff\">Biling\u00fce<\/span><\/strong><\/span> en diferentes \u00e1reas. Para ello, una persona Auxiliar de Conversaci\u00f3n, de lengua inglesa participa en algunas clases para mejorar la competencia ling\u00fc\u00edstica de la lengua no materna de nuestro alumnado.&nbsp;<\/p>\n<p>En el siguiente documento aportamos la informaci\u00f3n que se nos pide desde la Administraci\u00f3n Educativa para que sirva de consulta a futuros\/as auxiliares de conversaci\u00f3n.&nbsp;<\/p>\n<p style=\"text-align: center\"><iframe loading=\"lazy\" src=\"https:\/\/1drv.ms\/w\/c\/ade4fdc7815ba2cb\/IQRidVkWlE-iTqRz4W9Gi7h-AXrityZQzf00NzuWi0TAgFE\" width=\"400\" height=\"300\" frameborder=\"0\" scrolling=\"no\"><\/iframe><\/p>\n<p>Durante el curso 202-2026 se ha suspendido el proyecto de Auxiliares con Conversaci\u00f3n, por lo que no contaremos con nadie. Es una pena, pero viene desde Consejer\u00eda esta decisi\u00f3n.&nbsp;<\/p>\n<p>Nuestra auxiliar de conversaci\u00f3n, del curso pasado en el 24-25 se llama <span style=\"color: #ff0000\"><strong>Gabi<\/strong>&nbsp;<\/span>y viene de Estados Unidos. Para los futuros y futuras auxiliares de conversaci\u00f3n que quieran conocer nuestro centro, aqu\u00ed ten\u00e9is un v\u00eddeo de nuestra compa\u00f1era en la que os dar\u00e1 algunas &#8220;<em><strong>clues<\/strong><\/em>&#8221; sobre c\u00f3mo es el cole.<\/p>\n<div style=\"width: 848px;\" class=\"wp-video\"><!--[if lt IE 9]><script>document.createElement('video');<\/script><![endif]-->\n<video class=\"wp-video-shortcode\" id=\"video-1113-1\" width=\"848\" height=\"480\" preload=\"metadata\" controls=\"controls\"><source type=\"video\/mp4\" src=\"https:\/\/blogsaverroes.juntadeandalucia.es\/ceprhermanoscarvajales\/files\/2025\/03\/Gabi-Auxiliar-de-conversacion-24-25.mp4?_=1\" \/><a href=\"https:\/\/blogsaverroes.juntadeandalucia.es\/ceprhermanoscarvajales\/files\/2025\/03\/Gabi-Auxiliar-de-conversacion-24-25.mp4\">https:\/\/blogsaverroes.juntadeandalucia.es\/ceprhermanoscarvajales\/files\/2025\/03\/Gabi-Auxiliar-de-conversacion-24-25.mp4<\/a><\/video><\/div>\n<p>&nbsp;<\/p>\n<p>El personal auxiliar de conversaci\u00f3n que quiera conocer el centro, tener informaci\u00f3n del mismo, de la localidad y de otros aspectos relevantes para conocernos, podr\u00e1 consultar todo lo necesario en la infograf\u00eda de m\u00e1s abajo. <strong><em>\u00a1Hay dos p\u00e1ginas! \u00a1Pasa a la siguiente para seguir conociendo m\u00e1s detalles!<\/em><\/strong><\/p>\n<p><iframe class=\"wp-embedded-content\" sandbox=\"allow-scripts\" security=\"restricted\" title=\"Sheet for Language Assistants\" src=\"https:\/\/www.canva.com\/design\/DAGdkYiZybg\/AIfBv63L_F3oWgRhbWV6Qg\/view?embed&#038;meta#?secret=nwk11AIDMZ\" data-secret=\"nwk11AIDMZ\" height=\"707\" width=\"500\"><\/iframe><\/p>\n","protected":false},"excerpt":{"rendered":"<p>Contamos con el Plan de Centro Biling\u00fce en diferentes \u00e1reas. Para ello, una persona Auxiliar de Conversaci\u00f3n, de lengua inglesa participa en algunas clases para mejorar la competencia ling\u00fc\u00edstica de la lengua no materna&#46;&#46;&#46;<\/p>\n","protected":false},"author":20159,"featured_media":0,"parent":0,"menu_order":0,"comment_status":"closed","ping_status":"closed","template":"","meta":{"ngg_post_thumbnail":0,"footnotes":"","_mc_calendar":[]},"aioseo_notices":[],"_links":{"self":[{"href":"https:\/\/blogsaverroes.juntadeandalucia.es\/ceprhermanoscarvajales\/wp-json\/wp\/v2\/pages\/1113"}],"collection":[{"href":"https:\/\/blogsaverroes.juntadeandalucia.es\/ceprhermanoscarvajales\/wp-json\/wp\/v2\/pages"}],"about":[{"href":"https:\/\/blogsaverroes.juntadeandalucia.es\/ceprhermanoscarvajales\/wp-json\/wp\/v2\/types\/page"}],"author":[{"embeddable":true,"href":"https:\/\/blogsaverroes.juntadeandalucia.es\/ceprhermanoscarvajales\/wp-json\/wp\/v2\/users\/20159"}],"replies":[{"embeddable":true,"href":"https:\/\/blogsaverroes.juntadeandalucia.es\/ceprhermanoscarvajales\/wp-json\/wp\/v2\/comments?post=1113"}],"version-history":[{"count":9,"href":"https:\/\/blogsaverroes.juntadeandalucia.es\/ceprhermanoscarvajales\/wp-json\/wp\/v2\/pages\/1113\/revisions"}],"predecessor-version":[{"id":1877,"href":"https:\/\/blogsaverroes.juntadeandalucia.es\/ceprhermanoscarvajales\/wp-json\/wp\/v2\/pages\/1113\/revisions\/1877"}],"wp:attachment":[{"href":"https:\/\/blogsaverroes.juntadeandalucia.es\/ceprhermanoscarvajales\/wp-json\/wp\/v2\/media?parent=1113"}],"curies":[{"name":"wp","href":"https:\/\/api.w.org\/{rel}","templated":true}]}}