{"id":1210,"date":"2025-01-20T13:52:25","date_gmt":"2025-01-20T12:52:25","guid":{"rendered":"https:\/\/blogsaverroes.juntadeandalucia.es\/ceprhermanoscarvajales\/?page_id=1210"},"modified":"2025-03-18T19:13:17","modified_gmt":"2025-03-18T18:13:17","slug":"recursos","status":"publish","type":"page","link":"https:\/\/blogsaverroes.juntadeandalucia.es\/ceprhermanoscarvajales\/recursos\/","title":{"rendered":"RECURSOS"},"content":{"rendered":"<p><img loading=\"lazy\" decoding=\"async\" class=\"alignnone \" src=\"https:\/\/images.cooltext.com\/5721590.png\" width=\"723\" height=\"86\"><\/p>\n<p>En esta p\u00e1gina podr\u00e1s conseguir recursos y enlaces a p\u00e1ginas con actividades, fichas o juegos para mejorar tus competencias espec\u00edficas de cada \u00e1rea. Echa un vistazo y aprende.<\/p>\n<ol>\n<li><a href=\"https:\/\/sanjosetercerciclo.jimdofree.com\/todo-primaria\/\" target=\"_blank\" rel=\"noopener\"><span style=\"color: #993366\"><strong>RECURSOS DE TODO TIPO<\/strong><\/span> (LENGUA, MATES, CONOCIMIENTO DEL MEDIO&#8230;)<\/a>.<\/li>\n<li><a href=\"https:\/\/drive.google.com\/drive\/folders\/1GCW7zcXEeVhx9WhiY5Zg-hJcF5u6yrQt?usp=sharing\"><strong><span style=\"color: #ff6600\">BANCO DE CUADERNILLOS &#8220;RUBIO&#8221;<\/span> <\/strong>(LENGUA, MATES, PREESCRITURA).<\/a><\/li>\n<\/ol>\n","protected":false},"excerpt":{"rendered":"<p>En esta p\u00e1gina podr\u00e1s conseguir recursos y enlaces a p\u00e1ginas con actividades, fichas o juegos para mejorar tus competencias espec\u00edficas de cada \u00e1rea. Echa un vistazo y aprende. RECURSOS DE TODO TIPO (LENGUA, MATES,&#46;&#46;&#46;<\/p>\n","protected":false},"author":20159,"featured_media":0,"parent":0,"menu_order":0,"comment_status":"closed","ping_status":"closed","template":"","meta":{"ngg_post_thumbnail":0,"footnotes":"","_mc_calendar":[]},"aioseo_notices":[],"_links":{"self":[{"href":"https:\/\/blogsaverroes.juntadeandalucia.es\/ceprhermanoscarvajales\/wp-json\/wp\/v2\/pages\/1210"}],"collection":[{"href":"https:\/\/blogsaverroes.juntadeandalucia.es\/ceprhermanoscarvajales\/wp-json\/wp\/v2\/pages"}],"about":[{"href":"https:\/\/blogsaverroes.juntadeandalucia.es\/ceprhermanoscarvajales\/wp-json\/wp\/v2\/types\/page"}],"author":[{"embeddable":true,"href":"https:\/\/blogsaverroes.juntadeandalucia.es\/ceprhermanoscarvajales\/wp-json\/wp\/v2\/users\/20159"}],"replies":[{"embeddable":true,"href":"https:\/\/blogsaverroes.juntadeandalucia.es\/ceprhermanoscarvajales\/wp-json\/wp\/v2\/comments?post=1210"}],"version-history":[{"count":4,"href":"https:\/\/blogsaverroes.juntadeandalucia.es\/ceprhermanoscarvajales\/wp-json\/wp\/v2\/pages\/1210\/revisions"}],"predecessor-version":[{"id":1390,"href":"https:\/\/blogsaverroes.juntadeandalucia.es\/ceprhermanoscarvajales\/wp-json\/wp\/v2\/pages\/1210\/revisions\/1390"}],"wp:attachment":[{"href":"https:\/\/blogsaverroes.juntadeandalucia.es\/ceprhermanoscarvajales\/wp-json\/wp\/v2\/media?parent=1210"}],"curies":[{"name":"wp","href":"https:\/\/api.w.org\/{rel}","templated":true}]}}