{"id":64,"date":"2020-01-09T11:41:42","date_gmt":"2020-01-09T10:41:42","guid":{"rendered":"http:\/\/blogsaverroes.juntadeandalucia.es\/pre\/nuevoceipv2\/?page_id=64"},"modified":"2025-10-16T08:37:17","modified_gmt":"2025-10-16T07:37:17","slug":"biblioteca","status":"publish","type":"page","link":"https:\/\/blogsaverroes.juntadeandalucia.es\/ceprhermanoscarvajales\/biblioteca\/","title":{"rendered":"Biblioteca"},"content":{"rendered":"<p><img loading=\"lazy\" decoding=\"async\" class=\"alignnone size-medium\" src=\"https:\/\/images.cooltext.com\/5718335.png\" width=\"872\" height=\"120\"><\/p>\n<p>&nbsp;<\/p>\n\n\t\t<style>\n\t\t\t#gallery-1 {\n\t\t\t\tmargin: auto;\n\t\t\t}\n\t\t\t#gallery-1 .gallery-item {\n\t\t\t\tfloat: left;\n\t\t\t\tmargin-top: 10px;\n\t\t\t\ttext-align: center;\n\t\t\t\twidth: 25%;\n\t\t\t}\n\t\t\t#gallery-1 img {\n\t\t\t\tborder: 2px solid #cfcfcf;\n\t\t\t}\n\t\t\t#gallery-1 .gallery-caption {\n\t\t\t\tmargin-left: 0;\n\t\t\t}\n\t\t\t\/* see gallery_shortcode() in wp-includes\/media.php *\/\n\t\t<\/style>\n\t\t<div id='gallery-1' class='gallery galleryid-64 gallery-columns-4 gallery-size-thumbnail'><dl class='gallery-item'>\n\t\t\t<dt class='gallery-icon landscape'>\n\t\t\t\t<a href='https:\/\/blogsaverroes.juntadeandalucia.es\/ceprhermanoscarvajales\/biblioteca\/whatsapp-image-2025-02-10-at-13-45-07\/'><img loading=\"lazy\" decoding=\"async\" width=\"150\" height=\"150\" src=\"https:\/\/blogsaverroes.juntadeandalucia.es\/ceprhermanoscarvajales\/files\/2025\/02\/WhatsApp-Image-2025-02-10-at-13.45.07-150x150.jpeg\" class=\"attachment-thumbnail size-thumbnail\" alt=\"\" \/><\/a>\n\t\t\t<\/dt><\/dl><dl class='gallery-item'>\n\t\t\t<dt class='gallery-icon landscape'>\n\t\t\t\t<a href='https:\/\/blogsaverroes.juntadeandalucia.es\/ceprhermanoscarvajales\/biblioteca\/whatsapp-image-2025-02-10-at-13-45-06-2\/'><img loading=\"lazy\" decoding=\"async\" width=\"150\" height=\"150\" src=\"https:\/\/blogsaverroes.juntadeandalucia.es\/ceprhermanoscarvajales\/files\/2025\/02\/WhatsApp-Image-2025-02-10-at-13.45.06-2-150x150.jpeg\" class=\"attachment-thumbnail size-thumbnail\" alt=\"\" \/><\/a>\n\t\t\t<\/dt><\/dl><dl class='gallery-item'>\n\t\t\t<dt class='gallery-icon landscape'>\n\t\t\t\t<a href='https:\/\/blogsaverroes.juntadeandalucia.es\/ceprhermanoscarvajales\/biblioteca\/whatsapp-image-2025-02-10-at-13-45-06-1\/'><img loading=\"lazy\" decoding=\"async\" width=\"150\" height=\"150\" src=\"https:\/\/blogsaverroes.juntadeandalucia.es\/ceprhermanoscarvajales\/files\/2025\/02\/WhatsApp-Image-2025-02-10-at-13.45.06-1-150x150.jpeg\" class=\"attachment-thumbnail size-thumbnail\" alt=\"\" \/><\/a>\n\t\t\t<\/dt><\/dl><dl class='gallery-item'>\n\t\t\t<dt class='gallery-icon landscape'>\n\t\t\t\t<a href='https:\/\/blogsaverroes.juntadeandalucia.es\/ceprhermanoscarvajales\/biblioteca\/whatsapp-image-2025-02-10-at-13-45-06\/'><img loading=\"lazy\" decoding=\"async\" width=\"150\" height=\"150\" src=\"https:\/\/blogsaverroes.juntadeandalucia.es\/ceprhermanoscarvajales\/files\/2025\/02\/WhatsApp-Image-2025-02-10-at-13.45.06-150x150.jpeg\" class=\"attachment-thumbnail size-thumbnail\" alt=\"\" \/><\/a>\n\t\t\t<\/dt><\/dl><br style=\"clear: both\" \/>\n\t\t<\/div>\n\n<p><img loading=\"lazy\" decoding=\"async\" class=\"aligncenter\" src=\"https:\/\/images.cooltext.com\/5722744.png\" width=\"532\" height=\"49\"><\/p>\n<p style=\"padding-left: 80px\"><span style=\"font-size: 14pt\"><span style=\"color: #800000\"><strong>Coordinadora<\/strong><\/span>: <strong>Carmen Montoro<\/strong><\/span><\/p>\n<p style=\"padding-left: 80px\"><span style=\"color: #000080\"><strong><span style=\"font-size: 14pt\">Equipo de apoyo:<\/span><\/strong><\/span><br \/>\n<span style=\"font-size: 14pt\">&nbsp; &nbsp; &nbsp; &nbsp; &nbsp; &nbsp; <strong>&nbsp;<\/strong><\/span><\/p>\n<ul>\n<li style=\"list-style-type: none\">\n<ul>\n<li style=\"list-style-type: none\">\n<ul>\n<li style=\"list-style-type: none\">\n<ul>\n<li style=\"text-align: left\"><strong>Rosa Garc\u00eda<\/strong><\/li>\n<li style=\"text-align: left\"><strong>Macarena Hern\u00e1ndez<\/strong><\/li>\n<li style=\"text-align: left\"><strong>Raquel Hermoso<\/strong><\/li>\n<li style=\"text-align: left\"><strong>Juani Garrido<\/strong><\/li>\n<\/ul>\n<\/li>\n<\/ul>\n<\/li>\n<\/ul>\n<\/li>\n<\/ul>\n<p>&nbsp;<\/p>\n<p><img loading=\"lazy\" decoding=\"async\" class=\"aligncenter\" src=\"https:\/\/images.cooltext.com\/5722745.png\" width=\"218\" height=\"42\"><\/p>\n<p style=\"text-align: center\"><span style=\"font-size: 24pt;color: #99cc00\"><strong>(por definir)<\/strong><\/span><\/p>\n<p>&nbsp;<\/p>\n<p><img loading=\"lazy\" decoding=\"async\" class=\"aligncenter\" src=\"https:\/\/images.cooltext.com\/5722746.png\" width=\"466\" height=\"49\"><\/p>\n<p>Durante el presente curso escolar nos planteamos los siguientes <span style=\"font-size: 18pt;color: #000080\"><strong>objetivos<\/strong><\/span>:<\/p>\n<ul>\n<li><span style=\"font-family: 'comic sans ms', sans-serif;font-size: 12pt\">Continuar con las actividades de biblioteca de aula, itinerarios lectores, maletas viajeras, pr\u00e9stamos\u2026<\/span><\/li>\n<li><span style=\"font-family: 'comic sans ms', sans-serif;font-size: 12pt\">Realizaci\u00f3n de diferentes actividades en coordinaci\u00f3n con los planes y proyectos del centro.<\/span><\/li>\n<li><span style=\"font-family: 'comic sans ms', sans-serif;font-size: 12pt\">Participaci\u00f3n de la biblioteca en la actividad de \u201cPatios inclusivos\u201d propuestos por el centro con \u201c<strong><em>Biblio-patio<\/em><\/strong>\u201d .<\/span><\/li>\n<li><span style=\"font-family: 'comic sans ms', sans-serif;font-size: 12pt\">Catalogar t\u00edtulos pendientes y de nueva adquisici\u00f3n, as\u00ed como comprobar el correcto registro y situaci\u00f3n de todos los t\u00edtulos disponibles.<\/span><\/li>\n<li><span style=\"font-family: 'comic sans ms', sans-serif;font-size: 12pt\">Adquisici\u00f3n de t\u00edtulos y materiales adaptados al alumnado del aula espec\u00edfica.<\/span><\/li>\n<li><span style=\"font-family: 'comic sans ms', sans-serif;font-size: 12pt\">Adquisici\u00f3n de t\u00edtulos para ampliar la estanter\u00eda violeta (<em>igualdad y coeducaci\u00f3n<\/em>).<\/span><\/li>\n<li><span style=\"font-family: 'comic sans ms', sans-serif;font-size: 12pt\">Promover la participaci\u00f3n activa de las familias.<\/span><\/li>\n<li><span style=\"font-family: 'comic sans ms', sans-serif;font-size: 12pt\">Formaci\u00f3n de alumnado de tercer ciclo como ayudante del equipo de biblioteca, en tareas de organizaci\u00f3n, pr\u00e9stamos, biblio-patio, decoraci\u00f3n, actividades, etc.<\/span><\/li>\n<li><span style=\"font-family: 'comic sans ms', sans-serif;font-size: 12pt\">Presencia activa en la p\u00e1gina web del colegio.<\/span><\/li>\n<\/ul>\n<p>&nbsp;<\/p>\n<p><img loading=\"lazy\" decoding=\"async\" class=\"aligncenter\" src=\"https:\/\/images.cooltext.com\/5722747.png\" width=\"600\" height=\"39\"><\/p>\n<p><span style=\"color: #333399\"><strong><span style=\"font-family: tahoma, arial, helvetica, sans-serif\">SEPTIEMBRE<\/span><\/strong><\/span>:<\/p>\n<ul>\n<li>Puesta a punto de la biblioteca por parte del equipo.<\/li>\n<\/ul>\n<p><span style=\"font-family: tahoma, arial, helvetica, sans-serif;color: #333399\"><strong>OCTUBRE:<\/strong> <\/span><\/p>\n<ul>\n<li>Para conmemorar el d\u00eda de las bibliotecas escolares , se llevar\u00e1 a cabo un espect\u00e1culo de magia, llevado a cabo por el Mago Torres el d\u00eda 20 de octubre.<\/li>\n<li>Exposici\u00f3n de t\u00edtulos relacionados con la coeducaci\u00f3n y cuentacuentos.<\/li>\n<\/ul>\n<p><span style=\"font-family: tahoma, arial, helvetica, sans-serif;color: #333399\"><strong>NOVIEMBRE:<\/strong><\/span><\/p>\n<ul>\n<li>En colaboraci\u00f3n con el plan de igualdad, se realizar\u00e1 un an\u00e1lisis de cuentos con perspectiva de g\u00e9nero y un el bibliopatio ser\u00e1 tematizado con obras de la estanter\u00eda violeta.<\/li>\n<li>En colaboraci\u00f3n con el proyecto biling\u00fce, se realizar\u00e1n diferentes actividades relacionadas con Jack O\u00b4Lattern del 27 al 31 de octubre.<\/li>\n<\/ul>\n<p><span style=\"font-family: tahoma, arial, helvetica, sans-serif;color: #333399\"><strong>DICIEMBRE:<\/strong><\/span><\/p>\n<ul>\n<li>D\u00eda de la lectura en Andaluc\u00eda (16-12): Lectura ininterrumpida de textos de autores Andaluces durante el recreo.<\/li>\n<li>Teatro navide\u00f1o a cargo del profesorado del centro.<\/li>\n<\/ul>\n<p><span style=\"color: #333399\"><strong>ENERO<\/strong><\/span>:&nbsp;<\/p>\n<ul>\n<li>En colaboraci\u00f3n con el programa de Paz, realizaci\u00f3n de diferentes actividades adaptadas a los diferentes ciclos bajo el lema \u201cLa Paz empieza conmigo\u201d<\/li>\n<\/ul>\n<p><span style=\"font-family: tahoma, arial, helvetica, sans-serif;color: #333399\"><strong>FEBRERO:<\/strong><\/span><\/p>\n<ul>\n<li>Para conmemorar el d\u00eda de la mujer y la ni\u00f1a en la ciencia, se llevaran a cabo diferentes actividades por parte del alumnado, con las madres que van a participar en los experimentos.<\/li>\n<li>Para el D\u00eda de Andaluc\u00eda se realizar\u00e1 una visita a la Biblioteca Literaria Giennense para conocer esta entidad as\u00ed como a los autores\/as de la provincia, realizando&nbsp; actividades de animaci\u00f3n a la lectura e investigaci\u00f3n .<\/li>\n<\/ul>\n<p><span style=\"color: #333399\"><strong><span style=\"font-family: tahoma, arial, helvetica, sans-serif\">MARZO:<\/span><\/strong><\/span><\/p>\n<ul>\n<li>D\u00eda de la Poes\u00eda: Actividad con un escritor\/a local.<\/li>\n<li>Para el d\u00eda de la mujer se realizar\u00e1n<\/li>\n<\/ul>\n<p><span style=\"font-family: tahoma, arial, helvetica, sans-serif;color: #333399\"><strong>ABRIL<\/strong><\/span><\/p>\n<ul style=\"list-style-type: square\">\n<li>Teatro por parte del alumnado de la leyenda de los Hermanos Carvajales.<\/li>\n<li>Actividades del D\u00eda del libro (coincide con la semana cultural y actos del 25 aniversario)\n<ul>\n<li style=\"list-style-type: none\">\n<ul style=\"list-style-type: square\">\n<li>III Certamen literario relacionado con el 25 aniversario del colegio,<\/li>\n<li>Libro de visitas y firmas<\/li>\n<li>Feria del Libro.<\/li>\n<li>Encuentro con el autor\/a<\/li>\n<li>Actividad con las familias para el d\u00eda de convivencia \u201cJuega conmigo\u201d donde el alumnado ense\u00f1ar\u00e1 a jugar a las familias a los juegos de mesa adquiridos por la biblioteca.<\/li>\n<\/ul>\n<\/li>\n<\/ul>\n<\/li>\n<\/ul>\n<p><span style=\"font-family: tahoma, arial, helvetica, sans-serif;color: #333399\"><strong>MAYO:<\/strong><\/span><\/p>\n<ul>\n<li>D\u00eda de la Familia: Lecturas y actividades por parte de las familias en las diferentes aulas.<\/li>\n<\/ul>\n<p><span style=\"color: #333399;font-family: tahoma, arial, helvetica, sans-serif\"><strong>JUNIO:<\/strong><\/span><\/p>\n<ul>\n<li>D\u00eda del medio ambiente: Actividades relacionadas con la marcha por el medio ambiente.<\/li>\n<\/ul>\n<p>&nbsp;<\/p>\n<p><img loading=\"lazy\" decoding=\"async\" class=\"aligncenter wp-image-1159 size-medium\" src=\"https:\/\/blogsaverroes.juntadeandalucia.es\/ceprhermanoscarvajales\/files\/2024\/12\/BIBLIO-BOT-245x300.png\" alt=\"\" width=\"245\" height=\"300\" srcset=\"https:\/\/blogsaverroes.juntadeandalucia.es\/ceprhermanoscarvajales\/files\/2024\/12\/BIBLIO-BOT-245x300.png 245w, https:\/\/blogsaverroes.juntadeandalucia.es\/ceprhermanoscarvajales\/files\/2024\/12\/BIBLIO-BOT-835x1024.png 835w, https:\/\/blogsaverroes.juntadeandalucia.es\/ceprhermanoscarvajales\/files\/2024\/12\/BIBLIO-BOT-768x942.png 768w, https:\/\/blogsaverroes.juntadeandalucia.es\/ceprhermanoscarvajales\/files\/2024\/12\/BIBLIO-BOT-1252x1536.png 1252w, https:\/\/blogsaverroes.juntadeandalucia.es\/ceprhermanoscarvajales\/files\/2024\/12\/BIBLIO-BOT.png 1645w\" sizes=\"(max-width: 245px) 100vw, 245px\" \/><\/p>\n<p>&nbsp;<\/p>\n<p><img loading=\"lazy\" decoding=\"async\" class=\"aligncenter\" src=\"https:\/\/images.cooltext.com\/5728020.png\" width=\"419\" height=\"44\"><\/p>\n<p><a href=\"https:\/\/blogsaverroes.juntadeandalucia.es\/ceprhermanoscarvajales\/club-de-lectura\/cartel-poster-proceso-creativo-scrapbook-marron-y-blanco\/\" rel=\"attachment wp-att-1520\"><img loading=\"lazy\" decoding=\"async\" class=\"aligncenter wp-image-1520 size-large\" src=\"https:\/\/blogsaverroes.juntadeandalucia.es\/ceprhermanoscarvajales\/files\/2025\/04\/Cartel-Poster-Proceso-Creativo-Scrapbook-Marron-y-Blanco-724x1024.png\" alt=\"\" width=\"724\" height=\"1024\" srcset=\"https:\/\/blogsaverroes.juntadeandalucia.es\/ceprhermanoscarvajales\/files\/2025\/04\/Cartel-Poster-Proceso-Creativo-Scrapbook-Marron-y-Blanco-724x1024.png 724w, https:\/\/blogsaverroes.juntadeandalucia.es\/ceprhermanoscarvajales\/files\/2025\/04\/Cartel-Poster-Proceso-Creativo-Scrapbook-Marron-y-Blanco-212x300.png 212w, https:\/\/blogsaverroes.juntadeandalucia.es\/ceprhermanoscarvajales\/files\/2025\/04\/Cartel-Poster-Proceso-Creativo-Scrapbook-Marron-y-Blanco-768x1086.png 768w, https:\/\/blogsaverroes.juntadeandalucia.es\/ceprhermanoscarvajales\/files\/2025\/04\/Cartel-Poster-Proceso-Creativo-Scrapbook-Marron-y-Blanco-1086x1536.png 1086w, https:\/\/blogsaverroes.juntadeandalucia.es\/ceprhermanoscarvajales\/files\/2025\/04\/Cartel-Poster-Proceso-Creativo-Scrapbook-Marron-y-Blanco.png 1414w\" sizes=\"(max-width: 724px) 100vw, 724px\" \/><\/a><\/p>\n","protected":false},"excerpt":{"rendered":"<p>&nbsp; Coordinadora: Carmen Montoro Equipo de apoyo: &nbsp; &nbsp; &nbsp; &nbsp; &nbsp; &nbsp; &nbsp; Rosa Garc\u00eda Macarena Hern\u00e1ndez Raquel Hermoso Juani Garrido &nbsp; (por definir) &nbsp; Durante el presente curso escolar nos planteamos los&#46;&#46;&#46;<\/p>\n","protected":false},"author":7051,"featured_media":0,"parent":0,"menu_order":0,"comment_status":"closed","ping_status":"closed","template":"","meta":{"ngg_post_thumbnail":0,"footnotes":"","_mc_calendar":[]},"aioseo_notices":[],"_links":{"self":[{"href":"https:\/\/blogsaverroes.juntadeandalucia.es\/ceprhermanoscarvajales\/wp-json\/wp\/v2\/pages\/64"}],"collection":[{"href":"https:\/\/blogsaverroes.juntadeandalucia.es\/ceprhermanoscarvajales\/wp-json\/wp\/v2\/pages"}],"about":[{"href":"https:\/\/blogsaverroes.juntadeandalucia.es\/ceprhermanoscarvajales\/wp-json\/wp\/v2\/types\/page"}],"author":[{"embeddable":true,"href":"https:\/\/blogsaverroes.juntadeandalucia.es\/ceprhermanoscarvajales\/wp-json\/wp\/v2\/users\/7051"}],"replies":[{"embeddable":true,"href":"https:\/\/blogsaverroes.juntadeandalucia.es\/ceprhermanoscarvajales\/wp-json\/wp\/v2\/comments?post=64"}],"version-history":[{"count":12,"href":"https:\/\/blogsaverroes.juntadeandalucia.es\/ceprhermanoscarvajales\/wp-json\/wp\/v2\/pages\/64\/revisions"}],"predecessor-version":[{"id":1960,"href":"https:\/\/blogsaverroes.juntadeandalucia.es\/ceprhermanoscarvajales\/wp-json\/wp\/v2\/pages\/64\/revisions\/1960"}],"wp:attachment":[{"href":"https:\/\/blogsaverroes.juntadeandalucia.es\/ceprhermanoscarvajales\/wp-json\/wp\/v2\/media?parent=64"}],"curies":[{"name":"wp","href":"https:\/\/api.w.org\/{rel}","templated":true}]}}