{"id":823,"date":"2020-12-16T09:58:58","date_gmt":"2020-12-16T08:58:58","guid":{"rendered":"https:\/\/blogsaverroes.juntadeandalucia.es\/pre\/plantilla-pencil\/?page_id=733"},"modified":"2024-12-15T19:38:23","modified_gmt":"2024-12-15T18:38:23","slug":"contactar-con-el-centro","status":"publish","type":"page","link":"https:\/\/blogsaverroes.juntadeandalucia.es\/ceprhermanoscarvajales\/contactar-con-el-centro\/","title":{"rendered":"Contactar con el centro"},"content":{"rendered":"<p><img loading=\"lazy\" decoding=\"async\" class=\"alignnone \" src=\"https:\/\/images.cooltext.com\/5717959.png\" width=\"869\" height=\"58\"><\/p>\n<h3>&nbsp;<\/h3>\n<h3 class=\"widgettitle\">DATOS DEL CENTRO:<\/h3>\n<div class=\"textwidget custom-html-widget\">\n<ul>\n<li><strong>Nombre<\/strong>: CEPr. Hermanos Carvajales<\/li>\n<li><strong>C\u00f3digo<\/strong>: 23000040<\/li>\n<li><strong>Direcci\u00f3n<\/strong>: Avenida de Alhambra S\/N&nbsp; &nbsp;C.P. 23600<\/li>\n<li><strong>Tel\u00e9fono<\/strong>: 953 366 952<\/li>\n<li><strong>Correo electr\u00f3nico<\/strong>: 23000040.edu@juntadeandalucia.es<\/li>\n<li><strong>Horario<\/strong>: de 9.00 a 14.00<\/li>\n<li><strong>Ubicaci\u00f3n<\/strong>:<\/li>\n<\/ul>\n<\/div>\n<p style=\"text-align: center\"><iframe loading=\"lazy\" src=\"https:\/\/www.google.com\/maps\/embed?pb=!1m18!1m12!1m3!1d3156.3993749316196!2d-3.9768044000000002!3d37.7103025!2m3!1f0!2f0!3f0!3m2!1i1024!2i768!4f13.1!3m3!1m2!1s0xd6dc5c507f82e23%3A0xd83522c03191ee8d!2sColegio%20P%C3%BAblico%20Hermanos%20Carvajales!5e0!3m2!1ses!2ses!4v1734090118533!5m2!1ses!2ses\" width=\"400\" height=\"300\"><\/iframe><\/p>\n<p>&nbsp;<\/p>\n<p><img loading=\"lazy\" decoding=\"async\" class=\"alignnone \" src=\"https:\/\/images.cooltext.com\/5718219.png\" width=\"652\" height=\"64\"><\/p>\n<ul>\n<li><strong>DIRECCI\u00d3N<\/strong>: Jes\u00fas Alonso.<\/li>\n<li><strong>JEFATURA DE ESTUDIOS<\/strong>: Manuel Jes\u00fas Vallejo.<\/li>\n<li><strong>SECRETAR\u00cdA<\/strong>: Capilla Castillo.<\/li>\n<\/ul>\n","protected":false},"excerpt":{"rendered":"<p>&nbsp; DATOS DEL CENTRO: Nombre: CEPr. Hermanos Carvajales C\u00f3digo: 23000040 Direcci\u00f3n: Avenida de Alhambra S\/N&nbsp; &nbsp;C.P. 23600 Tel\u00e9fono: 953 366 952 Correo electr\u00f3nico: 23000040.edu@juntadeandalucia.es Horario: de 9.00 a 14.00 Ubicaci\u00f3n: &nbsp; DIRECCI\u00d3N: Jes\u00fas Alonso.&#46;&#46;&#46;<\/p>\n","protected":false},"author":7051,"featured_media":0,"parent":0,"menu_order":0,"comment_status":"closed","ping_status":"closed","template":"","meta":{"ngg_post_thumbnail":0,"footnotes":"","_mc_calendar":[]},"aioseo_notices":[],"_links":{"self":[{"href":"https:\/\/blogsaverroes.juntadeandalucia.es\/ceprhermanoscarvajales\/wp-json\/wp\/v2\/pages\/823"}],"collection":[{"href":"https:\/\/blogsaverroes.juntadeandalucia.es\/ceprhermanoscarvajales\/wp-json\/wp\/v2\/pages"}],"about":[{"href":"https:\/\/blogsaverroes.juntadeandalucia.es\/ceprhermanoscarvajales\/wp-json\/wp\/v2\/types\/page"}],"author":[{"embeddable":true,"href":"https:\/\/blogsaverroes.juntadeandalucia.es\/ceprhermanoscarvajales\/wp-json\/wp\/v2\/users\/7051"}],"replies":[{"embeddable":true,"href":"https:\/\/blogsaverroes.juntadeandalucia.es\/ceprhermanoscarvajales\/wp-json\/wp\/v2\/comments?post=823"}],"version-history":[{"count":5,"href":"https:\/\/blogsaverroes.juntadeandalucia.es\/ceprhermanoscarvajales\/wp-json\/wp\/v2\/pages\/823\/revisions"}],"predecessor-version":[{"id":1132,"href":"https:\/\/blogsaverroes.juntadeandalucia.es\/ceprhermanoscarvajales\/wp-json\/wp\/v2\/pages\/823\/revisions\/1132"}],"wp:attachment":[{"href":"https:\/\/blogsaverroes.juntadeandalucia.es\/ceprhermanoscarvajales\/wp-json\/wp\/v2\/media?parent=823"}],"curies":[{"name":"wp","href":"https:\/\/api.w.org\/{rel}","templated":true}]}}