{"id":840,"date":"2020-12-18T08:38:52","date_gmt":"2020-12-18T07:38:52","guid":{"rendered":"https:\/\/blogsaverroes.juntadeandalucia.es\/pre\/plantilla-pencil\/?page_id=840"},"modified":"2026-02-25T13:02:47","modified_gmt":"2026-02-25T12:02:47","slug":"ampa","status":"publish","type":"page","link":"https:\/\/blogsaverroes.juntadeandalucia.es\/ceprhermanoscarvajales\/ampa\/","title":{"rendered":"AMPA"},"content":{"rendered":"<p><img loading=\"lazy\" decoding=\"async\" class=\"alignnone size-medium\" src=\"https:\/\/images.cooltext.com\/5718222.png\" width=\"561\" height=\"94\"><\/p>\n<p>Con el objetivo de colaborar con la labor educativa del <em><strong>C.E.Pr. Hermanos Carvajales<\/strong><\/em>, la <span style=\"color: #ff0000;font-size: 14pt\"><strong>AMPA La Vega<\/strong> <\/span>ofrece una amplia oferta de <span style=\"color: #008000;font-size: 18pt\"><strong>actividades y beneficios<\/strong><\/span>:<\/p>\n<ul>\n<li>Comenzamos el curso con la realizaci\u00f3n de fotos por grupos escolares para la <strong>elaboraci\u00f3n de calendarios<\/strong>. A nivel individual de aquellos\/as alumnos\/as que lo soliciten, ofreciendo la oportunidad de guardar recuerdos de su paso por la etapa de primaria.<\/li>\n<li>Visita, el \u00faltimo d\u00eda del primer trimestre, de <strong>Sus Majestades los Reyes Magos de Oriente<\/strong>, que hacen entrega de chocolatinas, bastones de caramelo y un detalle a cada socio\/a.<\/li>\n<li>Fiesta de <strong>Halloween<\/strong>.&nbsp;<\/li>\n<li>Merienda y concurso de <strong>Carnaval<\/strong> con entrega de premios a las distintas categor\u00edas.<\/li>\n<li><strong>Graduaci\u00f3n<\/strong> del alumnado de 6\u00ba curso. Regalo de la beca para tal fin y realizaci\u00f3n de fotos y orlas.<\/li>\n<li>Colaboraci\u00f3n y participaci\u00f3n en la organizaci\u00f3n de un d\u00eda de convivencia, para conmemorar el <strong>d\u00eda de la familia<\/strong> con los distintos miembros de la comunidad educativa<\/li>\n<li><strong>Fiesta final de curso<\/strong> en el auditorio, con diferentes tem\u00e1ticas y bailes. Regalo de bocadillo a todos los ni\u00f1os participantes.<\/li>\n<li>A lo largo del curso, ofrecemos <strong>varios desayunos<\/strong> para conmemorar la llegada de la Navidad, el d\u00eda de la Constituci\u00f3n, el d\u00eda de Andaluc\u00eda y fin al segundo trimestre.<\/li>\n<\/ul>\n<p>Aparte de todas estas actividades, la AMPA del Colegio Hermanos Carvajales cuenta con algunas <span style=\"color: #008000;font-size: 18pt\"><strong>VENTAJAS <\/strong><\/span>m\u00e1s para todos\/as los\/las socios\/as:<\/p>\n<ol>\n<li><span style=\"font-family: 'comic sans ms', sans-serif;font-size: 14pt\">Descuentos en el precio de la agenda escolar.<\/span><\/li>\n<li><span style=\"font-family: 'comic sans ms', sans-serif;font-size: 14pt\">Bonificaci\u00f3n del 50-60% en viajes.<\/span><\/li>\n<li><span style=\"font-family: 'comic sans ms', sans-serif;font-size: 14pt\">Descuento en la compra del calendario escolar.<\/span><\/li>\n<li><span style=\"font-family: 'comic sans ms', sans-serif;font-size: 14pt\">Bonificaci\u00f3n en actividades varias acordadas con el equipo docente del centro: taller flamenco, taller de magia, d\u00eda del libro&#8230;<\/span><\/li>\n<\/ol>\n<p>&nbsp;<\/p>\n<p><span style=\"font-size: 18pt\"><strong>Estos son los <span style=\"color: #ff0000\">descuentos<\/span> para las familias de la ampa que ofrecen los comercios de Martos que pertenecen a&nbsp; <span style=\"color: #008000\">ASEM<\/span>.<\/strong><\/span><\/p>\n<p><a href=\"https:\/\/blogsaverroes.juntadeandalucia.es\/ceprhermanoscarvajales\/files\/2026\/02\/WhatsApp-Image-2026-02-23-at-11.33.04-1.jpeg\"><img loading=\"lazy\" decoding=\"async\" class=\"aligncenter size-full wp-image-2371\" src=\"https:\/\/blogsaverroes.juntadeandalucia.es\/ceprhermanoscarvajales\/files\/2026\/02\/WhatsApp-Image-2026-02-23-at-11.33.04-1.jpeg\" alt=\"\" width=\"800\" height=\"566\" srcset=\"https:\/\/blogsaverroes.juntadeandalucia.es\/ceprhermanoscarvajales\/files\/2026\/02\/WhatsApp-Image-2026-02-23-at-11.33.04-1.jpeg 800w, https:\/\/blogsaverroes.juntadeandalucia.es\/ceprhermanoscarvajales\/files\/2026\/02\/WhatsApp-Image-2026-02-23-at-11.33.04-1-300x212.jpeg 300w, https:\/\/blogsaverroes.juntadeandalucia.es\/ceprhermanoscarvajales\/files\/2026\/02\/WhatsApp-Image-2026-02-23-at-11.33.04-1-768x543.jpeg 768w\" sizes=\"(max-width: 800px) 100vw, 800px\" \/><\/a> <a href=\"https:\/\/blogsaverroes.juntadeandalucia.es\/ceprhermanoscarvajales\/files\/2026\/02\/WhatsApp-Image-2026-02-23-at-11.33.04.jpeg\"><img loading=\"lazy\" decoding=\"async\" class=\"aligncenter size-full wp-image-2372\" src=\"https:\/\/blogsaverroes.juntadeandalucia.es\/ceprhermanoscarvajales\/files\/2026\/02\/WhatsApp-Image-2026-02-23-at-11.33.04.jpeg\" alt=\"\" width=\"800\" height=\"566\" srcset=\"https:\/\/blogsaverroes.juntadeandalucia.es\/ceprhermanoscarvajales\/files\/2026\/02\/WhatsApp-Image-2026-02-23-at-11.33.04.jpeg 800w, https:\/\/blogsaverroes.juntadeandalucia.es\/ceprhermanoscarvajales\/files\/2026\/02\/WhatsApp-Image-2026-02-23-at-11.33.04-300x212.jpeg 300w, https:\/\/blogsaverroes.juntadeandalucia.es\/ceprhermanoscarvajales\/files\/2026\/02\/WhatsApp-Image-2026-02-23-at-11.33.04-768x543.jpeg 768w\" sizes=\"(max-width: 800px) 100vw, 800px\" \/><\/a><\/p>\n<p><img loading=\"lazy\" decoding=\"async\" class=\"aligncenter\" src=\"https:\/\/martos.es\/wp-content\/uploads\/2024\/01\/la_vega.jpg\" width=\"335\" height=\"330\"><\/p>\n<p>&nbsp;<\/p>\n","protected":false},"excerpt":{"rendered":"<p>Con el objetivo de colaborar con la labor educativa del C.E.Pr. Hermanos Carvajales, la AMPA La Vega ofrece una amplia oferta de actividades y beneficios: Comenzamos el curso con la realizaci\u00f3n de fotos por&#46;&#46;&#46;<\/p>\n","protected":false},"author":7051,"featured_media":0,"parent":0,"menu_order":0,"comment_status":"closed","ping_status":"closed","template":"","meta":{"ngg_post_thumbnail":0,"footnotes":"","_mc_calendar":[]},"aioseo_notices":[],"_links":{"self":[{"href":"https:\/\/blogsaverroes.juntadeandalucia.es\/ceprhermanoscarvajales\/wp-json\/wp\/v2\/pages\/840"}],"collection":[{"href":"https:\/\/blogsaverroes.juntadeandalucia.es\/ceprhermanoscarvajales\/wp-json\/wp\/v2\/pages"}],"about":[{"href":"https:\/\/blogsaverroes.juntadeandalucia.es\/ceprhermanoscarvajales\/wp-json\/wp\/v2\/types\/page"}],"author":[{"embeddable":true,"href":"https:\/\/blogsaverroes.juntadeandalucia.es\/ceprhermanoscarvajales\/wp-json\/wp\/v2\/users\/7051"}],"replies":[{"embeddable":true,"href":"https:\/\/blogsaverroes.juntadeandalucia.es\/ceprhermanoscarvajales\/wp-json\/wp\/v2\/comments?post=840"}],"version-history":[{"count":7,"href":"https:\/\/blogsaverroes.juntadeandalucia.es\/ceprhermanoscarvajales\/wp-json\/wp\/v2\/pages\/840\/revisions"}],"predecessor-version":[{"id":2373,"href":"https:\/\/blogsaverroes.juntadeandalucia.es\/ceprhermanoscarvajales\/wp-json\/wp\/v2\/pages\/840\/revisions\/2373"}],"wp:attachment":[{"href":"https:\/\/blogsaverroes.juntadeandalucia.es\/ceprhermanoscarvajales\/wp-json\/wp\/v2\/media?parent=840"}],"curies":[{"name":"wp","href":"https:\/\/api.w.org\/{rel}","templated":true}]}}