{"id":141,"date":"2015-03-17T07:13:24","date_gmt":"2015-03-17T07:13:24","guid":{"rendered":"http:\/\/blogsaverroes.juntadeandalucia.es\/pre\/ceip\/?page_id=141"},"modified":"2023-03-23T11:23:46","modified_gmt":"2023-03-23T10:23:46","slug":"escolarizacion","status":"publish","type":"page","link":"https:\/\/blogsaverroes.juntadeandalucia.es\/ceprjosenogales\/escolarizacion\/","title":{"rendered":"Proceso de admisi\u00f3n 2022\/2023"},"content":{"rendered":"<p style=\"text-align: center\"><a title=\"Portal escolarizaci\u00f3n\" href=\"http:\/\/www.juntadeandalucia.es\/educacion\/webportal\/web\/portal-escolarizacion\/infantil-primaria-eso-bachillerato\" target=\"_blank\" rel=\"noopener noreferrer\"><img loading=\"lazy\" decoding=\"async\" class=\"size-full wp-image-2928 aligncenter\" src=\"https:\/\/blogsaverroes.juntadeandalucia.es\/ceprjosenogales\/files\/2018\/05\/layout_set_logo-1.png\" alt=\"\" width=\"395\" height=\"118\" srcset=\"https:\/\/blogsaverroes.juntadeandalucia.es\/ceprjosenogales\/files\/2018\/05\/layout_set_logo-1.png 395w, https:\/\/blogsaverroes.juntadeandalucia.es\/ceprjosenogales\/files\/2018\/05\/layout_set_logo-1-300x90.png 300w, https:\/\/blogsaverroes.juntadeandalucia.es\/ceprjosenogales\/files\/2018\/05\/layout_set_logo-1-24x7.png 24w, https:\/\/blogsaverroes.juntadeandalucia.es\/ceprjosenogales\/files\/2018\/05\/layout_set_logo-1-36x11.png 36w, https:\/\/blogsaverroes.juntadeandalucia.es\/ceprjosenogales\/files\/2018\/05\/layout_set_logo-1-48x14.png 48w\" sizes=\"(max-width: 395px) 100vw, 395px\" \/><\/a><a href=\"https:\/\/www.calameo.com\/books\/00585775880221fe2604b\" target=\"_blank\" rel=\"noopener noreferrer\">PROCEDIMIENTO DE ADMISI\u00d3N DE ALUMNADO PARA EL CURSO 2020\/2021<\/a><\/p>\n<h3 style=\"text-align: justify\"><span style=\"color: #ff0000;background-color: #ffff00\">IMPORTANTE<\/span><\/h3>\n<h3 style=\"text-align: justify\">Los alumnos\/as ya matriculados en el Colegio no tienen que llevar a cabo el proceso de <strong>admisi\u00f3n<\/strong>. Tienen que esperar al proceso de <strong>matriculaci\u00f3n<\/strong> (en su momento se publicaran las fechas para este proceso). Las solicitudes presentadas al proceso de admisi\u00f3n no tienen validez y son anuladas.<\/h3>\n<h3 style=\"text-align: justify\">Impresos<\/h3>\n<h4>&nbsp;Impresos rellenables de admisi\u00f3n <span style=\"background-color: #33cccc\">(1 a 31 de marzo)<\/span><\/h4>\n<ul style=\"list-style-type: disc\">\n<li><a id=\"yui_patched_v3_11_0_1_1488715585572_510\" title=\"Pulse para visualizar el documento\" href=\"http:\/\/www.juntadeandalucia.es\/educacion\/portals\/delegate\/content\/7e1d7b27-eaa4-42e7-bfa3-ac436db80ed6\/ANEXO%20III\" target=\"_blank\" rel=\"noopener noreferrer\">Anexo III: Solicitud de admisi\u00f3n en segundo ciclo de Educaci\u00f3n Infantil, Educaci\u00f3n Primaria, Educaci\u00f3n Especial, E.S.O. y Bachillerato (v\u00e1lido del 1 al 31 de Marzo de 2017).<\/a><\/li>\n<li><a id=\"yui_patched_v3_11_0_1_1488715585572_563\" title=\"Pulse para visualizar el documento\" href=\"http:\/\/www.juntadeandalucia.es\/educacion\/portals\/delegate\/content\/dcec9582-b20c-494b-bfbd-2886c7b8be94\/ANEXO%20IX\" target=\"_blank\" rel=\"noopener noreferrer\">Anexo IX: Solicitud Procedimiento Extraordinario de Admisi\u00f3n<\/a><\/li>\n<\/ul>\n<h4>Impresos rellenables de matriculaci\u00f3n <span style=\"background-color: #33cccc\">(1 a 8 de junio)<\/span><\/h4>\n<ul>\n<li><a href=\"http:\/\/portals.ced.junta-andalucia.es\/educacion\/portals\/delegate\/content\/55fad88e-7bb3-40e3-bbe4-198107487345\/ANEXO%20V\" target=\"_blank\" rel=\"noopener noreferrer\">Impreso de matriculaci\u00f3n<\/a><\/li>\n<li><a href=\"https:\/\/portals.ced.junta-andalucia.es\/educacion\/portals\/delegate\/content\/12c1f402-4ea8-4a01-a921-5baa061cc442\/ANEXO%20-%20RELIGI%C3%93N\" target=\"_blank\" rel=\"noopener noreferrer\">Solicitud para cursar la ense\u00f1anza de Religi\u00f3n<\/a><\/li>\n<\/ul>\n<h3 class=\"portlet-title\"><span class=\"portlet-title-text\">Presentaci\u00f3n telem\u00e1tica de la solicitud<\/span><\/h3>\n<p style=\"text-align: justify\">La solicitud de admisi\u00f3n podr\u00e1 realizarse a trav\u00e9s de la <strong>Secretar\u00eda Virtual<\/strong>&nbsp;de conformidad con lo establecido en el <strong>art\u00edculo 49 del Decreto 40\/2011, de 22 de febrero.<\/strong><\/p>\n<p style=\"text-align: justify\">Para realizar la presentaci\u00f3n telem\u00e1tica se requiere un certificado digital reconocido para cada uno de los miembros de la unidad familiar que deban firmar la solicitud.<\/p>\n<p style=\"text-align: justify\">La persona que tramita la solicitud no podr\u00e1 realizar la presentaci\u00f3n telem\u00e1tica de la misma y obtener el correspondiente recibo electr\u00f3nico, hasta&nbsp;que todos los miembros de la unidad familiar que deban firmar alguna autorizaci\u00f3n,&nbsp;la hayan firmado electr\u00f3nicamente.<\/p>\n<p style=\"text-align: justify\"><a href=\"http:\/\/blogsaverroes.juntadeandalucia.es\/ceprjosenogales\/files\/2015\/03\/icon_link.png\"><img loading=\"lazy\" decoding=\"async\" class=\"alignnone size-full wp-image-2661\" src=\"https:\/\/blogsaverroes.juntadeandalucia.es\/ceprjosenogales\/files\/2015\/03\/icon_link.png\" alt=\"\" width=\"20\" height=\"20\"><\/a><a id=\"yui_patched_v3_11_0_1_1488715585572_588\" class=\"ico_enlaceExt\" title=\"Se abre en una nueva ventana\" href=\"https:\/\/www.juntadeandalucia.es\/educacion\/secretariavirtual\/accesoTramite\/439\/\" target=\"_blank\" rel=\"noopener noreferrer\">Acceso a la Secretar\u00eda Virtual<\/a><\/p>\n<h3>Para m\u00e1s informaci\u00f3n<\/h3>\n<ul>\n<li><a href=\"http:\/\/www.juntadeandalucia.es\/educacion\/portals\/abaco-portlet\/content\/22b5d068-da7c-41fe-9a1a-3eae4596eb68\" target=\"_blank\" rel=\"noopener noreferrer\">Documento informativo.<\/a><\/li>\n<li><a title=\"Portal escolarizaci\u00f3n\" href=\"http:\/\/www.juntadeandalucia.es\/educacion\/webportal\/web\/portal-escolarizacion\/infantil-primaria-eso-bachillerato\" target=\"_blank\" rel=\"noopener noreferrer\">Enlace al portal de escolarizaci\u00f3n.<\/a><\/li>\n<li><a href=\"http:\/\/www.juntadeandalucia.es\/educacion\/portals\/web\/escolarizacion\/infantil-a-bachillerato\/normativa\" target=\"_blank\" rel=\"noopener noreferrer\">Normativa<\/a> sobre el proceso de escolarizaci\u00f3n.<\/li>\n<\/ul>\n","protected":false},"excerpt":{"rendered":"<p>PROCEDIMIENTO DE ADMISI\u00d3N DE ALUMNADO PARA EL CURSO 2020\/2021 IMPORTANTE Los alumnos\/as ya matriculados en el Colegio no tienen que llevar a cabo el proceso de admisi\u00f3n. Tienen que esperar al proceso de matriculaci\u00f3n&#46;&#46;&#46;<\/p>\n","protected":false},"author":1,"featured_media":0,"parent":0,"menu_order":0,"comment_status":"closed","ping_status":"open","template":"","meta":{"ngg_post_thumbnail":0,"footnotes":"","_mc_calendar":[]},"aioseo_notices":[],"_links":{"self":[{"href":"https:\/\/blogsaverroes.juntadeandalucia.es\/ceprjosenogales\/wp-json\/wp\/v2\/pages\/141"}],"collection":[{"href":"https:\/\/blogsaverroes.juntadeandalucia.es\/ceprjosenogales\/wp-json\/wp\/v2\/pages"}],"about":[{"href":"https:\/\/blogsaverroes.juntadeandalucia.es\/ceprjosenogales\/wp-json\/wp\/v2\/types\/page"}],"author":[{"embeddable":true,"href":"https:\/\/blogsaverroes.juntadeandalucia.es\/ceprjosenogales\/wp-json\/wp\/v2\/users\/1"}],"replies":[{"embeddable":true,"href":"https:\/\/blogsaverroes.juntadeandalucia.es\/ceprjosenogales\/wp-json\/wp\/v2\/comments?post=141"}],"version-history":[{"count":80,"href":"https:\/\/blogsaverroes.juntadeandalucia.es\/ceprjosenogales\/wp-json\/wp\/v2\/pages\/141\/revisions"}],"predecessor-version":[{"id":2734,"href":"https:\/\/blogsaverroes.juntadeandalucia.es\/ceprjosenogales\/wp-json\/wp\/v2\/pages\/141\/revisions\/2734"}],"wp:attachment":[{"href":"https:\/\/blogsaverroes.juntadeandalucia.es\/ceprjosenogales\/wp-json\/wp\/v2\/media?parent=141"}],"curies":[{"name":"wp","href":"https:\/\/api.w.org\/{rel}","templated":true}]}}