{"id":2860,"date":"2017-03-27T11:09:06","date_gmt":"2017-03-27T10:09:06","guid":{"rendered":"http:\/\/blogsaverroes.juntadeandalucia.es\/ceprjosenogales\/?page_id=2860"},"modified":"2017-03-27T11:45:51","modified_gmt":"2017-03-27T10:45:51","slug":"gratuidad-libros","status":"publish","type":"page","link":"https:\/\/blogsaverroes.juntadeandalucia.es\/ceprjosenogales\/gratuidad-libros\/","title":{"rendered":"Gratuidad libros de texto"},"content":{"rendered":"<h3 class=\"tituloCajaColor\">Beneficiarios:<\/h3>\n<p style=\"text-align: justify\"><a href=\"http:\/\/blogsaverroes.juntadeandalucia.es\/ceprjosenogales\/files\/2017\/03\/ico_libros.gif\"><img loading=\"lazy\" decoding=\"async\" class=\"size-full wp-image-2864 alignright\" src=\"http:\/\/blogsaverroes.juntadeandalucia.es\/ceprjosenogales\/files\/2017\/03\/ico_libros.gif\" alt=\"\" width=\"190\" height=\"190\"><\/a><\/p>\n<p style=\"text-align: justify\">El alumnado matriculado en los centros docentes de Andaluc\u00eda sostenidos con fondos p\u00fablicos en los cursos de la Educaci\u00f3n Primaria, de la Educaci\u00f3n Secundaria Obligatoria, y de la Formaci\u00f3n Profesional B\u00e1sica. Asimismo, ser\u00e1 beneficiario del Programa el alumnado con necesidades educativas especiales que est\u00e9 matriculado en los cursos del per\u00edodo de Formaci\u00f3n B\u00e1sica de car\u00e1cter obligatorio<\/p>\n<p>Los beneficiarios del programa est\u00e1n obligados a:<\/p>\n<ol>\n<li>Garantizar un uso adecuado y cuidadoso de los libros de texto.<\/li>\n<li style=\"text-align: justify\">Devolver los libros de texto al centro una vez terminado el curso, o en el momento de la baja en caso de traslado.<\/li>\n<li>Reponer aquellos libros extraviados o deteriorados malintencionadamente.<\/li>\n<\/ol>\n<p style=\"text-align: justify\">El representante legal del alumno o alumna que no desee participar en el programa de gratuidad en un determinado a\u00f1o acad\u00e9mico, lo comunicar\u00e1 en el centro docente en el momento de formalizar la inscripci\u00f3n.<\/p>\n<p>En el siguiente enlace se puede consultar el listado vigente de libros de texto:<\/p>\n<blockquote><p><a href=\"http:\/\/blogsaverroes.juntadeandalucia.es\/ceprjosenogales\/files\/2017\/03\/Relacion_de_libros_usados_en_cada_materia.pdf\" target=\"_blank\">Relaci\u00f3n de libros usados en cada materia<\/a><\/p><\/blockquote>\n<h3>Adquisici\u00f3n de libros de texto nuevos<\/h3>\n<p style=\"text-align: justify\">Cada a\u00f1o, la Consejer\u00eda de Educaci\u00f3n informar\u00e1 de los cursos escolares a los que les corresponde renovar los libros de texto. El proceso de adquisici\u00f3n de dichos libros acogi\u00e9ndose al programa de gratuidad habr\u00e1 de seguir los pasos siguientes:<\/p>\n<ol>\n<li style=\"text-align: justify\">Durante el mes de junio los centros docentes sostenidos con fondos p\u00fablicos seleccionan y aprueban la relaci\u00f3n de libros y materiales curriculares que se utilizar\u00e1n a partir del curso siguiente.<\/li>\n<li style=\"text-align: justify\">A principios de septiembre, las familias de los alumnos y alumnas que ese a\u00f1o deban adquirir libros de texto nuevos recibir\u00e1n un cheque-libro. Dicho cheque s\u00f3lo podr\u00e1 emplearse para comprar los libros de texto designados como tales por el centro docente. El resto de materiales complementarios y fungibles que, por su naturaleza, no puedan ser reutilizados, deber\u00e1n ser adquiridos por las familias.<\/li>\n<li style=\"text-align: justify\">Las familias podr\u00e1n adquirir los libros de texto en cualquier establecimiento de su elecci\u00f3n, canje\u00e1ndolos por el cheque-libro debidamente cumplimentado.<\/li>\n<li style=\"text-align: justify\">Las librer\u00edas o establecimientos comerciales remitir\u00e1n a los centros escolares las correspondientes facturas para su abono, antes del 30 de noviembre de cada a\u00f1o.<\/li>\n<\/ol>\n<h3>M\u00e1s informaci\u00f3n<\/h3>\n<ul class=\"enlaces\">\n<li><a href=\"http:\/\/portals.ced.junta-andalucia.es\/educacion\/portals\/abaco-portlet\/content\/1969de9f-ac37-43fe-829a-026cd383f90f\" target=\"_blank\">Instrucciones para el Programa de Gratuidad de Libros, curso 2016\/2017<\/a><\/li>\n<li><a href=\"http:\/\/www.juntadeandalucia.es\/educacion\/portals\/web\/ced\/normativa\/-\/categorias\/categoria\/ARu07eHk9hfI\/libros-de-texto-y-material-curricular-1\" target=\"_blank\">Normativa sobre Libros de Texto y Material Curricular<\/a><\/li>\n<\/ul>\n","protected":false},"excerpt":{"rendered":"<p>Beneficiarios: El alumnado matriculado en los centros docentes de Andaluc\u00eda sostenidos con fondos p\u00fablicos en los cursos de la Educaci\u00f3n Primaria, de la Educaci\u00f3n Secundaria Obligatoria, y de la Formaci\u00f3n Profesional B\u00e1sica. Asimismo, ser\u00e1&#46;&#46;&#46;<\/p>\n","protected":false},"author":2158,"featured_media":0,"parent":0,"menu_order":0,"comment_status":"closed","ping_status":"closed","template":"","meta":{"ngg_post_thumbnail":0,"footnotes":"","_mc_calendar":[]},"aioseo_notices":[],"_links":{"self":[{"href":"https:\/\/blogsaverroes.juntadeandalucia.es\/ceprjosenogales\/wp-json\/wp\/v2\/pages\/2860"}],"collection":[{"href":"https:\/\/blogsaverroes.juntadeandalucia.es\/ceprjosenogales\/wp-json\/wp\/v2\/pages"}],"about":[{"href":"https:\/\/blogsaverroes.juntadeandalucia.es\/ceprjosenogales\/wp-json\/wp\/v2\/types\/page"}],"author":[{"embeddable":true,"href":"https:\/\/blogsaverroes.juntadeandalucia.es\/ceprjosenogales\/wp-json\/wp\/v2\/users\/2158"}],"replies":[{"embeddable":true,"href":"https:\/\/blogsaverroes.juntadeandalucia.es\/ceprjosenogales\/wp-json\/wp\/v2\/comments?post=2860"}],"version-history":[{"count":7,"href":"https:\/\/blogsaverroes.juntadeandalucia.es\/ceprjosenogales\/wp-json\/wp\/v2\/pages\/2860\/revisions"}],"predecessor-version":[{"id":2870,"href":"https:\/\/blogsaverroes.juntadeandalucia.es\/ceprjosenogales\/wp-json\/wp\/v2\/pages\/2860\/revisions\/2870"}],"wp:attachment":[{"href":"https:\/\/blogsaverroes.juntadeandalucia.es\/ceprjosenogales\/wp-json\/wp\/v2\/media?parent=2860"}],"curies":[{"name":"wp","href":"https:\/\/api.w.org\/{rel}","templated":true}]}}