{"id":2980,"date":"2018-06-12T19:33:18","date_gmt":"2018-06-12T18:33:18","guid":{"rendered":"https:\/\/blogsaverroes.juntadeandalucia.es\/ceprjosenogales\/?page_id=2980"},"modified":"2019-12-20T11:29:24","modified_gmt":"2019-12-20T10:29:24","slug":"p-l-c","status":"publish","type":"page","link":"https:\/\/blogsaverroes.juntadeandalucia.es\/ceprjosenogales\/p-l-c\/","title":{"rendered":"P.L.C."},"content":{"rendered":"<h2 style=\"text-align: center\">PLAN DE ACTUACI\u00d3N DEL PLC<\/h2>\n<p><img loading=\"lazy\" decoding=\"async\" class=\"wp-image-2989 aligncenter\" src=\"https:\/\/blogsaverroes.juntadeandalucia.es\/ceprjosenogales\/files\/2018\/10\/plc.png\" alt=\"\" width=\"285\" height=\"114\" srcset=\"https:\/\/blogsaverroes.juntadeandalucia.es\/ceprjosenogales\/files\/2018\/10\/plc.png 608w, https:\/\/blogsaverroes.juntadeandalucia.es\/ceprjosenogales\/files\/2018\/10\/plc-300x120.png 300w, https:\/\/blogsaverroes.juntadeandalucia.es\/ceprjosenogales\/files\/2018\/10\/plc-24x10.png 24w, https:\/\/blogsaverroes.juntadeandalucia.es\/ceprjosenogales\/files\/2018\/10\/plc-36x14.png 36w, https:\/\/blogsaverroes.juntadeandalucia.es\/ceprjosenogales\/files\/2018\/10\/plc-48x19.png 48w\" sizes=\"(max-width: 285px) 100vw, 285px\" \/><\/p>\n<p>&nbsp;<\/p>\n<h4 style=\"text-align: justify\">El <span style=\"color: #0b1940\"><strong><em>Proyecto Ling\u00fc\u00edsitico de Centro (PLC) <\/em><\/strong><\/span>tiene como objetivo fundamental el impulsar, en nuestro centro educativo, la mejora de la competencia en comunicaci\u00f3n ling\u00fc\u00edstica, en base a establecer de manera consensuada y asumida por todos, una metodolog\u00eda, estrategias y materiales b\u00e1sicos de referencia, adaptados a nuestro contexto.<em><br \/>\n<\/em><\/h4>\n<h4 style=\"text-align: justify\">Constituye un proyecto ambicioso que debe irse elaborando e implementando de manera progresiva a lo largo de tres cursos acad\u00e9micos, de ah\u00ed su car\u00e1cter plurianual.<\/h4>\n<h4 style=\"text-align: justify\">El PLC implica a todo el profesorado de las distintas \u00e1reas y materias, as\u00ed como a toda la Comunidad Educativa, liderados por el Equipo Directivo y la persona coordinadora del PLC.<\/h4>\n<p>&nbsp;<\/p>\n<h3><a href=\"https:\/\/blogsaverroes.juntadeandalucia.es\/ceprjosenogales\/files\/2018\/06\/Plan-actuacion-18-19.pdf\" target=\"_blank\" rel=\"noopener noreferrer\">\u2022 Plan de actuaci\u00f3n del PLC <\/a><a href=\"https:\/\/blogsaverroes.juntadeandalucia.es\/ceprjosenogales\/files\/2019\/12\/plc19-20.pdf\" target=\"_blank\" rel=\"noopener noreferrer\">2019-2020<\/a><\/h3>\n<h3><a href=\"https:\/\/blogsaverroes.juntadeandalucia.es\/ceprjosenogales\/files\/2018\/06\/Plan-actuacion-18-19.pdf\" target=\"_blank\" rel=\"noopener noreferrer\">\u2022 Plan de actuaci\u00f3n del PLC 2018-2019<\/a><\/h3>\n<h3><a href=\"https:\/\/blogsaverroes.juntadeandalucia.es\/ceprjosenogales\/files\/2018\/10\/Plan-actuacion-17-18.pdf\" target=\"_blank\" rel=\"noopener noreferrer\">\u2022 Plan de actuaci\u00f3n del PLC 2017-2018<\/a><\/h3>\n<h3><a href=\"https:\/\/blogsaverroes.juntadeandalucia.es\/ceprjosenogales\/files\/2018\/10\/PI-JN-.pdf\" target=\"_blank\" rel=\"noopener noreferrer\">\u2022 Proyecto inicial del PLC<\/a><\/h3>\n<hr>\n<p>&nbsp;<\/p>\n","protected":false},"excerpt":{"rendered":"<p>PLAN DE ACTUACI\u00d3N DEL PLC &nbsp; El Proyecto Ling\u00fc\u00edsitico de Centro (PLC) tiene como objetivo fundamental el impulsar, en nuestro centro educativo, la mejora de la competencia en comunicaci\u00f3n ling\u00fc\u00edstica, en base a establecer&#46;&#46;&#46;<\/p>\n","protected":false},"author":2158,"featured_media":0,"parent":0,"menu_order":0,"comment_status":"closed","ping_status":"closed","template":"","meta":{"ngg_post_thumbnail":0,"footnotes":"","_mc_calendar":[]},"aioseo_notices":[],"_links":{"self":[{"href":"https:\/\/blogsaverroes.juntadeandalucia.es\/ceprjosenogales\/wp-json\/wp\/v2\/pages\/2980"}],"collection":[{"href":"https:\/\/blogsaverroes.juntadeandalucia.es\/ceprjosenogales\/wp-json\/wp\/v2\/pages"}],"about":[{"href":"https:\/\/blogsaverroes.juntadeandalucia.es\/ceprjosenogales\/wp-json\/wp\/v2\/types\/page"}],"author":[{"embeddable":true,"href":"https:\/\/blogsaverroes.juntadeandalucia.es\/ceprjosenogales\/wp-json\/wp\/v2\/users\/2158"}],"replies":[{"embeddable":true,"href":"https:\/\/blogsaverroes.juntadeandalucia.es\/ceprjosenogales\/wp-json\/wp\/v2\/comments?post=2980"}],"version-history":[{"count":17,"href":"https:\/\/blogsaverroes.juntadeandalucia.es\/ceprjosenogales\/wp-json\/wp\/v2\/pages\/2980\/revisions"}],"predecessor-version":[{"id":3468,"href":"https:\/\/blogsaverroes.juntadeandalucia.es\/ceprjosenogales\/wp-json\/wp\/v2\/pages\/2980\/revisions\/3468"}],"wp:attachment":[{"href":"https:\/\/blogsaverroes.juntadeandalucia.es\/ceprjosenogales\/wp-json\/wp\/v2\/media?parent=2980"}],"curies":[{"name":"wp","href":"https:\/\/api.w.org\/{rel}","templated":true}]}}