{"id":3289,"date":"2019-03-15T09:51:31","date_gmt":"2019-03-15T08:51:31","guid":{"rendered":"https:\/\/blogsaverroes.juntadeandalucia.es\/ceprjosenogales\/?page_id=3289"},"modified":"2019-03-15T09:53:02","modified_gmt":"2019-03-15T08:53:02","slug":"programa-de-enriquecimiento-curricular","status":"publish","type":"page","link":"https:\/\/blogsaverroes.juntadeandalucia.es\/ceprjosenogales\/programa-de-enriquecimiento-curricular\/","title":{"rendered":"Programa de Enriquecimiento Curricular"},"content":{"rendered":"<p><a href=\"http:\/\/portal.ced.junta-andalucia.es\/educacion\/webportal\/web\/planes-y-programas\/profundiza\" target=\"_blank\" rel=\"noopener\"><img loading=\"lazy\" decoding=\"async\" class=\"alignnone size-full wp-image-3285 aligncenter\" src=\"https:\/\/blogsaverroes.juntadeandalucia.es\/ceprjosenogales\/files\/2019\/03\/profundiza.png\" alt=\"\" width=\"254\" height=\"96\" srcset=\"https:\/\/blogsaverroes.juntadeandalucia.es\/ceprjosenogales\/files\/2019\/03\/profundiza.png 254w, https:\/\/blogsaverroes.juntadeandalucia.es\/ceprjosenogales\/files\/2019\/03\/profundiza-24x9.png 24w, https:\/\/blogsaverroes.juntadeandalucia.es\/ceprjosenogales\/files\/2019\/03\/profundiza-36x14.png 36w, https:\/\/blogsaverroes.juntadeandalucia.es\/ceprjosenogales\/files\/2019\/03\/profundiza-48x18.png 48w\" sizes=\"(max-width: 254px) 100vw, 254px\" \/><\/a><strong>ANDALUC\u00cdA PROFUNDIZA<\/strong> es un programa para la profundizaci\u00f3n de conocimientos en Educaci\u00f3n Primaria (2\u00ba y 3\u00ba ciclos) y Educaci\u00f3n Secundaria Obligatoria.<\/p>\n<p style=\"text-align: justify\">A trav\u00e9s de este programa los estudiantes podr\u00e1n participar, desde febrero hasta mayo, en proyectos de investigaci\u00f3n en los centros educativos en horario extraescolar que, tomando como centro de inter\u00e9s elementos del propio curr\u00edculo, les permitir\u00e1n abordar el conocimiento desde otras perspectivas y desarrollar de manera activa las competencias b\u00e1sicas.<\/p>\n<ul style=\"list-style-type: square\">\n<li><a href=\"https:\/\/blogsaverroes.juntadeandalucia.es\/ceprjosenogales\/files\/2019\/03\/PEC.pdf\" target=\"_blank\" rel=\"noopener\">PEC. ENRIQU\u00c9CETE, EN EL NOGALES<\/a><\/li>\n<li><a href=\"https:\/\/blogsaverroes.juntadeandalucia.es\/ceprjosenogales\/files\/2019\/03\/PROFUNDIZA1.pdf\" target=\"_blank\" rel=\"noopener\">PROFUNDIZA1. APRENDER, JUGANDO EN BICICLETA.<\/a><\/li>\n<li><a href=\"https:\/\/blogsaverroes.juntadeandalucia.es\/ceprjosenogales\/files\/2019\/03\/PROFUNDIZA-2.pdf\" target=\"_blank\" rel=\"noopener\">PROFUNDIZA 2. CLUB DE LECTURA INFANTIL.<\/a><\/li>\n<\/ul>\n","protected":false},"excerpt":{"rendered":"<p>ANDALUC\u00cdA PROFUNDIZA es un programa para la profundizaci\u00f3n de conocimientos en Educaci\u00f3n Primaria (2\u00ba y 3\u00ba ciclos) y Educaci\u00f3n Secundaria Obligatoria. A trav\u00e9s de este programa los estudiantes podr\u00e1n participar, desde febrero hasta mayo,&#46;&#46;&#46;<\/p>\n","protected":false},"author":2158,"featured_media":0,"parent":0,"menu_order":0,"comment_status":"closed","ping_status":"closed","template":"","meta":{"ngg_post_thumbnail":0,"footnotes":"","_mc_calendar":[]},"aioseo_notices":[],"_links":{"self":[{"href":"https:\/\/blogsaverroes.juntadeandalucia.es\/ceprjosenogales\/wp-json\/wp\/v2\/pages\/3289"}],"collection":[{"href":"https:\/\/blogsaverroes.juntadeandalucia.es\/ceprjosenogales\/wp-json\/wp\/v2\/pages"}],"about":[{"href":"https:\/\/blogsaverroes.juntadeandalucia.es\/ceprjosenogales\/wp-json\/wp\/v2\/types\/page"}],"author":[{"embeddable":true,"href":"https:\/\/blogsaverroes.juntadeandalucia.es\/ceprjosenogales\/wp-json\/wp\/v2\/users\/2158"}],"replies":[{"embeddable":true,"href":"https:\/\/blogsaverroes.juntadeandalucia.es\/ceprjosenogales\/wp-json\/wp\/v2\/comments?post=3289"}],"version-history":[{"count":7,"href":"https:\/\/blogsaverroes.juntadeandalucia.es\/ceprjosenogales\/wp-json\/wp\/v2\/pages\/3289\/revisions"}],"predecessor-version":[{"id":3296,"href":"https:\/\/blogsaverroes.juntadeandalucia.es\/ceprjosenogales\/wp-json\/wp\/v2\/pages\/3289\/revisions\/3296"}],"wp:attachment":[{"href":"https:\/\/blogsaverroes.juntadeandalucia.es\/ceprjosenogales\/wp-json\/wp\/v2\/media?parent=3289"}],"curies":[{"name":"wp","href":"https:\/\/api.w.org\/{rel}","templated":true}]}}