{"id":3494,"date":"2020-05-12T11:23:31","date_gmt":"2020-05-12T10:23:31","guid":{"rendered":"https:\/\/blogsaverroes.juntadeandalucia.es\/ceprjosenogales\/?page_id=3494"},"modified":"2020-05-12T13:54:18","modified_gmt":"2020-05-12T12:54:18","slug":"secretaria-virtual","status":"publish","type":"page","link":"https:\/\/blogsaverroes.juntadeandalucia.es\/ceprjosenogales\/secretaria-virtual\/","title":{"rendered":"Presentaci\u00f3n documentaci\u00f3n"},"content":{"rendered":"<div class=\"panel-heading\">\n<h2 style=\"text-align: left\"><img loading=\"lazy\" decoding=\"async\" class=\"alignnone wp-image-3536\" src=\"https:\/\/blogsaverroes.juntadeandalucia.es\/ceprjosenogales\/files\/2020\/05\/logo_secretaria_virtual.png\" alt=\"\" width=\"295\" height=\"67\" srcset=\"https:\/\/blogsaverroes.juntadeandalucia.es\/ceprjosenogales\/files\/2020\/05\/logo_secretaria_virtual.png 833w, https:\/\/blogsaverroes.juntadeandalucia.es\/ceprjosenogales\/files\/2020\/05\/logo_secretaria_virtual-300x68.png 300w, https:\/\/blogsaverroes.juntadeandalucia.es\/ceprjosenogales\/files\/2020\/05\/logo_secretaria_virtual-768x174.png 768w, https:\/\/blogsaverroes.juntadeandalucia.es\/ceprjosenogales\/files\/2020\/05\/logo_secretaria_virtual-700x159.png 700w, https:\/\/blogsaverroes.juntadeandalucia.es\/ceprjosenogales\/files\/2020\/05\/logo_secretaria_virtual-24x5.png 24w, https:\/\/blogsaverroes.juntadeandalucia.es\/ceprjosenogales\/files\/2020\/05\/logo_secretaria_virtual-36x8.png 36w, https:\/\/blogsaverroes.juntadeandalucia.es\/ceprjosenogales\/files\/2020\/05\/logo_secretaria_virtual-48x11.png 48w\" sizes=\"(max-width: 295px) 100vw, 295px\" \/> &nbsp;&nbsp;&nbsp;&nbsp;&nbsp;&nbsp;&nbsp;&nbsp;&nbsp;&nbsp;&nbsp;&nbsp;&nbsp;&nbsp;&nbsp;&nbsp;&nbsp;&nbsp;&nbsp;&nbsp;&nbsp;&nbsp;&nbsp;&nbsp;&nbsp;&nbsp;&nbsp;&nbsp;&nbsp;&nbsp;&nbsp;&nbsp;&nbsp;&nbsp;&nbsp; <img loading=\"lazy\" decoding=\"async\" class=\"alignnone wp-image-3535\" src=\"https:\/\/blogsaverroes.juntadeandalucia.es\/ceprjosenogales\/files\/2020\/05\/computer-files-ediscovery.jpg\" alt=\"\" width=\"80\" height=\"74\" srcset=\"https:\/\/blogsaverroes.juntadeandalucia.es\/ceprjosenogales\/files\/2020\/05\/computer-files-ediscovery.jpg 335w, https:\/\/blogsaverroes.juntadeandalucia.es\/ceprjosenogales\/files\/2020\/05\/computer-files-ediscovery-300x278.jpg 300w, https:\/\/blogsaverroes.juntadeandalucia.es\/ceprjosenogales\/files\/2020\/05\/computer-files-ediscovery-24x22.jpg 24w, https:\/\/blogsaverroes.juntadeandalucia.es\/ceprjosenogales\/files\/2020\/05\/computer-files-ediscovery-36x33.jpg 36w, https:\/\/blogsaverroes.juntadeandalucia.es\/ceprjosenogales\/files\/2020\/05\/computer-files-ediscovery-48x44.jpg 48w\" sizes=\"(max-width: 80px) 100vw, 80px\" \/><\/h2>\n<h2 class=\"panel-title\" style=\"text-align: center\"><strong>Acceso a Presentaci\u00f3n Electr\u00f3nica General en Centros Educativos.<\/strong><\/h2>\n<h3 style=\"text-align: center\">&nbsp;<span style=\"color: #993366\"><strong>IMPORTANTE:<\/strong><\/span><\/h3>\n<h4>Este formulario <strong><span style=\"color: #993366\">NO<\/span><\/strong><b> es para presentar solicitudes del <\/b><span style=\"color: #993366\"><strong>procedimiento de admisi\u00f3n y matr\u00edcula en los centros educativos.<\/strong><\/span><\/h4>\n<h4>Si desea presentar la solicitud de admisi\u00f3n puede realizarlo en el siguiente enlace: <a href=\"https:\/\/www.juntadeandalucia.es\/educacion\/secretariavirtual\/accesoTramite\/439\/\" target=\"_blank\" rel=\"noopener noreferrer\"><u>Admisi\u00f3n R\u00e9gimen General<\/u> <i class=\"fa fa-external-link\" aria-hidden=\"true\"><\/i><\/a>.<\/h4>\n<h3 style=\"text-align: center\">Podr\u00e1 presentar cualquier solicitud sin necesidad de desplazarse al<\/h3>\n<h3 style=\"text-align: center\">Centro. Para ello debe identificarse de alguna de las siguientes formas.<\/h3>\n<\/div>\n<div class=\"panel-heading\">\n<p>&nbsp;<\/p>\n<table style=\"width: 614.633px;height: 834px\">\n<tbody>\n<tr style=\"height: 62px\">\n<td style=\"width: 128px;height: 62px\"><img loading=\"lazy\" decoding=\"async\" class=\"alignleft\" src=\"https:\/\/www.juntadeandalucia.es\/educacion\/secretariavirtual\/images\/acceso\/2.svg\" alt=\"Acceso Certificado Digital\" width=\"100\" height=\"70\"><\/td>\n<td style=\"width: 210px;height: 62px\"><a href=\"https:\/\/www.juntadeandalucia.es\/educacion\/secretariavirtual\/acceso\/2\/462\/\" target=\"_blank\" rel=\"noopener noreferrer\"><b>Certificado Digital<\/b><\/a><\/td>\n<td style=\"width: 296px;height: 62px;text-align: justify\">Para ello necesitar\u00e1 tener instalado en el navegador su certificado digital personal. Si no dispone de certificado digital, puede consultar c\u00f3mo obtenerlo en la web de la <a href=\"https:\/\/www.cert.fnmt.es\/certificados\">FNMT<\/a>.<\/td>\n<td style=\"width: 10px;height: 62px\">&nbsp;<\/td>\n<\/tr>\n<tr style=\"height: 41px\">\n<td style=\"width: 128px;height: 41px\"><img loading=\"lazy\" decoding=\"async\" src=\"https:\/\/www.juntadeandalucia.es\/educacion\/secretariavirtual\/images\/acceso\/32.svg\" alt=\"Acceso Autenticaci\u00f3n - Idea (S\u00e9neca)\" width=\"100\" height=\"70\"><\/td>\n<td style=\"width: 210px;height: 41px\">\n<div class=\"col-md-2 col-middle\">\n<p class=\"mobile-center \"><a href=\"https:\/\/www.juntadeandalucia.es\/educacion\/secretariavirtual\/acceso\/32\/462\/\" target=\"_blank\" rel=\"noopener noreferrer\"><b>Autenticaci\u00f3n &#8211; Idea (S\u00e9neca)<\/b><\/a><\/p>\n<\/div>\n<\/td>\n<td style=\"width: 296px;height: 41px;text-align: justify\">Podr\u00e1 presentar la solicitud sin necesidad de desplazarse al centro educativo, sin necesidad de tener instalado su certificado digital.<\/td>\n<td style=\"width: 10px;height: 41px\">&nbsp;<\/td>\n<\/tr>\n<tr style=\"height: 98.85px\">\n<td style=\"width: 128px;height: 98.85px\"><img loading=\"lazy\" decoding=\"async\" src=\"https:\/\/www.juntadeandalucia.es\/educacion\/secretariavirtual\/images\/acceso\/64.svg\" alt=\"Acceso Autenticaci\u00f3n - Cl@ve\" width=\"100\" height=\"70\"><\/td>\n<td style=\"width: 210px;height: 98.85px\">\n<div class=\"col-md-2 col-middle\">\n<p class=\"mobile-center \"><a href=\"https:\/\/www.juntadeandalucia.es\/educacion\/secretariavirtual\/acceso\/64\/462\/\" target=\"_blank\" rel=\"noopener noreferrer\"><b>Autenticaci\u00f3n &#8211; Cl@ve<\/b><\/a><\/p>\n<\/div>\n<\/td>\n<td style=\"width: 296px;height: 98.85px\">\n<div class=\"col-md-6 col-middle\">\n<p class=\"italic text-justify\" style=\"text-align: justify\">Podr\u00e1 presentar la solicitud sin necesidad de desplazarse al centro educativo, sin necesidad de tener instalado su certificado digital.<\/p>\n<\/div>\n<\/td>\n<td style=\"width: 10px;height: 98.85px\">&nbsp;<\/td>\n<\/tr>\n<\/tbody>\n<\/table>\n<\/div>\n","protected":false},"excerpt":{"rendered":"<p>&nbsp;&nbsp;&nbsp;&nbsp;&nbsp;&nbsp;&nbsp;&nbsp;&nbsp;&nbsp;&nbsp;&nbsp;&nbsp;&nbsp;&nbsp;&nbsp;&nbsp;&nbsp;&nbsp;&nbsp;&nbsp;&nbsp;&nbsp;&nbsp;&nbsp;&nbsp;&nbsp;&nbsp;&nbsp;&nbsp;&nbsp;&nbsp;&nbsp;&nbsp;&nbsp; Acceso a Presentaci\u00f3n Electr\u00f3nica General en Centros Educativos. &nbsp;IMPORTANTE: Este formulario NO es para presentar solicitudes del procedimiento de admisi\u00f3n y matr\u00edcula en los centros educativos. Si desea presentar la solicitud de admisi\u00f3n&#46;&#46;&#46;<\/p>\n","protected":false},"author":2158,"featured_media":0,"parent":0,"menu_order":0,"comment_status":"closed","ping_status":"closed","template":"","meta":{"ngg_post_thumbnail":0,"footnotes":"","_mc_calendar":[]},"aioseo_notices":[],"_links":{"self":[{"href":"https:\/\/blogsaverroes.juntadeandalucia.es\/ceprjosenogales\/wp-json\/wp\/v2\/pages\/3494"}],"collection":[{"href":"https:\/\/blogsaverroes.juntadeandalucia.es\/ceprjosenogales\/wp-json\/wp\/v2\/pages"}],"about":[{"href":"https:\/\/blogsaverroes.juntadeandalucia.es\/ceprjosenogales\/wp-json\/wp\/v2\/types\/page"}],"author":[{"embeddable":true,"href":"https:\/\/blogsaverroes.juntadeandalucia.es\/ceprjosenogales\/wp-json\/wp\/v2\/users\/2158"}],"replies":[{"embeddable":true,"href":"https:\/\/blogsaverroes.juntadeandalucia.es\/ceprjosenogales\/wp-json\/wp\/v2\/comments?post=3494"}],"version-history":[{"count":23,"href":"https:\/\/blogsaverroes.juntadeandalucia.es\/ceprjosenogales\/wp-json\/wp\/v2\/pages\/3494\/revisions"}],"predecessor-version":[{"id":3537,"href":"https:\/\/blogsaverroes.juntadeandalucia.es\/ceprjosenogales\/wp-json\/wp\/v2\/pages\/3494\/revisions\/3537"}],"wp:attachment":[{"href":"https:\/\/blogsaverroes.juntadeandalucia.es\/ceprjosenogales\/wp-json\/wp\/v2\/media?parent=3494"}],"curies":[{"name":"wp","href":"https:\/\/api.w.org\/{rel}","templated":true}]}}