{"id":3538,"date":"2020-05-12T17:51:35","date_gmt":"2020-05-12T16:51:35","guid":{"rendered":"https:\/\/blogsaverroes.juntadeandalucia.es\/ceprjosenogales\/?page_id=3538"},"modified":"2020-05-12T18:57:35","modified_gmt":"2020-05-12T17:57:35","slug":"ipasen","status":"publish","type":"page","link":"https:\/\/blogsaverroes.juntadeandalucia.es\/ceprjosenogales\/ipasen\/","title":{"rendered":"iPasen"},"content":{"rendered":"<h3><strong><img loading=\"lazy\" decoding=\"async\" class=\"wp-image-3539 alignright\" src=\"https:\/\/blogsaverroes.juntadeandalucia.es\/ceprjosenogales\/files\/2020\/05\/ipasen.png\" alt=\"\" width=\"104\" height=\"104\">iPasen<\/strong> es la versi\u00f3n para m\u00f3viles y tabletas de PASEN.<\/h3>\n<p>PASEN es el m\u00f3dulo de S\u00e9neca que permite la comunicaci\u00f3n entre los centros educativos y las familias, tutores legales y alumnado, ofreciendo una serie de funcionalidades:<\/p>\n<p>&#8211; Acceso con el mismo usuario\/contrase\u00f1a que a la aplicaci\u00f3n web PASEN.<br \/>\n&#8211; Cambio de contrase\u00f1a y acceso a &#8216;Mis datos&#8217; con toda la informaci\u00f3n de usuario relevante para el sistema.<br \/>\n&#8211; Acceso a la Mensajer\u00eda interna.<br \/>\n&#8211; Acceso a la Agenda personal.<br \/>\n&#8211; Consultas de los datos del centro educativo.<br \/>\n&#8211; Consulta del Calendario escolar oficial.<br \/>\n&#8211; Consulta del Tabl\u00f3n de anuncios.<br \/>\n&#8211; Consulta del Horario escolar de sus hijos.<br \/>\n&#8211; Consulta, justificaci\u00f3n y comunicaci\u00f3n de ausencias de sus hijos.<br \/>\n&#8211; Consulta de las Calificaciones en cualquier materia.<br \/>\n&#8211; Consulta de las actividades evaluables, tareas, controles, etc, creados en los Cuadernos de clase del profesorado.<br \/>\n&#8211; Consulta de las Observaciones que se hayan introducido por parte del profesorado sobre la marcha de sus hijos.<br \/>\n&#8211; Recepci\u00f3n de Notificaciones enviadas desde S\u00e9neca por ausencias de sus hijos o cualquier otro tipo de mensaje.<br \/>\n&#8211; Subida de la foto del alumnado a su ficha.<\/p>\n<h3>Nuevo procedimiento de \u00ab<strong>autologin<\/strong>\u00bb en iPASEN (videotutoriales al final de la p\u00e1gina)<\/h3>\n<div style=\"text-align: justify\">Est\u00e1 disponible un nuevo procedimiento de \u00abautologin\u00bb para usuarios con perfiles tutor\/a legal y alumnado (tanto emancipado como no), mediante el cual cualquier padre\/madre o alumno\/a podr\u00e1 realizar un proceso de \u00abautologin\u00bb para obtener las credenciales de acceso a PASEN.<br \/>\nPara realizar el \u00abautologin\u00bb a trav\u00e9s de la aplicaci\u00f3n web o de la app iPasen, las familias deber\u00e1n pinchar en el <strong>enlace &#8216;No tengo acceso&#8217; de la pantalla de login<\/strong>.<strong> Se requerir\u00e1n tres datos:<\/strong> El NIF, una fecha de nacimiento (de algunos de sus hijos\/as) y un n\u00famero de tel\u00e9fono m\u00f3vil donde recibir\u00e1 por SMS las credenciales. Este \u00faltimo deber\u00e1 coincidir con el que consta en S\u00e9neca para los tutores legales o para el alumnado.<\/div>\n<div>&nbsp;<\/div>\n<div>&nbsp;<\/div>\n<div>\n<table>\n<tbody>\n<tr>\n<td><img loading=\"lazy\" decoding=\"async\" class=\"wp-image-3553 alignnone\" src=\"https:\/\/blogsaverroes.juntadeandalucia.es\/ceprjosenogales\/files\/2020\/05\/autologin.png\" alt=\"\" width=\"172\" height=\"303\" srcset=\"https:\/\/blogsaverroes.juntadeandalucia.es\/ceprjosenogales\/files\/2020\/05\/autologin.png 231w, https:\/\/blogsaverroes.juntadeandalucia.es\/ceprjosenogales\/files\/2020\/05\/autologin-170x300.png 170w, https:\/\/blogsaverroes.juntadeandalucia.es\/ceprjosenogales\/files\/2020\/05\/autologin-14x24.png 14w, https:\/\/blogsaverroes.juntadeandalucia.es\/ceprjosenogales\/files\/2020\/05\/autologin-20x36.png 20w, https:\/\/blogsaverroes.juntadeandalucia.es\/ceprjosenogales\/files\/2020\/05\/autologin-27x48.png 27w\" sizes=\"(max-width: 172px) 100vw, 172px\" \/><\/td>\n<td><img loading=\"lazy\" decoding=\"async\" class=\"alignnone wp-image-3554\" src=\"https:\/\/blogsaverroes.juntadeandalucia.es\/ceprjosenogales\/files\/2020\/05\/autologin2.jpg\" alt=\"\" width=\"195\" height=\"298\" srcset=\"https:\/\/blogsaverroes.juntadeandalucia.es\/ceprjosenogales\/files\/2020\/05\/autologin2.jpg 886w, https:\/\/blogsaverroes.juntadeandalucia.es\/ceprjosenogales\/files\/2020\/05\/autologin2-197x300.jpg 197w, https:\/\/blogsaverroes.juntadeandalucia.es\/ceprjosenogales\/files\/2020\/05\/autologin2-768x1172.jpg 768w, https:\/\/blogsaverroes.juntadeandalucia.es\/ceprjosenogales\/files\/2020\/05\/autologin2-671x1024.jpg 671w, https:\/\/blogsaverroes.juntadeandalucia.es\/ceprjosenogales\/files\/2020\/05\/autologin2-700x1068.jpg 700w, https:\/\/blogsaverroes.juntadeandalucia.es\/ceprjosenogales\/files\/2020\/05\/autologin2-16x24.jpg 16w, https:\/\/blogsaverroes.juntadeandalucia.es\/ceprjosenogales\/files\/2020\/05\/autologin2-24x36.jpg 24w, https:\/\/blogsaverroes.juntadeandalucia.es\/ceprjosenogales\/files\/2020\/05\/autologin2-31x48.jpg 31w\" sizes=\"(max-width: 195px) 100vw, 195px\" \/><\/td>\n<\/tr>\n<\/tbody>\n<\/table>\n<\/div>\n<div>&nbsp;<\/div>\n<h3>Formulario de petici\u00f3n al Centro de usuario y contrase\u00f1a<\/h3>\n<p>En caso de tener dificultades para llevar a cabo el proceso anterior, ponemos a su disposici\u00f3n el siguiente formulario.<\/p>\n<p>Rellene los campos correspondientes y una vez recibida la petici\u00f3n en el Centro le enviaremos al <strong>correo electr\u00f3nico que nos ha indicado<\/strong> la correspondiente credencial.<\/p>\n<p><strong>Indicar en el Asunto:<\/strong> \u00abPetici\u00f3n credencial iPasen\u00bb<\/p>\n<p><strong>Indicar en el mensaje:<\/strong> nombre de quien solicita la credencial, nombre del alumno o alumna y curso actual.<\/p>\n<p>*(campo obligatorio)<\/p>\n<table style=\"background-color: #e8e5dc\">\n<tbody>\n<tr>\n<td style=\"text-align: left\">&nbsp;&nbsp;&nbsp;<\/td>\n<td style=\"text-align: left\">&nbsp;&nbsp;&nbsp;&nbsp; \n<div class=\"wpcf7 no-js\" id=\"wpcf7-f2666-o1\" lang=\"es-ES\" dir=\"ltr\">\n<div class=\"screen-reader-response\"><p role=\"status\" aria-live=\"polite\" aria-atomic=\"true\"><\/p> <ul><\/ul><\/div>\n<form action=\"\/ceprjosenogales\/wp-json\/wp\/v2\/pages\/3538#wpcf7-f2666-o1\" method=\"post\" class=\"wpcf7-form init\" aria-label=\"Formulario de contacto\" novalidate=\"novalidate\" data-status=\"init\">\n<div style=\"display: none;\">\n<input type=\"hidden\" name=\"_wpcf7\" value=\"2666\" \/>\n<input type=\"hidden\" name=\"_wpcf7_version\" value=\"5.9.8\" \/>\n<input type=\"hidden\" name=\"_wpcf7_locale\" value=\"es_ES\" \/>\n<input type=\"hidden\" name=\"_wpcf7_unit_tag\" value=\"wpcf7-f2666-o1\" \/>\n<input type=\"hidden\" name=\"_wpcf7_container_post\" value=\"0\" \/>\n<input type=\"hidden\" name=\"_wpcf7_posted_data_hash\" value=\"\" \/>\n<\/div>\n<p><label> Nombre *<br \/>\n<span class=\"wpcf7-form-control-wrap\" data-name=\"your-name\"><input size=\"40\" maxlength=\"400\" class=\"wpcf7-form-control wpcf7-text wpcf7-validates-as-required\" aria-required=\"true\" aria-invalid=\"false\" value=\"\" type=\"text\" name=\"your-name\" \/><\/span> <\/label>\n<\/p>\n<p><label> Tu correo electr\u00f3nico *<br \/>\n<span class=\"wpcf7-form-control-wrap\" data-name=\"your-email\"><input size=\"40\" maxlength=\"400\" class=\"wpcf7-form-control wpcf7-email wpcf7-validates-as-required wpcf7-text wpcf7-validates-as-email\" aria-required=\"true\" aria-invalid=\"false\" value=\"\" type=\"email\" name=\"your-email\" \/><\/span> <\/label>\n<\/p>\n<p><label> Asunto<\/label><br \/>\n<span class=\"wpcf7-form-control-wrap\" data-name=\"your-subject\"><input size=\"40\" maxlength=\"400\" class=\"wpcf7-form-control wpcf7-text\" aria-invalid=\"false\" value=\"\" type=\"text\" name=\"your-subject\" \/><\/span>\n<\/p>\n<p><label> Mensaje<br \/>\n<span class=\"wpcf7-form-control-wrap\" data-name=\"your-message\"><textarea cols=\"40\" rows=\"10\" maxlength=\"2000\" class=\"wpcf7-form-control wpcf7-textarea\" aria-invalid=\"false\" name=\"your-message\"><\/textarea><\/span> <\/label>\n<\/p>\n<p>Introduce el c\u00f3digo: <em>Para usar CAPTCHA, tienes que tener instalado el plugin <a href=\"https:\/\/wordpress.org\/plugins\/really-simple-captcha\/\">Really Simple CAPTCHA<\/a>.<\/em><br \/>\n<span class=\"wpcf7-form-control-wrap\" data-name=\"captcha-170\"><input size=\"4\" maxlength=\"4\" class=\"wpcf7-form-control wpcf7-captchar\" autocomplete=\"off\" aria-invalid=\"false\" value=\"\" type=\"text\" name=\"captcha-170\" \/><\/span>\n<\/p>\n<p><input class=\"wpcf7-form-control wpcf7-submit has-spinner\" type=\"submit\" value=\"Enviar\" \/>\n<\/p><div class=\"wpcf7-response-output\" aria-hidden=\"true\"><\/div>\n<\/form>\n<\/div>\n<\/td>\n<\/tr>\n<\/tbody>\n<\/table>\n<h3><span style=\"background-color: #ffcc99\">Tutorial para el m\u00f3vil:<\/span><\/h3>\n[youtube https:\/\/www.youtube.com\/watch?v=cHLova48ULE]\n<p>&nbsp;<\/p>\n<h3><span style=\"background-color: #ffcc99\">Tutorial para la web:<\/span><\/h3>\n<p>&nbsp;[youtube https:\/\/www.youtube.com\/watch?v=3z6eWjQWnuc]\n","protected":false},"excerpt":{"rendered":"<p>iPasen es la versi\u00f3n para m\u00f3viles y tabletas de PASEN. PASEN es el m\u00f3dulo de S\u00e9neca que permite la comunicaci\u00f3n entre los centros educativos y las familias, tutores legales y alumnado, ofreciendo una serie&#46;&#46;&#46;<\/p>\n","protected":false},"author":2158,"featured_media":0,"parent":0,"menu_order":0,"comment_status":"closed","ping_status":"closed","template":"","meta":{"ngg_post_thumbnail":0,"footnotes":"","_mc_calendar":[]},"aioseo_notices":[],"_links":{"self":[{"href":"https:\/\/blogsaverroes.juntadeandalucia.es\/ceprjosenogales\/wp-json\/wp\/v2\/pages\/3538"}],"collection":[{"href":"https:\/\/blogsaverroes.juntadeandalucia.es\/ceprjosenogales\/wp-json\/wp\/v2\/pages"}],"about":[{"href":"https:\/\/blogsaverroes.juntadeandalucia.es\/ceprjosenogales\/wp-json\/wp\/v2\/types\/page"}],"author":[{"embeddable":true,"href":"https:\/\/blogsaverroes.juntadeandalucia.es\/ceprjosenogales\/wp-json\/wp\/v2\/users\/2158"}],"replies":[{"embeddable":true,"href":"https:\/\/blogsaverroes.juntadeandalucia.es\/ceprjosenogales\/wp-json\/wp\/v2\/comments?post=3538"}],"version-history":[{"count":18,"href":"https:\/\/blogsaverroes.juntadeandalucia.es\/ceprjosenogales\/wp-json\/wp\/v2\/pages\/3538\/revisions"}],"predecessor-version":[{"id":3564,"href":"https:\/\/blogsaverroes.juntadeandalucia.es\/ceprjosenogales\/wp-json\/wp\/v2\/pages\/3538\/revisions\/3564"}],"wp:attachment":[{"href":"https:\/\/blogsaverroes.juntadeandalucia.es\/ceprjosenogales\/wp-json\/wp\/v2\/media?parent=3538"}],"curies":[{"name":"wp","href":"https:\/\/api.w.org\/{rel}","templated":true}]}}