{"id":3642,"date":"2020-06-19T18:07:21","date_gmt":"2020-06-19T17:07:21","guid":{"rendered":"https:\/\/blogsaverroes.juntadeandalucia.es\/ceprjosenogales\/?page_id=3642"},"modified":"2021-06-01T12:46:26","modified_gmt":"2021-06-01T11:46:26","slug":"punto-de-recogida-de-documentos","status":"publish","type":"page","link":"https:\/\/blogsaverroes.juntadeandalucia.es\/ceprjosenogales\/punto-de-recogida-de-documentos\/","title":{"rendered":"Punto de recogida de documentos"},"content":{"rendered":"<p><img loading=\"lazy\" decoding=\"async\" class=\"alignnone size-full wp-image-3643\" src=\"https:\/\/blogsaverroes.juntadeandalucia.es\/ceprjosenogales\/files\/2020\/06\/punto-recogida-2.png\" alt=\"\" width=\"727\" height=\"164\" srcset=\"https:\/\/blogsaverroes.juntadeandalucia.es\/ceprjosenogales\/files\/2020\/06\/punto-recogida-2.png 727w, https:\/\/blogsaverroes.juntadeandalucia.es\/ceprjosenogales\/files\/2020\/06\/punto-recogida-2-300x68.png 300w, https:\/\/blogsaverroes.juntadeandalucia.es\/ceprjosenogales\/files\/2020\/06\/punto-recogida-2-700x158.png 700w, https:\/\/blogsaverroes.juntadeandalucia.es\/ceprjosenogales\/files\/2020\/06\/punto-recogida-2-24x5.png 24w, https:\/\/blogsaverroes.juntadeandalucia.es\/ceprjosenogales\/files\/2020\/06\/punto-recogida-2-36x8.png 36w, https:\/\/blogsaverroes.juntadeandalucia.es\/ceprjosenogales\/files\/2020\/06\/punto-recogida-2-48x11.png 48w\" sizes=\"(max-width: 727px) 100vw, 727px\" \/><\/p>\n<h3><span style=\"color: #ff9900\"><strong><span style=\"font-size: large\"><span style=\"font-size: x-large\">\u00bfQu\u00e9 es el Punto de Recogida de S\u00e9neca?<\/span><\/span><\/strong><\/span><\/h3>\n<p><span style=\"color: #000000\"><span style=\"font-size: large\">Los tutores legales del alumnado pueden realizar la recogida de <span style=\"color: #1b75bc\"><b>documentos de evaluaci\u00f3n<\/b><\/span> de forma telem\u00e1tica. <span style=\"color: #3366ff\">Boletines de calificaciones, Informe Final de Primaria, Cheques-libro, etc&#8230;<\/span><br \/>\n<\/span><\/span><\/p>\n<h3><span style=\"color: #ff9900\"><strong> <span style=\"font-size: large\"><span style=\"font-size: x-large\">\u00bfC\u00f3mo acceden y recogen los tutores\/as legales los&nbsp; documentos?<\/span><\/span><\/strong><\/span><\/h3>\n<p><strong><span style=\"color: #000000;background-color: #ffff99\"><span style=\"font-size: large;background-color: #ffff99\">Acceder desde de la web<\/span><\/span><\/strong><\/p>\n<p align=\"center\"><span style=\"color: #339966\"><span style=\"font-size: large\"><b>Punto de recogida:<\/b><\/span><\/span><\/p>\n<p align=\"center\"><span style=\"color: #000000\"><span style=\"font-size: large\"><b> <a href=\"https:\/\/seneca.juntadeandalucia.es\/seneca\/puntoderecogida\/index.html\" target=\"_blank\" rel=\"noopener noreferrer\">https:\/\/seneca.juntadeandalucia.es\/seneca\/puntoderecogida\/index.html<\/a><\/b><\/span><\/span><\/p>\n<p><span style=\"color: #000000\"><span style=\"font-size: large\">Para acceder, los tutores\/as legales deber\u00e1n introducir la fecha de nacimiento del alumno\/a y su clave <span style=\"color: #579835\"><b>iANDe<\/b><\/span>. <\/span><\/span><\/p>\n<p><img loading=\"lazy\" decoding=\"async\" class=\"alignnone wp-image-3648\" src=\"https:\/\/blogsaverroes.juntadeandalucia.es\/ceprjosenogales\/files\/2020\/06\/punto-recogida3.png\" alt=\"\" width=\"328\" height=\"119\" srcset=\"https:\/\/blogsaverroes.juntadeandalucia.es\/ceprjosenogales\/files\/2020\/06\/punto-recogida3.png 775w, https:\/\/blogsaverroes.juntadeandalucia.es\/ceprjosenogales\/files\/2020\/06\/punto-recogida3-300x109.png 300w, https:\/\/blogsaverroes.juntadeandalucia.es\/ceprjosenogales\/files\/2020\/06\/punto-recogida3-768x279.png 768w, https:\/\/blogsaverroes.juntadeandalucia.es\/ceprjosenogales\/files\/2020\/06\/punto-recogida3-700x255.png 700w, https:\/\/blogsaverroes.juntadeandalucia.es\/ceprjosenogales\/files\/2020\/06\/punto-recogida3-24x9.png 24w, https:\/\/blogsaverroes.juntadeandalucia.es\/ceprjosenogales\/files\/2020\/06\/punto-recogida3-36x13.png 36w, https:\/\/blogsaverroes.juntadeandalucia.es\/ceprjosenogales\/files\/2020\/06\/punto-recogida3-48x17.png 48w, https:\/\/blogsaverroes.juntadeandalucia.es\/ceprjosenogales\/files\/2020\/06\/punto-recogida3-600x220.png 600w\" sizes=\"(max-width: 328px) 100vw, 328px\" \/><img loading=\"lazy\" decoding=\"async\" class=\"alignnone wp-image-3649\" src=\"https:\/\/blogsaverroes.juntadeandalucia.es\/ceprjosenogales\/files\/2020\/06\/punto-recogida4.png\" alt=\"\" width=\"322\" height=\"167\" srcset=\"https:\/\/blogsaverroes.juntadeandalucia.es\/ceprjosenogales\/files\/2020\/06\/punto-recogida4.png 1159w, https:\/\/blogsaverroes.juntadeandalucia.es\/ceprjosenogales\/files\/2020\/06\/punto-recogida4-300x156.png 300w, https:\/\/blogsaverroes.juntadeandalucia.es\/ceprjosenogales\/files\/2020\/06\/punto-recogida4-768x399.png 768w, https:\/\/blogsaverroes.juntadeandalucia.es\/ceprjosenogales\/files\/2020\/06\/punto-recogida4-1024x532.png 1024w, https:\/\/blogsaverroes.juntadeandalucia.es\/ceprjosenogales\/files\/2020\/06\/punto-recogida4-700x364.png 700w, https:\/\/blogsaverroes.juntadeandalucia.es\/ceprjosenogales\/files\/2020\/06\/punto-recogida4-24x12.png 24w, https:\/\/blogsaverroes.juntadeandalucia.es\/ceprjosenogales\/files\/2020\/06\/punto-recogida4-36x19.png 36w, https:\/\/blogsaverroes.juntadeandalucia.es\/ceprjosenogales\/files\/2020\/06\/punto-recogida4-48x25.png 48w\" sizes=\"(max-width: 322px) 100vw, 322px\" \/><\/p>\n<p><span style=\"background-color: #ffff99\"><strong><span style=\"color: #000000\"><span style=\"font-size: large;background-color: #ffff99\">Acceder desde iPasen<\/span><\/span><\/strong><\/span><\/p>\n<p><span style=\"color: #000000\"><span style=\"font-size: large\">En el caso de los <span style=\"color: #1b75bc\"><b>documentos de Evaluaci\u00f3n<\/b><\/span>, aquellos tutores que tengan acceso a <span style=\"color: #339966\"><b>Pasen \/ iPasen<\/b><\/span> contar\u00e1n adem\u00e1s con un acceso <span style=\"color: #333399\">desde <b>Notas del curso actual \/ Calificaciones<\/b><\/span>. <\/span><\/span><\/p>\n<p><span style=\"color: #000000\"><span style=\"font-size: large\"> El env\u00edo de las calificaciones por email desde Avisos Pasen incluir\u00e1 tambi\u00e9n un enlace de acceso al Punto de Recogida.<\/span><\/span><\/p>\n<h3><span style=\"color: #ff9900\"><strong>\u00bfC\u00f3mo ver la clave iANDE en iPASEN?<\/strong><\/span><\/h3>\n<p><span style=\"color: #000000\"><span style=\"font-size: large\">Cuando entre en iPASEN, busque su clave iANDE en <span style=\"color: #008000\"><strong>Comunicaciones &gt; Recibidos &gt; Primer mensajes<\/strong><\/span> (Administrador PASEN identificador Andaluz Educativo (<span style=\"color: #008000\"><strong>iANDE<\/strong><\/span>).<\/span><\/span><\/p>\n<p><img loading=\"lazy\" decoding=\"async\" class=\"aligncenter size-full wp-image-3853\" src=\"https:\/\/blogsaverroes.juntadeandalucia.es\/ceprjosenogales\/files\/2021\/06\/Clave-iAnde-en-iPasen.jpg\" alt=\"\" width=\"1142\" height=\"557\" srcset=\"https:\/\/blogsaverroes.juntadeandalucia.es\/ceprjosenogales\/files\/2021\/06\/Clave-iAnde-en-iPasen.jpg 1142w, https:\/\/blogsaverroes.juntadeandalucia.es\/ceprjosenogales\/files\/2021\/06\/Clave-iAnde-en-iPasen-300x146.jpg 300w, https:\/\/blogsaverroes.juntadeandalucia.es\/ceprjosenogales\/files\/2021\/06\/Clave-iAnde-en-iPasen-1024x499.jpg 1024w, https:\/\/blogsaverroes.juntadeandalucia.es\/ceprjosenogales\/files\/2021\/06\/Clave-iAnde-en-iPasen-768x375.jpg 768w, https:\/\/blogsaverroes.juntadeandalucia.es\/ceprjosenogales\/files\/2021\/06\/Clave-iAnde-en-iPasen-700x341.jpg 700w\" sizes=\"(max-width: 1142px) 100vw, 1142px\" \/><\/p>\n","protected":false},"excerpt":{"rendered":"<p>\u00bfQu\u00e9 es el Punto de Recogida de S\u00e9neca? Los tutores legales del alumnado pueden realizar la recogida de documentos de evaluaci\u00f3n de forma telem\u00e1tica. Boletines de calificaciones, Informe Final de Primaria, Cheques-libro, etc&#8230; \u00bfC\u00f3mo&#46;&#46;&#46;<\/p>\n","protected":false},"author":2158,"featured_media":0,"parent":0,"menu_order":0,"comment_status":"closed","ping_status":"closed","template":"","meta":{"ngg_post_thumbnail":0,"footnotes":"","_mc_calendar":[]},"aioseo_notices":[],"_links":{"self":[{"href":"https:\/\/blogsaverroes.juntadeandalucia.es\/ceprjosenogales\/wp-json\/wp\/v2\/pages\/3642"}],"collection":[{"href":"https:\/\/blogsaverroes.juntadeandalucia.es\/ceprjosenogales\/wp-json\/wp\/v2\/pages"}],"about":[{"href":"https:\/\/blogsaverroes.juntadeandalucia.es\/ceprjosenogales\/wp-json\/wp\/v2\/types\/page"}],"author":[{"embeddable":true,"href":"https:\/\/blogsaverroes.juntadeandalucia.es\/ceprjosenogales\/wp-json\/wp\/v2\/users\/2158"}],"replies":[{"embeddable":true,"href":"https:\/\/blogsaverroes.juntadeandalucia.es\/ceprjosenogales\/wp-json\/wp\/v2\/comments?post=3642"}],"version-history":[{"count":18,"href":"https:\/\/blogsaverroes.juntadeandalucia.es\/ceprjosenogales\/wp-json\/wp\/v2\/pages\/3642\/revisions"}],"predecessor-version":[{"id":3855,"href":"https:\/\/blogsaverroes.juntadeandalucia.es\/ceprjosenogales\/wp-json\/wp\/v2\/pages\/3642\/revisions\/3855"}],"wp:attachment":[{"href":"https:\/\/blogsaverroes.juntadeandalucia.es\/ceprjosenogales\/wp-json\/wp\/v2\/media?parent=3642"}],"curies":[{"name":"wp","href":"https:\/\/api.w.org\/{rel}","templated":true}]}}