{"id":3757,"date":"2021-04-09T10:29:37","date_gmt":"2021-04-09T09:29:37","guid":{"rendered":"https:\/\/blogsaverroes.juntadeandalucia.es\/ceprjosenogales\/?page_id=3757"},"modified":"2021-04-09T11:20:11","modified_gmt":"2021-04-09T10:20:11","slug":"bilinguismo","status":"publish","type":"page","link":"https:\/\/blogsaverroes.juntadeandalucia.es\/ceprjosenogales\/bilinguismo\/","title":{"rendered":"Biling\u00fcismo"},"content":{"rendered":"<h6><img loading=\"lazy\" decoding=\"async\" class=\"wp-image-3766 aligncenter\" src=\"https:\/\/blogsaverroes.juntadeandalucia.es\/ceprjosenogales\/files\/2021\/04\/blog-23.jpg\" alt=\"\" width=\"493\" height=\"277\" srcset=\"https:\/\/blogsaverroes.juntadeandalucia.es\/ceprjosenogales\/files\/2021\/04\/blog-23.jpg 800w, https:\/\/blogsaverroes.juntadeandalucia.es\/ceprjosenogales\/files\/2021\/04\/blog-23-300x169.jpg 300w, https:\/\/blogsaverroes.juntadeandalucia.es\/ceprjosenogales\/files\/2021\/04\/blog-23-768x432.jpg 768w, https:\/\/blogsaverroes.juntadeandalucia.es\/ceprjosenogales\/files\/2021\/04\/blog-23-700x393.jpg 700w\" sizes=\"(max-width: 493px) 100vw, 493px\" \/><\/h6>\n<h6>El principal objetivo del Proyecto Biling\u00fce es hacer hincapi\u00e9 en la necesidad de la adquisici\u00f3n de un segundo idioma (ingl\u00e9s) durante la etapa de primaria ya que ello favorece la adquisici\u00f3n de la competencia comunicativa. Adem\u00e1s, hay que tener en cuenta que un segundo idioma ayuda al desarrollo de la comprensi\u00f3n, tolerancia as\u00ed como la importancia de respetar los diferentes valores y culturas de los pa\u00edses de habla inglesa.<\/h6>\n<h5><strong><span style=\"color: #333399\">PROYECTO BILING\u00dcE<\/span><\/strong><\/h5>\n<hr>\n<h5><a href=\"https:\/\/blogsaverroes.juntadeandalucia.es\/ceprjosenogales\/files\/2021\/04\/Bilinguismo-noviembre-2020.pdf\" target=\"_blank\" rel=\"noopener noreferrer\">Bilinguismo noviembre-2020<\/a><\/h5>\n<h5><strong><span style=\"color: #333399\">BLOG DEL PROYECTO<\/span><\/strong><\/h5>\n<hr>\n<p class=\"LC20lb DKV0Md\"><a href=\"http:\/\/josenogalesbilingue.blogspot.com\/\" target=\"_blank\" rel=\"noopener noreferrer\">BLOG BILING\u00dcISMO JOS\u00c9 NOGALES<\/a><\/p>\n<p>&nbsp;<\/p>\n","protected":false},"excerpt":{"rendered":"<p>El principal objetivo del Proyecto Biling\u00fce es hacer hincapi\u00e9 en la necesidad de la adquisici\u00f3n de un segundo idioma (ingl\u00e9s) durante la etapa de primaria ya que ello favorece la adquisici\u00f3n de la competencia&#46;&#46;&#46;<\/p>\n","protected":false},"author":2158,"featured_media":0,"parent":0,"menu_order":0,"comment_status":"closed","ping_status":"closed","template":"","meta":{"ngg_post_thumbnail":0,"footnotes":"","_mc_calendar":[]},"aioseo_notices":[],"_links":{"self":[{"href":"https:\/\/blogsaverroes.juntadeandalucia.es\/ceprjosenogales\/wp-json\/wp\/v2\/pages\/3757"}],"collection":[{"href":"https:\/\/blogsaverroes.juntadeandalucia.es\/ceprjosenogales\/wp-json\/wp\/v2\/pages"}],"about":[{"href":"https:\/\/blogsaverroes.juntadeandalucia.es\/ceprjosenogales\/wp-json\/wp\/v2\/types\/page"}],"author":[{"embeddable":true,"href":"https:\/\/blogsaverroes.juntadeandalucia.es\/ceprjosenogales\/wp-json\/wp\/v2\/users\/2158"}],"replies":[{"embeddable":true,"href":"https:\/\/blogsaverroes.juntadeandalucia.es\/ceprjosenogales\/wp-json\/wp\/v2\/comments?post=3757"}],"version-history":[{"count":7,"href":"https:\/\/blogsaverroes.juntadeandalucia.es\/ceprjosenogales\/wp-json\/wp\/v2\/pages\/3757\/revisions"}],"predecessor-version":[{"id":3769,"href":"https:\/\/blogsaverroes.juntadeandalucia.es\/ceprjosenogales\/wp-json\/wp\/v2\/pages\/3757\/revisions\/3769"}],"wp:attachment":[{"href":"https:\/\/blogsaverroes.juntadeandalucia.es\/ceprjosenogales\/wp-json\/wp\/v2\/media?parent=3757"}],"curies":[{"name":"wp","href":"https:\/\/api.w.org\/{rel}","templated":true}]}}